{"id":5436,"date":"2026-01-14T11:58:32","date_gmt":"2026-01-14T11:58:32","guid":{"rendered":"https:\/\/turkishtrade.co\/product\/mens-black-leather-loafers-4\/"},"modified":"2026-04-09T19:34:15","modified_gmt":"2026-04-09T19:34:15","slug":"mens-black-leather-loafers-4","status":"publish","type":"product","link":"https:\/\/turkishtrade.co\/fr\/shop\/mens-black-leather-loafers-4\/","title":{"rendered":"Mocassins en cuir de veau noir de premi\u00e8re qualit\u00e9 avec mors en m\u00e9tal"},"content":{"rendered":"<p><strong>mocassins en cuir noir pour hommes<\/strong><\/p>\n<p>\u00c9levez votre collection de chaussures gr\u00e2ce \u00e0 nos chaussures exquises. <strong>mocassins en cuir noir pour hommes<\/strong>, Ces chaussures sont un \u00e9l\u00e9ment de base intemporel pour le gentleman moderne. Con\u00e7ues pour \u00eatre sophistiqu\u00e9es et d'un confort in\u00e9gal\u00e9, ces chaussures de qualit\u00e9 sup\u00e9rieure ont \u00e9t\u00e9 con\u00e7ues pour \u00eatre port\u00e9es par des hommes. <strong>mocassins en cuir noir pour hommes<\/strong> sont la quintessence du style et conviennent \u00e0 une myriade d'occasions, des r\u00e9unions d'affaires aux soir\u00e9es \u00e9l\u00e9gantes. Chaque paire est m\u00e9ticuleusement fabriqu\u00e9e pour garantir \u00e0 la fois l'attrait esth\u00e9tique et la durabilit\u00e9, ce qui en fait un compl\u00e9ment essentiel \u00e0 toute garde-robe exigeante. Faites l'exp\u00e9rience de la diff\u00e9rence qu'apporte un v\u00e9ritable savoir-faire artisanal avec ces chaussures d'exception. <strong>mocassins en cuir noir pour hommes<\/strong>.<\/p>\n<h3>Un savoir-faire in\u00e9gal\u00e9 et des mat\u00e9riaux de premi\u00e8re qualit\u00e9<\/h3>\n<p>Nos mocassins en cuir noir pour hommes b\u00e9n\u00e9ficient d'une construction sup\u00e9rieure avec un ext\u00e9rieur en cuir de veau v\u00e9ritable pour un aspect poli, une excellente r\u00e9silience et un ajustement confortable qui se moule \u00e0 votre pied. La doublure en cuir de ch\u00e8vre souple assure respirabilit\u00e9 et confort, tandis que la semelle Microlight l\u00e9g\u00e8re et le talon subtil de 1 \u00e0 3 cm assurent soutien et stabilit\u00e9 sans sacrifier le style. Cette combinaison de mat\u00e9riaux haut de gamme souligne la qualit\u00e9 et l'attention port\u00e9e aux d\u00e9tails dans chaque paire.<\/p>\n<h3>Design sophistiqu\u00e9 et polyvalence<\/h3>\n<p>Ces mocassins en cuir noir pour homme t\u00e9moignent d'un go\u00fbt raffin\u00e9 et d'une \u00e9l\u00e9gance contemporaine. Ils sont dot\u00e9s d'une finition noire remarquable et d'une m\u00e8che en m\u00e9tal pour une sophistication moderne. L'association d'un cuir verni brillant et d'un subtil panneau en su\u00e9dine cr\u00e9e un int\u00e9r\u00eat visuel, ce qui les rend suffisamment polyvalents pour passer d'une tenue formelle \u00e0 un look \u00e9l\u00e9gant et d\u00e9contract\u00e9. Disponibles dans les tailles 39 \u00e0 45, il est facile de trouver la bonne taille.<\/p>\n<p>&nbsp;<\/p>\n<h3>Opportunit\u00e9 de vente en gros et service fiable<\/h3>\n<p>Pour les d\u00e9taillants et les entreprises qui souhaitent proposer des chaussures haut de gamme, nos produits exceptionnels de <strong>mocassins en cuir noir pour hommes<\/strong> sont disponibles \u00e0 l'achat en gros. Nous maintenons une quantit\u00e9 minimale de commande de seulement 8 paires, ce qui vous permet de vous approvisionner efficacement en ces produits tr\u00e8s demand\u00e9s. <strong>mocassins en cuir noir pour hommes<\/strong>. Notre production et notre logistique efficaces garantissent un d\u00e9lai de livraison rapide de 12 jours, plus l'exp\u00e9dition standard. A un prix de gros tr\u00e8s comp\u00e9titif de seulement USD par paire, vous pouvez fournir \u00e0 vos clients des produits de luxe de qualit\u00e9. <strong>mocassins en cuir noir pour hommes<\/strong> sans l'\u00e9tiquette de prix sup\u00e9rieure. Investissez dans ces mocassins exceptionnels et offrez \u00e0 votre client\u00e8le un produit qui allie harmonieusement style classique, confort sup\u00e9rieur et qualit\u00e9 durable.<\/p>","protected":false},"excerpt":{"rendered":"<ul>\n<li>Fabriqu\u00e9 en cuir de veau luxueux \u00e0 l'ext\u00e9rieur et en cuir de ch\u00e8vre souple \u00e0 l'int\u00e9rieur pour un confort ultime.<\/li>\n<li>Elle est dot\u00e9e d'une semelle Microlight durable et d'un talon confortable de 1 \u00e0 3 cm pour une \u00e9l\u00e9vation subtile.<\/li>\n<li>Un design sophistiqu\u00e9 avec un accent m\u00e9tallique distinctif et un m\u00e9lange de textures brillantes et mates.<\/li>\n<li>Disponible dans une large gamme de tailles : 39, 40, 41, 42, 43, 44, 45.<\/li>\n<li>Les commandes en gros sont les bienvenues : Quantit\u00e9 minimale de commande de 8 paires.<\/li>\n<li>Livraison estim\u00e9e : 12 jours plus le d\u00e9lai d'exp\u00e9dition standard.<\/li>\n<li>Prix de gros : USD par paire (pour les mod\u00e8les autres que les bottes).<\/li>\n<\/ul>","protected":false},"featured_media":3656,"template":"","meta":{"_acf_changed":false,"_uag_custom_page_level_css":"","site-sidebar-layout":"default","site-content-layout":"","ast-site-content-layout":"default","site-content-style":"default","site-sidebar-style":"default","ast-global-header-display":"","ast-banner-title-visibility":"","ast-main-header-display":"","ast-hfb-above-header-display":"","ast-hfb-below-header-display":"","ast-hfb-mobile-header-display":"","site-post-title":"","ast-breadcrumbs-content":"","ast-featured-img":"","footer-sml-layout":"","ast-disable-related-posts":"","theme-transparent-header-meta":"default","adv-header-id-meta":"","stick-header-meta":"","header-above-stick-meta":"","header-main-stick-meta":"","header-below-stick-meta":"","astra-migrate-meta-layouts":"set","ast-page-background-enabled":"default","ast-page-background-meta":{"desktop":{"background-color":"var(--ast-global-color-4)","background-image":"","background-repeat":"repeat","background-position":"center center","background-size":"auto","background-attachment":"scroll","background-type":"","background-media":"","overlay-type":"","overlay-color":"","overlay-opacity":"","overlay-gradient":""},"tablet":{"background-color":"","background-image":"","background-repeat":"repeat","background-position":"center center","background-size":"auto","background-attachment":"scroll","background-type":"","background-media":"","overlay-type":"","overlay-color":"","overlay-opacity":"","overlay-gradient":""},"mobile":{"background-color":"","background-image":"","background-repeat":"repeat","background-position":"center center","background-size":"auto","background-attachment":"scroll","background-type":"","background-media":"","overlay-type":"","overlay-color":"","overlay-opacity":"","overlay-gradient":""}},"ast-content-background-meta":{"desktop":{"background-color":"var(--ast-global-color-5)","background-image":"","background-repeat":"repeat","background-position":"center center","background-size":"auto","background-attachment":"scroll","background-type":"","background-media":"","overlay-type":"","overlay-color":"","overlay-opacity":"","overlay-gradient":""},"tablet":{"background-color":"var(--ast-global-color-5)","background-image":"","background-repeat":"repeat","background-position":"center center","background-size":"auto","background-attachment":"scroll","background-type":"","background-media":"","overlay-type":"","overlay-color":"","overlay-opacity":"","overlay-gradient":""},"mobile":{"background-color":"var(--ast-global-color-5)","background-image":"","background-repeat":"repeat","background-position":"center center","background-size":"auto","background-attachment":"scroll","background-type":"","background-media":"","overlay-type":"","overlay-color":"","overlay-opacity":"","overlay-gradient":""}}},"product_brand":[],"product_cat":[48,47,49,430,40],"product_tag":[196,555,284,352,189,416,198,186,926,466,362,709,280,281],"class_list":{"0":"post-5436","1":"product","2":"type-product","3":"status-publish","4":"has-post-thumbnail","6":"product_cat-casual","7":"product_cat-classic","8":"product_cat-loafer","9":"product_cat-men","10":"product_cat-mens-shoes","11":"product_tag-black-leather-shoes","12":"product_tag-calfskin-loafers","13":"product_tag-dress-shoes","14":"product_tag-formal-loafers","15":"product_tag-goat-leather-lining","16":"product_tag-luxury-shoes","17":"product_tag-mens-fashion","18":"product_tag-mens-loafers","19":"product_tag-metal-bit-loafers","20":"product_tag-microlight-sole","21":"product_tag-premium-footwear","22":"product_tag-quality-footwear","23":"product_tag-smart-casual-shoes","24":"product_tag-wholesale-shoes","25":"desktop-align-center","26":"tablet-align-center","27":"mobile-align-center","29":"first","30":"instock","31":"shipping-taxable","32":"purchasable","33":"product-type-variable","34":"has-default-attributes"},"acf":[],"uagb_featured_image_src":{"full":["https:\/\/turkishtrade.co\/wp-content\/uploads\/2026\/01\/2400EJOMN00019-BLACK-SL_05.png",453,250,false],"thumbnail":["https:\/\/turkishtrade.co\/wp-content\/uploads\/2026\/01\/2400EJOMN00019-BLACK-SL_05-150x150.png",150,150,true],"medium":["https:\/\/turkishtrade.co\/wp-content\/uploads\/2026\/01\/2400EJOMN00019-BLACK-SL_05-300x166.png",300,166,true],"medium_large":["https:\/\/turkishtrade.co\/wp-content\/uploads\/2026\/01\/2400EJOMN00019-BLACK-SL_05.png",453,250,false],"large":["https:\/\/turkishtrade.co\/wp-content\/uploads\/2026\/01\/2400EJOMN00019-BLACK-SL_05.png",453,250,false],"1536x1536":["https:\/\/turkishtrade.co\/wp-content\/uploads\/2026\/01\/2400EJOMN00019-BLACK-SL_05.png",453,250,false],"2048x2048":["https:\/\/turkishtrade.co\/wp-content\/uploads\/2026\/01\/2400EJOMN00019-BLACK-SL_05.png",453,250,false],"trp-custom-language-flag":["https:\/\/turkishtrade.co\/wp-content\/uploads\/2026\/01\/2400EJOMN00019-BLACK-SL_05-18x10.png",18,10,true],"woocommerce_thumbnail":["https:\/\/turkishtrade.co\/wp-content\/uploads\/2026\/01\/2400EJOMN00019-BLACK-SL_05-400x250.png",400,250,true],"woocommerce_single":["https:\/\/turkishtrade.co\/wp-content\/uploads\/2026\/01\/2400EJOMN00019-BLACK-SL_05.png",453,250,false],"woocommerce_gallery_thumbnail":["https:\/\/turkishtrade.co\/wp-content\/uploads\/2026\/01\/2400EJOMN00019-BLACK-SL_05-100x100.png",100,100,true]},"uagb_author_info":{"display_name":"yaser olabi","author_link":"https:\/\/turkishtrade.co\/fr\/author\/"},"uagb_comment_info":0,"uagb_excerpt":"Crafted from luxurious calf leather exterior and soft goat leather interior for ultimate comfort. Features a durable Microlight sole and a comfortable 1-3 cm heel for subtle elevation. Sophisticated design with a distinctive metal bit accent and a blend of glossy and matte textures. Available in a wide range of sizes: 39, 40, 41, 42,\u2026","_links":{"self":[{"href":"https:\/\/turkishtrade.co\/fr\/wp-json\/wp\/v2\/product\/5436","targetHints":{"allow":["GET"]}}],"collection":[{"href":"https:\/\/turkishtrade.co\/fr\/wp-json\/wp\/v2\/product"}],"about":[{"href":"https:\/\/turkishtrade.co\/fr\/wp-json\/wp\/v2\/types\/product"}],"wp:featuredmedia":[{"embeddable":true,"href":"https:\/\/turkishtrade.co\/fr\/wp-json\/wp\/v2\/media\/3656"}],"wp:attachment":[{"href":"https:\/\/turkishtrade.co\/fr\/wp-json\/wp\/v2\/media?parent=5436"}],"wp:term":[{"taxonomy":"product_brand","embeddable":true,"href":"https:\/\/turkishtrade.co\/fr\/wp-json\/wp\/v2\/product_brand?post=5436"},{"taxonomy":"product_cat","embeddable":true,"href":"https:\/\/turkishtrade.co\/fr\/wp-json\/wp\/v2\/product_cat?post=5436"},{"taxonomy":"product_tag","embeddable":true,"href":"https:\/\/turkishtrade.co\/fr\/wp-json\/wp\/v2\/product_tag?post=5436"}],"curies":[{"name":"wp","href":"https:\/\/api.w.org\/{rel}","templated":true}]}}