{"id":5423,"date":"2026-01-14T11:57:17","date_gmt":"2026-01-14T11:57:17","guid":{"rendered":"https:\/\/turkishtrade.co\/product\/mens-suede-penny-loafers\/"},"modified":"2026-04-09T19:34:44","modified_gmt":"2026-04-09T19:34:44","slug":"mens-suede-penny-loafers","status":"publish","type":"product","link":"https:\/\/turkishtrade.co\/fr\/shop\/mens-suede-penny-loafers\/","title":{"rendered":"Mocassins en daim de qualit\u00e9 sup\u00e9rieure pour hommes"},"content":{"rendered":"<p><strong>Mocassins en daim pour hommes<\/strong><\/p>\n<p>\u00c9levez votre collection de chaussures gr\u00e2ce \u00e0 nos chaussures exquises. <b>Mocassins en daim pour hommes<\/b>, Ces mocassins sont un m\u00e9lange parfait de style intemporel et de confort moderne. Con\u00e7us pour les hommes exigeants, ces mocassins offrent une sophistication in\u00e9gal\u00e9e et une sensation de luxe. Que vous vous habilliez pour un \u00e9v\u00e9nement professionnel d\u00e9contract\u00e9 ou pour une soir\u00e9e sophistiqu\u00e9e, ces mocassins sont parfaits. <b>Mocassins en daim pour hommes<\/b> sont le choix id\u00e9al pour un look impeccable et sans effort.<\/p>\n<h3>Un savoir-faire in\u00e9gal\u00e9 et des mat\u00e9riaux de premi\u00e8re qualit\u00e9<\/h3>\n<p>Chaque paire de nos <b>Mocassins en daim pour hommes<\/b> t\u00e9moigne d'un savoir-faire de qualit\u00e9 sup\u00e9rieure. L'ext\u00e9rieur est m\u00e9ticuleusement fa\u00e7onn\u00e9 en cuir de veau velours de qualit\u00e9 sup\u00e9rieure, r\u00e9put\u00e9 pour sa texture douce, son aspect luxueux et sa durabilit\u00e9. Ce daim de veau de qualit\u00e9 sup\u00e9rieure n'a pas seulement un aspect incroyablement riche, il offre \u00e9galement un ajustement confortable et respirant qui se moule \u00e0 votre pied au fil du temps. \u00c0 l'int\u00e9rieur, vos pieds b\u00e9n\u00e9ficieront de la douce \u00e9treinte d'une doublure en cuir de ch\u00e8vre v\u00e9ritable, garantissant un maximum de confort et de respirabilit\u00e9 tout au long de la journ\u00e9e. Cette combinaison de mat\u00e9riaux exquis garantit une chaussure qui ne se contente pas d'\u00eatre exceptionnelle, mais qui est aussi tr\u00e8s agr\u00e9able \u00e0 porter.<\/p>\n<h3>Confort et l\u00e9g\u00e8ret\u00e9 gr\u00e2ce \u00e0 la semelle Microlight<\/h3>\n<p>Marchez sur les nuages gr\u00e2ce \u00e0 notre semelle Microlight innovante. Con\u00e7ue pour une l\u00e9g\u00e8ret\u00e9 et une flexibilit\u00e9 exceptionnelles, la semelle Microlight r\u00e9duit consid\u00e9rablement la fatigue du pied. <b>Mocassins en daim pour hommes<\/b> id\u00e9al pour une utilisation prolong\u00e9e. Malgr\u00e9 sa l\u00e9g\u00e8ret\u00e9, il offre une excellente adh\u00e9rence et une grande durabilit\u00e9, offrant stabilit\u00e9 et confiance \u00e0 chaque pas. Le talon subtil de 1 \u00e0 3 cm ajoute une touche d'\u00e9l\u00e9gance classique sans compromettre le confort, garantissant que ces mocassins sont aussi pratiques qu'\u00e9l\u00e9gants.<\/p>\n<h3>Une polyvalence pour toutes les occasions<\/h3>\n<p>Notre <b>Mocassins en daim pour hommes<\/b> sont incroyablement polyvalentes et passent sans probl\u00e8me d'une tenue d\u00e9contract\u00e9e \u00e0 une tenue plus habill\u00e9e. Associez-les \u00e0 un pantalon de tailleur et \u00e0 un blazer pour un look professionnel d\u00e9contract\u00e9 et raffin\u00e9, ou habillez-les d'un pantalon chino pour un ensemble chic le week-end. Disponibles dans une palette sophistiqu\u00e9e de beige, de noir classique et de bleu profond, ces mocassins offrent des options pour compl\u00e9ter n'importe quelle garde-robe. Le design embl\u00e9matique du penny loafer ajoute une touche d'h\u00e9ritage et de caract\u00e8re, faisant de ces chaussures un v\u00e9ritable basique pour tout homme soucieux de la mode. Investissez dans une paire de ces luxueux <b>Mocassins en daim pour hommes<\/b> et red\u00e9finissez votre style personnel.<\/p>","protected":false},"excerpt":{"rendered":"<ul>\n<li><b>Sup\u00e9rieure Mat\u00e9riau :<\/b> Fabriqu\u00e9 avec une tige en cuir de veau velours de premi\u00e8re qualit\u00e9 et une doublure en cuir de ch\u00e8vre souple pour un confort ultime.<\/li>\n<li><b>L\u00e9ger Confort :<\/b> Dot\u00e9e d'une semelle Microlight durable pour une l\u00e9g\u00e8ret\u00e9 et une flexibilit\u00e9 exceptionnelles.<\/li>\n<li><b>Style classique :<\/b> Mocassins intemporels, parfaits pour toutes les occasions.<\/li>\n<li><b>Hauteur du talon :<\/b> Talon subtil de 1 \u00e0 3 cm pour une allure \u00e9l\u00e9gante.<\/li>\n<li><b>Tailles disponibles :<\/b> Propos\u00e9 dans les tailles UE 39, 40, 41, 42, 43, 44, 45.<\/li>\n<li><b>Vari\u00e9t\u00e9 de couleurs :<\/b> Disponible dans des teintes sophistiqu\u00e9es telles que le beige, le noir et le bleu.<\/li>\n<li><b>Disponibilit\u00e9 en gros :<\/b> Quantit\u00e9 minimale de commande de 8 paires.<\/li>\n<li><b>Production et livraison :<\/b> Il faut compter 12 jours pour la production, plus le d\u00e9lai d'exp\u00e9dition.<\/li>\n<\/ul>","protected":false},"featured_media":3651,"template":"","meta":{"_acf_changed":false,"_uag_custom_page_level_css":"","site-sidebar-layout":"default","site-content-layout":"","ast-site-content-layout":"default","site-content-style":"default","site-sidebar-style":"default","ast-global-header-display":"","ast-banner-title-visibility":"","ast-main-header-display":"","ast-hfb-above-header-display":"","ast-hfb-below-header-display":"","ast-hfb-mobile-header-display":"","site-post-title":"","ast-breadcrumbs-content":"","ast-featured-img":"","footer-sml-layout":"","ast-disable-related-posts":"","theme-transparent-header-meta":"default","adv-header-id-meta":"","stick-header-meta":"","header-above-stick-meta":"","header-main-stick-meta":"","header-below-stick-meta":"","astra-migrate-meta-layouts":"set","ast-page-background-enabled":"default","ast-page-background-meta":{"desktop":{"background-color":"var(--ast-global-color-4)","background-image":"","background-repeat":"repeat","background-position":"center center","background-size":"auto","background-attachment":"scroll","background-type":"","background-media":"","overlay-type":"","overlay-color":"","overlay-opacity":"","overlay-gradient":""},"tablet":{"background-color":"","background-image":"","background-repeat":"repeat","background-position":"center center","background-size":"auto","background-attachment":"scroll","background-type":"","background-media":"","overlay-type":"","overlay-color":"","overlay-opacity":"","overlay-gradient":""},"mobile":{"background-color":"","background-image":"","background-repeat":"repeat","background-position":"center center","background-size":"auto","background-attachment":"scroll","background-type":"","background-media":"","overlay-type":"","overlay-color":"","overlay-opacity":"","overlay-gradient":""}},"ast-content-background-meta":{"desktop":{"background-color":"var(--ast-global-color-5)","background-image":"","background-repeat":"repeat","background-position":"center center","background-size":"auto","background-attachment":"scroll","background-type":"","background-media":"","overlay-type":"","overlay-color":"","overlay-opacity":"","overlay-gradient":""},"tablet":{"background-color":"var(--ast-global-color-5)","background-image":"","background-repeat":"repeat","background-position":"center center","background-size":"auto","background-attachment":"scroll","background-type":"","background-media":"","overlay-type":"","overlay-color":"","overlay-opacity":"","overlay-gradient":""},"mobile":{"background-color":"var(--ast-global-color-5)","background-image":"","background-repeat":"repeat","background-position":"center center","background-size":"auto","background-attachment":"scroll","background-type":"","background-media":"","overlay-type":"","overlay-color":"","overlay-opacity":"","overlay-gradient":""}}},"product_brand":[],"product_cat":[48,47,49,430,40],"product_tag":[275,370,635,185,457,544,627,189,219,217,324,920,466,279,184,280,149],"class_list":{"0":"post-5423","1":"product","2":"type-product","3":"status-publish","4":"has-post-thumbnail","6":"product_cat-casual","7":"product_cat-classic","8":"product_cat-loafer","9":"product_cat-men","10":"product_cat-mens-shoes","11":"product_tag-beige-loafers","12":"product_tag-black-loafers","13":"product_tag-blue-loafers","14":"product_tag-calf-leather-shoes","15":"product_tag-classic-loafers","16":"product_tag-elegant-loafers","17":"product_tag-gentlemens-footwear","18":"product_tag-goat-leather-lining","19":"product_tag-handmade-shoes","20":"product_tag-luxury-footwear","21":"product_tag-mens-dress-shoes","22":"product_tag-mens-suede-penny-loafers","23":"product_tag-microlight-sole","24":"product_tag-penny-loafers","25":"product_tag-slip-on-shoes","26":"product_tag-smart-casual-shoes","27":"product_tag-suede-loafers","28":"desktop-align-center","29":"tablet-align-center","30":"mobile-align-center","32":"first","33":"instock","34":"shipping-taxable","35":"purchasable","36":"product-type-variable","37":"has-default-attributes"},"acf":[],"uagb_featured_image_src":{"full":["https:\/\/turkishtrade.co\/wp-content\/uploads\/2026\/01\/2400EJOMN00004-DARK-BLUE-B_10_2.png",453,250,false],"thumbnail":["https:\/\/turkishtrade.co\/wp-content\/uploads\/2026\/01\/2400EJOMN00004-DARK-BLUE-B_10_2-150x150.png",150,150,true],"medium":["https:\/\/turkishtrade.co\/wp-content\/uploads\/2026\/01\/2400EJOMN00004-DARK-BLUE-B_10_2-300x166.png",300,166,true],"medium_large":["https:\/\/turkishtrade.co\/wp-content\/uploads\/2026\/01\/2400EJOMN00004-DARK-BLUE-B_10_2.png",453,250,false],"large":["https:\/\/turkishtrade.co\/wp-content\/uploads\/2026\/01\/2400EJOMN00004-DARK-BLUE-B_10_2.png",453,250,false],"1536x1536":["https:\/\/turkishtrade.co\/wp-content\/uploads\/2026\/01\/2400EJOMN00004-DARK-BLUE-B_10_2.png",453,250,false],"2048x2048":["https:\/\/turkishtrade.co\/wp-content\/uploads\/2026\/01\/2400EJOMN00004-DARK-BLUE-B_10_2.png",453,250,false],"trp-custom-language-flag":["https:\/\/turkishtrade.co\/wp-content\/uploads\/2026\/01\/2400EJOMN00004-DARK-BLUE-B_10_2-18x10.png",18,10,true],"woocommerce_thumbnail":["https:\/\/turkishtrade.co\/wp-content\/uploads\/2026\/01\/2400EJOMN00004-DARK-BLUE-B_10_2-400x250.png",400,250,true],"woocommerce_single":["https:\/\/turkishtrade.co\/wp-content\/uploads\/2026\/01\/2400EJOMN00004-DARK-BLUE-B_10_2.png",453,250,false],"woocommerce_gallery_thumbnail":["https:\/\/turkishtrade.co\/wp-content\/uploads\/2026\/01\/2400EJOMN00004-DARK-BLUE-B_10_2-100x100.png",100,100,true]},"uagb_author_info":{"display_name":"yaser olabi","author_link":"https:\/\/turkishtrade.co\/fr\/author\/"},"uagb_comment_info":0,"uagb_excerpt":"Superior Material: Crafted with a premium calf suede leather upper and soft goat leather lining for ultimate comfort. Lightweight Comfort: Features a durable Microlight sole for exceptional lightness and flexibility. Classic Style: Timeless penny loafer design, perfect for various occasions. Heel Height: Subtle 1-3 cm heel for an elegant lift. Available Sizes: Offered in EU\u2026","_links":{"self":[{"href":"https:\/\/turkishtrade.co\/fr\/wp-json\/wp\/v2\/product\/5423","targetHints":{"allow":["GET"]}}],"collection":[{"href":"https:\/\/turkishtrade.co\/fr\/wp-json\/wp\/v2\/product"}],"about":[{"href":"https:\/\/turkishtrade.co\/fr\/wp-json\/wp\/v2\/types\/product"}],"wp:featuredmedia":[{"embeddable":true,"href":"https:\/\/turkishtrade.co\/fr\/wp-json\/wp\/v2\/media\/3651"}],"wp:attachment":[{"href":"https:\/\/turkishtrade.co\/fr\/wp-json\/wp\/v2\/media?parent=5423"}],"wp:term":[{"taxonomy":"product_brand","embeddable":true,"href":"https:\/\/turkishtrade.co\/fr\/wp-json\/wp\/v2\/product_brand?post=5423"},{"taxonomy":"product_cat","embeddable":true,"href":"https:\/\/turkishtrade.co\/fr\/wp-json\/wp\/v2\/product_cat?post=5423"},{"taxonomy":"product_tag","embeddable":true,"href":"https:\/\/turkishtrade.co\/fr\/wp-json\/wp\/v2\/product_tag?post=5423"}],"curies":[{"name":"wp","href":"https:\/\/api.w.org\/{rel}","templated":true}]}}