{"id":5419,"date":"2026-01-14T11:56:49","date_gmt":"2026-01-14T11:56:49","guid":{"rendered":"https:\/\/turkishtrade.co\/product\/mens-suede-tassel-loafers\/"},"modified":"2026-04-09T19:34:52","modified_gmt":"2026-04-09T19:34:52","slug":"mens-suede-tassel-loafers","status":"publish","type":"product","link":"https:\/\/turkishtrade.co\/fr\/shop\/mens-suede-tassel-loafers\/","title":{"rendered":"Mocassins \u00e0 glands en daim pour hommes Premium avec semelle Microlight"},"content":{"rendered":"<p><strong>Mocassins \u00e0 glands en daim pour hommes<\/strong><\/p>\n<p>Am\u00e9liorez votre collection de chaussures gr\u00e2ce \u00e0 notre collection exceptionnelle de chaussures de sport. <b>Mocassins \u00e0 glands en daim pour hommes<\/b>, Ces mocassins sont le r\u00e9sultat d'un design classique et d'un confort in\u00e9gal\u00e9. Con\u00e7us pour les hommes exigeants, ces mocassins t\u00e9moignent d'une qualit\u00e9 artistique sup\u00e9rieure et de mat\u00e9riaux luxueux. Que vous vous habilliez pour un \u00e9v\u00e9nement formel ou pour une sortie d\u00e9contract\u00e9e, ces mocassins sont parfaits. <b>Mocassins \u00e0 glands en daim pour hommes<\/b> offrent un m\u00e9lange parfait de style et de praticit\u00e9.<\/p>\n<h3>Un savoir-faire in\u00e9gal\u00e9 et des mat\u00e9riaux de premi\u00e8re qualit\u00e9<\/h3>\n<p>Chaque paire de ces mocassins exquis commence par une s\u00e9lection de cuir de veau velours de premi\u00e8re qualit\u00e9 pour la surface ext\u00e9rieure. Ce choix garantit une texture douce et souple qui, en plus d'\u00eatre sophistiqu\u00e9e, se moule parfaitement \u00e0 votre pied au fil du temps. L'int\u00e9rieur est dot\u00e9 d'une doublure en cuir de ch\u00e8vre, pour une exp\u00e9rience douce, respirante et incroyablement confortable \u00e0 chaque pas. Les surpiq\u00fbres m\u00e9ticuleuses et les \u00e9l\u00e9gantes pampilles de ces <b>Mocassins \u00e0 glands en daim pour hommes<\/b> soulignent le souci du d\u00e9tail et le savoir-faire traditionnel de la cordonnerie.<\/p>\n<h3>Con\u00e7u pour un confort et une durabilit\u00e9 ultimes<\/h3>\n<p>Le confort est primordial, et nos mocassins sont dot\u00e9s d'une semelle microlight \u00e0 la pointe de la technologie. Cette semelle innovante est con\u00e7ue pour \u00eatre incroyablement l\u00e9g\u00e8re, offrant un amorti et une flexibilit\u00e9 excellents sans compromettre la durabilit\u00e9. Avec une hauteur de talon subtile allant de 1 \u00e0 3 cm, ces chaussures procurent juste ce qu'il faut pour une silhouette sophistiqu\u00e9e, tout en conservant stabilit\u00e9 et facilit\u00e9 d'utilisation. La combinaison du daim de veau r\u00e9sistant et de la semelle microlight robuste garantit que ces mocassins sont faits pour durer, offrant un style et un confort durables, saison apr\u00e8s saison.<\/p>\n<h3>Un style polyvalent pour toutes les occasions<\/h3>\n<p>Le design intemporel de ces <b>Mocassins \u00e0 glands en daim pour hommes<\/b> les rend incroyablement polyvalents. Associez-les \u00e0 des costumes cintr\u00e9s pour un look professionnel \u00e9l\u00e9gant, \u00e0 des chinos pour un ensemble d\u00e9contract\u00e9 raffin\u00e9, ou m\u00eame \u00e0 des shorts pour un style estival raffin\u00e9. Disponibles dans une gamme de tailles allant du 39 au 45, vous n'aurez aucun mal \u00e0 trouver votre taille id\u00e9ale. Adoptez le charme et la sophistication que seule une paire de mocassins \u00e0 glands en daim m\u00e9ticuleusement confectionn\u00e9e peut vous apporter.<\/p>\n<h3>Opportunit\u00e9 de vente en gros pour les entreprises<\/h3>\n<p>Pour les d\u00e9taillants et les entreprises qui souhaitent proposer des chaussures de haute qualit\u00e9, ces <b>Mocassins \u00e0 glands en daim pour hommes<\/b> sont disponibles pour l'achat en gros. Avec une quantit\u00e9 minimale de commande de 8 paires et un d\u00e9lai de livraison de 12 jours plus les frais d'exp\u00e9dition, vous pouvez approvisionner efficacement votre stock avec un produit connu pour ses mat\u00e9riaux et sa fabrication de qualit\u00e9 sup\u00e9rieure. Investissez dans ces mocassins et offrez \u00e0 vos clients un m\u00e9lange de luxe, de confort et de style durable.<\/p>","protected":false},"excerpt":{"rendered":"<ul>\n<li>Tige en cuir de veau velours exquis pour un look raffin\u00e9<\/li>\n<li>Doublure int\u00e9rieure en cuir de ch\u00e8vre souple et respirant pour un confort sup\u00e9rieur<\/li>\n<li>Semelle l\u00e9g\u00e8re Microlight assurant une aisance et une flexibilit\u00e9 tout au long de la journ\u00e9e<\/li>\n<li>Les glands \u00e9l\u00e9gants ajoutent une touche classique.<\/li>\n<li>Disponible dans une large gamme de tailles : 39, 40, 41, 42, 43, 44, 45<\/li>\n<li>Parfait pour les commandes en gros avec un minimum de 8 paires<\/li>\n<li>D\u00e9lai de livraison en gros : 12 jours + exp\u00e9dition<\/li>\n<\/ul>","protected":false},"featured_media":3645,"template":"","meta":{"_acf_changed":false,"_uag_custom_page_level_css":"","site-sidebar-layout":"default","site-content-layout":"","ast-site-content-layout":"default","site-content-style":"default","site-sidebar-style":"default","ast-global-header-display":"","ast-banner-title-visibility":"","ast-main-header-display":"","ast-hfb-above-header-display":"","ast-hfb-below-header-display":"","ast-hfb-mobile-header-display":"","site-post-title":"","ast-breadcrumbs-content":"","ast-featured-img":"","footer-sml-layout":"","ast-disable-related-posts":"","theme-transparent-header-meta":"default","adv-header-id-meta":"","stick-header-meta":"","header-above-stick-meta":"","header-main-stick-meta":"","header-below-stick-meta":"","astra-migrate-meta-layouts":"set","ast-page-background-enabled":"default","ast-page-background-meta":{"desktop":{"background-color":"var(--ast-global-color-4)","background-image":"","background-repeat":"repeat","background-position":"center center","background-size":"auto","background-attachment":"scroll","background-type":"","background-media":"","overlay-type":"","overlay-color":"","overlay-opacity":"","overlay-gradient":""},"tablet":{"background-color":"","background-image":"","background-repeat":"repeat","background-position":"center center","background-size":"auto","background-attachment":"scroll","background-type":"","background-media":"","overlay-type":"","overlay-color":"","overlay-opacity":"","overlay-gradient":""},"mobile":{"background-color":"","background-image":"","background-repeat":"repeat","background-position":"center center","background-size":"auto","background-attachment":"scroll","background-type":"","background-media":"","overlay-type":"","overlay-color":"","overlay-opacity":"","overlay-gradient":""}},"ast-content-background-meta":{"desktop":{"background-color":"var(--ast-global-color-5)","background-image":"","background-repeat":"repeat","background-position":"center center","background-size":"auto","background-attachment":"scroll","background-type":"","background-media":"","overlay-type":"","overlay-color":"","overlay-opacity":"","overlay-gradient":""},"tablet":{"background-color":"var(--ast-global-color-5)","background-image":"","background-repeat":"repeat","background-position":"center center","background-size":"auto","background-attachment":"scroll","background-type":"","background-media":"","overlay-type":"","overlay-color":"","overlay-opacity":"","overlay-gradient":""},"mobile":{"background-color":"var(--ast-global-color-5)","background-image":"","background-repeat":"repeat","background-position":"center center","background-size":"auto","background-attachment":"scroll","background-type":"","background-media":"","overlay-type":"","overlay-color":"","overlay-opacity":"","overlay-gradient":""}}},"product_brand":[],"product_cat":[48,47,49,430,40],"product_tag":[919,185,512,220,284,189,217,198,186,466,149,349,281],"class_list":{"0":"post-5419","1":"product","2":"type-product","3":"status-publish","4":"has-post-thumbnail","6":"product_cat-casual","7":"product_cat-classic","8":"product_cat-loafer","9":"product_cat-men","10":"product_cat-mens-shoes","11":"product_tag-bespoke-style","12":"product_tag-calf-leather-shoes","13":"product_tag-casual-loafers","14":"product_tag-comfortable-loafers","15":"product_tag-dress-shoes","16":"product_tag-goat-leather-lining","17":"product_tag-luxury-footwear","18":"product_tag-mens-fashion","19":"product_tag-mens-loafers","20":"product_tag-microlight-sole","21":"product_tag-suede-loafers","22":"product_tag-tassel-loafers","23":"product_tag-wholesale-shoes","24":"desktop-align-center","25":"tablet-align-center","26":"mobile-align-center","28":"first","29":"instock","30":"shipping-taxable","31":"purchasable","32":"product-type-variable","33":"has-default-attributes"},"acf":[],"uagb_featured_image_src":{"full":["https:\/\/turkishtrade.co\/wp-content\/uploads\/2026\/01\/2400EJOMN00003-CAMEL-SL_07.png",453,250,false],"thumbnail":["https:\/\/turkishtrade.co\/wp-content\/uploads\/2026\/01\/2400EJOMN00003-CAMEL-SL_07-150x150.png",150,150,true],"medium":["https:\/\/turkishtrade.co\/wp-content\/uploads\/2026\/01\/2400EJOMN00003-CAMEL-SL_07-300x166.png",300,166,true],"medium_large":["https:\/\/turkishtrade.co\/wp-content\/uploads\/2026\/01\/2400EJOMN00003-CAMEL-SL_07.png",453,250,false],"large":["https:\/\/turkishtrade.co\/wp-content\/uploads\/2026\/01\/2400EJOMN00003-CAMEL-SL_07.png",453,250,false],"1536x1536":["https:\/\/turkishtrade.co\/wp-content\/uploads\/2026\/01\/2400EJOMN00003-CAMEL-SL_07.png",453,250,false],"2048x2048":["https:\/\/turkishtrade.co\/wp-content\/uploads\/2026\/01\/2400EJOMN00003-CAMEL-SL_07.png",453,250,false],"trp-custom-language-flag":["https:\/\/turkishtrade.co\/wp-content\/uploads\/2026\/01\/2400EJOMN00003-CAMEL-SL_07-18x10.png",18,10,true],"woocommerce_thumbnail":["https:\/\/turkishtrade.co\/wp-content\/uploads\/2026\/01\/2400EJOMN00003-CAMEL-SL_07-400x250.png",400,250,true],"woocommerce_single":["https:\/\/turkishtrade.co\/wp-content\/uploads\/2026\/01\/2400EJOMN00003-CAMEL-SL_07.png",453,250,false],"woocommerce_gallery_thumbnail":["https:\/\/turkishtrade.co\/wp-content\/uploads\/2026\/01\/2400EJOMN00003-CAMEL-SL_07-100x100.png",100,100,true]},"uagb_author_info":{"display_name":"yaser olabi","author_link":"https:\/\/turkishtrade.co\/fr\/author\/"},"uagb_comment_info":0,"uagb_excerpt":"Exquisite Calf Suede Leather Upper for a refined look Soft and Breathable Goat Leather Inner Lining for superior comfort Lightweight Microlight Sole ensuring all-day ease and flexibility Elegant Tassel Detailing adds a classic touch Available in a comprehensive size range: 39, 40, 41, 42, 43, 44, 45 Perfect for wholesale orders with a minimum of\u2026","_links":{"self":[{"href":"https:\/\/turkishtrade.co\/fr\/wp-json\/wp\/v2\/product\/5419","targetHints":{"allow":["GET"]}}],"collection":[{"href":"https:\/\/turkishtrade.co\/fr\/wp-json\/wp\/v2\/product"}],"about":[{"href":"https:\/\/turkishtrade.co\/fr\/wp-json\/wp\/v2\/types\/product"}],"wp:featuredmedia":[{"embeddable":true,"href":"https:\/\/turkishtrade.co\/fr\/wp-json\/wp\/v2\/media\/3645"}],"wp:attachment":[{"href":"https:\/\/turkishtrade.co\/fr\/wp-json\/wp\/v2\/media?parent=5419"}],"wp:term":[{"taxonomy":"product_brand","embeddable":true,"href":"https:\/\/turkishtrade.co\/fr\/wp-json\/wp\/v2\/product_brand?post=5419"},{"taxonomy":"product_cat","embeddable":true,"href":"https:\/\/turkishtrade.co\/fr\/wp-json\/wp\/v2\/product_cat?post=5419"},{"taxonomy":"product_tag","embeddable":true,"href":"https:\/\/turkishtrade.co\/fr\/wp-json\/wp\/v2\/product_tag?post=5419"}],"curies":[{"name":"wp","href":"https:\/\/api.w.org\/{rel}","templated":true}]}}