{"id":5405,"date":"2026-01-14T11:53:38","date_gmt":"2026-01-14T11:53:38","guid":{"rendered":"https:\/\/turkishtrade.co\/product\/mens-premium-leather-penny-loafers\/"},"modified":"2026-04-09T19:35:15","modified_gmt":"2026-04-09T19:35:15","slug":"mens-premium-leather-loafers-5","status":"publish","type":"product","link":"https:\/\/turkishtrade.co\/fr\/shop\/mens-premium-leather-loafers-5\/","title":{"rendered":"Mocassins en cuir de premi\u00e8re qualit\u00e9 pour hommes avec semelle Microlight"},"content":{"rendered":"<p data-rm-block-id=\"block-1\"><strong>Mocassins en cuir de qualit\u00e9 sup\u00e9rieure pour hommes<\/strong><\/p>\n<p data-rm-block-id=\"block-2\">\u00c9levez votre collection de chaussures gr\u00e2ce \u00e0 nos chaussures exquises. <strong>mocassins en cuir de premi\u00e8re qualit\u00e9 pour hommes<\/strong>, Ces mocassins ont \u00e9t\u00e9 con\u00e7us pour offrir un style et un confort in\u00e9gal\u00e9s. Ces mocassins sophistiqu\u00e9s sont con\u00e7us pour le gentleman moderne qui appr\u00e9cie la qualit\u00e9 et l'\u00e9l\u00e9gance intemporelle. Qu'il s'agisse de r\u00e9unions d'affaires importantes, d'\u00e9v\u00e9nements sociaux sophistiqu\u00e9s ou m\u00eame d'une sortie d\u00e9contract\u00e9e et \u00e9l\u00e9gante, ces mocassins sont parfaits. <strong>mocassins en cuir de premi\u00e8re qualit\u00e9 pour hommes<\/strong> apportent la touche finale parfaite \u00e0 n'importe quel ensemble.<\/p>\n<p data-rm-block-id=\"block-3\">Chaque paire de ces remarquables <strong>mocassins en cuir de premi\u00e8re qualit\u00e9 pour hommes<\/strong> sont dot\u00e9s d'un luxueux cuir de veau, r\u00e9put\u00e9 pour sa texture souple, sa brillance naturelle et sa durabilit\u00e9 exceptionnelle. La riche teinte marron bruni ajoute une couche de profondeur et de polyvalence, ce qui permet de les associer facilement \u00e0 diff\u00e9rentes tenues vestimentaires. \u00c0 l'int\u00e9rieur, vos pieds seront berc\u00e9s par la douce \u00e9treinte du cuir de ch\u00e8vre v\u00e9ritable, connu pour sa respirabilit\u00e9 sup\u00e9rieure et son incroyable confort, garantissant une exp\u00e9rience agr\u00e9able m\u00eame apr\u00e8s des heures de port.<\/p>\n<h3 data-rm-block-id=\"block-4\">Un confort et un savoir-faire in\u00e9gal\u00e9s<\/h3>\n<p data-rm-block-id=\"block-5\">Au-del\u00e0 de leur aspect saisissant, ces <strong>mocassins en cuir de premi\u00e8re qualit\u00e9 pour hommes<\/strong> sont con\u00e7ues pour le confort. La semelle Microlight innovante constitue une base l\u00e9g\u00e8re mais robuste, offrant une excellente absorption des chocs et une grande flexibilit\u00e9. Cette technologie de pointe garantit une bonne adh\u00e9rence et r\u00e9duit la fatigue du pied, ce qui fait de ces mocassins un choix id\u00e9al pour un usage quotidien. Un talon subtil de 1 \u00e0 3 cm ajoute une touche de formalit\u00e9 classique sans compromettre le confort.<\/p>\n<p data-rm-block-id=\"block-6\">Notre engagement en faveur de l'excellence est \u00e9vident dans chaque point et chaque d\u00e9tail. Ces <strong>mocassins en cuir de premi\u00e8re qualit\u00e9 pour hommes<\/strong> sont le fruit d'un travail artisanal de qualit\u00e9 sup\u00e9rieure, promettant un produit non seulement magnifique, mais aussi durable. Disponibles dans une large gamme de tailles allant de l'UE 39 \u00e0 45, il est facile de trouver la chaussure id\u00e9ale. D\u00e9couvrez le m\u00e9lange de tradition et d'innovation qui caract\u00e9rise ces chaussures exceptionnelles. <strong>mocassins en cuir de premi\u00e8re qualit\u00e9 pour hommes<\/strong> \u00e0 l'\u00e9cart des autres. Pour les entreprises, profitez de notre offre de gros avec une commande minimum de 8 paires, livr\u00e9es efficacement dans les 12 jours, frais de port en sus. Investissez dans un style et un confort durables avec ces chaussures essentielles. <strong>mocassins en cuir de premi\u00e8re qualit\u00e9 pour hommes<\/strong> aujourd'hui.<\/p>","protected":false},"excerpt":{"rendered":"<ul>\n<li><strong>Mat\u00e9riaux de premi\u00e8re qualit\u00e9 :<\/strong> Fabriqu\u00e9 avec un ext\u00e9rieur en cuir de veau v\u00e9ritable et un int\u00e9rieur luxueux en cuir de ch\u00e8vre pour un confort et une respirabilit\u00e9 ultimes.<\/li>\n<li><strong>Semelle durable et l\u00e9g\u00e8re :<\/strong> Dot\u00e9e d'une semelle Microlight de haute qualit\u00e9, elle offre une excellente adh\u00e9rence et un poids r\u00e9duit pour une utilisation tout au long de la journ\u00e9e.<\/li>\n<li><strong>Design \u00e9l\u00e9gant :<\/strong> Silhouette classique de penny loafer \u00e0 la finition raffin\u00e9e, convenant aussi bien aux occasions formelles qu'aux occasions d\u00e9contract\u00e9es.<\/li>\n<li><strong>Talon confortable :<\/strong> Subtil talon bloc de 1 \u00e0 3 cm pour une \u00e9l\u00e9vation discr\u00e8te.<\/li>\n<li><strong>Tailles disponibles :<\/strong> Propos\u00e9 dans une gamme compl\u00e8te allant de l'UE 39 \u00e0 l'UE 45.<\/li>\n<li><strong>Disponibilit\u00e9 en gros :<\/strong> Commande minimum de 8 paires.<\/li>\n<li><strong>Livraison efficace :<\/strong> Votre commande sera trait\u00e9e dans un d\u00e9lai de 12 jours, plus le d\u00e9lai d'exp\u00e9dition.<\/li>\n<li><strong>Prix comp\u00e9titifs :<\/strong> Prix en USD par paire.<\/li>\n<\/ul>","protected":false},"featured_media":3636,"template":"","meta":{"_acf_changed":false,"_uag_custom_page_level_css":"","site-sidebar-layout":"default","site-content-layout":"","ast-site-content-layout":"default","site-content-style":"default","site-sidebar-style":"default","ast-global-header-display":"","ast-banner-title-visibility":"","ast-main-header-display":"","ast-hfb-above-header-display":"","ast-hfb-below-header-display":"","ast-hfb-mobile-header-display":"","site-post-title":"","ast-breadcrumbs-content":"","ast-featured-img":"","footer-sml-layout":"","ast-disable-related-posts":"","theme-transparent-header-meta":"default","adv-header-id-meta":"","stick-header-meta":"","header-above-stick-meta":"","header-main-stick-meta":"","header-below-stick-meta":"","astra-migrate-meta-layouts":"set","ast-page-background-enabled":"default","ast-page-background-meta":{"desktop":{"background-color":"var(--ast-global-color-4)","background-image":"","background-repeat":"repeat","background-position":"center center","background-size":"auto","background-attachment":"scroll","background-type":"","background-media":"","overlay-type":"","overlay-color":"","overlay-opacity":"","overlay-gradient":""},"tablet":{"background-color":"","background-image":"","background-repeat":"repeat","background-position":"center center","background-size":"auto","background-attachment":"scroll","background-type":"","background-media":"","overlay-type":"","overlay-color":"","overlay-opacity":"","overlay-gradient":""},"mobile":{"background-color":"","background-image":"","background-repeat":"repeat","background-position":"center center","background-size":"auto","background-attachment":"scroll","background-type":"","background-media":"","overlay-type":"","overlay-color":"","overlay-opacity":"","overlay-gradient":""}},"ast-content-background-meta":{"desktop":{"background-color":"var(--ast-global-color-5)","background-image":"","background-repeat":"repeat","background-position":"center center","background-size":"auto","background-attachment":"scroll","background-type":"","background-media":"","overlay-type":"","overlay-color":"","overlay-opacity":"","overlay-gradient":""},"tablet":{"background-color":"var(--ast-global-color-5)","background-image":"","background-repeat":"repeat","background-position":"center center","background-size":"auto","background-attachment":"scroll","background-type":"","background-media":"","overlay-type":"","overlay-color":"","overlay-opacity":"","overlay-gradient":""},"mobile":{"background-color":"var(--ast-global-color-5)","background-image":"","background-repeat":"repeat","background-position":"center center","background-size":"auto","background-attachment":"scroll","background-type":"","background-media":"","overlay-type":"","overlay-color":"","overlay-opacity":"","overlay-gradient":""}}},"product_brand":[],"product_cat":[47,430,40],"product_tag":[147,555,222,909,251,908,450,215,324,186,466,279,374,280,456],"class_list":{"0":"post-5405","1":"product","2":"type-product","3":"status-publish","4":"has-post-thumbnail","6":"product_cat-classic","7":"product_cat-men","8":"product_cat-mens-shoes","9":"product_tag-brown-loafers","10":"product_tag-calfskin-loafers","11":"product_tag-comfortable-shoes","12":"product_tag-durable-loafers","13":"product_tag-formal-shoes","14":"product_tag-goat-leather-shoes","15":"product_tag-handcrafted-shoes","16":"product_tag-leather-loafers","17":"product_tag-mens-dress-shoes","18":"product_tag-mens-loafers","19":"product_tag-microlight-sole","20":"product_tag-penny-loafers","21":"product_tag-premium-loafers","22":"product_tag-smart-casual-shoes","23":"product_tag-wholesale-loafers","24":"desktop-align-center","25":"tablet-align-center","26":"mobile-align-center","28":"first","29":"instock","30":"shipping-taxable","31":"purchasable","32":"product-type-variable","33":"has-default-attributes"},"acf":[],"uagb_featured_image_src":{"full":["https:\/\/turkishtrade.co\/wp-content\/uploads\/2026\/01\/2400EJOMN00424-BROWN-ZL_200.png",453,250,false],"thumbnail":["https:\/\/turkishtrade.co\/wp-content\/uploads\/2026\/01\/2400EJOMN00424-BROWN-ZL_200-150x150.png",150,150,true],"medium":["https:\/\/turkishtrade.co\/wp-content\/uploads\/2026\/01\/2400EJOMN00424-BROWN-ZL_200-300x166.png",300,166,true],"medium_large":["https:\/\/turkishtrade.co\/wp-content\/uploads\/2026\/01\/2400EJOMN00424-BROWN-ZL_200.png",453,250,false],"large":["https:\/\/turkishtrade.co\/wp-content\/uploads\/2026\/01\/2400EJOMN00424-BROWN-ZL_200.png",453,250,false],"1536x1536":["https:\/\/turkishtrade.co\/wp-content\/uploads\/2026\/01\/2400EJOMN00424-BROWN-ZL_200.png",453,250,false],"2048x2048":["https:\/\/turkishtrade.co\/wp-content\/uploads\/2026\/01\/2400EJOMN00424-BROWN-ZL_200.png",453,250,false],"trp-custom-language-flag":["https:\/\/turkishtrade.co\/wp-content\/uploads\/2026\/01\/2400EJOMN00424-BROWN-ZL_200-18x10.png",18,10,true],"woocommerce_thumbnail":["https:\/\/turkishtrade.co\/wp-content\/uploads\/2026\/01\/2400EJOMN00424-BROWN-ZL_200-400x250.png",400,250,true],"woocommerce_single":["https:\/\/turkishtrade.co\/wp-content\/uploads\/2026\/01\/2400EJOMN00424-BROWN-ZL_200.png",453,250,false],"woocommerce_gallery_thumbnail":["https:\/\/turkishtrade.co\/wp-content\/uploads\/2026\/01\/2400EJOMN00424-BROWN-ZL_200-100x100.png",100,100,true]},"uagb_author_info":{"display_name":"yaser olabi","author_link":"https:\/\/turkishtrade.co\/fr\/author\/"},"uagb_comment_info":0,"uagb_excerpt":"Premium Materials: Crafted with a genuine calfskin leather exterior and luxurious goat leather interior for ultimate comfort and breathability. Durable &amp; Lightweight Sole: Features a high-quality Microlight sole, offering excellent grip and reduced weight for all-day wear. Elegant Design: Classic penny loafer silhouette with a refined finish, suitable for both formal and smart-casual occasions. Comfortable\u2026","_links":{"self":[{"href":"https:\/\/turkishtrade.co\/fr\/wp-json\/wp\/v2\/product\/5405","targetHints":{"allow":["GET"]}}],"collection":[{"href":"https:\/\/turkishtrade.co\/fr\/wp-json\/wp\/v2\/product"}],"about":[{"href":"https:\/\/turkishtrade.co\/fr\/wp-json\/wp\/v2\/types\/product"}],"wp:featuredmedia":[{"embeddable":true,"href":"https:\/\/turkishtrade.co\/fr\/wp-json\/wp\/v2\/media\/3636"}],"wp:attachment":[{"href":"https:\/\/turkishtrade.co\/fr\/wp-json\/wp\/v2\/media?parent=5405"}],"wp:term":[{"taxonomy":"product_brand","embeddable":true,"href":"https:\/\/turkishtrade.co\/fr\/wp-json\/wp\/v2\/product_brand?post=5405"},{"taxonomy":"product_cat","embeddable":true,"href":"https:\/\/turkishtrade.co\/fr\/wp-json\/wp\/v2\/product_cat?post=5405"},{"taxonomy":"product_tag","embeddable":true,"href":"https:\/\/turkishtrade.co\/fr\/wp-json\/wp\/v2\/product_tag?post=5405"}],"curies":[{"name":"wp","href":"https:\/\/api.w.org\/{rel}","templated":true}]}}