{"id":5403,"date":"2026-01-14T11:53:22","date_gmt":"2026-01-14T11:53:22","guid":{"rendered":"https:\/\/turkishtrade.co\/product\/men-s-leather-loafer-shoes\/"},"modified":"2026-04-09T19:35:17","modified_gmt":"2026-04-09T19:35:17","slug":"epic-premium-mens-leather-loafer-shoes","status":"publish","type":"product","link":"https:\/\/turkishtrade.co\/fr\/shop\/epic-premium-mens-leather-loafer-shoes\/","title":{"rendered":"Premium Black Grain Leather Men's Loafer Shoes"},"content":{"rendered":"<p data-rm-block-id=\"block-1\"><strong>Mocassins en cuir pour hommes<\/strong><\/p>\n<p data-rm-block-id=\"block-2\">Entrez dans une sophistication et un confort in\u00e9gal\u00e9s gr\u00e2ce \u00e0 notre <strong>Premium Black Grain Leather Men's Loafer Shoes<\/strong>. Con\u00e7ues pour le gentleman moderne, ces chaussures \u00e0 enfiler allient \u00e9l\u00e9gance intemporelle et confort contemporain, ce qui en fait un \u00e9l\u00e9ment essentiel de toute garde-robe exigeante. Fabriqu\u00e9es avec une attention m\u00e9ticuleuse aux d\u00e9tails, ces chaussures mocassins en cuir pour homme sont parfaites pour les environnements professionnels d\u00e9contract\u00e9s et les \u00e9v\u00e9nements plus formels, vous assurant d'\u00eatre au mieux de votre forme et de votre personnalit\u00e9.<\/p>\n<h3 data-rm-block-id=\"block-3\">Une qualit\u00e9 et un savoir-faire in\u00e9gal\u00e9s<\/h3>\n<p data-rm-block-id=\"block-4\">Chaque paire de ces exquises chaussures mocassins en cuir pour homme est fabriqu\u00e9e \u00e0 partir des mat\u00e9riaux les plus nobles. L'ext\u00e9rieur est en cuir de veau luxueux, \u00e0 la fleur caillout\u00e9e, connu pour sa texture distinctive, sa durabilit\u00e9 et sa capacit\u00e9 \u00e0 d\u00e9velopper une belle patine au fil du temps. Cette surface ext\u00e9rieure de haute qualit\u00e9 offre non seulement une esth\u00e9tique sophistiqu\u00e9e, mais promet \u00e9galement une usure durable. \u00c0 l'int\u00e9rieur, vos pieds seront berc\u00e9s par la douceur supr\u00eame de la doublure en cuir de ch\u00e8vre, qui garantit une respirabilit\u00e9 et un confort exceptionnels tout au long de la journ\u00e9e. Cette combinaison de cuirs de premi\u00e8re qualit\u00e9 en dit long sur le savoir-faire artisanal sup\u00e9rieur investi dans chaque point.<\/p>\n<p data-rm-block-id=\"block-5\">La base de ces remarquables chaussures mocassins en cuir pour homme est leur semelle Microlight innovante. Con\u00e7ue pour un confort sup\u00e9rieur, la semelle Microlight est incroyablement l\u00e9g\u00e8re et flexible, permettant un mouvement naturel du pied et r\u00e9duisant la fatigue. Que vous naviguiez dans les rues anim\u00e9es de la ville ou que vous passiez de longues heures debout, l'amorti r\u00e9actif et la hauteur subtile de 1 \u00e0 3 cm du talon vous offrent un soutien optimal. Nos mocassins en cuir pour hommes sont donc un choix \u00e0 la fois pratique et \u00e9l\u00e9gant pour tous les jours.<\/p>\n<h3 data-rm-block-id=\"block-6\">L'alliance parfaite du style et de la fonctionnalit\u00e9<\/h3>\n<p data-rm-block-id=\"block-7\">La silhouette classique du mocassin, rehauss\u00e9e par le riche grain de cuir noir, offre une incroyable polyvalence. Ces chaussures passent sans effort d'une tenue de bureau \u00e9l\u00e9gante \u00e0 une tenue de week-end d\u00e9contract\u00e9e, d\u00e9montrant ainsi leur adaptabilit\u00e9. La conception \u00e0 enfiler assure la commodit\u00e9, tandis que l'esth\u00e9tique raffin\u00e9e garantit que vous ferez toujours une d\u00e9claration polie. Disponibles dans une large gamme de tailles allant de l'UE 39 \u00e0 l'UE 45, nous garantissons un ajustement parfait pour un large \u00e9ventail de clients.<\/p>\n<p data-rm-block-id=\"block-8\">Pour les entreprises qui souhaitent offrir \u00e0 leurs clients des chaussures de premier choix, nos <strong>Premium Black Grain Leather Men's Loafer Shoes<\/strong> sont un choix id\u00e9al. Nous r\u00e9pondons aux commandes en gros avec un minimum de 8 paires, ce qui nous permet de proposer des prix comp\u00e9titifs pour les achats en gros. D\u00e9couvrez la synergie parfaite du style, du confort et de la durabilit\u00e9, livr\u00e9e efficacement \u00e0 votre porte dans un d\u00e9lai d'environ 12 jours, frais de port en sus. Am\u00e9liorez votre inventaire avec ces indispensables mocassins en cuir pour hommes et offrez \u00e0 votre client\u00e8le des chaussures qui se d\u00e9marquent.<\/p>","protected":false},"excerpt":{"rendered":"<ul>\n<li><b>Mat\u00e9riau ext\u00e9rieur :<\/b> Cuir de veau de premi\u00e8re qualit\u00e9 (grain galb\u00e9)<\/li>\n<li><b>Doublure int\u00e9rieure :<\/b> Cuir de ch\u00e8vre souple<\/li>\n<li><b>Type de semelle :<\/b> Semelle l\u00e9g\u00e8re pour un confort ultime<\/li>\n<li><b>Hauteur du talon :<\/b> Subtil 1-3 cm pour un lifting sophistiqu\u00e9<\/li>\n<li><b>Tailles disponibles :<\/b> UE 39, 40, 41, 42, 43, 44, 45<\/li>\n<li><b>Commande minimale :<\/b> 8 paires (prix de gros disponibles)<\/li>\n<li><b>Livraison :<\/b> Environ 12 jours + frais de port<\/li>\n<\/ul>","protected":false},"featured_media":3635,"template":"","meta":{"_acf_changed":false,"_uag_custom_page_level_css":"","site-sidebar-layout":"default","site-content-layout":"","ast-site-content-layout":"default","site-content-style":"default","site-sidebar-style":"default","ast-global-header-display":"","ast-banner-title-visibility":"","ast-main-header-display":"","ast-hfb-above-header-display":"","ast-hfb-below-header-display":"","ast-hfb-mobile-header-display":"","site-post-title":"","ast-breadcrumbs-content":"","ast-featured-img":"","footer-sml-layout":"","ast-disable-related-posts":"","theme-transparent-header-meta":"default","adv-header-id-meta":"","stick-header-meta":"","header-above-stick-meta":"","header-main-stick-meta":"","header-below-stick-meta":"","astra-migrate-meta-layouts":"set","ast-page-background-enabled":"default","ast-page-background-meta":{"desktop":{"background-color":"var(--ast-global-color-4)","background-image":"","background-repeat":"repeat","background-position":"center center","background-size":"auto","background-attachment":"scroll","background-type":"","background-media":"","overlay-type":"","overlay-color":"","overlay-opacity":"","overlay-gradient":""},"tablet":{"background-color":"","background-image":"","background-repeat":"repeat","background-position":"center center","background-size":"auto","background-attachment":"scroll","background-type":"","background-media":"","overlay-type":"","overlay-color":"","overlay-opacity":"","overlay-gradient":""},"mobile":{"background-color":"","background-image":"","background-repeat":"repeat","background-position":"center center","background-size":"auto","background-attachment":"scroll","background-type":"","background-media":"","overlay-type":"","overlay-color":"","overlay-opacity":"","overlay-gradient":""}},"ast-content-background-meta":{"desktop":{"background-color":"var(--ast-global-color-5)","background-image":"","background-repeat":"repeat","background-position":"center center","background-size":"auto","background-attachment":"scroll","background-type":"","background-media":"","overlay-type":"","overlay-color":"","overlay-opacity":"","overlay-gradient":""},"tablet":{"background-color":"var(--ast-global-color-5)","background-image":"","background-repeat":"repeat","background-position":"center center","background-size":"auto","background-attachment":"scroll","background-type":"","background-media":"","overlay-type":"","overlay-color":"","overlay-opacity":"","overlay-gradient":""},"mobile":{"background-color":"var(--ast-global-color-5)","background-image":"","background-repeat":"repeat","background-position":"center center","background-size":"auto","background-attachment":"scroll","background-type":"","background-media":"","overlay-type":"","overlay-color":"","overlay-opacity":"","overlay-gradient":""}}},"product_brand":[],"product_cat":[47,430,40],"product_tag":[370,674,513,202,220,437,215,324,186,466,632,184,254],"class_list":{"0":"post-5403","1":"product","2":"type-product","3":"status-publish","4":"has-post-thumbnail","6":"product_cat-classic","7":"product_cat-men","8":"product_cat-mens-shoes","9":"product_tag-black-loafers","10":"product_tag-bulk-shoes","11":"product_tag-business-casual-shoes","12":"product_tag-calf-leather","13":"product_tag-comfortable-loafers","14":"product_tag-goat-leather","15":"product_tag-leather-loafers","16":"product_tag-mens-dress-shoes","17":"product_tag-mens-loafers","18":"product_tag-microlight-sole","19":"product_tag-premium-leather-shoes","20":"product_tag-slip-on-shoes","21":"product_tag-wholesale-footwear","22":"desktop-align-center","23":"tablet-align-center","24":"mobile-align-center","26":"first","27":"instock","28":"shipping-taxable","29":"purchasable","30":"product-type-variable","31":"has-default-attributes"},"acf":[],"uagb_featured_image_src":{"full":["https:\/\/turkishtrade.co\/wp-content\/uploads\/2026\/01\/2400EJOMN00422-BLACK-DKS_70.png",453,250,false],"thumbnail":["https:\/\/turkishtrade.co\/wp-content\/uploads\/2026\/01\/2400EJOMN00422-BLACK-DKS_70-150x150.png",150,150,true],"medium":["https:\/\/turkishtrade.co\/wp-content\/uploads\/2026\/01\/2400EJOMN00422-BLACK-DKS_70-300x166.png",300,166,true],"medium_large":["https:\/\/turkishtrade.co\/wp-content\/uploads\/2026\/01\/2400EJOMN00422-BLACK-DKS_70.png",453,250,false],"large":["https:\/\/turkishtrade.co\/wp-content\/uploads\/2026\/01\/2400EJOMN00422-BLACK-DKS_70.png",453,250,false],"1536x1536":["https:\/\/turkishtrade.co\/wp-content\/uploads\/2026\/01\/2400EJOMN00422-BLACK-DKS_70.png",453,250,false],"2048x2048":["https:\/\/turkishtrade.co\/wp-content\/uploads\/2026\/01\/2400EJOMN00422-BLACK-DKS_70.png",453,250,false],"trp-custom-language-flag":["https:\/\/turkishtrade.co\/wp-content\/uploads\/2026\/01\/2400EJOMN00422-BLACK-DKS_70-18x10.png",18,10,true],"woocommerce_thumbnail":["https:\/\/turkishtrade.co\/wp-content\/uploads\/2026\/01\/2400EJOMN00422-BLACK-DKS_70-400x250.png",400,250,true],"woocommerce_single":["https:\/\/turkishtrade.co\/wp-content\/uploads\/2026\/01\/2400EJOMN00422-BLACK-DKS_70.png",453,250,false],"woocommerce_gallery_thumbnail":["https:\/\/turkishtrade.co\/wp-content\/uploads\/2026\/01\/2400EJOMN00422-BLACK-DKS_70-100x100.png",100,100,true]},"uagb_author_info":{"display_name":"yaser olabi","author_link":"https:\/\/turkishtrade.co\/fr\/author\/"},"uagb_comment_info":0,"uagb_excerpt":"Outer Material: Premium Calf Leather (Pebbled Grain) Inner Lining: Soft Goat Leather Sole Type: Lightweight Microlight Sole for ultimate comfort Heel Height: Subtle 1-3 cm for sophisticated lift Available Sizes: EU 39, 40, 41, 42, 43, 44, 45 Minimum Order: 8 Pairs (Bulk pricing available) Delivery: Approximately 12 days + shipping","_links":{"self":[{"href":"https:\/\/turkishtrade.co\/fr\/wp-json\/wp\/v2\/product\/5403","targetHints":{"allow":["GET"]}}],"collection":[{"href":"https:\/\/turkishtrade.co\/fr\/wp-json\/wp\/v2\/product"}],"about":[{"href":"https:\/\/turkishtrade.co\/fr\/wp-json\/wp\/v2\/types\/product"}],"wp:featuredmedia":[{"embeddable":true,"href":"https:\/\/turkishtrade.co\/fr\/wp-json\/wp\/v2\/media\/3635"}],"wp:attachment":[{"href":"https:\/\/turkishtrade.co\/fr\/wp-json\/wp\/v2\/media?parent=5403"}],"wp:term":[{"taxonomy":"product_brand","embeddable":true,"href":"https:\/\/turkishtrade.co\/fr\/wp-json\/wp\/v2\/product_brand?post=5403"},{"taxonomy":"product_cat","embeddable":true,"href":"https:\/\/turkishtrade.co\/fr\/wp-json\/wp\/v2\/product_cat?post=5403"},{"taxonomy":"product_tag","embeddable":true,"href":"https:\/\/turkishtrade.co\/fr\/wp-json\/wp\/v2\/product_tag?post=5403"}],"curies":[{"name":"wp","href":"https:\/\/api.w.org\/{rel}","templated":true}]}}