{"id":5402,"date":"2026-01-14T11:53:07","date_gmt":"2026-01-14T11:53:07","guid":{"rendered":"https:\/\/turkishtrade.co\/product\/mens-leather-derby-shoes-5\/"},"modified":"2026-04-10T08:08:47","modified_gmt":"2026-04-10T08:08:47","slug":"mens-leather-derby-shoes-5","status":"publish","type":"product","link":"https:\/\/turkishtrade.co\/fr\/shop\/mens-leather-derby-shoes-5\/","title":{"rendered":"Luxueuses chaussures de derby en cuir de veau marron camel pour hommes"},"content":{"rendered":"<p><strong>chaussures derby en cuir pour hommes<\/strong><\/p>\n<p>Entrez dans une sophistication in\u00e9gal\u00e9e gr\u00e2ce \u00e0 notre collection exquise de <b>chaussures derby en cuir pour hommes<\/b>. M\u00e9ticuleusement con\u00e7ues pour le gentleman exigeant, ces chaussures derby marron camel sont plus que de simples chaussures ; elles sont une d\u00e9claration de classe et de confort. Chaque paire t\u00e9moigne d'un savoir-faire sup\u00e9rieur, alliant l'\u00e9l\u00e9gance traditionnelle \u00e0 l'innovation moderne pour cr\u00e9er un produit vraiment exceptionnel. Parfaites pour les occasions formelles, les tenues d'affaires ou pour rehausser votre look chic et d\u00e9contract\u00e9, ces chaussures sont un compl\u00e9ment polyvalent \u00e0 toute garde-robe.<\/p>\n<h3>Qualit\u00e9 et confort in\u00e9gal\u00e9s<\/h3>\n<p>Notre <b>chaussures derby en cuir pour hommes<\/b> sont dot\u00e9es d'un ext\u00e9rieur m\u00e9ticuleusement fabriqu\u00e9 en cuir de veau de premi\u00e8re qualit\u00e9, r\u00e9put\u00e9 pour sa texture souple, son \u00e9clat naturel et sa remarquable durabilit\u00e9. Ce mat\u00e9riau de qualit\u00e9 sup\u00e9rieure garantit que vos chaussures ne sont pas seulement superbes, mais qu'elles r\u00e9sistent \u00e9galement \u00e0 l'\u00e9preuve du temps, en d\u00e9veloppant une patine unique et riche avec l'\u00e2ge. L'int\u00e9rieur est doubl\u00e9 d'un cuir de ch\u00e8vre luxueusement souple, offrant un niveau de confort et de respirabilit\u00e9 in\u00e9gal\u00e9. Cette combinaison judicieuse permet \u00e0 vos pieds de rester \u00e0 l'aise et bien a\u00e9r\u00e9s, m\u00eame en cas de port prolong\u00e9, ce qui en fait la chaussure id\u00e9ale pour les longues journ\u00e9es au bureau ou lors d'\u00e9v\u00e9nements sp\u00e9ciaux.<\/p>\n<h3>Conception innovante et durabilit\u00e9<\/h3>\n<p>Au-del\u00e0 de leurs mat\u00e9riaux luxueux, ces chaussures derby sont con\u00e7ues pour offrir des performances optimales et une grande long\u00e9vit\u00e9. La semelle Microlight offre un \u00e9quilibre exceptionnel entre l\u00e9g\u00e8ret\u00e9 et flexibilit\u00e9, garantissant des mouvements sans effort et une adh\u00e9rence sup\u00e9rieure sur diverses surfaces. Avec une hauteur de talon subtile de 1 \u00e0 3 cm, ces chaussures offrent une \u00e9l\u00e9vation sophistiqu\u00e9e sans compromettre la stabilit\u00e9 ou le confort. Gr\u00e2ce \u00e0 leur construction robuste et \u00e0 leur conception bien pens\u00e9e, ces <b>chaussures derby en cuir pour hommes<\/b> sont non seulement \u00e9l\u00e9gants mais aussi incroyablement durables, ce qui repr\u00e9sente un investissement judicieux pour toute collection personnelle ou tout stock de vente au d\u00e9tail.<\/p>\n<h3>Id\u00e9al pour les acheteurs en gros<\/h3>\n<p>Pour les d\u00e9taillants, les boutiques et les entreprises qui souhaitent offrir des chaussures de qualit\u00e9 \u00e0 leurs clients exigeants, nos chaussures derby en cuir marron camel sont un choix exceptionnel. Nous proposons des prix de gros comp\u00e9titifs \u00e0 seulement USD par paire, avec une quantit\u00e9 minimale de commande de 8 paires. Il vous est donc facile de vous approvisionner en chaussures habill\u00e9es pour hommes de haute qualit\u00e9 qui promettent d'impressionner. Notre production et notre logistique efficaces garantissent un d\u00e9lai de livraison d'environ 12 jours, plus les frais d'exp\u00e9dition, ce qui vous permet de g\u00e9rer efficacement votre stock. Offrez \u00e0 votre client\u00e8le le style intemporel, le confort et la durabilit\u00e9 qu'elle m\u00e9rite, gr\u00e2ce \u00e0 notre engagement in\u00e9branlable en mati\u00e8re de qualit\u00e9 et de service fiable.<\/p>","protected":false},"excerpt":{"rendered":"<ul>\n<li><b>Mat\u00e9riau de premi\u00e8re qualit\u00e9 :<\/b> L'ext\u00e9rieur est en cuir de veau v\u00e9ritable et l'int\u00e9rieur en cuir de ch\u00e8vre souple et respirant pour un confort sup\u00e9rieur.<\/li>\n<li><b>Semelle Advanced Microlight :<\/b> La semelle Microlight innovante offre une l\u00e9g\u00e8ret\u00e9, une flexibilit\u00e9 et une durabilit\u00e9 exceptionnelles pour une utilisation tout au long de la journ\u00e9e.<\/li>\n<li><b>Talon subtil :<\/b> Con\u00e7u avec un talon \u00e9l\u00e9gant de 1 \u00e0 3 cm de hauteur pour un profil raffin\u00e9.<\/li>\n<li><b>Large gamme de tailles :<\/b> Disponible dans les tailles europ\u00e9ennes 39, 40, 41, 42, 43, 44 et 45 pour r\u00e9pondre aux diff\u00e9rents besoins des clients.<\/li>\n<li><b>Disponibilit\u00e9 en gros :<\/b> Quantit\u00e9 minimale de commande de 8 paires, id\u00e9ale pour les d\u00e9taillants et les acheteurs en gros.<\/li>\n<li><b>Prix de gros comp\u00e9titif :<\/b> Obtenez ces chaussures de qualit\u00e9 sup\u00e9rieure \u00e0 un prix attractif de USD par paire pour les commandes en gros.<\/li>\n<li><b>Livraison efficace :<\/b> B\u00e9n\u00e9ficier d'un processus de production rationalis\u00e9, avec une livraison g\u00e9n\u00e9ralement sous 12 jours plus les frais de port.<\/li>\n<\/ul>","protected":false},"featured_media":3634,"template":"","meta":{"_acf_changed":false,"_uag_custom_page_level_css":"","site-sidebar-layout":"default","site-content-layout":"","ast-site-content-layout":"default","site-content-style":"default","site-sidebar-style":"default","ast-global-header-display":"","ast-banner-title-visibility":"","ast-main-header-display":"","ast-hfb-above-header-display":"","ast-hfb-below-header-display":"","ast-hfb-mobile-header-display":"","site-post-title":"","ast-breadcrumbs-content":"","ast-featured-img":"","footer-sml-layout":"","ast-disable-related-posts":"","theme-transparent-header-meta":"default","adv-header-id-meta":"","stick-header-meta":"","header-above-stick-meta":"","header-main-stick-meta":"","header-below-stick-meta":"","astra-migrate-meta-layouts":"set","ast-page-background-enabled":"default","ast-page-background-meta":{"desktop":{"background-color":"var(--ast-global-color-4)","background-image":"","background-repeat":"repeat","background-position":"center center","background-size":"auto","background-attachment":"scroll","background-type":"","background-media":"","overlay-type":"","overlay-color":"","overlay-opacity":"","overlay-gradient":""},"tablet":{"background-color":"","background-image":"","background-repeat":"repeat","background-position":"center center","background-size":"auto","background-attachment":"scroll","background-type":"","background-media":"","overlay-type":"","overlay-color":"","overlay-opacity":"","overlay-gradient":""},"mobile":{"background-color":"","background-image":"","background-repeat":"repeat","background-position":"center center","background-size":"auto","background-attachment":"scroll","background-type":"","background-media":"","overlay-type":"","overlay-color":"","overlay-opacity":"","overlay-gradient":""}},"ast-content-background-meta":{"desktop":{"background-color":"var(--ast-global-color-5)","background-image":"","background-repeat":"repeat","background-position":"center center","background-size":"auto","background-attachment":"scroll","background-type":"","background-media":"","overlay-type":"","overlay-color":"","overlay-opacity":"","overlay-gradient":""},"tablet":{"background-color":"var(--ast-global-color-5)","background-image":"","background-repeat":"repeat","background-position":"center center","background-size":"auto","background-attachment":"scroll","background-type":"","background-media":"","overlay-type":"","overlay-color":"","overlay-opacity":"","overlay-gradient":""},"mobile":{"background-color":"var(--ast-global-color-5)","background-image":"","background-repeat":"repeat","background-position":"center center","background-size":"auto","background-attachment":"scroll","background-type":"","background-media":"","overlay-type":"","overlay-color":"","overlay-opacity":"","overlay-gradient":""}}},"product_brand":[],"product_cat":[47,430,40],"product_tag":[674,405,566,906,212,480,251,189,227,324,198,466,362,281],"class_list":{"0":"post-5402","1":"product","2":"type-product","3":"status-publish","4":"has-post-thumbnail","6":"product_cat-classic","7":"product_cat-men","8":"product_cat-mens-shoes","9":"product_tag-bulk-shoes","10":"product_tag-business-shoes","11":"product_tag-calfskin-shoes","12":"product_tag-camel-brown-shoes","13":"product_tag-derby-shoes","14":"product_tag-elegant-shoes","15":"product_tag-formal-shoes","16":"product_tag-goat-leather-lining","17":"product_tag-leather-shoes","18":"product_tag-mens-dress-shoes","19":"product_tag-mens-fashion","20":"product_tag-microlight-sole","21":"product_tag-premium-footwear","22":"product_tag-wholesale-shoes","23":"desktop-align-center","24":"tablet-align-center","25":"mobile-align-center","27":"first","28":"instock","29":"shipping-taxable","30":"purchasable","31":"product-type-variable","32":"has-default-attributes"},"acf":[],"uagb_featured_image_src":{"full":["https:\/\/turkishtrade.co\/wp-content\/uploads\/2026\/01\/2400EJOMN00421CAMEL-X_7201.png",453,250,false],"thumbnail":["https:\/\/turkishtrade.co\/wp-content\/uploads\/2026\/01\/2400EJOMN00421CAMEL-X_7201-150x150.png",150,150,true],"medium":["https:\/\/turkishtrade.co\/wp-content\/uploads\/2026\/01\/2400EJOMN00421CAMEL-X_7201-300x166.png",300,166,true],"medium_large":["https:\/\/turkishtrade.co\/wp-content\/uploads\/2026\/01\/2400EJOMN00421CAMEL-X_7201.png",453,250,false],"large":["https:\/\/turkishtrade.co\/wp-content\/uploads\/2026\/01\/2400EJOMN00421CAMEL-X_7201.png",453,250,false],"1536x1536":["https:\/\/turkishtrade.co\/wp-content\/uploads\/2026\/01\/2400EJOMN00421CAMEL-X_7201.png",453,250,false],"2048x2048":["https:\/\/turkishtrade.co\/wp-content\/uploads\/2026\/01\/2400EJOMN00421CAMEL-X_7201.png",453,250,false],"trp-custom-language-flag":["https:\/\/turkishtrade.co\/wp-content\/uploads\/2026\/01\/2400EJOMN00421CAMEL-X_7201-18x10.png",18,10,true],"woocommerce_thumbnail":["https:\/\/turkishtrade.co\/wp-content\/uploads\/2026\/01\/2400EJOMN00421CAMEL-X_7201-400x250.png",400,250,true],"woocommerce_single":["https:\/\/turkishtrade.co\/wp-content\/uploads\/2026\/01\/2400EJOMN00421CAMEL-X_7201.png",453,250,false],"woocommerce_gallery_thumbnail":["https:\/\/turkishtrade.co\/wp-content\/uploads\/2026\/01\/2400EJOMN00421CAMEL-X_7201-100x100.png",100,100,true]},"uagb_author_info":{"display_name":"yaser olabi","author_link":"https:\/\/turkishtrade.co\/fr\/author\/"},"uagb_comment_info":0,"uagb_excerpt":"Premium Material: Expertly crafted with a genuine calfskin leather exterior and a soft, breathable goat leather interior for superior comfort. Advanced Microlight Sole: Features an innovative Microlight sole, providing exceptional lightness, flexibility, and durability for all-day wear. Subtle Heel: Designed with an elegant 1-3 cm heel height for a refined profile. Extensive Size Range: Available\u2026","_links":{"self":[{"href":"https:\/\/turkishtrade.co\/fr\/wp-json\/wp\/v2\/product\/5402","targetHints":{"allow":["GET"]}}],"collection":[{"href":"https:\/\/turkishtrade.co\/fr\/wp-json\/wp\/v2\/product"}],"about":[{"href":"https:\/\/turkishtrade.co\/fr\/wp-json\/wp\/v2\/types\/product"}],"wp:featuredmedia":[{"embeddable":true,"href":"https:\/\/turkishtrade.co\/fr\/wp-json\/wp\/v2\/media\/3634"}],"wp:attachment":[{"href":"https:\/\/turkishtrade.co\/fr\/wp-json\/wp\/v2\/media?parent=5402"}],"wp:term":[{"taxonomy":"product_brand","embeddable":true,"href":"https:\/\/turkishtrade.co\/fr\/wp-json\/wp\/v2\/product_brand?post=5402"},{"taxonomy":"product_cat","embeddable":true,"href":"https:\/\/turkishtrade.co\/fr\/wp-json\/wp\/v2\/product_cat?post=5402"},{"taxonomy":"product_tag","embeddable":true,"href":"https:\/\/turkishtrade.co\/fr\/wp-json\/wp\/v2\/product_tag?post=5402"}],"curies":[{"name":"wp","href":"https:\/\/api.w.org\/{rel}","templated":true}]}}