{"id":5390,"date":"2026-01-14T11:51:36","date_gmt":"2026-01-14T11:51:36","guid":{"rendered":"https:\/\/turkishtrade.co\/product\/mens-leather-wingtip-brogues\/"},"modified":"2026-04-09T19:35:36","modified_gmt":"2026-04-09T19:35:36","slug":"mens-leather-wingtip-brogues","status":"publish","type":"product","link":"https:\/\/turkishtrade.co\/fr\/shop\/mens-leather-wingtip-brogues\/","title":{"rendered":"Brogues Wingtip en cuir pour hommes, fabriqu\u00e9es \u00e0 la main"},"content":{"rendered":"<p><strong>Brogues Wingtip en cuir pour hommes<\/strong><\/p>\n<p>D\u00e9couvrez l'incarnation du style classique et de l'artisanat raffin\u00e9 avec nos produits de qualit\u00e9 sup\u00e9rieure. <b>chaussures \u00e0 bouts pointus en cuir pour hommes<\/b>. Con\u00e7ues pour le gentleman exigeant, ces chaussures exquises allient une esth\u00e9tique intemporelle \u00e0 un confort moderne, ce qui en fait un compl\u00e9ment indispensable \u00e0 toute garde-robe sophistiqu\u00e9e.<\/p>\n<h3>Une qualit\u00e9 et un savoir-faire in\u00e9gal\u00e9s<\/h3>\n<p>Chaque paire de ces \u00e9l\u00e9gants <b>chaussures \u00e0 bouts pointus en cuir pour hommes<\/b> est m\u00e9ticuleusement fabriqu\u00e9 \u00e0 la main \u00e0 partir du cuir de veau le plus fin pour l'ext\u00e9rieur, offrant un toucher luxueux et une durabilit\u00e9 exceptionnelle qui ne fait que s'am\u00e9liorer avec l'\u00e2ge. L'int\u00e9rieur est doubl\u00e9 de cuir de ch\u00e8vre souple, garantissant un confort et une respirabilit\u00e9 in\u00e9gal\u00e9s tout au long de la journ\u00e9e. En dessous, une semelle Microlight de pointe offre une flexibilit\u00e9 l\u00e9g\u00e8re et une excellente traction, compl\u00e9t\u00e9e par un talon subtil de 1 \u00e0 3 cm pour une posture distingu\u00e9e.<\/p>\n<h3>Design intemporel, confort moderne<\/h3>\n<p>Le design embl\u00e9matique de la chaussure \u00e0 bout papillon pr\u00e9sente des perforations complexes et des coutures d\u00e9coratives, mettant en valeur l'h\u00e9ritage de l'art de la cordonnerie. Disponibles en noir classique et en marron riche, ces chaussures polyvalentes se distinguent par leurs perforations et leurs coutures d\u00e9coratives. <b>chaussures \u00e0 bouts pointus en cuir pour hommes<\/b> sont parfaites pour une multitude d'occasions. Que vous vous rendiez \u00e0 une r\u00e9union d'affaires importante, \u00e0 un \u00e9v\u00e9nement formel ou que vous souhaitiez simplement rehausser votre tenue d\u00e9contract\u00e9e de tous les jours, ces chaussures vous permettront de sortir en toute confiance et avec style.<\/p>\n<h3>Une coupe parfaite pour chaque gentleman<\/h3>\n<p>Nous comprenons l'importance d'un ajustement parfait. C'est pourquoi notre <b>chaussures \u00e0 bouts pointus en cuir pour hommes<\/b> sont disponibles dans une large gamme de pointures europ\u00e9ennes allant du 39 au 45. L'association de cuirs de qualit\u00e9 sup\u00e9rieure et d'une semelle soigneusement con\u00e7ue permet \u00e0 ces chaussures non seulement d'avoir un aspect fantastique, mais aussi d'offrir un confort durable, en s'adaptant \u00e0 vos pieds \u00e0 chaque utilisation. Faites l'exp\u00e9rience de chaussures qui s'adaptent v\u00e9ritablement \u00e0 votre corps et vous soutiennent tout au long de votre journ\u00e9e.<\/p>\n<h3>Opportunit\u00e9 de vente en gros de chaussures haut de gamme<\/h3>\n<p>Id\u00e9ales pour les d\u00e9taillants, les entreprises du secteur de la mode et les commandes \u00e0 grande \u00e9chelle, ces \u00e9tiquettes de haute qualit\u00e9 sont con\u00e7ues pour \u00eatre utilis\u00e9es dans le cadre d'un programme de formation. <b>chaussures \u00e0 bouts pointus en cuir pour hommes<\/b> sont disponibles \u00e0 partir d'une quantit\u00e9 minimale de 8 paires. Nous sommes fiers de notre service efficace, avec un d\u00e9lai de livraison d'environ 12 jours plus les frais d'exp\u00e9dition. Faites \u00e9quipe avec nous pour offrir \u00e0 vos clients des chaussures exceptionnelles qui r\u00e9sistent \u00e0 l'\u00e9preuve du temps et des tendances. Nos prix comp\u00e9titifs garantissent un excellent rapport qualit\u00e9-prix pour un travail de qualit\u00e9 sup\u00e9rieure, ce qui fait de ces chaussures un produit de choix. <b>chaussures \u00e0 bouts pointus en cuir pour hommes<\/b> un investissement intelligent pour votre stock.<\/p>\n<p>Investissez dans une paire de <b>chaussures \u00e0 bouts pointus en cuir pour hommes<\/b> qui transcende les tendances saisonni\u00e8res. D\u00e9couvrez le m\u00e9lange de tradition et d'innovation, de confort et d'\u00e9l\u00e9gance, le tout dans une seule et m\u00eame chaussure. Am\u00e9liorez votre collection avec ces chaussures de c\u00e9r\u00e9monie essentielles d\u00e8s aujourd'hui.<\/p>","protected":false},"excerpt":{"rendered":"<ul>\n<li>Ext\u00e9rieur en cuir de veau de premi\u00e8re qualit\u00e9<\/li>\n<li>Doublure int\u00e9rieure en cuir de ch\u00e8vre souple<\/li>\n<li>Semelle Microlight durable avec talon de 1 \u00e0 3 cm<\/li>\n<li>\u00c9l\u00e9gant style Wingtip Brogue<\/li>\n<li>Disponible en tailles europ\u00e9ennes 39-45<\/li>\n<li>Commande minimum : 8 paires (id\u00e9al pour les achats en gros)<\/li>\n<\/ul>","protected":false},"featured_media":3628,"template":"","meta":{"_acf_changed":false,"_uag_custom_page_level_css":"","site-sidebar-layout":"default","site-content-layout":"","ast-site-content-layout":"default","site-content-style":"default","site-sidebar-style":"default","ast-global-header-display":"","ast-banner-title-visibility":"","ast-main-header-display":"","ast-hfb-above-header-display":"","ast-hfb-below-header-display":"","ast-hfb-mobile-header-display":"","site-post-title":"","ast-breadcrumbs-content":"","ast-featured-img":"","footer-sml-layout":"","ast-disable-related-posts":"","theme-transparent-header-meta":"default","adv-header-id-meta":"","stick-header-meta":"","header-above-stick-meta":"","header-main-stick-meta":"","header-below-stick-meta":"","astra-migrate-meta-layouts":"set","ast-page-background-enabled":"default","ast-page-background-meta":{"desktop":{"background-color":"var(--ast-global-color-4)","background-image":"","background-repeat":"repeat","background-position":"center center","background-size":"auto","background-attachment":"scroll","background-type":"","background-media":"","overlay-type":"","overlay-color":"","overlay-opacity":"","overlay-gradient":""},"tablet":{"background-color":"","background-image":"","background-repeat":"repeat","background-position":"center center","background-size":"auto","background-attachment":"scroll","background-type":"","background-media":"","overlay-type":"","overlay-color":"","overlay-opacity":"","overlay-gradient":""},"mobile":{"background-color":"","background-image":"","background-repeat":"repeat","background-position":"center center","background-size":"auto","background-attachment":"scroll","background-type":"","background-media":"","overlay-type":"","overlay-color":"","overlay-opacity":"","overlay-gradient":""}},"ast-content-background-meta":{"desktop":{"background-color":"var(--ast-global-color-5)","background-image":"","background-repeat":"repeat","background-position":"center center","background-size":"auto","background-attachment":"scroll","background-type":"","background-media":"","overlay-type":"","overlay-color":"","overlay-opacity":"","overlay-gradient":""},"tablet":{"background-color":"var(--ast-global-color-5)","background-image":"","background-repeat":"repeat","background-position":"center center","background-size":"auto","background-attachment":"scroll","background-type":"","background-media":"","overlay-type":"","overlay-color":"","overlay-opacity":"","overlay-gradient":""},"mobile":{"background-color":"var(--ast-global-color-5)","background-image":"","background-repeat":"repeat","background-position":"center center","background-size":"auto","background-attachment":"scroll","background-type":"","background-media":"","overlay-type":"","overlay-color":"","overlay-opacity":"","overlay-gradient":""}}},"product_brand":[],"product_cat":[47,430,40],"product_tag":[897,898,629,405,185,896,609,756,251,189,450,895,324,894,466,281,702],"class_list":{"0":"post-5390","1":"product","2":"type-product","3":"status-publish","4":"has-post-thumbnail","6":"product_cat-classic","7":"product_cat-men","8":"product_cat-mens-shoes","9":"product_tag-black-brogues","10":"product_tag-brown-brogues","11":"product_tag-bulk-order-shoes","12":"product_tag-business-shoes","13":"product_tag-calf-leather-shoes","14":"product_tag-classic-brogues","15":"product_tag-elegant-mens-shoes","16":"product_tag-european-sizes","17":"product_tag-formal-shoes","18":"product_tag-goat-leather-lining","19":"product_tag-handcrafted-shoes","20":"product_tag-leather-brogues","21":"product_tag-mens-dress-shoes","22":"product_tag-mens-leather-wingtip-brogues","23":"product_tag-microlight-sole","24":"product_tag-wholesale-shoes","25":"product_tag-wingtip-shoes","26":"desktop-align-center","27":"tablet-align-center","28":"mobile-align-center","30":"first","31":"instock","32":"shipping-taxable","33":"purchasable","34":"product-type-variable","35":"has-default-attributes"},"acf":[],"uagb_featured_image_src":{"full":["https:\/\/turkishtrade.co\/wp-content\/uploads\/2026\/01\/2400EJOMN00194-DARK-BROWN-KOD-YOK-4.png",453,250,false],"thumbnail":["https:\/\/turkishtrade.co\/wp-content\/uploads\/2026\/01\/2400EJOMN00194-DARK-BROWN-KOD-YOK-4-150x150.png",150,150,true],"medium":["https:\/\/turkishtrade.co\/wp-content\/uploads\/2026\/01\/2400EJOMN00194-DARK-BROWN-KOD-YOK-4-300x166.png",300,166,true],"medium_large":["https:\/\/turkishtrade.co\/wp-content\/uploads\/2026\/01\/2400EJOMN00194-DARK-BROWN-KOD-YOK-4.png",453,250,false],"large":["https:\/\/turkishtrade.co\/wp-content\/uploads\/2026\/01\/2400EJOMN00194-DARK-BROWN-KOD-YOK-4.png",453,250,false],"1536x1536":["https:\/\/turkishtrade.co\/wp-content\/uploads\/2026\/01\/2400EJOMN00194-DARK-BROWN-KOD-YOK-4.png",453,250,false],"2048x2048":["https:\/\/turkishtrade.co\/wp-content\/uploads\/2026\/01\/2400EJOMN00194-DARK-BROWN-KOD-YOK-4.png",453,250,false],"trp-custom-language-flag":["https:\/\/turkishtrade.co\/wp-content\/uploads\/2026\/01\/2400EJOMN00194-DARK-BROWN-KOD-YOK-4-18x10.png",18,10,true],"woocommerce_thumbnail":["https:\/\/turkishtrade.co\/wp-content\/uploads\/2026\/01\/2400EJOMN00194-DARK-BROWN-KOD-YOK-4-400x250.png",400,250,true],"woocommerce_single":["https:\/\/turkishtrade.co\/wp-content\/uploads\/2026\/01\/2400EJOMN00194-DARK-BROWN-KOD-YOK-4.png",453,250,false],"woocommerce_gallery_thumbnail":["https:\/\/turkishtrade.co\/wp-content\/uploads\/2026\/01\/2400EJOMN00194-DARK-BROWN-KOD-YOK-4-100x100.png",100,100,true]},"uagb_author_info":{"display_name":"yaser olabi","author_link":"https:\/\/turkishtrade.co\/fr\/author\/"},"uagb_comment_info":0,"uagb_excerpt":"Premium Calf Leather Exterior Soft Goat Leather Interior Lining Durable Microlight Sole with 1-3cm Heel Elegant Wingtip Brogue Design Available in European Sizes 39-45 Minimum Order: 8 Pairs (Ideal for wholesale &amp; bulk purchases)","_links":{"self":[{"href":"https:\/\/turkishtrade.co\/fr\/wp-json\/wp\/v2\/product\/5390","targetHints":{"allow":["GET"]}}],"collection":[{"href":"https:\/\/turkishtrade.co\/fr\/wp-json\/wp\/v2\/product"}],"about":[{"href":"https:\/\/turkishtrade.co\/fr\/wp-json\/wp\/v2\/types\/product"}],"wp:featuredmedia":[{"embeddable":true,"href":"https:\/\/turkishtrade.co\/fr\/wp-json\/wp\/v2\/media\/3628"}],"wp:attachment":[{"href":"https:\/\/turkishtrade.co\/fr\/wp-json\/wp\/v2\/media?parent=5390"}],"wp:term":[{"taxonomy":"product_brand","embeddable":true,"href":"https:\/\/turkishtrade.co\/fr\/wp-json\/wp\/v2\/product_brand?post=5390"},{"taxonomy":"product_cat","embeddable":true,"href":"https:\/\/turkishtrade.co\/fr\/wp-json\/wp\/v2\/product_cat?post=5390"},{"taxonomy":"product_tag","embeddable":true,"href":"https:\/\/turkishtrade.co\/fr\/wp-json\/wp\/v2\/product_tag?post=5390"}],"curies":[{"name":"wp","href":"https:\/\/api.w.org\/{rel}","templated":true}]}}