{"id":5380,"date":"2026-01-14T11:50:11","date_gmt":"2026-01-14T11:50:11","guid":{"rendered":"https:\/\/turkishtrade.co\/product\/black-croc-leather-derby-shoes\/"},"modified":"2026-04-09T19:35:53","modified_gmt":"2026-04-09T19:35:53","slug":"black-croc-leather-derby-shoes","status":"publish","type":"product","link":"https:\/\/turkishtrade.co\/fr\/shop\/black-croc-leather-derby-shoes\/","title":{"rendered":"Chaussures derby en cuir croco noir pour hommes sophistiqu\u00e9s"},"content":{"rendered":"<p><strong>Chaussures derby en cuir croco noir<\/strong><\/p>\n<p>Entrez dans une sophistication in\u00e9gal\u00e9e gr\u00e2ce \u00e0 nos magnifiques <strong>Chaussures derby en cuir croco noir<\/strong>, Ces chaussures de ville luxueuses sont plus que de simples chaussures : elles sont l'expression d'un go\u00fbt raffin\u00e9 et d'un savoir-faire impeccable. Ces luxueuses chaussures de ville sont plus que de simples chaussures ; elles sont l'expression d'un go\u00fbt raffin\u00e9 et d'un savoir-faire impeccable. Fabriqu\u00e9e \u00e0 la main \u00e0 partir de mat\u00e9riaux de premi\u00e8re qualit\u00e9, chaque paire de ces chaussures de ville de luxe est une d\u00e9claration de go\u00fbt raffin\u00e9 et de savoir-faire impeccable. <strong>Chaussures derby en cuir croco noir<\/strong> promet \u00e0 la fois un style durable et un confort exceptionnel.<\/p>\n<h3>Un savoir-faire in\u00e9gal\u00e9 et des mat\u00e9riaux de premi\u00e8re qualit\u00e9<\/h3>\n<p>L'ext\u00e9rieur de ces chaussures derby distingu\u00e9es est fabriqu\u00e9 en cuir de veau de haute qualit\u00e9, avec une finition textur\u00e9e au crocodile sur le bout et les panneaux lat\u00e9raux. Ce d\u00e9tail unique offre un contraste sophistiqu\u00e9 avec l'empeigne centrale lisse et polie. <strong>Chaussures derby en cuir croco noir<\/strong> se d\u00e9marquer dans n'importe quelle foule. La riche teinte noire ajoute \u00e0 leur polyvalence, ce qui les rend parfaits pour un large \u00e9ventail d'occasions formelles et semi-formelles.<\/p>\n<p>\u00c0 l'int\u00e9rieur, vos pieds seront envelopp\u00e9s dans la douceur souple d'une doublure en cuir de ch\u00e8vre v\u00e9ritable. Cet int\u00e9rieur de qualit\u00e9 sup\u00e9rieure offre non seulement une respirabilit\u00e9 et un confort sup\u00e9rieurs, mais il s'adapte \u00e9galement aux contours de votre pied au fil du temps, offrant ainsi un ajustement sur mesure. Les coutures m\u00e9ticuleuses et l'attention port\u00e9e aux d\u00e9tails de chaque paire de nos <strong>Chaussures derby en cuir croco noir<\/strong> refl\u00e8tent un engagement en faveur de l'excellence.<\/p>\n<h3>Con\u00e7u pour le confort et le style<\/h3>\n<p>Marchez sans effort gr\u00e2ce \u00e0 la semelle innovante Microlight. Cette technologie de pointe garantit une l\u00e9g\u00e8ret\u00e9 et une flexibilit\u00e9 remarquables, r\u00e9duisant la fatigue m\u00eame apr\u00e8s de longues heures de port. Le profil \u00e9l\u00e9gant est compl\u00e9t\u00e9 par un talon subtil de 1 \u00e0 3 cm, offrant juste ce qu'il faut d'\u00e9l\u00e9vation pour une foul\u00e9e assur\u00e9e sans compromis sur le confort. Nos <strong>Chaussures derby en cuir croco noir<\/strong> sont disponibles dans une gamme compl\u00e8te de tailles allant du 39 au 45, garantissant ainsi un ajustement parfait pour les clients exigeants.<\/p>\n<h3>Le choix parfait pour toutes les occasions<\/h3>\n<p>Que vous assistiez \u00e0 une r\u00e9union d'affaires cruciale, \u00e0 un mariage sophistiqu\u00e9 ou \u00e0 une soir\u00e9e \u00e9l\u00e9gante, ces <strong>Chaussures derby en cuir croco noir<\/strong> sont votre compagnon id\u00e9al. Leur silhouette derby classique, associ\u00e9e \u00e0 la texture contemporaine du croc, offre une esth\u00e9tique polyvalente qui s'associe parfaitement aux costumes sur mesure, aux pantalons ajust\u00e9s ou m\u00eame aux ensembles d\u00e9contract\u00e9s \u00e9l\u00e9gants. Investissez dans une paire de nos <strong>Chaussures derby en cuir croco noir<\/strong> et rehaussent l'ensemble de votre garde-robe gr\u00e2ce \u00e0 leur attrait intemporel.<\/p>\n<h3>Possibilit\u00e9s de vente en gros<\/h3>\n<p>Pour les d\u00e9taillants et les entreprises qui souhaitent proposer des chaussures haut de gamme, ces chaussures exceptionnelles sont un excellent moyen d'am\u00e9liorer la qualit\u00e9 de vie de leurs clients. <strong>Chaussures derby en cuir croco noir<\/strong> sont disponibles \u00e0 partir d'une quantit\u00e9 minimale de 8 paires. Nous sommes fiers de notre service efficace, avec un d\u00e9lai de livraison de 12 jours plus les frais d'exp\u00e9dition, ce qui vous permet d'approvisionner votre stock rapidement. Offrez \u00e0 votre client\u00e8le le luxe et la qualit\u00e9 de ces chaussures exceptionnelles. <strong>Chaussures derby en cuir croco noir<\/strong>.<\/p>","protected":false},"excerpt":{"rendered":"<ul>\n<li>Dessus en cuir de veau exquis textur\u00e9 au crocodile noir<\/li>\n<li>Doublure en cuir de ch\u00e8vre luxueux pour un confort supr\u00eame<\/li>\n<li>Semelle l\u00e9g\u00e8re pour une marche sans effort<\/li>\n<li>Talon sophistiqu\u00e9 de 1 \u00e0 3 cm pour une \u00e9l\u00e9vation subtile<\/li>\n<li>Disponible en tailles : 39, 40, 41, 42, 43, 44, 45<\/li>\n<li>Quantit\u00e9 minimale de commande : 8 paires (id\u00e9al pour la vente en gros)<\/li>\n<li>D\u00e9lai de livraison : 12 jours + exp\u00e9dition<\/li>\n<\/ul>","protected":false},"featured_media":3622,"template":"","meta":{"_acf_changed":false,"_uag_custom_page_level_css":"","site-sidebar-layout":"default","site-content-layout":"","ast-site-content-layout":"default","site-content-style":"default","site-sidebar-style":"default","ast-global-header-display":"","ast-banner-title-visibility":"","ast-main-header-display":"","ast-hfb-above-header-display":"","ast-hfb-below-header-display":"","ast-hfb-mobile-header-display":"","site-post-title":"","ast-breadcrumbs-content":"","ast-featured-img":"","footer-sml-layout":"","ast-disable-related-posts":"","theme-transparent-header-meta":"default","adv-header-id-meta":"","stick-header-meta":"","header-above-stick-meta":"","header-main-stick-meta":"","header-below-stick-meta":"","astra-migrate-meta-layouts":"set","ast-page-background-enabled":"default","ast-page-background-meta":{"desktop":{"background-color":"var(--ast-global-color-4)","background-image":"","background-repeat":"repeat","background-position":"center center","background-size":"auto","background-attachment":"scroll","background-type":"","background-media":"","overlay-type":"","overlay-color":"","overlay-opacity":"","overlay-gradient":""},"tablet":{"background-color":"","background-image":"","background-repeat":"repeat","background-position":"center center","background-size":"auto","background-attachment":"scroll","background-type":"","background-media":"","overlay-type":"","overlay-color":"","overlay-opacity":"","overlay-gradient":""},"mobile":{"background-color":"","background-image":"","background-repeat":"repeat","background-position":"center center","background-size":"auto","background-attachment":"scroll","background-type":"","background-media":"","overlay-type":"","overlay-color":"","overlay-opacity":"","overlay-gradient":""}},"ast-content-background-meta":{"desktop":{"background-color":"var(--ast-global-color-5)","background-image":"","background-repeat":"repeat","background-position":"center center","background-size":"auto","background-attachment":"scroll","background-type":"","background-media":"","overlay-type":"","overlay-color":"","overlay-opacity":"","overlay-gradient":""},"tablet":{"background-color":"var(--ast-global-color-5)","background-image":"","background-repeat":"repeat","background-position":"center center","background-size":"auto","background-attachment":"scroll","background-type":"","background-media":"","overlay-type":"","overlay-color":"","overlay-opacity":"","overlay-gradient":""},"mobile":{"background-color":"var(--ast-global-color-5)","background-image":"","background-repeat":"repeat","background-position":"center center","background-size":"auto","background-attachment":"scroll","background-type":"","background-media":"","overlay-type":"","overlay-color":"","overlay-opacity":"","overlay-gradient":""}}},"product_brand":[],"product_cat":[47,430,40],"product_tag":[886,185,887,212,480,251,189,351,324,466,281],"class_list":{"0":"post-5380","1":"product","2":"type-product","3":"status-publish","4":"has-post-thumbnail","6":"product_cat-classic","7":"product_cat-men","8":"product_cat-mens-shoes","9":"product_tag-black-croc-leather-derby-shoes","10":"product_tag-calf-leather-shoes","11":"product_tag-crocodile-texture-shoes","12":"product_tag-derby-shoes","13":"product_tag-elegant-shoes","14":"product_tag-formal-shoes","15":"product_tag-goat-leather-lining","16":"product_tag-leather-footwear","17":"product_tag-mens-dress-shoes","18":"product_tag-microlight-sole","19":"product_tag-wholesale-shoes","20":"desktop-align-center","21":"tablet-align-center","22":"mobile-align-center","24":"first","25":"instock","26":"shipping-taxable","27":"purchasable","28":"product-type-variable","29":"has-default-attributes"},"acf":[],"uagb_featured_image_src":{"full":["https:\/\/turkishtrade.co\/wp-content\/uploads\/2026\/01\/2400EJOMN00182-BLACK-X_12571.png",453,250,false],"thumbnail":["https:\/\/turkishtrade.co\/wp-content\/uploads\/2026\/01\/2400EJOMN00182-BLACK-X_12571-150x150.png",150,150,true],"medium":["https:\/\/turkishtrade.co\/wp-content\/uploads\/2026\/01\/2400EJOMN00182-BLACK-X_12571-300x166.png",300,166,true],"medium_large":["https:\/\/turkishtrade.co\/wp-content\/uploads\/2026\/01\/2400EJOMN00182-BLACK-X_12571.png",453,250,false],"large":["https:\/\/turkishtrade.co\/wp-content\/uploads\/2026\/01\/2400EJOMN00182-BLACK-X_12571.png",453,250,false],"1536x1536":["https:\/\/turkishtrade.co\/wp-content\/uploads\/2026\/01\/2400EJOMN00182-BLACK-X_12571.png",453,250,false],"2048x2048":["https:\/\/turkishtrade.co\/wp-content\/uploads\/2026\/01\/2400EJOMN00182-BLACK-X_12571.png",453,250,false],"trp-custom-language-flag":["https:\/\/turkishtrade.co\/wp-content\/uploads\/2026\/01\/2400EJOMN00182-BLACK-X_12571-18x10.png",18,10,true],"woocommerce_thumbnail":["https:\/\/turkishtrade.co\/wp-content\/uploads\/2026\/01\/2400EJOMN00182-BLACK-X_12571-400x250.png",400,250,true],"woocommerce_single":["https:\/\/turkishtrade.co\/wp-content\/uploads\/2026\/01\/2400EJOMN00182-BLACK-X_12571.png",453,250,false],"woocommerce_gallery_thumbnail":["https:\/\/turkishtrade.co\/wp-content\/uploads\/2026\/01\/2400EJOMN00182-BLACK-X_12571-100x100.png",100,100,true]},"uagb_author_info":{"display_name":"yaser olabi","author_link":"https:\/\/turkishtrade.co\/fr\/author\/"},"uagb_comment_info":0,"uagb_excerpt":"Exquisite Black Croc-Textured Calf Leather Upper Luxurious Goat Leather Lining for Supreme Comfort Lightweight Microlight Sole for Effortless Walking Sophisticated 1-3cm Heel for Subtle Elevation Available in Sizes: 39, 40, 41, 42, 43, 44, 45 Minimum Order Quantity: 8 Pairs (Ideal for wholesale) Delivery Time: 12 Days + Shipping","_links":{"self":[{"href":"https:\/\/turkishtrade.co\/fr\/wp-json\/wp\/v2\/product\/5380","targetHints":{"allow":["GET"]}}],"collection":[{"href":"https:\/\/turkishtrade.co\/fr\/wp-json\/wp\/v2\/product"}],"about":[{"href":"https:\/\/turkishtrade.co\/fr\/wp-json\/wp\/v2\/types\/product"}],"wp:featuredmedia":[{"embeddable":true,"href":"https:\/\/turkishtrade.co\/fr\/wp-json\/wp\/v2\/media\/3622"}],"wp:attachment":[{"href":"https:\/\/turkishtrade.co\/fr\/wp-json\/wp\/v2\/media?parent=5380"}],"wp:term":[{"taxonomy":"product_brand","embeddable":true,"href":"https:\/\/turkishtrade.co\/fr\/wp-json\/wp\/v2\/product_brand?post=5380"},{"taxonomy":"product_cat","embeddable":true,"href":"https:\/\/turkishtrade.co\/fr\/wp-json\/wp\/v2\/product_cat?post=5380"},{"taxonomy":"product_tag","embeddable":true,"href":"https:\/\/turkishtrade.co\/fr\/wp-json\/wp\/v2\/product_tag?post=5380"}],"curies":[{"name":"wp","href":"https:\/\/api.w.org\/{rel}","templated":true}]}}