{"id":5377,"date":"2026-01-14T11:49:53","date_gmt":"2026-01-14T11:49:53","guid":{"rendered":"https:\/\/turkishtrade.co\/product\/men-calf-leather-derby-shoes-2\/"},"modified":"2026-04-09T19:35:58","modified_gmt":"2026-04-09T19:35:58","slug":"mens-calf-leather-derby-shoes-formal","status":"publish","type":"product","link":"https:\/\/turkishtrade.co\/fr\/shop\/mens-calf-leather-derby-shoes-formal\/","title":{"rendered":"El\u00e9gantes chaussures derby en cuir de veau bruni pour hommes"},"content":{"rendered":"<p><strong>Chaussures derby en cuir de veau pour hommes<\/strong><\/p>\n<p>D\u00e9couvrez l'incarnation du style classique et de l'artisanat sophistiqu\u00e9 avec notre <strong>Chaussures derby en cuir de veau pour hommes<\/strong>. Con\u00e7ues pour le gentleman exigeant, ces chaussures allient l'\u00e9l\u00e9gance traditionnelle au confort moderne, ce qui en fait un compl\u00e9ment indispensable \u00e0 toute garde-robe. Chaque paire t\u00e9moigne d'un savoir-faire artistique sup\u00e9rieur, promettant \u00e0 la fois un style impeccable et une durabilit\u00e9 \u00e0 toute \u00e9preuve.<\/p>\n<h3>Qualit\u00e9 in\u00e9gal\u00e9e et savoir-faire distinctif<\/h3>\n<p>Chaque paire de nos exquises <strong>Chaussures derby en cuir de veau pour hommes<\/strong> est m\u00e9ticuleusement fabriqu\u00e9 en cuir de veau de premi\u00e8re qualit\u00e9, r\u00e9put\u00e9 pour sa texture lisse, sa remarquable r\u00e9silience et sa capacit\u00e9 \u00e0 vieillir en beaut\u00e9. La surface ext\u00e9rieure, connue pour sa souplesse, garantit un aspect luxueux qui r\u00e9siste \u00e0 l'\u00e9preuve du temps. Ce qui distingue vraiment ces chaussures, c'est leur finition brunie unique, qui leur conf\u00e8re une profondeur riche et multi-tonale, garantissant ainsi que vos chaussures seront toujours \u00e0 la hauteur de vos attentes. <strong>Chaussures derby en cuir de veau pour hommes<\/strong> Faites une impression m\u00e9morable o\u00f9 que vous alliez. Ces d\u00e9tails complexes soulignent le travail minutieux effectu\u00e9 \u00e0 la main \u00e0 chaque point de couture.<\/p>\n<h3>Confort supr\u00eame et durabilit\u00e9<\/h3>\n<p>Un confort in\u00e9gal\u00e9 gr\u00e2ce \u00e0 un int\u00e9rieur enti\u00e8rement doubl\u00e9 de cuir de ch\u00e8vre souple et respirant. Cette surface int\u00e9rieure luxueuse offre un ajustement semblable \u00e0 celui d'un gant, am\u00e9liorant le confort lors d'un port prolong\u00e9 et permettant \u00e0 vos pieds de respirer. Pour compl\u00e9ter cet int\u00e9rieur haut de gamme, la semelle Microlight, l\u00e9g\u00e8re mais incroyablement robuste, a \u00e9t\u00e9 con\u00e7ue pour offrir une flexibilit\u00e9 optimale, une traction sup\u00e9rieure et un port durable. La hauteur subtile de 1 \u00e0 3 cm du talon ajoute une touche de sophistication sans compromettre le confort. <strong>Chaussures derby en cuir de veau pour hommes<\/strong> Id\u00e9al pour une utilisation quotidienne ou lors d'occasions sp\u00e9ciales o\u00f9 vous devez rester debout pendant de longues p\u00e9riodes.<\/p>\n<h3>Un style polyvalent pour toutes les occasions<\/h3>\n<p>La silhouette Derby classique, combin\u00e9e \u00e0 un \u00e9l\u00e9gant design \u00e0 bouts s\u00e9par\u00e9s, offre une polyvalence remarquable. Parfaites pour les r\u00e9unions d'affaires, les \u00e9v\u00e9nements formels ou pour rehausser votre tenue d\u00e9contract\u00e9e, ces chaussures sont id\u00e9ales pour les r\u00e9unions d'affaires et les \u00e9v\u00e9nements formels. <strong>Chaussures derby en cuir de veau pour hommes<\/strong> de mani\u00e8re transparente dans diff\u00e9rents contextes. Disponibles dans une gamme compl\u00e8te de tailles allant du 39 au 45, nous vous garantissons un ajustement parfait qui d\u00e9gage de la confiance et du style. Vous m\u00e9ritez vraiment de poss\u00e9der ces chaussures exceptionnelles. <strong>Chaussures derby en cuir de veau pour hommes<\/strong> qui rehaussent n'importe quelle tenue.<\/p>\n<h3>Opportunit\u00e9 de vente en gros et livraison efficace<\/h3>\n<p>Pour les d\u00e9taillants et les entreprises \u00e0 la recherche de chaussures de haute qualit\u00e9, nos <strong>Chaussures derby en cuir de veau pour hommes<\/strong> sont disponibles en gros. Nous demandons une quantit\u00e9 minimale de 8 paires, ce qui offre un excellent rapport qualit\u00e9-prix et la possibilit\u00e9 de stocker des chaussures en cuir de premi\u00e8re qualit\u00e9. Votre commande sera trait\u00e9e efficacement et livr\u00e9e dans un d\u00e9lai de 12 jours, plus les frais de port standard, garantissant ainsi un r\u00e9approvisionnement rapide de votre stock des meilleures chaussures en cuir. <strong>Chaussures derby en cuir de veau pour hommes<\/strong> pour votre client\u00e8le exigeante. Investissez dans une pi\u00e8ce intemporelle qui allie luxe, confort et durabilit\u00e9. Choisissez notre <strong>Chaussures derby en cuir de veau pour hommes<\/strong> pour une exp\u00e9rience d'\u00e9l\u00e9gance raffin\u00e9e.<\/p>","protected":false},"excerpt":{"rendered":"<ul>\n<li>Surface ext\u00e9rieure en cuir de veau de premi\u00e8re qualit\u00e9 avec une finition polie raffin\u00e9e<\/li>\n<li>Doublure int\u00e9rieure en cuir de ch\u00e8vre souple pour un confort optimal<\/li>\n<li>Semelle Microlight l\u00e9g\u00e8re et durable pour une excellente adh\u00e9rence et flexibilit\u00e9<\/li>\n<li>Hauteur de talon classique de 1 \u00e0 3 cm pour une \u00e9l\u00e9vation sophistiqu\u00e9e<\/li>\n<li>Disponible dans une large gamme de tailles : 39, 40, 41, 42, 43, 44, 45<\/li>\n<li>Quantit\u00e9 minimale de commande : 8 paires pour les achats en gros<\/li>\n<li>Livraison efficace dans un d\u00e9lai de 12 jours, plus frais de port standard<\/li>\n<\/ul>","protected":false},"featured_media":3621,"template":"","meta":{"_acf_changed":false,"_uag_custom_page_level_css":"","site-sidebar-layout":"default","site-content-layout":"","ast-site-content-layout":"default","site-content-style":"default","site-sidebar-style":"default","ast-global-header-display":"","ast-banner-title-visibility":"","ast-main-header-display":"","ast-hfb-above-header-display":"","ast-hfb-below-header-display":"","ast-hfb-mobile-header-display":"","site-post-title":"","ast-breadcrumbs-content":"","ast-featured-img":"","footer-sml-layout":"","ast-disable-related-posts":"","theme-transparent-header-meta":"default","adv-header-id-meta":"","stick-header-meta":"","header-above-stick-meta":"","header-main-stick-meta":"","header-below-stick-meta":"","astra-migrate-meta-layouts":"set","ast-page-background-enabled":"default","ast-page-background-meta":{"desktop":{"background-color":"var(--ast-global-color-4)","background-image":"","background-repeat":"repeat","background-position":"center center","background-size":"auto","background-attachment":"scroll","background-type":"","background-media":"","overlay-type":"","overlay-color":"","overlay-opacity":"","overlay-gradient":""},"tablet":{"background-color":"","background-image":"","background-repeat":"repeat","background-position":"center center","background-size":"auto","background-attachment":"scroll","background-type":"","background-media":"","overlay-type":"","overlay-color":"","overlay-opacity":"","overlay-gradient":""},"mobile":{"background-color":"","background-image":"","background-repeat":"repeat","background-position":"center center","background-size":"auto","background-attachment":"scroll","background-type":"","background-media":"","overlay-type":"","overlay-color":"","overlay-opacity":"","overlay-gradient":""}},"ast-content-background-meta":{"desktop":{"background-color":"var(--ast-global-color-5)","background-image":"","background-repeat":"repeat","background-position":"center center","background-size":"auto","background-attachment":"scroll","background-type":"","background-media":"","overlay-type":"","overlay-color":"","overlay-opacity":"","overlay-gradient":""},"tablet":{"background-color":"var(--ast-global-color-5)","background-image":"","background-repeat":"repeat","background-position":"center center","background-size":"auto","background-attachment":"scroll","background-type":"","background-media":"","overlay-type":"","overlay-color":"","overlay-opacity":"","overlay-gradient":""},"mobile":{"background-color":"var(--ast-global-color-5)","background-image":"","background-repeat":"repeat","background-position":"center center","background-size":"auto","background-attachment":"scroll","background-type":"","background-media":"","overlay-type":"","overlay-color":"","overlay-opacity":"","overlay-gradient":""}}},"product_brand":[],"product_cat":[47,430,40],"product_tag":[885,405,185,145,212,284,251,189,227,416,198,466,616,281],"class_list":{"0":"post-5377","1":"product","2":"type-product","3":"status-publish","4":"has-post-thumbnail","6":"product_cat-classic","7":"product_cat-men","8":"product_cat-mens-shoes","9":"product_tag-burnished-shoes","10":"product_tag-business-shoes","11":"product_tag-calf-leather-shoes","12":"product_tag-classic-shoes","13":"product_tag-derby-shoes","14":"product_tag-dress-shoes","15":"product_tag-formal-shoes","16":"product_tag-goat-leather-lining","17":"product_tag-leather-shoes","18":"product_tag-luxury-shoes","19":"product_tag-mens-fashion","20":"product_tag-microlight-sole","21":"product_tag-split-toe-shoes","22":"product_tag-wholesale-shoes","23":"desktop-align-center","24":"tablet-align-center","25":"mobile-align-center","27":"first","28":"instock","29":"shipping-taxable","30":"purchasable","31":"product-type-variable","32":"has-default-attributes"},"acf":[],"uagb_featured_image_src":{"full":["https:\/\/turkishtrade.co\/wp-content\/uploads\/2026\/01\/2400EJOMN00179-DARK-BROWN-KDM_7637.png",453,250,false],"thumbnail":["https:\/\/turkishtrade.co\/wp-content\/uploads\/2026\/01\/2400EJOMN00179-DARK-BROWN-KDM_7637.png",150,83,false],"medium":["https:\/\/turkishtrade.co\/wp-content\/uploads\/2026\/01\/2400EJOMN00179-DARK-BROWN-KDM_7637.png",300,166,false],"medium_large":["https:\/\/turkishtrade.co\/wp-content\/uploads\/2026\/01\/2400EJOMN00179-DARK-BROWN-KDM_7637.png",453,250,false],"large":["https:\/\/turkishtrade.co\/wp-content\/uploads\/2026\/01\/2400EJOMN00179-DARK-BROWN-KDM_7637.png",453,250,false],"1536x1536":["https:\/\/turkishtrade.co\/wp-content\/uploads\/2026\/01\/2400EJOMN00179-DARK-BROWN-KDM_7637.png",453,250,false],"2048x2048":["https:\/\/turkishtrade.co\/wp-content\/uploads\/2026\/01\/2400EJOMN00179-DARK-BROWN-KDM_7637.png",453,250,false],"trp-custom-language-flag":["https:\/\/turkishtrade.co\/wp-content\/uploads\/2026\/01\/2400EJOMN00179-DARK-BROWN-KDM_7637.png",18,10,false],"woocommerce_thumbnail":["https:\/\/turkishtrade.co\/wp-content\/uploads\/2026\/01\/2400EJOMN00179-DARK-BROWN-KDM_7637-400x250.png",400,250,true],"woocommerce_single":["https:\/\/turkishtrade.co\/wp-content\/uploads\/2026\/01\/2400EJOMN00179-DARK-BROWN-KDM_7637.png",453,250,false],"woocommerce_gallery_thumbnail":["https:\/\/turkishtrade.co\/wp-content\/uploads\/2026\/01\/2400EJOMN00179-DARK-BROWN-KDM_7637-100x100.png",100,100,true]},"uagb_author_info":{"display_name":"yaser olabi","author_link":"https:\/\/turkishtrade.co\/fr\/author\/"},"uagb_comment_info":0,"uagb_excerpt":"Premium calf leather outer surface with a refined burnished finish Soft goat leather inner lining for ultimate comfort Lightweight and durable Microlight sole for excellent grip and flexibility Classic 1-3 cm heel height for sophisticated elevation Available in a wide range of sizes: 39, 40, 41, 42, 43, 44, 45 Minimum order quantity: 8 pairs\u2026","_links":{"self":[{"href":"https:\/\/turkishtrade.co\/fr\/wp-json\/wp\/v2\/product\/5377","targetHints":{"allow":["GET"]}}],"collection":[{"href":"https:\/\/turkishtrade.co\/fr\/wp-json\/wp\/v2\/product"}],"about":[{"href":"https:\/\/turkishtrade.co\/fr\/wp-json\/wp\/v2\/types\/product"}],"wp:featuredmedia":[{"embeddable":true,"href":"https:\/\/turkishtrade.co\/fr\/wp-json\/wp\/v2\/media\/3621"}],"wp:attachment":[{"href":"https:\/\/turkishtrade.co\/fr\/wp-json\/wp\/v2\/media?parent=5377"}],"wp:term":[{"taxonomy":"product_brand","embeddable":true,"href":"https:\/\/turkishtrade.co\/fr\/wp-json\/wp\/v2\/product_brand?post=5377"},{"taxonomy":"product_cat","embeddable":true,"href":"https:\/\/turkishtrade.co\/fr\/wp-json\/wp\/v2\/product_cat?post=5377"},{"taxonomy":"product_tag","embeddable":true,"href":"https:\/\/turkishtrade.co\/fr\/wp-json\/wp\/v2\/product_tag?post=5377"}],"curies":[{"name":"wp","href":"https:\/\/api.w.org\/{rel}","templated":true}]}}