{"id":5374,"date":"2026-01-14T11:49:36","date_gmt":"2026-01-14T11:49:36","guid":{"rendered":"https:\/\/turkishtrade.co\/product\/mens-crocodile-embossed-loafers\/"},"modified":"2026-04-09T19:36:04","modified_gmt":"2026-04-09T19:36:04","slug":"mens-crocodile-embossed-loafers","status":"publish","type":"product","link":"https:\/\/turkishtrade.co\/fr\/shop\/mens-crocodile-embossed-loafers\/","title":{"rendered":"Mocassins \u00e0 boucle en cuir gaufr\u00e9 crocodile pour hommes"},"content":{"rendered":"<p><strong>Mocassins gaufr\u00e9s en crocodile pour hommes<\/strong><\/p>\n<p>Entrez dans une sophistication in\u00e9gal\u00e9e gr\u00e2ce \u00e0 nos magnifiques <strong>Mocassins gaufr\u00e9s en crocodile pour hommes<\/strong>. Con\u00e7us pour l'homme exigeant, ces mocassins allient harmonieusement l'\u00e9l\u00e9gance intemporelle \u00e0 la modernit\u00e9, ce qui en fait un ajout indispensable \u00e0 toute collection de chaussures de luxe. Chaque paire de ces mocassins <strong>Mocassins gaufr\u00e9s en crocodile pour hommes<\/strong> t\u00e9moigne d'un savoir-faire sup\u00e9rieur et de mat\u00e9riaux de haute qualit\u00e9.<\/p>\n<h3>Design \u00e9l\u00e9gant et polyvalence<\/h3>\n<p>Au-del\u00e0 de leurs mat\u00e9riaux luxueux, ces produits d'exception <strong>Mocassins gaufr\u00e9s en crocodile pour hommes<\/strong> sont dot\u00e9s d'une \u00e9l\u00e9gante boucle en m\u00e9tal, qui leur conf\u00e8re une touche de sophistication classique. Disponibles dans des teintes profondes et polyvalentes telles que le noir classique et le marron riche (comme le montrent les images), ils sont parfaits pour une vari\u00e9t\u00e9 d'occasions. Que vous vous rendiez \u00e0 une r\u00e9union d'affaires, que vous assistiez \u00e0 un \u00e9v\u00e9nement formel ou que vous souhaitiez simplement rehausser votre tenue d\u00e9contract\u00e9e, ces <strong>Mocassins gaufr\u00e9s en crocodile pour hommes<\/strong> sont con\u00e7ues pour compl\u00e9ter votre style sans effort. La semelle Microlight, \u00e0 la fois durable et incroyablement l\u00e9g\u00e8re, offre une adh\u00e9rence et une flexibilit\u00e9 sup\u00e9rieures, garantissant que chaque pas est fait avec confiance et facilit\u00e9. Il ne s'agit pas seulement de chaussures, mais d'une d\u00e9claration de go\u00fbt raffin\u00e9, parfaite pour tous les connaisseurs de belles chaussures. <strong>mocassins gaufr\u00e9s en crocodile pour hommes<\/strong>.<\/p>\n<h3>Formats et disponibilit\u00e9 en vrac pour votre entreprise<\/h3>\n<p>Nous comprenons l'importance d'un ajustement parfait, c'est pourquoi nos <strong>Mocassins gaufr\u00e9s en crocodile pour hommes<\/strong> sont disponibles dans une large gamme de pointures allant de l'UE 39 \u00e0 45. Pour les entreprises et les d\u00e9taillants qui souhaitent offrir \u00e0 leurs clients des chaussures de qualit\u00e9 sup\u00e9rieure, nous proposons des options de vente en gros attrayantes. Avec une quantit\u00e9 minimale de commande de seulement 8 paires, vous pouvez facilement vous approvisionner en ces chaussures tr\u00e8s demand\u00e9es. <strong>Mocassins gaufr\u00e9s en crocodile pour hommes<\/strong>. Profitez d'un processus de livraison simplifi\u00e9, les commandes \u00e9tant g\u00e9n\u00e9ralement exp\u00e9di\u00e9es dans les 12 jours, plus le temps de transport standard. Investissez dans la qualit\u00e9, le style et le confort avec nos produits exceptionnels. <strong>Mocassins gaufr\u00e9s en crocodile pour hommes<\/strong> aujourd'hui. \u00c0 un prix abordable de seulement USD la paire, le luxe est \u00e0 port\u00e9e de main pour ces mocassins gaufr\u00e9s haut de gamme pour hommes.<\/p>","protected":false},"excerpt":{"rendered":"<ul>\n<li><strong>Mat\u00e9riau de premi\u00e8re qualit\u00e9 :<\/strong> Fabriqu\u00e9 de mani\u00e8re experte avec un ext\u00e9rieur en cuir de veau v\u00e9ritable et un int\u00e9rieur en cuir de ch\u00e8vre doux et perm\u00e9able \u00e0 l'air.<\/li>\n<li><strong>Semelle de confort :<\/strong> Dot\u00e9e d'une semelle Microlight \u00e0 la fois durable et l\u00e9g\u00e8re pour un confort et une flexibilit\u00e9 exceptionnels tout au long de la journ\u00e9e.<\/li>\n<li><strong>Design \u00e9l\u00e9gant :<\/strong> Il pr\u00e9sente un \u00e9l\u00e9gant motif gaufr\u00e9 en crocodile, compl\u00e9t\u00e9 par une boucle en m\u00e9tal sophistiqu\u00e9e.<\/li>\n<li><strong>Un ajustement parfait :<\/strong> Disponible dans une large gamme de tailles allant de l'UE 39 \u00e0 l'UE 45 pour garantir un ajustement parfait.<\/li>\n<li><strong>Talon subtil :<\/strong> Con\u00e7u avec une hauteur de talon confortable et stable allant de 1 \u00e0 3 cm.<\/li>\n<li><strong>Opportunit\u00e9 de vente en gros :<\/strong> Quantit\u00e9 minimale de commande de 8 paires, id\u00e9ale pour les achats en gros et la vente au d\u00e9tail.<\/li>\n<li><strong>Prix comp\u00e9titifs :<\/strong> Le prix attractif de la paire est de USD, offrant un luxe \u00e0 un prix accessible.<\/li>\n<\/ul>","protected":false},"featured_media":3619,"template":"","meta":{"_acf_changed":false,"_uag_custom_page_level_css":"","site-sidebar-layout":"default","site-content-layout":"","ast-site-content-layout":"default","site-content-style":"default","site-sidebar-style":"default","ast-global-header-display":"","ast-banner-title-visibility":"","ast-main-header-display":"","ast-hfb-above-header-display":"","ast-hfb-below-header-display":"","ast-hfb-mobile-header-display":"","site-post-title":"","ast-breadcrumbs-content":"","ast-featured-img":"","footer-sml-layout":"","ast-disable-related-posts":"","theme-transparent-header-meta":"default","adv-header-id-meta":"","stick-header-meta":"","header-above-stick-meta":"","header-main-stick-meta":"","header-below-stick-meta":"","astra-migrate-meta-layouts":"set","ast-page-background-enabled":"default","ast-page-background-meta":{"desktop":{"background-color":"var(--ast-global-color-4)","background-image":"","background-repeat":"repeat","background-position":"center center","background-size":"auto","background-attachment":"scroll","background-type":"","background-media":"","overlay-type":"","overlay-color":"","overlay-opacity":"","overlay-gradient":""},"tablet":{"background-color":"","background-image":"","background-repeat":"repeat","background-position":"center center","background-size":"auto","background-attachment":"scroll","background-type":"","background-media":"","overlay-type":"","overlay-color":"","overlay-opacity":"","overlay-gradient":""},"mobile":{"background-color":"","background-image":"","background-repeat":"repeat","background-position":"center center","background-size":"auto","background-attachment":"scroll","background-type":"","background-media":"","overlay-type":"","overlay-color":"","overlay-opacity":"","overlay-gradient":""}},"ast-content-background-meta":{"desktop":{"background-color":"var(--ast-global-color-5)","background-image":"","background-repeat":"repeat","background-position":"center center","background-size":"auto","background-attachment":"scroll","background-type":"","background-media":"","overlay-type":"","overlay-color":"","overlay-opacity":"","overlay-gradient":""},"tablet":{"background-color":"var(--ast-global-color-5)","background-image":"","background-repeat":"repeat","background-position":"center center","background-size":"auto","background-attachment":"scroll","background-type":"","background-media":"","overlay-type":"","overlay-color":"","overlay-opacity":"","overlay-gradient":""},"mobile":{"background-color":"var(--ast-global-color-5)","background-image":"","background-repeat":"repeat","background-position":"center center","background-size":"auto","background-attachment":"scroll","background-type":"","background-media":"","overlay-type":"","overlay-color":"","overlay-opacity":"","overlay-gradient":""}}},"product_brand":[],"product_cat":[47,430,40],"product_tag":[315,185,534,737,750,251,189,215,384,198,186,466,362,280,456],"class_list":{"0":"post-5374","1":"product","2":"type-product","3":"status-publish","4":"has-post-thumbnail","6":"product_cat-classic","7":"product_cat-men","8":"product_cat-mens-shoes","9":"product_tag-buckle-loafers","10":"product_tag-calf-leather-shoes","11":"product_tag-crocodile-embossed-shoes","12":"product_tag-dress-loafers","13":"product_tag-embossed-leather-shoes","14":"product_tag-formal-shoes","15":"product_tag-goat-leather-lining","16":"product_tag-leather-loafers","17":"product_tag-luxury-loafers","18":"product_tag-mens-fashion","19":"product_tag-mens-loafers","20":"product_tag-microlight-sole","21":"product_tag-premium-footwear","22":"product_tag-smart-casual-shoes","23":"product_tag-wholesale-loafers","24":"desktop-align-center","25":"tablet-align-center","26":"mobile-align-center","28":"first","29":"instock","30":"shipping-taxable","31":"purchasable","32":"product-type-variable","33":"has-default-attributes"},"acf":[],"uagb_featured_image_src":{"full":["https:\/\/turkishtrade.co\/wp-content\/uploads\/2026\/01\/2400EJOMN00178-DARK-BROWN-B_10.png",453,250,false],"thumbnail":["https:\/\/turkishtrade.co\/wp-content\/uploads\/2026\/01\/2400EJOMN00178-DARK-BROWN-B_10-150x150.png",150,150,true],"medium":["https:\/\/turkishtrade.co\/wp-content\/uploads\/2026\/01\/2400EJOMN00178-DARK-BROWN-B_10-300x166.png",300,166,true],"medium_large":["https:\/\/turkishtrade.co\/wp-content\/uploads\/2026\/01\/2400EJOMN00178-DARK-BROWN-B_10.png",453,250,false],"large":["https:\/\/turkishtrade.co\/wp-content\/uploads\/2026\/01\/2400EJOMN00178-DARK-BROWN-B_10.png",453,250,false],"1536x1536":["https:\/\/turkishtrade.co\/wp-content\/uploads\/2026\/01\/2400EJOMN00178-DARK-BROWN-B_10.png",453,250,false],"2048x2048":["https:\/\/turkishtrade.co\/wp-content\/uploads\/2026\/01\/2400EJOMN00178-DARK-BROWN-B_10.png",453,250,false],"trp-custom-language-flag":["https:\/\/turkishtrade.co\/wp-content\/uploads\/2026\/01\/2400EJOMN00178-DARK-BROWN-B_10-18x10.png",18,10,true],"woocommerce_thumbnail":["https:\/\/turkishtrade.co\/wp-content\/uploads\/2026\/01\/2400EJOMN00178-DARK-BROWN-B_10-400x250.png",400,250,true],"woocommerce_single":["https:\/\/turkishtrade.co\/wp-content\/uploads\/2026\/01\/2400EJOMN00178-DARK-BROWN-B_10.png",453,250,false],"woocommerce_gallery_thumbnail":["https:\/\/turkishtrade.co\/wp-content\/uploads\/2026\/01\/2400EJOMN00178-DARK-BROWN-B_10-100x100.png",100,100,true]},"uagb_author_info":{"display_name":"yaser olabi","author_link":"https:\/\/turkishtrade.co\/fr\/author\/"},"uagb_comment_info":0,"uagb_excerpt":"Premium Material: Expertly crafted with a genuine calf leather exterior and a soft, breathable goat leather interior. Comfort Sole: Features a durable yet lightweight Microlight sole for exceptional all-day comfort and flexibility. Stylish Design: Showcases an elegant crocodile embossed pattern complemented by a sophisticated metal buckle accent. Perfect Fit: Available in a comprehensive range of\u2026","_links":{"self":[{"href":"https:\/\/turkishtrade.co\/fr\/wp-json\/wp\/v2\/product\/5374","targetHints":{"allow":["GET"]}}],"collection":[{"href":"https:\/\/turkishtrade.co\/fr\/wp-json\/wp\/v2\/product"}],"about":[{"href":"https:\/\/turkishtrade.co\/fr\/wp-json\/wp\/v2\/types\/product"}],"wp:featuredmedia":[{"embeddable":true,"href":"https:\/\/turkishtrade.co\/fr\/wp-json\/wp\/v2\/media\/3619"}],"wp:attachment":[{"href":"https:\/\/turkishtrade.co\/fr\/wp-json\/wp\/v2\/media?parent=5374"}],"wp:term":[{"taxonomy":"product_brand","embeddable":true,"href":"https:\/\/turkishtrade.co\/fr\/wp-json\/wp\/v2\/product_brand?post=5374"},{"taxonomy":"product_cat","embeddable":true,"href":"https:\/\/turkishtrade.co\/fr\/wp-json\/wp\/v2\/product_cat?post=5374"},{"taxonomy":"product_tag","embeddable":true,"href":"https:\/\/turkishtrade.co\/fr\/wp-json\/wp\/v2\/product_tag?post=5374"}],"curies":[{"name":"wp","href":"https:\/\/api.w.org\/{rel}","templated":true}]}}