{"id":5358,"date":"2026-01-14T11:47:46","date_gmt":"2026-01-14T11:47:46","guid":{"rendered":"https:\/\/turkishtrade.co\/product\/mens-leather-penny-loafers\/"},"modified":"2026-04-09T19:36:34","modified_gmt":"2026-04-09T19:36:34","slug":"mens-leather-penny-loafers","status":"publish","type":"product","link":"https:\/\/turkishtrade.co\/fr\/shop\/mens-leather-penny-loafers\/","title":{"rendered":"Mocassins en cuir de veau de fabrication artisanale pour hommes"},"content":{"rendered":"<p><strong>Mocassins en cuir pour hommes<\/strong><\/p>\n<p>Entrez dans l'\u00e9l\u00e9gance intemporelle et le confort in\u00e9gal\u00e9 de notre exquise collection d'objets d'art. <strong>Mocassins en cuir pour hommes<\/strong>. M\u00e9ticuleusement fabriqu\u00e9s \u00e0 la main, ces mocassins haut de gamme sont l'incarnation de la chaussure sophistiqu\u00e9e, con\u00e7ue pour le gentleman moderne qui appr\u00e9cie \u00e0 la fois le style et la qualit\u00e9 durable. Chaque paire de nos <strong>Mocassins en cuir pour hommes<\/strong> sont le fruit d'un travail artistique de qualit\u00e9 sup\u00e9rieure et d'un souci in\u00e9branlable du d\u00e9tail, ce qui en fait un compl\u00e9ment indispensable \u00e0 votre garde-robe exigeante.<\/p>\n<h3>Un savoir-faire in\u00e9gal\u00e9 et des mat\u00e9riaux de premi\u00e8re qualit\u00e9<\/h3>\n<p>Notre <strong>Mocassins en cuir pour hommes<\/strong> sont fabriqu\u00e9s \u00e0 partir des mat\u00e9riaux les plus nobles, s\u00e9lectionn\u00e9s pour leur toucher luxueux et leur durabilit\u00e9. La surface ext\u00e9rieure est en cuir de veau riche et souple, r\u00e9put\u00e9 pour son \u00e9l\u00e9gance naturelle, sa r\u00e9sistance exceptionnelle et sa capacit\u00e9 \u00e0 d\u00e9velopper une patine magnifique et unique au fil du temps. Ce cuir de veau de haute qualit\u00e9 garantit que vos mocassins n'auront pas seulement un aspect exceptionnel d\u00e8s la premi\u00e8re utilisation, mais qu'ils continueront d'impressionner pendant de nombreuses ann\u00e9es, en vieillissant gracieusement.<\/p>\n<p>\u00c0 l'int\u00e9rieur, vos pieds seront berc\u00e9s par le confort somptueux d'une doublure en cuir de ch\u00e8vre v\u00e9ritable. La douceur inh\u00e9rente et la respirabilit\u00e9 sup\u00e9rieure du cuir de ch\u00e8vre offrent un environnement moelleux et confortable, ce qui fait de ces chaussures des mod\u00e8les de qualit\u00e9. <strong>Mocassins en cuir pour hommes<\/strong> un choix id\u00e9al pour une utilisation prolong\u00e9e tout au long d'une journ\u00e9e bien remplie. Cette construction en cuir double garantit une exp\u00e9rience de chaussure \u00e0 la fois luxueuse et durable.<\/p>\n<h3>Con\u00e7u pour le confort, la polyvalence et un style durable<\/h3>\n<p>Faites l'exp\u00e9rience d'un confort supr\u00eame \u00e0 chaque pas gr\u00e2ce \u00e0 la semelle Microlight innovante. Cette technologie de semelle avanc\u00e9e offre une l\u00e9g\u00e8ret\u00e9 et une flexibilit\u00e9 remarquables, ce qui garantit que ces chaussures ne se d\u00e9forment pas. <strong>Mocassins en cuir pour hommes<\/strong> se sentent \u00e0 peine \u00e0 vos pieds. Le talon subtil de 1 \u00e0 3 cm ajoute une touche d'\u00e9l\u00e9vation sophistiqu\u00e9e sans compromettre le confort, ce qui rend ces mocassins parfaits pour les environnements professionnels exigeants et les sorties d\u00e9contract\u00e9es et haut de gamme. Le design classique du penny loafer, mis \u00e0 jour avec des finitions contemporaines, rend ces mocassins parfaits pour un usage professionnel exigeant ou pour des sorties d\u00e9contract\u00e9es. <strong>Mocassins en cuir pour hommes<\/strong> incroyablement polyvalentes. Que vous les associiez \u00e0 un pantalon bien coup\u00e9, \u00e0 un pantalon chino \u00e9l\u00e9gant ou m\u00eame \u00e0 un jean habill\u00e9, ces chaussures rehausseront sans effort l'ensemble de votre tenue, lui conf\u00e9rant une allure polie et raffin\u00e9e.<\/p>\n<h3>Votre solution id\u00e9ale pour la vente de chaussures en gros<\/h3>\n<p>Pour les entreprises qui souhaitent offrir \u00e0 leurs clients des chaussures artisanales de haute qualit\u00e9, nos <strong>Mocassins en cuir pour hommes<\/strong> sont disponibles \u00e0 l'achat en gros avec une commande minimum de 8 paires. Nous sommes fiers de notre service efficace et de notre engagement envers la qualit\u00e9, avec un d\u00e9lai de livraison estim\u00e9 \u00e0 environ 12 jours, plus les frais d'exp\u00e9dition. Vous \u00eates ainsi assur\u00e9 de recevoir vos produits de qualit\u00e9 rapidement et de mani\u00e8re fiable. Investissez dans ces <strong>Mocassins en cuir pour hommes<\/strong> et offrez \u00e0 votre client\u00e8le un produit qui allie parfaitement style classique, confort sup\u00e9rieur et qualit\u00e9 durable. Il ne s'agit pas seulement de chaussures, mais d'une d\u00e9claration de go\u00fbt raffin\u00e9 et d'un t\u00e9moignage de la fabrication artisanale de chaussures, parfaites pour le march\u00e9 moderne.<\/p>","protected":false},"excerpt":{"rendered":"<ul>\n<li>Ext\u00e9rieur en cuir de veau de premi\u00e8re qualit\u00e9 pour un style sophistiqu\u00e9 et une grande durabilit\u00e9.<\/li>\n<li>La doublure int\u00e9rieure en cuir de ch\u00e8vre luxueux assure un confort et une respirabilit\u00e9 in\u00e9gal\u00e9s.<\/li>\n<li>La semelle l\u00e9g\u00e8re Microlight offre souplesse et facilit\u00e9 d'utilisation tout au long de la journ\u00e9e, avec un talon raffin\u00e9 de 1 \u00e0 3 cm.<\/li>\n<li>Disponible dans une large gamme de tailles europ\u00e9ennes allant de 39 \u00e0 45.<\/li>\n<li>Possibilit\u00e9s de vente en gros : Quantit\u00e9 minimale de commande de 8 paires.<\/li>\n<li>Livraison efficace : Recevez votre commande dans un d\u00e9lai de 12 jours plus les frais d'exp\u00e9dition.<\/li>\n<\/ul>","protected":false},"featured_media":3609,"template":"","meta":{"_acf_changed":false,"_uag_custom_page_level_css":"","site-sidebar-layout":"default","site-content-layout":"","ast-site-content-layout":"default","site-content-style":"default","site-sidebar-style":"default","ast-global-header-display":"","ast-banner-title-visibility":"","ast-main-header-display":"","ast-hfb-above-header-display":"","ast-hfb-below-header-display":"","ast-hfb-mobile-header-display":"","site-post-title":"","ast-breadcrumbs-content":"","ast-featured-img":"","footer-sml-layout":"","ast-disable-related-posts":"","theme-transparent-header-meta":"default","adv-header-id-meta":"","stick-header-meta":"","header-above-stick-meta":"","header-main-stick-meta":"","header-below-stick-meta":"","astra-migrate-meta-layouts":"set","ast-page-background-enabled":"default","ast-page-background-meta":{"desktop":{"background-color":"var(--ast-global-color-4)","background-image":"","background-repeat":"repeat","background-position":"center center","background-size":"auto","background-attachment":"scroll","background-type":"","background-media":"","overlay-type":"","overlay-color":"","overlay-opacity":"","overlay-gradient":""},"tablet":{"background-color":"","background-image":"","background-repeat":"repeat","background-position":"center center","background-size":"auto","background-attachment":"scroll","background-type":"","background-media":"","overlay-type":"","overlay-color":"","overlay-opacity":"","overlay-gradient":""},"mobile":{"background-color":"","background-image":"","background-repeat":"repeat","background-position":"center center","background-size":"auto","background-attachment":"scroll","background-type":"","background-media":"","overlay-type":"","overlay-color":"","overlay-opacity":"","overlay-gradient":""}},"ast-content-background-meta":{"desktop":{"background-color":"var(--ast-global-color-5)","background-image":"","background-repeat":"repeat","background-position":"center center","background-size":"auto","background-attachment":"scroll","background-type":"","background-media":"","overlay-type":"","overlay-color":"","overlay-opacity":"","overlay-gradient":""},"tablet":{"background-color":"var(--ast-global-color-5)","background-image":"","background-repeat":"repeat","background-position":"center center","background-size":"auto","background-attachment":"scroll","background-type":"","background-media":"","overlay-type":"","overlay-color":"","overlay-opacity":"","overlay-gradient":""},"mobile":{"background-color":"var(--ast-global-color-5)","background-image":"","background-repeat":"repeat","background-position":"center center","background-size":"auto","background-attachment":"scroll","background-type":"","background-media":"","overlay-type":"","overlay-color":"","overlay-opacity":"","overlay-gradient":""}}},"product_brand":[],"product_cat":[47,430,40],"product_tag":[873,635,147,185,284,251,189,450,215,416,186,466,279,184,280,281],"class_list":{"0":"post-5358","1":"product","2":"type-product","3":"status-publish","4":"has-post-thumbnail","6":"product_cat-classic","7":"product_cat-men","8":"product_cat-mens-shoes","9":"product_tag-artisanal-footwear","10":"product_tag-blue-loafers","11":"product_tag-brown-loafers","12":"product_tag-calf-leather-shoes","13":"product_tag-dress-shoes","14":"product_tag-formal-shoes","15":"product_tag-goat-leather-lining","16":"product_tag-handcrafted-shoes","17":"product_tag-leather-loafers","18":"product_tag-luxury-shoes","19":"product_tag-mens-loafers","20":"product_tag-microlight-sole","21":"product_tag-penny-loafers","22":"product_tag-slip-on-shoes","23":"product_tag-smart-casual-shoes","24":"product_tag-wholesale-shoes","25":"desktop-align-center","26":"tablet-align-center","27":"mobile-align-center","29":"first","30":"instock","31":"shipping-taxable","32":"purchasable","33":"product-type-variable","34":"has-default-attributes"},"acf":[],"uagb_featured_image_src":{"full":["https:\/\/turkishtrade.co\/wp-content\/uploads\/2026\/01\/2400EJOMN00172-DARK-BROWN-X_7803.png",453,250,false],"thumbnail":["https:\/\/turkishtrade.co\/wp-content\/uploads\/2026\/01\/2400EJOMN00172-DARK-BROWN-X_7803-150x150.png",150,150,true],"medium":["https:\/\/turkishtrade.co\/wp-content\/uploads\/2026\/01\/2400EJOMN00172-DARK-BROWN-X_7803-300x166.png",300,166,true],"medium_large":["https:\/\/turkishtrade.co\/wp-content\/uploads\/2026\/01\/2400EJOMN00172-DARK-BROWN-X_7803.png",453,250,false],"large":["https:\/\/turkishtrade.co\/wp-content\/uploads\/2026\/01\/2400EJOMN00172-DARK-BROWN-X_7803.png",453,250,false],"1536x1536":["https:\/\/turkishtrade.co\/wp-content\/uploads\/2026\/01\/2400EJOMN00172-DARK-BROWN-X_7803.png",453,250,false],"2048x2048":["https:\/\/turkishtrade.co\/wp-content\/uploads\/2026\/01\/2400EJOMN00172-DARK-BROWN-X_7803.png",453,250,false],"trp-custom-language-flag":["https:\/\/turkishtrade.co\/wp-content\/uploads\/2026\/01\/2400EJOMN00172-DARK-BROWN-X_7803-18x10.png",18,10,true],"woocommerce_thumbnail":["https:\/\/turkishtrade.co\/wp-content\/uploads\/2026\/01\/2400EJOMN00172-DARK-BROWN-X_7803-400x250.png",400,250,true],"woocommerce_single":["https:\/\/turkishtrade.co\/wp-content\/uploads\/2026\/01\/2400EJOMN00172-DARK-BROWN-X_7803.png",453,250,false],"woocommerce_gallery_thumbnail":["https:\/\/turkishtrade.co\/wp-content\/uploads\/2026\/01\/2400EJOMN00172-DARK-BROWN-X_7803-100x100.png",100,100,true]},"uagb_author_info":{"display_name":"yaser olabi","author_link":"https:\/\/turkishtrade.co\/fr\/author\/"},"uagb_comment_info":0,"uagb_excerpt":"Premium calf leather exterior for sophisticated style and durability. Luxurious goat leather interior lining ensures unparalleled comfort and breathability. Lightweight Microlight sole provides flexibility and all-day wearability with a refined 1-3 cm heel. Available in a comprehensive range of EU sizes from 39 to 45. Wholesale opportunities: Minimum order quantity of 8 pairs. Efficient delivery:\u2026","_links":{"self":[{"href":"https:\/\/turkishtrade.co\/fr\/wp-json\/wp\/v2\/product\/5358","targetHints":{"allow":["GET"]}}],"collection":[{"href":"https:\/\/turkishtrade.co\/fr\/wp-json\/wp\/v2\/product"}],"about":[{"href":"https:\/\/turkishtrade.co\/fr\/wp-json\/wp\/v2\/types\/product"}],"wp:featuredmedia":[{"embeddable":true,"href":"https:\/\/turkishtrade.co\/fr\/wp-json\/wp\/v2\/media\/3609"}],"wp:attachment":[{"href":"https:\/\/turkishtrade.co\/fr\/wp-json\/wp\/v2\/media?parent=5358"}],"wp:term":[{"taxonomy":"product_brand","embeddable":true,"href":"https:\/\/turkishtrade.co\/fr\/wp-json\/wp\/v2\/product_brand?post=5358"},{"taxonomy":"product_cat","embeddable":true,"href":"https:\/\/turkishtrade.co\/fr\/wp-json\/wp\/v2\/product_cat?post=5358"},{"taxonomy":"product_tag","embeddable":true,"href":"https:\/\/turkishtrade.co\/fr\/wp-json\/wp\/v2\/product_tag?post=5358"}],"curies":[{"name":"wp","href":"https:\/\/api.w.org\/{rel}","templated":true}]}}