{"id":5356,"date":"2026-01-14T11:47:25","date_gmt":"2026-01-14T11:47:25","guid":{"rendered":"https:\/\/turkishtrade.co\/product\/mens-brown-leather-derby-shoes-2\/"},"modified":"2026-04-09T19:36:36","modified_gmt":"2026-04-09T19:36:36","slug":"mens-brown-leather-derby-shoes-2","status":"publish","type":"product","link":"https:\/\/turkishtrade.co\/fr\/shop\/mens-brown-leather-derby-shoes-2\/","title":{"rendered":"Premium Chaussures derby en cuir de veau marron \u00e0 bout arrondi pour hommes"},"content":{"rendered":"<p><strong>Chaussures derby en cuir marron pour hommes<\/strong><\/p>\n<p>Entrez dans l'\u00e9l\u00e9gance intemporelle avec notre exquise <strong>Chaussures derby en cuir marron pour hommes<\/strong>. M\u00e9ticuleusement con\u00e7ues pour le gentleman exigeant, ces chaussures allient un design classique \u00e0 un confort sup\u00e9rieur et \u00e0 une grande durabilit\u00e9. La riche teinte brune de ces <strong>Chaussures derby en cuir marron pour hommes<\/strong> en font un compl\u00e9ment polyvalent \u00e0 toute garde-robe, parfait pour les environnements professionnels formels et les occasions d\u00e9contract\u00e9es.<\/p>\n<p><h3>Un savoir-faire in\u00e9gal\u00e9 et des mat\u00e9riaux luxueux<\/h3>\n<\/p>\n<p>Faites l'exp\u00e9rience d'une qualit\u00e9 in\u00e9gal\u00e9e avec un ext\u00e9rieur en cuir de veau de premi\u00e8re qualit\u00e9. Ce cuir de veau de qualit\u00e9 sup\u00e9rieure offre non seulement un \u00e9clat sophistiqu\u00e9, mais aussi une long\u00e9vit\u00e9 et une r\u00e9sistance \u00e0 l'usure exceptionnelles, se moulant merveilleusement \u00e0 votre pied au fil du temps. En compl\u00e9ment de l'ext\u00e9rieur robuste, l'int\u00e9rieur est enti\u00e8rement doubl\u00e9 de cuir de ch\u00e8vre luxueux, offrant une respirabilit\u00e9 et une sensation de confort \u00e0 chaque pas.<\/p>\n<p>Il ne s'agit pas de n'importe quel <strong>Chaussures derby en cuir marron pour hommes<\/strong>; Ils constituent un investissement dans un style et un confort durables.<\/p>\n<p><h3>Confort avanc\u00e9 gr\u00e2ce \u00e0 la technologie de la semelle Microlight<\/h3>\n<\/p>\n<p>Con\u00e7us pour r\u00e9pondre aux besoins d'un mode de vie moderne, nos <strong>Chaussures derby en cuir marron pour hommes<\/strong> sont dot\u00e9es d'une semelle l\u00e9g\u00e8re Microlight. Cette technologie de semelle innovante garantit une flexibilit\u00e9 maximale et r\u00e9duit la fatigue, vous permettant de rester \u00e0 l'aise tout au long de vos journ\u00e9es les plus charg\u00e9es. La hauteur subtile du talon de 1 \u00e0 3 cm ajoute une touche de sophistication tout en assurant un soutien ergonomique.<\/p>\n<p>Le design classique du bout de la chaussure met en valeur la silhouette distingu\u00e9e de la chaussure, ce qui fait de cette chaussure un mod\u00e8le d'\u00e9l\u00e9gance et d'\u00e9l\u00e9gance. <strong>Chaussures derby en cuir marron pour hommes<\/strong> une pi\u00e8ce indispensable \u00e0 la collection de tout homme.<\/p>\n<p><h3>Opportunit\u00e9 de vente en gros de chaussures haut de gamme<\/h3>\n<\/p>\n<p>Nous comprenons les besoins de nos partenaires grossistes, c'est pourquoi ces produits exceptionnels ont \u00e9t\u00e9 con\u00e7us pour r\u00e9pondre aux besoins de nos clients. <strong>Chaussures derby en cuir marron pour hommes<\/strong> sont disponibles pour les commandes en gros avec un achat minimum de 8 paires. Avec des prix comp\u00e9titifs et un d\u00e9lai de livraison fiable de 12 jours plus les frais d'exp\u00e9dition, nous garantissons une exp\u00e9rience sans faille pour votre entreprise. Offrez \u00e0 vos clients les meilleures chaussures, dans les pointures 39 \u00e0 45.<\/p>\n<p>\u00c9levez votre inventaire gr\u00e2ce \u00e0 ces produits au style et \u00e0 la fabrication impeccables. <strong>Chaussures derby en cuir marron pour hommes<\/strong> aujourd'hui.<\/p>","protected":false},"excerpt":{"rendered":"<ul>\n<li>Mat\u00e9riau ext\u00e9rieur : Cuir de veau de premi\u00e8re qualit\u00e9<\/li>\n<li>Mat\u00e9riau int\u00e9rieur : Doublure en cuir de ch\u00e8vre souple<\/li>\n<li>Semelle : Technologie Lightweight Microlight<\/li>\n<li>Hauteur du talon : 1-3 cm pour un confort optimal<\/li>\n<li>Tailles disponibles : 39, 40, 41, 42, 43, 44, 45<\/li>\n<li>Commande minimum : 8 paires (disponibilit\u00e9 en gros)<\/li>\n<li>D\u00e9lai de livraison : 12 jours + exp\u00e9dition<\/li>\n<\/ul>","protected":false},"featured_media":3606,"template":"","meta":{"_acf_changed":false,"_uag_custom_page_level_css":"","site-sidebar-layout":"default","site-content-layout":"","ast-site-content-layout":"default","site-content-style":"default","site-sidebar-style":"default","ast-global-header-display":"","ast-banner-title-visibility":"","ast-main-header-display":"","ast-hfb-above-header-display":"","ast-hfb-below-header-display":"","ast-hfb-mobile-header-display":"","site-post-title":"","ast-breadcrumbs-content":"","ast-featured-img":"","footer-sml-layout":"","ast-disable-related-posts":"","theme-transparent-header-meta":"","adv-header-id-meta":"","stick-header-meta":"","header-above-stick-meta":"","header-main-stick-meta":"","header-below-stick-meta":"","astra-migrate-meta-layouts":"default","ast-page-background-enabled":"default","ast-page-background-meta":{"desktop":{"background-color":"var(--ast-global-color-4)","background-image":"","background-repeat":"repeat","background-position":"center center","background-size":"auto","background-attachment":"scroll","background-type":"","background-media":"","overlay-type":"","overlay-color":"","overlay-opacity":"","overlay-gradient":""},"tablet":{"background-color":"","background-image":"","background-repeat":"repeat","background-position":"center center","background-size":"auto","background-attachment":"scroll","background-type":"","background-media":"","overlay-type":"","overlay-color":"","overlay-opacity":"","overlay-gradient":""},"mobile":{"background-color":"","background-image":"","background-repeat":"repeat","background-position":"center center","background-size":"auto","background-attachment":"scroll","background-type":"","background-media":"","overlay-type":"","overlay-color":"","overlay-opacity":"","overlay-gradient":""}},"ast-content-background-meta":{"desktop":{"background-color":"var(--ast-global-color-5)","background-image":"","background-repeat":"repeat","background-position":"center center","background-size":"auto","background-attachment":"scroll","background-type":"","background-media":"","overlay-type":"","overlay-color":"","overlay-opacity":"","overlay-gradient":""},"tablet":{"background-color":"var(--ast-global-color-5)","background-image":"","background-repeat":"repeat","background-position":"center center","background-size":"auto","background-attachment":"scroll","background-type":"","background-media":"","overlay-type":"","overlay-color":"","overlay-opacity":"","overlay-gradient":""},"mobile":{"background-color":"var(--ast-global-color-5)","background-image":"","background-repeat":"repeat","background-position":"center center","background-size":"auto","background-attachment":"scroll","background-type":"","background-media":"","overlay-type":"","overlay-color":"","overlay-opacity":"","overlay-gradient":""}}},"product_brand":[],"product_cat":[47,430,40],"product_tag":[199,405,185,458,480,189,351,872,324,565,466,362,281],"class_list":{"0":"post-5356","1":"product","2":"type-product","3":"status-publish","4":"has-post-thumbnail","6":"product_cat-classic","7":"product_cat-men","8":"product_cat-mens-shoes","9":"product_tag-brown-dress-shoes","10":"product_tag-business-shoes","11":"product_tag-calf-leather-shoes","12":"product_tag-cap-toe-shoes","13":"product_tag-elegant-shoes","14":"product_tag-goat-leather-lining","15":"product_tag-leather-footwear","16":"product_tag-mens-brown-leather-derby-shoes","17":"product_tag-mens-dress-shoes","18":"product_tag-mens-formal-shoes","19":"product_tag-microlight-sole","20":"product_tag-premium-footwear","21":"product_tag-wholesale-shoes","22":"desktop-align-center","23":"tablet-align-center","24":"mobile-align-center","26":"first","27":"instock","28":"shipping-taxable","29":"purchasable","30":"product-type-variable","31":"has-default-attributes"},"acf":[],"uagb_featured_image_src":{"full":["https:\/\/turkishtrade.co\/wp-content\/uploads\/2026\/01\/2400EJOMN00171-Brown-Y-873.png",453,250,false],"thumbnail":["https:\/\/turkishtrade.co\/wp-content\/uploads\/2026\/01\/2400EJOMN00171-Brown-Y-873-150x150.png",150,150,true],"medium":["https:\/\/turkishtrade.co\/wp-content\/uploads\/2026\/01\/2400EJOMN00171-Brown-Y-873-300x166.png",300,166,true],"medium_large":["https:\/\/turkishtrade.co\/wp-content\/uploads\/2026\/01\/2400EJOMN00171-Brown-Y-873.png",453,250,false],"large":["https:\/\/turkishtrade.co\/wp-content\/uploads\/2026\/01\/2400EJOMN00171-Brown-Y-873.png",453,250,false],"1536x1536":["https:\/\/turkishtrade.co\/wp-content\/uploads\/2026\/01\/2400EJOMN00171-Brown-Y-873.png",453,250,false],"2048x2048":["https:\/\/turkishtrade.co\/wp-content\/uploads\/2026\/01\/2400EJOMN00171-Brown-Y-873.png",453,250,false],"trp-custom-language-flag":["https:\/\/turkishtrade.co\/wp-content\/uploads\/2026\/01\/2400EJOMN00171-Brown-Y-873-18x10.png",18,10,true],"woocommerce_thumbnail":["https:\/\/turkishtrade.co\/wp-content\/uploads\/2026\/01\/2400EJOMN00171-Brown-Y-873-400x250.png",400,250,true],"woocommerce_single":["https:\/\/turkishtrade.co\/wp-content\/uploads\/2026\/01\/2400EJOMN00171-Brown-Y-873.png",453,250,false],"woocommerce_gallery_thumbnail":["https:\/\/turkishtrade.co\/wp-content\/uploads\/2026\/01\/2400EJOMN00171-Brown-Y-873-100x100.png",100,100,true]},"uagb_author_info":{"display_name":"yaser olabi","author_link":"https:\/\/turkishtrade.co\/fr\/author\/"},"uagb_comment_info":0,"uagb_excerpt":"Outer Material: Premium Calf Leather Inner Material: Soft Goat Leather Lining Sole: Lightweight Microlight Technology Heel Height: 1-3 cm for optimal comfort Available Sizes: 39, 40, 41, 42, 43, 44, 45 Minimum Order: 8 Pairs (Wholesale Availability) Delivery Time: 12 Days + Shipping","_links":{"self":[{"href":"https:\/\/turkishtrade.co\/fr\/wp-json\/wp\/v2\/product\/5356","targetHints":{"allow":["GET"]}}],"collection":[{"href":"https:\/\/turkishtrade.co\/fr\/wp-json\/wp\/v2\/product"}],"about":[{"href":"https:\/\/turkishtrade.co\/fr\/wp-json\/wp\/v2\/types\/product"}],"wp:featuredmedia":[{"embeddable":true,"href":"https:\/\/turkishtrade.co\/fr\/wp-json\/wp\/v2\/media\/3606"}],"wp:attachment":[{"href":"https:\/\/turkishtrade.co\/fr\/wp-json\/wp\/v2\/media?parent=5356"}],"wp:term":[{"taxonomy":"product_brand","embeddable":true,"href":"https:\/\/turkishtrade.co\/fr\/wp-json\/wp\/v2\/product_brand?post=5356"},{"taxonomy":"product_cat","embeddable":true,"href":"https:\/\/turkishtrade.co\/fr\/wp-json\/wp\/v2\/product_cat?post=5356"},{"taxonomy":"product_tag","embeddable":true,"href":"https:\/\/turkishtrade.co\/fr\/wp-json\/wp\/v2\/product_tag?post=5356"}],"curies":[{"name":"wp","href":"https:\/\/api.w.org\/{rel}","templated":true}]}}