{"id":5353,"date":"2026-01-14T11:47:03","date_gmt":"2026-01-14T11:47:03","guid":{"rendered":"https:\/\/turkishtrade.co\/product\/mens-leather-brogue-oxfords\/"},"modified":"2026-04-09T19:36:40","modified_gmt":"2026-04-09T19:36:40","slug":"mens-leather-brogue-oxfords","status":"publish","type":"product","link":"https:\/\/turkishtrade.co\/fr\/shop\/mens-leather-brogue-oxfords\/","title":{"rendered":"Chaussures rondes de luxe en cuir pour hommes, fabriqu\u00e9es \u00e0 la main"},"content":{"rendered":"<p><strong>Chaussures richelieu en cuir pour hommes<\/strong><\/p>\n<p>Entrez dans un monde d'\u00e9l\u00e9gance intemporelle et d'artisanat sup\u00e9rieur avec notre <strong>Chaussures rondes de luxe en cuir pour hommes, fabriqu\u00e9es \u00e0 la main<\/strong>. Con\u00e7ues pour le gentleman exigeant, ces chaussures exquises allient style classique et confort moderne, ce qui en fait un compl\u00e9ment indispensable \u00e0 toute garde-robe sophistiqu\u00e9e. Chaque paire de nos <strong>chaussures de ville en cuir pour hommes<\/strong> t\u00e9moigne d'un savoir-faire artistique qui vous permet de vous distinguer avec gr\u00e2ce et assurance en toute occasion.<\/p>\n<p>Fabriqu\u00e9es \u00e0 partir des mat\u00e9riaux les plus nobles, l'ext\u00e9rieur de ces superbes chaussures est en cuir de veau v\u00e9ritable, m\u00e9ticuleusement s\u00e9lectionn\u00e9 pour son toucher luxueux, sa texture riche et sa qualit\u00e9 durable. L'int\u00e9rieur est doubl\u00e9 de cuir de ch\u00e8vre souple, offrant un niveau de confort in\u00e9gal\u00e9 qui se moule \u00e0 votre pied au fil du temps. Cette combinaison judicieuse de mat\u00e9riaux ne se contente pas de rehausser l'attrait esth\u00e9tique, elle garantit \u00e9galement la respirabilit\u00e9 et une usure durable. Les d\u00e9tails brogue sur le bout du pied ajoutent une touche de sophistication classique, ce qui distingue ces chaussures de l'ensemble de la gamme. <strong>chaussures de ville en cuir pour hommes<\/strong> comme un choix v\u00e9ritablement haut de gamme.<\/p>\n<h3>Style et polyvalence in\u00e9gal\u00e9s<\/h3>\n<p>Que vous assistiez \u00e0 une r\u00e9union d'affaires formelle, \u00e0 un mariage ou \u00e0 un \u00e9v\u00e9nement social sophistiqu\u00e9, ces chaussures Oxford brogue sont votre compagnon id\u00e9al. Leur design intemporel, disponible dans les teintes captivantes de marron riche, de bleu profond et de gris \u00e9l\u00e9gant, permet de les associer sans effort \u00e0 une grande vari\u00e9t\u00e9 de tenues, des costumes d'affaires \u00e9l\u00e9gants aux ensembles d\u00e9contract\u00e9s \u00e9l\u00e9gants. Le talon subtil de 1 \u00e0 3 cm procure une \u00e9l\u00e9vation confortable sans compromettre la stabilit\u00e9, contribuant ainsi \u00e0 une silhouette soign\u00e9e et raffin\u00e9e. Rehaussez votre image professionnelle ou compl\u00e9tez votre tenue de soir\u00e9e avec des chaussures qui en disent long sur vos go\u00fbts.<\/p>\n<h3>Confort et durabilit\u00e9 exceptionnels<\/h3>\n<p>Le confort est primordial, et notre <strong>chaussures de ville en cuir pour hommes<\/strong> sont performantes sur tous les fronts. La semelle microlight innovante offre un amorti et une flexibilit\u00e9 sup\u00e9rieurs, r\u00e9duisant la fatigue pendant les longues heures d'utilisation. Cette semelle l\u00e9g\u00e8re mais durable offre une excellente adh\u00e9rence, garantissant la confiance \u00e0 chaque pas. La construction robuste et le cuir de haute qualit\u00e9 garantissent que ces chaussures ne sont pas seulement \u00e9l\u00e9gantes, mais qu'elles sont aussi con\u00e7ues pour durer, offrant une valeur exceptionnelle pour les ann\u00e9es \u00e0 venir. Investir dans ces chaussures, c'est investir dans un style et un confort durables.<\/p>\n<p>Pour les entreprises et les d\u00e9taillants, nous proposons des options de vente en gros int\u00e9ressantes avec une commande minimum de 8 paires. Profitez d'un service rapide avec une livraison g\u00e9n\u00e9ralement sous 12 jours plus les frais de port. Am\u00e9liorez votre inventaire et offrez \u00e0 vos clients ce qu'il y a de mieux en mati\u00e8re de chaussures pour hommes gr\u00e2ce \u00e0 nos produits exceptionnels. <strong>chaussures de ville en cuir pour hommes<\/strong>. Disponibles dans les tailles 39 \u00e0 45, ces chaussures conviennent parfaitement \u00e0 une large client\u00e8le. Commandez d\u00e8s aujourd'hui et d\u00e9couvrez la diff\u00e9rence qu'apporte un v\u00e9ritable savoir-faire.<\/p>","protected":false},"excerpt":{"rendered":"<ul>\n<li><strong>Mat\u00e9riaux de premi\u00e8re qualit\u00e9 :<\/strong> Fabriqu\u00e9 en cuir de veau v\u00e9ritable \u00e0 l'ext\u00e9rieur et en cuir de ch\u00e8vre souple \u00e0 l'int\u00e9rieur pour un confort et une durabilit\u00e9 ultimes.<\/li>\n<li><strong>Semelle Microlight :<\/strong> Elle est dot\u00e9e d'une semelle l\u00e9g\u00e8re et r\u00e9sistante avec un talon subtil de 1 \u00e0 3 cm pour un port confortable tout au long de la journ\u00e9e.<\/li>\n<li><strong>Design \u00e9l\u00e9gant :<\/strong> Style brogue Oxford classique avec d\u00e9tails complexes, disponible en brun riche, bleu sophistiqu\u00e9 et gris intemporel.<\/li>\n<li><strong>Taille polyvalente :<\/strong> Disponible dans les tailles europ\u00e9ennes 39, 40, 41, 42, 43, 44, 45 pour garantir un ajustement parfait.<\/li>\n<li><strong>Disponibilit\u00e9 en vrac :<\/strong> Commande minimum de 8 paires. Livraison en 12 jours + frais de port.<\/li>\n<\/ul>","protected":false},"featured_media":3605,"template":"","meta":{"_acf_changed":false,"_uag_custom_page_level_css":"","site-sidebar-layout":"default","site-content-layout":"","ast-site-content-layout":"default","site-content-style":"default","site-sidebar-style":"default","ast-global-header-display":"","ast-banner-title-visibility":"","ast-main-header-display":"","ast-hfb-above-header-display":"","ast-hfb-below-header-display":"","ast-hfb-mobile-header-display":"","site-post-title":"","ast-breadcrumbs-content":"","ast-featured-img":"","footer-sml-layout":"","ast-disable-related-posts":"","theme-transparent-header-meta":"default","adv-header-id-meta":"","stick-header-meta":"","header-above-stick-meta":"","header-main-stick-meta":"","header-below-stick-meta":"","astra-migrate-meta-layouts":"set","ast-page-background-enabled":"default","ast-page-background-meta":{"desktop":{"background-color":"var(--ast-global-color-4)","background-image":"","background-repeat":"repeat","background-position":"center center","background-size":"auto","background-attachment":"scroll","background-type":"","background-media":"","overlay-type":"","overlay-color":"","overlay-opacity":"","overlay-gradient":""},"tablet":{"background-color":"","background-image":"","background-repeat":"repeat","background-position":"center center","background-size":"auto","background-attachment":"scroll","background-type":"","background-media":"","overlay-type":"","overlay-color":"","overlay-opacity":"","overlay-gradient":""},"mobile":{"background-color":"","background-image":"","background-repeat":"repeat","background-position":"center center","background-size":"auto","background-attachment":"scroll","background-type":"","background-media":"","overlay-type":"","overlay-color":"","overlay-opacity":"","overlay-gradient":""}},"ast-content-background-meta":{"desktop":{"background-color":"var(--ast-global-color-5)","background-image":"","background-repeat":"repeat","background-position":"center center","background-size":"auto","background-attachment":"scroll","background-type":"","background-media":"","overlay-type":"","overlay-color":"","overlay-opacity":"","overlay-gradient":""},"tablet":{"background-color":"var(--ast-global-color-5)","background-image":"","background-repeat":"repeat","background-position":"center center","background-size":"auto","background-attachment":"scroll","background-type":"","background-media":"","overlay-type":"","overlay-color":"","overlay-opacity":"","overlay-gradient":""},"mobile":{"background-color":"var(--ast-global-color-5)","background-image":"","background-repeat":"repeat","background-position":"center center","background-size":"auto","background-attachment":"scroll","background-type":"","background-media":"","overlay-type":"","overlay-color":"","overlay-opacity":"","overlay-gradient":""}}},"product_brand":[],"product_cat":[47,430,40],"product_tag":[654,405,202,284,251,437,450,227,217,198,466,204,250],"class_list":{"0":"post-5353","1":"product","2":"type-product","3":"status-publish","4":"has-post-thumbnail","6":"product_cat-classic","7":"product_cat-men","8":"product_cat-mens-shoes","9":"product_tag-brogue-shoes","10":"product_tag-business-shoes","11":"product_tag-calf-leather","12":"product_tag-dress-shoes","13":"product_tag-formal-shoes","14":"product_tag-goat-leather","15":"product_tag-handcrafted-shoes","16":"product_tag-leather-shoes","17":"product_tag-luxury-footwear","18":"product_tag-mens-fashion","19":"product_tag-microlight-sole","20":"product_tag-oxford-shoes","21":"product_tag-premium-leather","22":"desktop-align-center","23":"tablet-align-center","24":"mobile-align-center","26":"first","27":"instock","28":"shipping-taxable","29":"purchasable","30":"product-type-variable","31":"has-default-attributes"},"acf":[],"uagb_featured_image_src":{"full":["https:\/\/turkishtrade.co\/wp-content\/uploads\/2026\/01\/2400EJOMN00170-SMOKED-X_7202.png",453,250,false],"thumbnail":["https:\/\/turkishtrade.co\/wp-content\/uploads\/2026\/01\/2400EJOMN00170-SMOKED-X_7202-150x150.png",150,150,true],"medium":["https:\/\/turkishtrade.co\/wp-content\/uploads\/2026\/01\/2400EJOMN00170-SMOKED-X_7202-300x166.png",300,166,true],"medium_large":["https:\/\/turkishtrade.co\/wp-content\/uploads\/2026\/01\/2400EJOMN00170-SMOKED-X_7202.png",453,250,false],"large":["https:\/\/turkishtrade.co\/wp-content\/uploads\/2026\/01\/2400EJOMN00170-SMOKED-X_7202.png",453,250,false],"1536x1536":["https:\/\/turkishtrade.co\/wp-content\/uploads\/2026\/01\/2400EJOMN00170-SMOKED-X_7202.png",453,250,false],"2048x2048":["https:\/\/turkishtrade.co\/wp-content\/uploads\/2026\/01\/2400EJOMN00170-SMOKED-X_7202.png",453,250,false],"trp-custom-language-flag":["https:\/\/turkishtrade.co\/wp-content\/uploads\/2026\/01\/2400EJOMN00170-SMOKED-X_7202-18x10.png",18,10,true],"woocommerce_thumbnail":["https:\/\/turkishtrade.co\/wp-content\/uploads\/2026\/01\/2400EJOMN00170-SMOKED-X_7202-400x250.png",400,250,true],"woocommerce_single":["https:\/\/turkishtrade.co\/wp-content\/uploads\/2026\/01\/2400EJOMN00170-SMOKED-X_7202.png",453,250,false],"woocommerce_gallery_thumbnail":["https:\/\/turkishtrade.co\/wp-content\/uploads\/2026\/01\/2400EJOMN00170-SMOKED-X_7202-100x100.png",100,100,true]},"uagb_author_info":{"display_name":"yaser olabi","author_link":"https:\/\/turkishtrade.co\/fr\/author\/"},"uagb_comment_info":0,"uagb_excerpt":"Premium Materials: Crafted with genuine calf leather exterior and soft goat leather interior for ultimate comfort and durability. Microlight Sole: Features a lightweight and resilient microlight sole with a subtle 1-3 cm heel for comfortable all-day wear. Elegant Design: Classic brogue Oxford styling with intricate detailing, available in rich brown, sophisticated blue, and timeless grey\u2026","_links":{"self":[{"href":"https:\/\/turkishtrade.co\/fr\/wp-json\/wp\/v2\/product\/5353","targetHints":{"allow":["GET"]}}],"collection":[{"href":"https:\/\/turkishtrade.co\/fr\/wp-json\/wp\/v2\/product"}],"about":[{"href":"https:\/\/turkishtrade.co\/fr\/wp-json\/wp\/v2\/types\/product"}],"wp:featuredmedia":[{"embeddable":true,"href":"https:\/\/turkishtrade.co\/fr\/wp-json\/wp\/v2\/media\/3605"}],"wp:attachment":[{"href":"https:\/\/turkishtrade.co\/fr\/wp-json\/wp\/v2\/media?parent=5353"}],"wp:term":[{"taxonomy":"product_brand","embeddable":true,"href":"https:\/\/turkishtrade.co\/fr\/wp-json\/wp\/v2\/product_brand?post=5353"},{"taxonomy":"product_cat","embeddable":true,"href":"https:\/\/turkishtrade.co\/fr\/wp-json\/wp\/v2\/product_cat?post=5353"},{"taxonomy":"product_tag","embeddable":true,"href":"https:\/\/turkishtrade.co\/fr\/wp-json\/wp\/v2\/product_tag?post=5353"}],"curies":[{"name":"wp","href":"https:\/\/api.w.org\/{rel}","templated":true}]}}