{"id":5348,"date":"2026-01-14T11:46:04","date_gmt":"2026-01-14T11:46:04","guid":{"rendered":"https:\/\/turkishtrade.co\/product\/men-s-leather-monk-strap-loafers\/"},"modified":"2026-04-09T19:36:50","modified_gmt":"2026-04-09T19:36:50","slug":"elite-mens-leather-monk-strap-loafers","status":"publish","type":"product","link":"https:\/\/turkishtrade.co\/fr\/shop\/elite-mens-leather-monk-strap-loafers\/","title":{"rendered":"Mocassins en cuir de veau de premi\u00e8re qualit\u00e9 pour hommes"},"content":{"rendered":"<p><strong>Mocassins en cuir pour hommes<\/strong><\/p>\n<p>Entrez dans une sophistication in\u00e9gal\u00e9e gr\u00e2ce \u00e0 notre collection exquise de <strong>Mocassins en cuir pour hommes<\/strong>. Con\u00e7us pour les personnes exigeantes, ces mocassins haut de gamme allient harmonieusement style classique et confort moderne. Fabriqu\u00e9 \u00e0 partir du cuir de veau le plus fin, l'ext\u00e9rieur pr\u00e9sente une finition riche et textur\u00e9e qui en dit long sur sa qualit\u00e9 et son \u00e9l\u00e9gance. Il ne s'agit pas seulement de chaussures, mais d'une pi\u00e8ce ma\u00eetresse de toute garde-robe, parfaite pour les tenues d'affaires formelles et les ensembles d\u00e9contract\u00e9s haut de gamme. Rehaussez votre offre de chaussures avec ces mod\u00e8les intemporels. <strong>Mocassins en cuir pour hommes<\/strong>.<\/p>\n<h3>Un savoir-faire et un confort in\u00e9gal\u00e9s<\/h3>\n<p>Chaque paire de nos <strong>Mocassins en cuir pour hommes<\/strong> t\u00e9moigne d'un savoir-faire artisanal de qualit\u00e9 sup\u00e9rieure. L'ext\u00e9rieur, en cuir de veau souple, promet non seulement une esth\u00e9tique luxueuse, mais aussi une durabilit\u00e9 remarquable et un ajustement confortable qui se moule au pied de l'utilisateur au fil du temps. \u00c0 l'int\u00e9rieur, les chaussures sont doubl\u00e9es d'un cuir de ch\u00e8vre somptueusement doux, ce qui leur conf\u00e8re une douceur et une respirabilit\u00e9 incroyables. Cet engagement \u00e0 utiliser des mat\u00e9riaux de haute qualit\u00e9 garantit un confort maximal tout au long de la journ\u00e9e, ce qui en fait le choix id\u00e9al pour toutes les occasions.<\/p>\n<h3>Conception innovante et performances durables<\/h3>\n<p>Au-del\u00e0 de leur apparence \u00e9tonnante, ces <strong>Mocassins en cuir de veau<\/strong> sont con\u00e7ues pour la performance. Le design caract\u00e9ristique de la bride de moine, accentu\u00e9 par une boucle polie, ajoute une touche de sophistication classique qui distingue ces chaussures. Ce qui distingue vraiment ces chaussures, c'est la semelle ext\u00e9rieure Microlight innovante. Ce mat\u00e9riau de pointe offre une l\u00e9g\u00e8ret\u00e9 exceptionnelle, une grande souplesse et une excellente adh\u00e9rence, garantissant une foul\u00e9e stable et un port durable sans compromis sur le style. De la salle de conf\u00e9rence aux soir\u00e9es mondaines, ces chaussures sont id\u00e9ales. <strong>Mocassins en cuir pour hommes<\/strong> sont con\u00e7us pour impressionner.<\/p>\n<h3>Opportunit\u00e9 de vente en gros : Am\u00e9liorez vos stocks<\/h3>\n<p>Pour les d\u00e9taillants qui souhaitent enrichir leur collection avec des chaussures haut de gamme tr\u00e8s demand\u00e9es, ces <strong>Mocassins en cuir<\/strong> repr\u00e9sentent une opportunit\u00e9 exceptionnelle. Nous proposons une quantit\u00e9 minimale de commande de seulement 8 paires, ce qui permet aux entreprises de s'approvisionner facilement en ces mod\u00e8les convoit\u00e9s dans une gamme compl\u00e8te de tailles allant du 39 au 45. Disponibles dans des teintes polyvalentes telles que le noir classique et le brun riche, ces <strong>Mocassins Premium Monk Strap<\/strong> sont propos\u00e9s \u00e0 un prix comp\u00e9titif en USD par paire pour les achats en gros. Avec un d\u00e9lai de livraison d'environ 12 jours plus les frais d'exp\u00e9dition, vous pouvez rapidement int\u00e9grer ces \u00e9l\u00e9gantes lunettes de soleil. <strong>Mocassins en cuir pour hommes<\/strong> dans votre inventaire et r\u00e9pondre aux besoins des clients qui recherchent \u00e0 la fois le luxe et la valeur.<\/p>","protected":false},"excerpt":{"rendered":"<ul>\n<li>Ext\u00e9rieur en cuir de veau de premi\u00e8re qualit\u00e9 pour un style sophistiqu\u00e9 et une grande durabilit\u00e9<\/li>\n<li>La doublure int\u00e9rieure en cuir de ch\u00e8vre luxueux assure un confort sup\u00e9rieur et une bonne respirabilit\u00e9.<\/li>\n<li>La semelle Microlight durable offre une excellente adh\u00e9rence et une grande l\u00e9g\u00e8ret\u00e9.<\/li>\n<li>El\u00e9gant bracelet monk avec une boucle \u00e9l\u00e9gante<\/li>\n<li>Disponible dans une large gamme de tailles allant de 39 \u00e0 45<\/li>\n<li>Quantit\u00e9 minimale de commande : 8 paires, id\u00e9al pour les partenariats en gros<\/li>\n<li>Prix de gros : USD par paire, offrant une valeur exceptionnelle<\/li>\n<\/ul>","protected":false},"featured_media":3601,"template":"","meta":{"_acf_changed":false,"_uag_custom_page_level_css":"","site-sidebar-layout":"default","site-content-layout":"","ast-site-content-layout":"default","site-content-style":"default","site-sidebar-style":"default","ast-global-header-display":"","ast-banner-title-visibility":"","ast-main-header-display":"","ast-hfb-above-header-display":"","ast-hfb-below-header-display":"","ast-hfb-mobile-header-display":"","site-post-title":"","ast-breadcrumbs-content":"","ast-featured-img":"","footer-sml-layout":"","ast-disable-related-posts":"","theme-transparent-header-meta":"default","adv-header-id-meta":"","stick-header-meta":"","header-above-stick-meta":"","header-main-stick-meta":"","header-below-stick-meta":"","astra-migrate-meta-layouts":"set","ast-page-background-enabled":"default","ast-page-background-meta":{"desktop":{"background-color":"var(--ast-global-color-4)","background-image":"","background-repeat":"repeat","background-position":"center center","background-size":"auto","background-attachment":"scroll","background-type":"","background-media":"","overlay-type":"","overlay-color":"","overlay-opacity":"","overlay-gradient":""},"tablet":{"background-color":"","background-image":"","background-repeat":"repeat","background-position":"center center","background-size":"auto","background-attachment":"scroll","background-type":"","background-media":"","overlay-type":"","overlay-color":"","overlay-opacity":"","overlay-gradient":""},"mobile":{"background-color":"","background-image":"","background-repeat":"repeat","background-position":"center center","background-size":"auto","background-attachment":"scroll","background-type":"","background-media":"","overlay-type":"","overlay-color":"","overlay-opacity":"","overlay-gradient":""}},"ast-content-background-meta":{"desktop":{"background-color":"var(--ast-global-color-5)","background-image":"","background-repeat":"repeat","background-position":"center center","background-size":"auto","background-attachment":"scroll","background-type":"","background-media":"","overlay-type":"","overlay-color":"","overlay-opacity":"","overlay-gradient":""},"tablet":{"background-color":"var(--ast-global-color-5)","background-image":"","background-repeat":"repeat","background-position":"center center","background-size":"auto","background-attachment":"scroll","background-type":"","background-media":"","overlay-type":"","overlay-color":"","overlay-opacity":"","overlay-gradient":""},"mobile":{"background-color":"var(--ast-global-color-5)","background-image":"","background-repeat":"repeat","background-position":"center center","background-size":"auto","background-attachment":"scroll","background-type":"","background-media":"","overlay-type":"","overlay-color":"","overlay-opacity":"","overlay-gradient":""}}},"product_brand":[],"product_cat":[47,430,40],"product_tag":[866,867,315,629,405,185,284,352,189,198,865,466,374,254],"class_list":{"0":"post-5348","1":"product","2":"type-product","3":"status-publish","4":"has-post-thumbnail","6":"product_cat-classic","7":"product_cat-men","8":"product_cat-mens-shoes","9":"product_tag-black-monk-loafers","10":"product_tag-brown-monk-loafers","11":"product_tag-buckle-loafers","12":"product_tag-bulk-order-shoes","13":"product_tag-business-shoes","14":"product_tag-calf-leather-shoes","15":"product_tag-dress-shoes","16":"product_tag-formal-loafers","17":"product_tag-goat-leather-lining","18":"product_tag-mens-fashion","19":"product_tag-mens-leather-monk-strap-loafers","20":"product_tag-microlight-sole","21":"product_tag-premium-loafers","22":"product_tag-wholesale-footwear","23":"desktop-align-center","24":"tablet-align-center","25":"mobile-align-center","27":"first","28":"instock","29":"shipping-taxable","30":"purchasable","31":"product-type-variable","32":"has-default-attributes"},"acf":[],"uagb_featured_image_src":{"full":["https:\/\/turkishtrade.co\/wp-content\/uploads\/2026\/01\/2400EJOMN00168-BROWN-Y_569.png",453,250,false],"thumbnail":["https:\/\/turkishtrade.co\/wp-content\/uploads\/2026\/01\/2400EJOMN00168-BROWN-Y_569-150x150.png",150,150,true],"medium":["https:\/\/turkishtrade.co\/wp-content\/uploads\/2026\/01\/2400EJOMN00168-BROWN-Y_569-300x166.png",300,166,true],"medium_large":["https:\/\/turkishtrade.co\/wp-content\/uploads\/2026\/01\/2400EJOMN00168-BROWN-Y_569.png",453,250,false],"large":["https:\/\/turkishtrade.co\/wp-content\/uploads\/2026\/01\/2400EJOMN00168-BROWN-Y_569.png",453,250,false],"1536x1536":["https:\/\/turkishtrade.co\/wp-content\/uploads\/2026\/01\/2400EJOMN00168-BROWN-Y_569.png",453,250,false],"2048x2048":["https:\/\/turkishtrade.co\/wp-content\/uploads\/2026\/01\/2400EJOMN00168-BROWN-Y_569.png",453,250,false],"trp-custom-language-flag":["https:\/\/turkishtrade.co\/wp-content\/uploads\/2026\/01\/2400EJOMN00168-BROWN-Y_569-18x10.png",18,10,true],"woocommerce_thumbnail":["https:\/\/turkishtrade.co\/wp-content\/uploads\/2026\/01\/2400EJOMN00168-BROWN-Y_569-400x250.png",400,250,true],"woocommerce_single":["https:\/\/turkishtrade.co\/wp-content\/uploads\/2026\/01\/2400EJOMN00168-BROWN-Y_569.png",453,250,false],"woocommerce_gallery_thumbnail":["https:\/\/turkishtrade.co\/wp-content\/uploads\/2026\/01\/2400EJOMN00168-BROWN-Y_569-100x100.png",100,100,true]},"uagb_author_info":{"display_name":"yaser olabi","author_link":"https:\/\/turkishtrade.co\/fr\/author\/"},"uagb_comment_info":0,"uagb_excerpt":"Premium Calf Leather exterior for sophisticated style and durability Luxurious Goat Leather interior lining ensures superior comfort and breathability Durable Microlight outsole provides excellent grip and lightweight wear Elegant monk strap design with a sleek buckle closure Available in a comprehensive size range from 39 to 45 Minimum order quantity: 8 pairs, ideal for wholesale\u2026","_links":{"self":[{"href":"https:\/\/turkishtrade.co\/fr\/wp-json\/wp\/v2\/product\/5348","targetHints":{"allow":["GET"]}}],"collection":[{"href":"https:\/\/turkishtrade.co\/fr\/wp-json\/wp\/v2\/product"}],"about":[{"href":"https:\/\/turkishtrade.co\/fr\/wp-json\/wp\/v2\/types\/product"}],"wp:featuredmedia":[{"embeddable":true,"href":"https:\/\/turkishtrade.co\/fr\/wp-json\/wp\/v2\/media\/3601"}],"wp:attachment":[{"href":"https:\/\/turkishtrade.co\/fr\/wp-json\/wp\/v2\/media?parent=5348"}],"wp:term":[{"taxonomy":"product_brand","embeddable":true,"href":"https:\/\/turkishtrade.co\/fr\/wp-json\/wp\/v2\/product_brand?post=5348"},{"taxonomy":"product_cat","embeddable":true,"href":"https:\/\/turkishtrade.co\/fr\/wp-json\/wp\/v2\/product_cat?post=5348"},{"taxonomy":"product_tag","embeddable":true,"href":"https:\/\/turkishtrade.co\/fr\/wp-json\/wp\/v2\/product_tag?post=5348"}],"curies":[{"name":"wp","href":"https:\/\/api.w.org\/{rel}","templated":true}]}}