{"id":5338,"date":"2026-01-14T11:44:47","date_gmt":"2026-01-14T11:44:47","guid":{"rendered":"https:\/\/turkishtrade.co\/product\/men-s-leather-slip-on-shoes\/"},"modified":"2026-04-09T19:37:10","modified_gmt":"2026-04-09T19:37:10","slug":"style-mens-leather-slip-on-shoes","status":"publish","type":"product","link":"https:\/\/turkishtrade.co\/fr\/shop\/style-mens-leather-slip-on-shoes\/","title":{"rendered":"Chaussures \u00e0 enfiler en cuir de veau de qualit\u00e9 sup\u00e9rieure pour hommes"},"content":{"rendered":"<p><strong>Chaussures en cuir pour hommes<\/strong><\/p>\n<p>\u00c9levez votre collection de chaussures gr\u00e2ce \u00e0 nos chaussures exquises. <strong>Chaussures en cuir pour hommes<\/strong>, Ces chaussures sont un m\u00e9lange parfait de style intemporel et de confort in\u00e9gal\u00e9. Con\u00e7ues pour le gentleman moderne, ces <strong>Chaussures en cuir pour hommes<\/strong> sont m\u00e9ticuleusement con\u00e7ues pour apporter une touche de sophistication en toute occasion. Que vous vous rendiez \u00e0 une r\u00e9union d'affaires, \u00e0 un \u00e9v\u00e9nement formel ou \u00e0 une rencontre d\u00e9contract\u00e9e, ces <strong>Chaussures en cuir pour hommes<\/strong> vous permettra de laisser une impression durable.<\/p>\n<h3>Une qualit\u00e9 et un savoir-faire in\u00e9gal\u00e9s<\/h3>\n<p>Chaque paire de ces \u00e9l\u00e9gants <strong>Chaussures en cuir pour hommes<\/strong> est rev\u00eatu d'un luxueux cuir de veau, qui lui conf\u00e8re une texture riche et une durabilit\u00e9 exceptionnelle. Le grain naturel du cuir de veau n'ajoute pas seulement \u00e0 son attrait esth\u00e9tique, mais garantit \u00e9galement que ces chaussures sont bien adapt\u00e9es \u00e0 la vie quotidienne. <strong>Chaussures en cuir pour hommes<\/strong> vieillira magnifiquement, d\u00e9veloppant une patine unique au fil du temps. \u00c0 l'int\u00e9rieur, vos pieds seront berc\u00e9s par la douce \u00e9treinte d'une doublure en cuir de ch\u00e8vre v\u00e9ritable, offrant une respirabilit\u00e9 et un confort sup\u00e9rieurs pour un usage prolong\u00e9. L'association judicieuse de ces cuirs de qualit\u00e9 sup\u00e9rieure fait de nos <strong>Chaussures en cuir pour hommes<\/strong> \u00e0 part.<\/p>\n<p>Le fondement de ces remarquables <strong>Chaussures en cuir pour hommes<\/strong> est notre semelle Microlight innovante. Cette technologie de semelle avanc\u00e9e offre une excellente adh\u00e9rence, une grande flexibilit\u00e9 et une l\u00e9g\u00e8ret\u00e9 remarquable, ce qui permet de faire chaque pas sans effort. Associ\u00e9es \u00e0 un talon de 1 \u00e0 3 cm, subtil mais qui apporte un soutien, ces chaussures offrent une posture et un confort optimaux sans sacrifier le style. Disponibles dans une gamme polyvalente de tailles allant de l'UE 39 \u00e0 45, vous trouverez la chaussure qui vous convient parfaitement parmi nos <strong>Chaussures en cuir pour hommes<\/strong> est simple.<\/p>\n<h3>Polyvalence et style pour toutes les occasions<\/h3>\n<p>Notre <strong>Chaussures en cuir pour hommes<\/strong> sont con\u00e7ues pour \u00eatre incroyablement polyvalentes. Leur silhouette \u00e9l\u00e9gante et leur design classique \u00e0 enfiler permettent de les associer \u00e0 toutes sortes de tenues, des costumes d'affaires aux pantalons et jeans d\u00e9contract\u00e9s. Choisissez entre le marine profond sophistiqu\u00e9 et le bordeaux riche, chacun ajoutant une touche distincte d'\u00e9l\u00e9gance \u00e0 votre garde-robe. Ces mod\u00e8les <strong>Chaussures en cuir pour hommes<\/strong> ne sont pas de simples chaussures, mais un investissement dans un style et une qualit\u00e9 durables qui en disent long sur vos go\u00fbts exigeants.<\/p>\n<p>Pour les entreprises et les d\u00e9taillants, nous proposons des options de vente en gros int\u00e9ressantes. Avec une commande minimum de 8 paires, vous pouvez stocker ces produits tr\u00e8s demand\u00e9s. <strong>Chaussures en cuir pour hommes<\/strong> pour votre client\u00e8le. Notre processus efficace garantit un d\u00e9lai de livraison de 12 jours seulement, plus les frais d'exp\u00e9dition, ce qui vous permet d'enrichir rapidement votre stock de chaussures de qualit\u00e9 sup\u00e9rieure. D\u00e9couvrez la fusion de l'artisanat traditionnel et du design moderne avec notre collection exquise de <strong>Chaussures en cuir pour hommes<\/strong>.<\/p>","protected":false},"excerpt":{"rendered":"<ul>\n<li><strong>Mat\u00e9riaux de premi\u00e8re qualit\u00e9 :<\/strong> Fabriqu\u00e9 en cuir de veau v\u00e9ritable \u00e0 l'ext\u00e9rieur et en cuir de ch\u00e8vre souple \u00e0 l'int\u00e9rieur pour un confort et une durabilit\u00e9 ultimes.<\/li>\n<li><strong>Design sophistiqu\u00e9 :<\/strong> Le style \u00e9l\u00e9gant des chaussures \u00e0 enfiler convient aussi bien aux occasions d'affaires d\u00e9contract\u00e9es qu'aux occasions formelles.<\/li>\n<li><strong>L\u00e9ger Confort :<\/strong> Dot\u00e9e d'une semelle Microlight durable et d'un talon subtil de 1 \u00e0 3 cm, elle se porte tout au long de la journ\u00e9e.<\/li>\n<li><strong>Tailles disponibles :<\/strong> Tailles UE 39, 40, 41, 42, 43, 44, 45.<\/li>\n<li><strong>Disponible en gros :<\/strong> Commande minimum de 8 paires avec un d\u00e9lai de livraison de 12 jours plus frais de port USD par paire.<\/li>\n<\/ul>","protected":false},"featured_media":3595,"template":"","meta":{"_acf_changed":false,"_uag_custom_page_level_css":"","site-sidebar-layout":"default","site-content-layout":"","ast-site-content-layout":"default","site-content-style":"default","site-sidebar-style":"default","ast-global-header-display":"","ast-banner-title-visibility":"","ast-main-header-display":"","ast-hfb-above-header-display":"","ast-hfb-below-header-display":"","ast-hfb-mobile-header-display":"","site-post-title":"","ast-breadcrumbs-content":"","ast-featured-img":"","footer-sml-layout":"","ast-disable-related-posts":"","theme-transparent-header-meta":"default","adv-header-id-meta":"","stick-header-meta":"","header-above-stick-meta":"","header-main-stick-meta":"","header-below-stick-meta":"","astra-migrate-meta-layouts":"set","ast-page-background-enabled":"default","ast-page-background-meta":{"desktop":{"background-color":"var(--ast-global-color-4)","background-image":"","background-repeat":"repeat","background-position":"center center","background-size":"auto","background-attachment":"scroll","background-type":"","background-media":"","overlay-type":"","overlay-color":"","overlay-opacity":"","overlay-gradient":""},"tablet":{"background-color":"","background-image":"","background-repeat":"repeat","background-position":"center center","background-size":"auto","background-attachment":"scroll","background-type":"","background-media":"","overlay-type":"","overlay-color":"","overlay-opacity":"","overlay-gradient":""},"mobile":{"background-color":"","background-image":"","background-repeat":"repeat","background-position":"center center","background-size":"auto","background-attachment":"scroll","background-type":"","background-media":"","overlay-type":"","overlay-color":"","overlay-opacity":"","overlay-gradient":""}},"ast-content-background-meta":{"desktop":{"background-color":"var(--ast-global-color-5)","background-image":"","background-repeat":"repeat","background-position":"center center","background-size":"auto","background-attachment":"scroll","background-type":"","background-media":"","overlay-type":"","overlay-color":"","overlay-opacity":"","overlay-gradient":""},"tablet":{"background-color":"var(--ast-global-color-5)","background-image":"","background-repeat":"repeat","background-position":"center center","background-size":"auto","background-attachment":"scroll","background-type":"","background-media":"","overlay-type":"","overlay-color":"","overlay-opacity":"","overlay-gradient":""},"mobile":{"background-color":"var(--ast-global-color-5)","background-image":"","background-repeat":"repeat","background-position":"center center","background-size":"auto","background-attachment":"scroll","background-type":"","background-media":"","overlay-type":"","overlay-color":"","overlay-opacity":"","overlay-gradient":""}}},"product_brand":[],"product_cat":[47,430,40],"product_tag":[859,200,202,284,201,437,215,198,466,557,406,184,350,254],"class_list":{"0":"post-5338","1":"product","2":"type-product","3":"status-publish","4":"has-post-thumbnail","6":"product_cat-classic","7":"product_cat-men","8":"product_cat-mens-shoes","9":"product_tag-burgundy-loafers","10":"product_tag-business-casual","11":"product_tag-calf-leather","12":"product_tag-dress-shoes","13":"product_tag-formal-footwear","14":"product_tag-goat-leather","15":"product_tag-leather-loafers","16":"product_tag-mens-fashion","17":"product_tag-microlight-sole","18":"product_tag-navy-loafers","19":"product_tag-premium-shoes","20":"product_tag-slip-on-shoes","21":"product_tag-stylish-mens-footwear","22":"product_tag-wholesale-footwear","23":"desktop-align-center","24":"tablet-align-center","25":"mobile-align-center","27":"first","28":"instock","29":"shipping-taxable","30":"purchasable","31":"product-type-variable","32":"has-default-attributes"},"acf":[],"uagb_featured_image_src":{"full":["https:\/\/turkishtrade.co\/wp-content\/uploads\/2026\/01\/2400EJOMN00164-DARK-BROWN-X_443.png",453,250,false],"thumbnail":["https:\/\/turkishtrade.co\/wp-content\/uploads\/2026\/01\/2400EJOMN00164-DARK-BROWN-X_443-150x150.png",150,150,true],"medium":["https:\/\/turkishtrade.co\/wp-content\/uploads\/2026\/01\/2400EJOMN00164-DARK-BROWN-X_443-300x166.png",300,166,true],"medium_large":["https:\/\/turkishtrade.co\/wp-content\/uploads\/2026\/01\/2400EJOMN00164-DARK-BROWN-X_443.png",453,250,false],"large":["https:\/\/turkishtrade.co\/wp-content\/uploads\/2026\/01\/2400EJOMN00164-DARK-BROWN-X_443.png",453,250,false],"1536x1536":["https:\/\/turkishtrade.co\/wp-content\/uploads\/2026\/01\/2400EJOMN00164-DARK-BROWN-X_443.png",453,250,false],"2048x2048":["https:\/\/turkishtrade.co\/wp-content\/uploads\/2026\/01\/2400EJOMN00164-DARK-BROWN-X_443.png",453,250,false],"trp-custom-language-flag":["https:\/\/turkishtrade.co\/wp-content\/uploads\/2026\/01\/2400EJOMN00164-DARK-BROWN-X_443-18x10.png",18,10,true],"woocommerce_thumbnail":["https:\/\/turkishtrade.co\/wp-content\/uploads\/2026\/01\/2400EJOMN00164-DARK-BROWN-X_443-400x250.png",400,250,true],"woocommerce_single":["https:\/\/turkishtrade.co\/wp-content\/uploads\/2026\/01\/2400EJOMN00164-DARK-BROWN-X_443.png",453,250,false],"woocommerce_gallery_thumbnail":["https:\/\/turkishtrade.co\/wp-content\/uploads\/2026\/01\/2400EJOMN00164-DARK-BROWN-X_443-100x100.png",100,100,true]},"uagb_author_info":{"display_name":"yaser olabi","author_link":"https:\/\/turkishtrade.co\/fr\/author\/"},"uagb_comment_info":0,"uagb_excerpt":"Premium Materials: Crafted with genuine calf leather exterior and soft goat leather interior for ultimate comfort and durability. Sophisticated Design: Elegant slip-on style suitable for business casual and formal occasions. Lightweight Comfort: Features a durable Microlight sole and a subtle 1-3cm heel for all-day wear. Available Sizes: EU sizes 39, 40, 41, 42, 43, 44,\u2026","_links":{"self":[{"href":"https:\/\/turkishtrade.co\/fr\/wp-json\/wp\/v2\/product\/5338","targetHints":{"allow":["GET"]}}],"collection":[{"href":"https:\/\/turkishtrade.co\/fr\/wp-json\/wp\/v2\/product"}],"about":[{"href":"https:\/\/turkishtrade.co\/fr\/wp-json\/wp\/v2\/types\/product"}],"wp:featuredmedia":[{"embeddable":true,"href":"https:\/\/turkishtrade.co\/fr\/wp-json\/wp\/v2\/media\/3595"}],"wp:attachment":[{"href":"https:\/\/turkishtrade.co\/fr\/wp-json\/wp\/v2\/media?parent=5338"}],"wp:term":[{"taxonomy":"product_brand","embeddable":true,"href":"https:\/\/turkishtrade.co\/fr\/wp-json\/wp\/v2\/product_brand?post=5338"},{"taxonomy":"product_cat","embeddable":true,"href":"https:\/\/turkishtrade.co\/fr\/wp-json\/wp\/v2\/product_cat?post=5338"},{"taxonomy":"product_tag","embeddable":true,"href":"https:\/\/turkishtrade.co\/fr\/wp-json\/wp\/v2\/product_tag?post=5338"}],"curies":[{"name":"wp","href":"https:\/\/api.w.org\/{rel}","templated":true}]}}