{"id":5334,"date":"2026-01-14T11:44:20","date_gmt":"2026-01-14T11:44:20","guid":{"rendered":"https:\/\/turkishtrade.co\/product\/men-s-leather-monk-strap-shoes\/"},"modified":"2026-04-09T19:37:19","modified_gmt":"2026-04-09T19:37:19","slug":"luxury-style-mens-leather-monk-strap-shoes","status":"publish","type":"product","link":"https:\/\/turkishtrade.co\/fr\/shop\/luxury-style-mens-leather-monk-strap-shoes\/","title":{"rendered":"Chaussures en cuir de veau de premi\u00e8re qualit\u00e9 pour hommes"},"content":{"rendered":"<p><strong>Chaussures en cuir pour hommes<\/strong><\/p>\n<p>Entrez dans une \u00e9l\u00e9gance et un confort in\u00e9gal\u00e9s gr\u00e2ce \u00e0 notre collection exquise d'articles d'habillement. <strong>chaussures en cuir pour hommes<\/strong>. Con\u00e7ues pour le gentleman exigeant, ces chaussures allient savoir-faire traditionnel et style contemporain, ce qui en fait un compl\u00e9ment indispensable \u00e0 toute garde-robe sophistiqu\u00e9e. Chaque paire est m\u00e9ticuleusement fabriqu\u00e9e pour offrir \u00e0 la fois une apparence saisissante et une portabilit\u00e9 exceptionnelle, pour que vous vous sentiez \u00e0 votre avantage de l'aube au cr\u00e9puscule.<\/p>\n<p>L'ext\u00e9rieur de ces chaussures \u00e0 lani\u00e8res de qualit\u00e9 sup\u00e9rieure est fabriqu\u00e9 en cuir de veau de haute qualit\u00e9, r\u00e9put\u00e9 pour sa texture souple, sa durabilit\u00e9 et sa capacit\u00e9 \u00e0 d\u00e9velopper une belle patine au fil du temps. Ce choix de mat\u00e9riau offre non seulement une sensation de luxe, mais aussi une promesse de long\u00e9vit\u00e9. L'ext\u00e9rieur robuste est compl\u00e9t\u00e9 par un int\u00e9rieur doubl\u00e9 de cuir de ch\u00e8vre souple et respirant, qui enveloppe le pied dans le confort et contribue \u00e0 maintenir un environnement interne sain, \u00e9vitant tout inconfort m\u00eame en cas de port prolong\u00e9. Le design raffin\u00e9 de la lani\u00e8re monacale, rehauss\u00e9 d'une boucle \u00e9l\u00e9gante, offre un ajustement s\u00fbr et ajoute une touche de sophistication classique qui conf\u00e8re \u00e0 ces chaussures un caract\u00e8re unique. <strong>chaussures en cuir pour hommes<\/strong> \u00e0 part.<\/p>\n<h3>Un confort et une polyvalence in\u00e9gal\u00e9s<\/h3>\n<p>Le confort est primordial dans notre philosophie de conception. Ces <strong>chaussures en cuir pour hommes<\/strong> sont dot\u00e9es d'une semelle Microlight innovante, connue pour sa l\u00e9g\u00e8ret\u00e9 et ses propri\u00e9t\u00e9s d'amortissement exceptionnelles. Cette technologie de pointe offre une absorption sup\u00e9rieure des chocs, r\u00e9duisant la fatigue et permettant de se d\u00e9placer sans effort tout au long de la journ\u00e9e. Avec un talon subtil de 1 \u00e0 3 cm, ces chaussures offrent juste ce qu'il faut de hauteur pour une silhouette raffin\u00e9e sans compromettre la stabilit\u00e9. Disponibles dans une large gamme de tailles allant du 39 au 45, il est facile de trouver la chaussure id\u00e9ale.<\/p>\n<p>Que vous vous rendiez \u00e0 une r\u00e9union d'affaires importante, \u00e0 un \u00e9v\u00e9nement formel ou \u00e0 une rencontre d\u00e9contract\u00e9e, ces chaussures sont incroyablement polyvalentes. Leur design \u00e9l\u00e9gant permet de passer d'une situation \u00e0 l'autre en toute transparence, ce qui en fait un choix id\u00e9al pour l'homme moderne qui accorde de l'importance au style et \u00e0 la fonctionnalit\u00e9. Disponibles dans les teintes intemporelles de noir, de marron riche et de marron fonc\u00e9, ces chaussures \u00e0 lani\u00e8res monk peuvent \u00eatre associ\u00e9es \u00e0 tout, du costume ajust\u00e9 au pantalon chino en passant par le blazer, et rehaussent instantan\u00e9ment votre ensemble.<\/p>\n<p>Pour les d\u00e9taillants et les entreprises, ces <strong>chaussures en cuir pour hommes<\/strong> sont disponibles pour les commandes en gros avec une quantit\u00e9 minimale de 8 paires. Chaque paire est propos\u00e9e au prix comp\u00e9titif de , ce qui repr\u00e9sente un excellent rapport qualit\u00e9-prix. Notre processus de production et de livraison efficace garantit que votre commande sera exp\u00e9di\u00e9e dans un d\u00e9lai de 12 jours, plus le temps d'exp\u00e9dition, ce qui vous permet de vous approvisionner rapidement en ce style recherch\u00e9. Investissez dans la qualit\u00e9, le confort et le style intemporel avec nos chaussures \u00e0 lani\u00e8res monk fabriqu\u00e9es de main de ma\u00eetre.<\/p>","protected":false},"excerpt":{"rendered":"<ul>\n<li><b>Mat\u00e9riaux exquis :<\/b> Fabriqu\u00e9 avec un ext\u00e9rieur en cuir de veau de premi\u00e8re qualit\u00e9 et une doublure en cuir de ch\u00e8vre souple.<\/li>\n<li><b>Une conception ax\u00e9e sur le confort :<\/b> Elle est dot\u00e9e d'une semelle l\u00e9g\u00e8re Microlight et d'un talon bas confortable de 1 \u00e0 3 cm.<\/li>\n<li><b>Style intemporel :<\/b> El\u00e9gant bracelet monk simple avec une fermeture \u00e0 boucle distinctive, disponible en noir classique, marron riche et marron fonc\u00e9 sophistiqu\u00e9.<\/li>\n<li><b>Taille polyvalente :<\/b> Disponible dans une large gamme de tailles allant de 39 \u00e0 45.<\/li>\n<li><b>Disponibilit\u00e9 en vrac :<\/b> Quantit\u00e9 minimale de commande de 8 paires.<\/li>\n<li><b>Prix de gros :<\/b> Prix comp\u00e9titifs par paire pour les commandes en gros.<\/li>\n<li><b>Livraison efficace :<\/b> Le d\u00e9lai de livraison est de 12 jours, plus le temps d'exp\u00e9dition.<\/li>\n<\/ul>","protected":false},"featured_media":3593,"template":"","meta":{"_acf_changed":false,"_uag_custom_page_level_css":"","site-sidebar-layout":"default","site-content-layout":"","ast-site-content-layout":"default","site-content-style":"default","site-sidebar-style":"default","ast-global-header-display":"","ast-banner-title-visibility":"","ast-main-header-display":"","ast-hfb-above-header-display":"","ast-hfb-below-header-display":"","ast-hfb-mobile-header-display":"","site-post-title":"","ast-breadcrumbs-content":"","ast-featured-img":"","footer-sml-layout":"","ast-disable-related-posts":"","theme-transparent-header-meta":"default","adv-header-id-meta":"","stick-header-meta":"","header-above-stick-meta":"","header-main-stick-meta":"","header-below-stick-meta":"","astra-migrate-meta-layouts":"set","ast-page-background-enabled":"default","ast-page-background-meta":{"desktop":{"background-color":"var(--ast-global-color-4)","background-image":"","background-repeat":"repeat","background-position":"center center","background-size":"auto","background-attachment":"scroll","background-type":"","background-media":"","overlay-type":"","overlay-color":"","overlay-opacity":"","overlay-gradient":""},"tablet":{"background-color":"","background-image":"","background-repeat":"repeat","background-position":"center center","background-size":"auto","background-attachment":"scroll","background-type":"","background-media":"","overlay-type":"","overlay-color":"","overlay-opacity":"","overlay-gradient":""},"mobile":{"background-color":"","background-image":"","background-repeat":"repeat","background-position":"center center","background-size":"auto","background-attachment":"scroll","background-type":"","background-media":"","overlay-type":"","overlay-color":"","overlay-opacity":"","overlay-gradient":""}},"ast-content-background-meta":{"desktop":{"background-color":"var(--ast-global-color-5)","background-image":"","background-repeat":"repeat","background-position":"center center","background-size":"auto","background-attachment":"scroll","background-type":"","background-media":"","overlay-type":"","overlay-color":"","overlay-opacity":"","overlay-gradient":""},"tablet":{"background-color":"var(--ast-global-color-5)","background-image":"","background-repeat":"repeat","background-position":"center center","background-size":"auto","background-attachment":"scroll","background-type":"","background-media":"","overlay-type":"","overlay-color":"","overlay-opacity":"","overlay-gradient":""},"mobile":{"background-color":"var(--ast-global-color-5)","background-image":"","background-repeat":"repeat","background-position":"center center","background-size":"auto","background-attachment":"scroll","background-type":"","background-media":"","overlay-type":"","overlay-color":"","overlay-opacity":"","overlay-gradient":""}}},"product_brand":[],"product_cat":[47,430,40],"product_tag":[605,218,391,202,408,284,251,437,450,227,217,198,466,404,858,210,281],"class_list":{"0":"post-5334","1":"product","2":"type-product","3":"status-publish","4":"has-post-thumbnail","6":"product_cat-classic","7":"product_cat-men","8":"product_cat-mens-shoes","9":"product_tag-black-shoes","10":"product_tag-brown-shoes","11":"product_tag-buckle-shoes","12":"product_tag-calf-leather","13":"product_tag-dark-brown-shoes","14":"product_tag-dress-shoes","15":"product_tag-formal-shoes","16":"product_tag-goat-leather","17":"product_tag-handcrafted-shoes","18":"product_tag-leather-shoes","19":"product_tag-luxury-footwear","20":"product_tag-mens-fashion","21":"product_tag-microlight-sole","22":"product_tag-monk-strap","23":"product_tag-single-monk","24":"product_tag-smart-casual","25":"product_tag-wholesale-shoes","26":"desktop-align-center","27":"tablet-align-center","28":"mobile-align-center","30":"first","31":"instock","32":"shipping-taxable","33":"purchasable","34":"product-type-variable","35":"has-default-attributes"},"acf":[],"uagb_featured_image_src":{"full":["https:\/\/turkishtrade.co\/wp-content\/uploads\/2026\/01\/2400EJOMN00163-DARK-BROWN-X_12590.png",453,250,false],"thumbnail":["https:\/\/turkishtrade.co\/wp-content\/uploads\/2026\/01\/2400EJOMN00163-DARK-BROWN-X_12590-150x150.png",150,150,true],"medium":["https:\/\/turkishtrade.co\/wp-content\/uploads\/2026\/01\/2400EJOMN00163-DARK-BROWN-X_12590-300x166.png",300,166,true],"medium_large":["https:\/\/turkishtrade.co\/wp-content\/uploads\/2026\/01\/2400EJOMN00163-DARK-BROWN-X_12590.png",453,250,false],"large":["https:\/\/turkishtrade.co\/wp-content\/uploads\/2026\/01\/2400EJOMN00163-DARK-BROWN-X_12590.png",453,250,false],"1536x1536":["https:\/\/turkishtrade.co\/wp-content\/uploads\/2026\/01\/2400EJOMN00163-DARK-BROWN-X_12590.png",453,250,false],"2048x2048":["https:\/\/turkishtrade.co\/wp-content\/uploads\/2026\/01\/2400EJOMN00163-DARK-BROWN-X_12590.png",453,250,false],"trp-custom-language-flag":["https:\/\/turkishtrade.co\/wp-content\/uploads\/2026\/01\/2400EJOMN00163-DARK-BROWN-X_12590-18x10.png",18,10,true],"woocommerce_thumbnail":["https:\/\/turkishtrade.co\/wp-content\/uploads\/2026\/01\/2400EJOMN00163-DARK-BROWN-X_12590-400x250.png",400,250,true],"woocommerce_single":["https:\/\/turkishtrade.co\/wp-content\/uploads\/2026\/01\/2400EJOMN00163-DARK-BROWN-X_12590.png",453,250,false],"woocommerce_gallery_thumbnail":["https:\/\/turkishtrade.co\/wp-content\/uploads\/2026\/01\/2400EJOMN00163-DARK-BROWN-X_12590-100x100.png",100,100,true]},"uagb_author_info":{"display_name":"yaser olabi","author_link":"https:\/\/turkishtrade.co\/fr\/author\/"},"uagb_comment_info":0,"uagb_excerpt":"Exquisite Materials: Crafted with premium calf leather exterior and soft goat leather lining. Comfort-Driven Design: Features a lightweight Microlight sole with a comfortable 1-3 cm low heel. Timeless Style: Elegant single monk strap with a distinctive buckle closure, available in classic black, rich brown, and sophisticated dark brown. Versatile Sizing: Available in a wide range\u2026","_links":{"self":[{"href":"https:\/\/turkishtrade.co\/fr\/wp-json\/wp\/v2\/product\/5334","targetHints":{"allow":["GET"]}}],"collection":[{"href":"https:\/\/turkishtrade.co\/fr\/wp-json\/wp\/v2\/product"}],"about":[{"href":"https:\/\/turkishtrade.co\/fr\/wp-json\/wp\/v2\/types\/product"}],"wp:featuredmedia":[{"embeddable":true,"href":"https:\/\/turkishtrade.co\/fr\/wp-json\/wp\/v2\/media\/3593"}],"wp:attachment":[{"href":"https:\/\/turkishtrade.co\/fr\/wp-json\/wp\/v2\/media?parent=5334"}],"wp:term":[{"taxonomy":"product_brand","embeddable":true,"href":"https:\/\/turkishtrade.co\/fr\/wp-json\/wp\/v2\/product_brand?post=5334"},{"taxonomy":"product_cat","embeddable":true,"href":"https:\/\/turkishtrade.co\/fr\/wp-json\/wp\/v2\/product_cat?post=5334"},{"taxonomy":"product_tag","embeddable":true,"href":"https:\/\/turkishtrade.co\/fr\/wp-json\/wp\/v2\/product_tag?post=5334"}],"curies":[{"name":"wp","href":"https:\/\/api.w.org\/{rel}","templated":true}]}}