{"id":5319,"date":"2026-01-14T11:41:57","date_gmt":"2026-01-14T11:41:57","guid":{"rendered":"https:\/\/turkishtrade.co\/product\/men-calf-leather-oxfords\/"},"modified":"2026-04-09T19:37:47","modified_gmt":"2026-04-09T19:37:47","slug":"mens-calf-leather-oxfords-premium","status":"publish","type":"product","link":"https:\/\/turkishtrade.co\/fr\/shop\/mens-calf-leather-oxfords-premium\/","title":{"rendered":"Chaussures habill\u00e9es \u00e9l\u00e9gantes en cuir de veau pour hommes"},"content":{"rendered":"<p><strong>Oxfords en cuir de veau pour hommes<\/strong><\/p>\n<p>Entrez dans une sophistication in\u00e9gal\u00e9e gr\u00e2ce \u00e0 nos magnifiques <strong>Oxfords en cuir de veau pour hommes<\/strong>. M\u00e9ticuleusement con\u00e7ues pour le gentleman exigeant, ces chaussures de ville incarnent l'\u00e9l\u00e9gance intemporelle et un confort sup\u00e9rieur. Que vous assistiez \u00e0 une r\u00e9union d'affaires importante, \u00e0 un \u00e9v\u00e9nement formel ou que vous cherchiez simplement \u00e0 rehausser votre tenue de tous les jours, ces Oxfords sont con\u00e7ues pour laisser une impression durable. Leur silhouette classique, associ\u00e9e \u00e0 des mat\u00e9riaux de qualit\u00e9 sup\u00e9rieure, vous permet de projeter une image de go\u00fbt raffin\u00e9 et d'assurance.<\/p>\n<h3>Un savoir-faire in\u00e9gal\u00e9 et des mat\u00e9riaux de premi\u00e8re qualit\u00e9<\/h3>\n<p>Chaque paire de nos <strong>Oxfords en cuir de veau pour hommes<\/strong> est un t\u00e9moignage de l'art exceptionnel de la cordonnerie. La surface ext\u00e9rieure est fabriqu\u00e9e en cuir de veau souple de qualit\u00e9 sup\u00e9rieure, r\u00e9put\u00e9 pour sa texture lisse, sa durabilit\u00e9 et sa capacit\u00e9 \u00e0 d\u00e9velopper une belle patine au fil du temps. \u00c0 l'int\u00e9rieur, vos pieds seront berc\u00e9s par une luxueuse doublure en cuir de ch\u00e8vre, offrant une respirabilit\u00e9 supr\u00eame et une forme de gant qui se moule \u00e0 votre pied pour un confort ultime tout au long de la journ\u00e9e. La semelle microlight innovante offre une excellente flexibilit\u00e9 et un soutien l\u00e9ger, garantissant que chaque pas est stable et sans effort, ce qui fait de ces chaussures un plaisir \u00e0 porter pendant de longues p\u00e9riodes.<\/p>\n<h3>Style intemporel et polyvalence<\/h3>\n<p>Ces chaussures Oxford classiques pr\u00e9sentent d'\u00e9l\u00e9gants d\u00e9tails en pointe et un broguage subtil, qui ajoutent une touche de charme traditionnel sans compromettre leur attrait \u00e9l\u00e9gant et moderne. La conception \u00e0 lacets assure un ajustement s\u00fbr et ajustable, tandis que la hauteur modeste du talon de 1 \u00e0 3 cm offre une \u00e9l\u00e9vation confortable convenant \u00e0 toutes les occasions. Disponibles dans une large gamme de pointures europ\u00e9ennes allant du 39 au 45, il est facile de trouver la chaussure id\u00e9ale. Nos <strong>Oxfords en cuir de veau pour hommes<\/strong> sont plus que de simples chaussures ; elles sont un investissement dans le style, le confort et la qualit\u00e9 durable.<\/p>\n<h3>Id\u00e9al pour les commandes en gros et en masse<\/h3>\n<p>Pour les d\u00e9taillants, les fournisseurs d'uniformes et tous ceux qui souhaitent faire bonne impression, ces chaussures oxfords de qualit\u00e9 sup\u00e9rieure sont disponibles pour les achats en gros. Avec une quantit\u00e9 minimale de commande de seulement 8 paires, vous pouvez facilement vous approvisionner en ces chaussures essentielles pour hommes. Nous offrons des prix comp\u00e9titifs pour les commandes en gros, ce qui garantit un excellent rapport qualit\u00e9-prix pour une fabrication de si haute qualit\u00e9. Comptez 12 jours pour la production, plus les frais d'exp\u00e9dition, pour recevoir votre commande de ces magnifiques chaussures. <strong>Oxfords en cuir de veau pour hommes<\/strong>.<\/p>\n<p>D\u00e9couvrez la fusion parfaite de la tradition et de l'innovation. Choisissez notre <strong>Oxfords en cuir de veau pour hommes<\/strong> pour une d\u00e9claration sophistiqu\u00e9e qui ne se d\u00e9mode jamais.<\/p>","protected":false},"excerpt":{"rendered":"<ul>\n<li>Tige en cuir de veau exquis<\/li>\n<li>Doublure en cuir de ch\u00e8vre luxueux pour un confort respirant<\/li>\n<li>Semelle Microlight innovante pour une flexibilit\u00e9 l\u00e9g\u00e8re<\/li>\n<li>Pointe de pied sophistiqu\u00e9e et ornementation brogue<\/li>\n<li>Talon bas confortable (1-3 cm)<\/li>\n<li>Disponible dans les tailles 39-45 de l'UE<\/li>\n<li>Quantit\u00e9 minimale de commande : 8 paires. Id\u00e9al pour les achats en gros et les opportunit\u00e9s de vente en gros.<\/li>\n<li>D\u00e9lai de livraison : 12 jours + frais de port.<\/li>\n<\/ul>","protected":false},"featured_media":3582,"template":"","meta":{"_acf_changed":false,"_uag_custom_page_level_css":"","site-sidebar-layout":"default","site-content-layout":"","ast-site-content-layout":"default","site-content-style":"default","site-sidebar-style":"default","ast-global-header-display":"","ast-banner-title-visibility":"","ast-main-header-display":"","ast-hfb-above-header-display":"","ast-hfb-below-header-display":"","ast-hfb-mobile-header-display":"","site-post-title":"","ast-breadcrumbs-content":"","ast-featured-img":"","footer-sml-layout":"","ast-disable-related-posts":"","theme-transparent-header-meta":"default","adv-header-id-meta":"","stick-header-meta":"","header-above-stick-meta":"","header-main-stick-meta":"","header-below-stick-meta":"","astra-migrate-meta-layouts":"set","ast-page-background-enabled":"default","ast-page-background-meta":{"desktop":{"background-color":"var(--ast-global-color-4)","background-image":"","background-repeat":"repeat","background-position":"center center","background-size":"auto","background-attachment":"scroll","background-type":"","background-media":"","overlay-type":"","overlay-color":"","overlay-opacity":"","overlay-gradient":""},"tablet":{"background-color":"","background-image":"","background-repeat":"repeat","background-position":"center center","background-size":"auto","background-attachment":"scroll","background-type":"","background-media":"","overlay-type":"","overlay-color":"","overlay-opacity":"","overlay-gradient":""},"mobile":{"background-color":"","background-image":"","background-repeat":"repeat","background-position":"center center","background-size":"auto","background-attachment":"scroll","background-type":"","background-media":"","overlay-type":"","overlay-color":"","overlay-opacity":"","overlay-gradient":""}},"ast-content-background-meta":{"desktop":{"background-color":"var(--ast-global-color-5)","background-image":"","background-repeat":"repeat","background-position":"center center","background-size":"auto","background-attachment":"scroll","background-type":"","background-media":"","overlay-type":"","overlay-color":"","overlay-opacity":"","overlay-gradient":""},"tablet":{"background-color":"var(--ast-global-color-5)","background-image":"","background-repeat":"repeat","background-position":"center center","background-size":"auto","background-attachment":"scroll","background-type":"","background-media":"","overlay-type":"","overlay-color":"","overlay-opacity":"","overlay-gradient":""},"mobile":{"background-color":"var(--ast-global-color-5)","background-image":"","background-repeat":"repeat","background-position":"center center","background-size":"auto","background-attachment":"scroll","background-type":"","background-media":"","overlay-type":"","overlay-color":"","overlay-opacity":"","overlay-gradient":""}}},"product_brand":[],"product_cat":[47,430,40],"product_tag":[654,405,458,251,189,450,535,852,466,204,250,633],"class_list":{"0":"post-5319","1":"product","2":"type-product","3":"status-publish","4":"has-post-thumbnail","6":"product_cat-classic","7":"product_cat-men","8":"product_cat-mens-shoes","9":"product_tag-brogue-shoes","10":"product_tag-business-shoes","11":"product_tag-cap-toe-shoes","12":"product_tag-formal-shoes","13":"product_tag-goat-leather-lining","14":"product_tag-handcrafted-shoes","15":"product_tag-leather-dress-shoes","16":"product_tag-mens-calf-leather-oxfords","17":"product_tag-microlight-sole","18":"product_tag-oxford-shoes","19":"product_tag-premium-leather","20":"product_tag-wholesale-dress-shoes","21":"desktop-align-center","22":"tablet-align-center","23":"mobile-align-center","25":"first","26":"instock","27":"shipping-taxable","28":"purchasable","29":"product-type-variable","30":"has-default-attributes"},"acf":[],"uagb_featured_image_src":{"full":["https:\/\/turkishtrade.co\/wp-content\/uploads\/2026\/01\/2400EJOMN00158-BROWN-X_74.png",453,250,false],"thumbnail":["https:\/\/turkishtrade.co\/wp-content\/uploads\/2026\/01\/2400EJOMN00158-BROWN-X_74-150x150.png",150,150,true],"medium":["https:\/\/turkishtrade.co\/wp-content\/uploads\/2026\/01\/2400EJOMN00158-BROWN-X_74-300x166.png",300,166,true],"medium_large":["https:\/\/turkishtrade.co\/wp-content\/uploads\/2026\/01\/2400EJOMN00158-BROWN-X_74.png",453,250,false],"large":["https:\/\/turkishtrade.co\/wp-content\/uploads\/2026\/01\/2400EJOMN00158-BROWN-X_74.png",453,250,false],"1536x1536":["https:\/\/turkishtrade.co\/wp-content\/uploads\/2026\/01\/2400EJOMN00158-BROWN-X_74.png",453,250,false],"2048x2048":["https:\/\/turkishtrade.co\/wp-content\/uploads\/2026\/01\/2400EJOMN00158-BROWN-X_74.png",453,250,false],"trp-custom-language-flag":["https:\/\/turkishtrade.co\/wp-content\/uploads\/2026\/01\/2400EJOMN00158-BROWN-X_74-18x10.png",18,10,true],"woocommerce_thumbnail":["https:\/\/turkishtrade.co\/wp-content\/uploads\/2026\/01\/2400EJOMN00158-BROWN-X_74-400x250.png",400,250,true],"woocommerce_single":["https:\/\/turkishtrade.co\/wp-content\/uploads\/2026\/01\/2400EJOMN00158-BROWN-X_74.png",453,250,false],"woocommerce_gallery_thumbnail":["https:\/\/turkishtrade.co\/wp-content\/uploads\/2026\/01\/2400EJOMN00158-BROWN-X_74-100x100.png",100,100,true]},"uagb_author_info":{"display_name":"yaser olabi","author_link":"https:\/\/turkishtrade.co\/fr\/author\/"},"uagb_comment_info":0,"uagb_excerpt":"Exquisite Calf Leather Upper Luxurious Goat Leather Lining for Breathable Comfort Innovative Microlight Sole for Lightweight Flexibility Sophisticated Cap Toe and Brogue Detailing Comfortable Low Heel (1-3 cm) Available in EU Sizes 39-45 Minimum Order Quantity: 8 pairs. Ideal for bulk purchases and wholesale opportunities. Delivery Time: 12 days + shipping.","_links":{"self":[{"href":"https:\/\/turkishtrade.co\/fr\/wp-json\/wp\/v2\/product\/5319","targetHints":{"allow":["GET"]}}],"collection":[{"href":"https:\/\/turkishtrade.co\/fr\/wp-json\/wp\/v2\/product"}],"about":[{"href":"https:\/\/turkishtrade.co\/fr\/wp-json\/wp\/v2\/types\/product"}],"wp:featuredmedia":[{"embeddable":true,"href":"https:\/\/turkishtrade.co\/fr\/wp-json\/wp\/v2\/media\/3582"}],"wp:attachment":[{"href":"https:\/\/turkishtrade.co\/fr\/wp-json\/wp\/v2\/media?parent=5319"}],"wp:term":[{"taxonomy":"product_brand","embeddable":true,"href":"https:\/\/turkishtrade.co\/fr\/wp-json\/wp\/v2\/product_brand?post=5319"},{"taxonomy":"product_cat","embeddable":true,"href":"https:\/\/turkishtrade.co\/fr\/wp-json\/wp\/v2\/product_cat?post=5319"},{"taxonomy":"product_tag","embeddable":true,"href":"https:\/\/turkishtrade.co\/fr\/wp-json\/wp\/v2\/product_tag?post=5319"}],"curies":[{"name":"wp","href":"https:\/\/api.w.org\/{rel}","templated":true}]}}