{"id":5315,"date":"2026-01-14T11:41:34","date_gmt":"2026-01-14T11:41:34","guid":{"rendered":"https:\/\/turkishtrade.co\/product\/premium-mens-monk-strap\/"},"modified":"2026-04-09T19:37:53","modified_gmt":"2026-04-09T19:37:53","slug":"premium-mens-monk-strap","status":"publish","type":"product","link":"https:\/\/turkishtrade.co\/fr\/shop\/premium-mens-monk-strap\/","title":{"rendered":"Chaussures en cuir de premi\u00e8re qualit\u00e9 pour hommes, fabriqu\u00e9es \u00e0 la main"},"content":{"rendered":"<p><strong>Premium Monk Strap pour hommes<\/strong><\/p>\n<p>Entrez dans l'\u00e9l\u00e9gance intemporelle avec notre <strong>Premium Monk Strap pour hommes<\/strong> Ces chaussures sont con\u00e7ues pour offrir un m\u00e9lange in\u00e9gal\u00e9 de sophistication, de confort et de durabilit\u00e9, ce qui en fait un compl\u00e9ment essentiel \u00e0 toute garde-robe exigeante. Ces chaussures de ville distingu\u00e9es sont con\u00e7ues pour offrir un m\u00e9lange in\u00e9gal\u00e9 de sophistication, de confort et de durabilit\u00e9, ce qui en fait un compl\u00e9ment essentiel \u00e0 toute garde-robe exigeante. Chaque paire refl\u00e8te un savoir-faire exceptionnel, depuis le choix de mat\u00e9riaux de qualit\u00e9 sup\u00e9rieure jusqu'\u00e0 la pr\u00e9cision de chaque point de couture.<\/p>\n<p><h3>Mat\u00e9riaux et confort in\u00e9gal\u00e9s<\/h3>\n<\/p>\n<p>L'aspect ext\u00e9rieur de ces <strong>chaussures \u00e0 lani\u00e8res pour hommes<\/strong> est fabriqu\u00e9 \u00e0 partir de cuir de veau souple de haute qualit\u00e9. R\u00e9put\u00e9 pour sa texture lisse, son \u00e9clat naturel et sa remarquable r\u00e9silience, le cuir de veau offre une finition luxueuse qui vieillit magnifiquement, d\u00e9veloppant une patine unique au fil du temps. Ce mat\u00e9riau de qualit\u00e9 sup\u00e9rieure garantit non seulement une apparence remarquable, mais aussi une respirabilit\u00e9 exceptionnelle et une longue dur\u00e9e de vie.<\/p>\n<p>En compl\u00e9ment de l'ext\u00e9rieur robuste, l'int\u00e9rieur est doubl\u00e9 d'un cuir de ch\u00e8vre incroyablement doux, offrant une \u00e9treinte douce et confortable \u00e0 vos pieds. Cette combinaison de cuirs assure un confort maximal, r\u00e9duisant les frottements et am\u00e9liorant l'exp\u00e9rience globale du port, m\u00eame pendant de longues p\u00e9riodes.<\/p>\n<p><h3>Con\u00e7u pour le style et la durabilit\u00e9<\/h3>\n<\/p>\n<p>Con\u00e7ues pour \u00eatre \u00e0 la fois \u00e9l\u00e9gantes et pratiques, ces chaussures \u00e0 lani\u00e8res monk sont dot\u00e9es d'une semelle Microlight durable. Cette technologie de semelle innovante offre une excellente adh\u00e9rence, une grande flexibilit\u00e9 et un confort l\u00e9ger, ce qui vous permet de vous d\u00e9placer avec confiance et facilit\u00e9. Le talon subtil de 1 \u00e0 3 cm ajoute une touche de sophistication classique sans compromettre la stabilit\u00e9.<\/p>\n<p>La boucle unique, caract\u00e9ristique du style monk strap, offre \u00e0 la fois une esth\u00e9tique \u00e9l\u00e9gante et un maintien s\u00fbr, ce qui rend ces chaussures suffisamment polyvalentes pour toute une s\u00e9rie d'occasions, des r\u00e9unions d'affaires formelles aux \u00e9v\u00e9nements d\u00e9contract\u00e9s \u00e9l\u00e9gants.<\/p>\n<p><h3>Votre paire parfaite vous attend<\/h3>\n<\/p>\n<p>Embrassez la tradition de la cordonnerie fine avec une touche contemporaine. Nos <strong>bracelet monk premium pour homme<\/strong> sont disponibles dans une large gamme de pointures allant du 39 au 45, ce qui garantit un ajustement parfait \u00e0 chaque client. Nous comprenons le besoin de qualit\u00e9 en quantit\u00e9, c'est pourquoi ces magnifiques chaussures sont disponibles \u00e0 l'achat en gros avec une commande minimum de 8 paires.<\/p>\n<p>Faites l'exp\u00e9rience de notre engagement \u00e0 l'excellence, livr\u00e9 \u00e0 vous avec un d\u00e9lai de 12 jours plus les frais d'exp\u00e9dition. Rehaussez votre collection de chaussures avec une paire qui incarne le luxe, l'artisanat et le style durable.<\/p>","protected":false},"excerpt":{"rendered":"<ul>\n<li>Fabriqu\u00e9 \u00e0 la main en cuir de veau de premi\u00e8re qualit\u00e9.<\/li>\n<li>Doublure int\u00e9rieure en cuir de ch\u00e8vre luxueux pour un confort ultime.<\/li>\n<li>Semelle Microlight durable pour une excellente adh\u00e9rence et une sensation de l\u00e9g\u00e8ret\u00e9.<\/li>\n<li>Talon \u00e9l\u00e9gant de 1 \u00e0 3 cm de hauteur pour une sophistication classique.<\/li>\n<li>Disponible en tailles 39, 40, 41, 42, 43, 44, 45.<\/li>\n<li><strong>Disponibilit\u00e9 en vrac :<\/strong> Commande minimum de 8 paires.<\/li>\n<li><strong>Livraison estim\u00e9e :<\/strong> 12 jours + frais de port.<\/li>\n<\/ul>","protected":false},"featured_media":3580,"template":"","meta":{"_acf_changed":false,"_uag_custom_page_level_css":"","site-sidebar-layout":"default","site-content-layout":"","ast-site-content-layout":"default","site-content-style":"default","site-sidebar-style":"default","ast-global-header-display":"","ast-banner-title-visibility":"","ast-main-header-display":"","ast-hfb-above-header-display":"","ast-hfb-below-header-display":"","ast-hfb-mobile-header-display":"","site-post-title":"","ast-breadcrumbs-content":"","ast-featured-img":"","footer-sml-layout":"","ast-disable-related-posts":"","theme-transparent-header-meta":"","adv-header-id-meta":"","stick-header-meta":"","header-above-stick-meta":"","header-main-stick-meta":"","header-below-stick-meta":"","astra-migrate-meta-layouts":"default","ast-page-background-enabled":"default","ast-page-background-meta":{"desktop":{"background-color":"var(--ast-global-color-4)","background-image":"","background-repeat":"repeat","background-position":"center center","background-size":"auto","background-attachment":"scroll","background-type":"","background-media":"","overlay-type":"","overlay-color":"","overlay-opacity":"","overlay-gradient":""},"tablet":{"background-color":"","background-image":"","background-repeat":"repeat","background-position":"center center","background-size":"auto","background-attachment":"scroll","background-type":"","background-media":"","overlay-type":"","overlay-color":"","overlay-opacity":"","overlay-gradient":""},"mobile":{"background-color":"","background-image":"","background-repeat":"repeat","background-position":"center center","background-size":"auto","background-attachment":"scroll","background-type":"","background-media":"","overlay-type":"","overlay-color":"","overlay-opacity":"","overlay-gradient":""}},"ast-content-background-meta":{"desktop":{"background-color":"var(--ast-global-color-5)","background-image":"","background-repeat":"repeat","background-position":"center center","background-size":"auto","background-attachment":"scroll","background-type":"","background-media":"","overlay-type":"","overlay-color":"","overlay-opacity":"","overlay-gradient":""},"tablet":{"background-color":"var(--ast-global-color-5)","background-image":"","background-repeat":"repeat","background-position":"center center","background-size":"auto","background-attachment":"scroll","background-type":"","background-media":"","overlay-type":"","overlay-color":"","overlay-opacity":"","overlay-gradient":""},"mobile":{"background-color":"var(--ast-global-color-5)","background-image":"","background-repeat":"repeat","background-position":"center center","background-size":"auto","background-attachment":"scroll","background-type":"","background-media":"","overlay-type":"","overlay-color":"","overlay-opacity":"","overlay-gradient":""}}},"product_brand":[],"product_cat":[47,430,40],"product_tag":[218,391,405,582,284,480,251,437,219,227,416,404,362],"class_list":{"0":"post-5315","1":"product","2":"type-product","3":"status-publish","4":"has-post-thumbnail","6":"product_cat-classic","7":"product_cat-men","8":"product_cat-mens-shoes","9":"product_tag-brown-shoes","10":"product_tag-buckle-shoes","11":"product_tag-business-shoes","12":"product_tag-calfskin","13":"product_tag-dress-shoes","14":"product_tag-elegant-shoes","15":"product_tag-formal-shoes","16":"product_tag-goat-leather","17":"product_tag-handmade-shoes","18":"product_tag-leather-shoes","19":"product_tag-luxury-shoes","20":"product_tag-monk-strap","21":"product_tag-premium-footwear","22":"desktop-align-center","23":"tablet-align-center","24":"mobile-align-center","26":"first","27":"instock","28":"shipping-taxable","29":"purchasable","30":"product-type-variable","31":"has-default-attributes"},"acf":[],"uagb_featured_image_src":{"full":["https:\/\/turkishtrade.co\/wp-content\/uploads\/2026\/01\/2400EJOMN00157-DARK-BROWN-Y_556.png",453,250,false],"thumbnail":["https:\/\/turkishtrade.co\/wp-content\/uploads\/2026\/01\/2400EJOMN00157-DARK-BROWN-Y_556-150x150.png",150,150,true],"medium":["https:\/\/turkishtrade.co\/wp-content\/uploads\/2026\/01\/2400EJOMN00157-DARK-BROWN-Y_556-300x166.png",300,166,true],"medium_large":["https:\/\/turkishtrade.co\/wp-content\/uploads\/2026\/01\/2400EJOMN00157-DARK-BROWN-Y_556.png",453,250,false],"large":["https:\/\/turkishtrade.co\/wp-content\/uploads\/2026\/01\/2400EJOMN00157-DARK-BROWN-Y_556.png",453,250,false],"1536x1536":["https:\/\/turkishtrade.co\/wp-content\/uploads\/2026\/01\/2400EJOMN00157-DARK-BROWN-Y_556.png",453,250,false],"2048x2048":["https:\/\/turkishtrade.co\/wp-content\/uploads\/2026\/01\/2400EJOMN00157-DARK-BROWN-Y_556.png",453,250,false],"trp-custom-language-flag":["https:\/\/turkishtrade.co\/wp-content\/uploads\/2026\/01\/2400EJOMN00157-DARK-BROWN-Y_556-18x10.png",18,10,true],"woocommerce_thumbnail":["https:\/\/turkishtrade.co\/wp-content\/uploads\/2026\/01\/2400EJOMN00157-DARK-BROWN-Y_556-400x250.png",400,250,true],"woocommerce_single":["https:\/\/turkishtrade.co\/wp-content\/uploads\/2026\/01\/2400EJOMN00157-DARK-BROWN-Y_556.png",453,250,false],"woocommerce_gallery_thumbnail":["https:\/\/turkishtrade.co\/wp-content\/uploads\/2026\/01\/2400EJOMN00157-DARK-BROWN-Y_556-100x100.png",100,100,true]},"uagb_author_info":{"display_name":"yaser olabi","author_link":"https:\/\/turkishtrade.co\/fr\/author\/"},"uagb_comment_info":0,"uagb_excerpt":"Handcrafted from premium Calfskin Leather exterior. Luxurious Goat Leather interior lining for ultimate comfort. Durable Microlight sole for excellent grip and lightweight feel. Elegant 1-3 cm heel height for classic sophistication. Available in sizes 39, 40, 41, 42, 43, 44, 45. Bulk Availability: Minimum order of 8 pairs. Estimated Delivery: 12 days + shipping.","_links":{"self":[{"href":"https:\/\/turkishtrade.co\/fr\/wp-json\/wp\/v2\/product\/5315","targetHints":{"allow":["GET"]}}],"collection":[{"href":"https:\/\/turkishtrade.co\/fr\/wp-json\/wp\/v2\/product"}],"about":[{"href":"https:\/\/turkishtrade.co\/fr\/wp-json\/wp\/v2\/types\/product"}],"wp:featuredmedia":[{"embeddable":true,"href":"https:\/\/turkishtrade.co\/fr\/wp-json\/wp\/v2\/media\/3580"}],"wp:attachment":[{"href":"https:\/\/turkishtrade.co\/fr\/wp-json\/wp\/v2\/media?parent=5315"}],"wp:term":[{"taxonomy":"product_brand","embeddable":true,"href":"https:\/\/turkishtrade.co\/fr\/wp-json\/wp\/v2\/product_brand?post=5315"},{"taxonomy":"product_cat","embeddable":true,"href":"https:\/\/turkishtrade.co\/fr\/wp-json\/wp\/v2\/product_cat?post=5315"},{"taxonomy":"product_tag","embeddable":true,"href":"https:\/\/turkishtrade.co\/fr\/wp-json\/wp\/v2\/product_tag?post=5315"}],"curies":[{"name":"wp","href":"https:\/\/api.w.org\/{rel}","templated":true}]}}