{"id":5310,"date":"2026-01-14T11:40:51","date_gmt":"2026-01-14T11:40:51","guid":{"rendered":"https:\/\/turkishtrade.co\/product\/mens-two-tone-monk-strap\/"},"modified":"2026-04-09T19:38:01","modified_gmt":"2026-04-09T19:38:01","slug":"mens-two-tone-monk-strap","status":"publish","type":"product","link":"https:\/\/turkishtrade.co\/fr\/shop\/mens-two-tone-monk-strap\/","title":{"rendered":"Chaussures \u00e9l\u00e9gantes en cuir de veau bicolore pour hommes"},"content":{"rendered":"<p><strong>Bracelet Monk bicolore pour hommes<\/strong><\/p>\n<p>Entrez dans un univers de style et de sophistication in\u00e9gal\u00e9s avec notre <strong>Chaussures \u00e9l\u00e9gantes en cuir de veau bicolore pour hommes<\/strong>. Con\u00e7ues pour le gentleman exigeant, ces chaussures ne sont pas seulement des chaussures, elles sont une d\u00e9claration de luxe et de go\u00fbt impeccable. Le design bicolore distinctif, m\u00ealant de riches bruns \u00e0 des accents plus sombres, conf\u00e8re \u00e0 ces chaussures un caract\u00e8re unique. <strong>Bracelet Monk bicolore pour hommes<\/strong> Les chaussures \u00e0 talon se distinguent des autres et deviennent le point de mire de tout ensemble.<\/p>\n<h3>Un savoir-faire sans compromis et des mat\u00e9riaux de premi\u00e8re qualit\u00e9<\/h3>\n<p>Chaque paire de ces chaussures exquises t\u00e9moigne d'un savoir-faire sup\u00e9rieur. L'ext\u00e9rieur est m\u00e9ticuleusement fa\u00e7onn\u00e9 en cuir de veau de premi\u00e8re qualit\u00e9, connu pour sa texture souple, sa durabilit\u00e9 et sa capacit\u00e9 \u00e0 d\u00e9velopper une belle patine au fil du temps. Cette surface ext\u00e9rieure de haute qualit\u00e9 garantit non seulement la long\u00e9vit\u00e9 du sac, mais lui conf\u00e8re \u00e9galement un aspect et un toucher luxueux. En compl\u00e9ment de l'ext\u00e9rieur robuste, l'int\u00e9rieur est doubl\u00e9 d'une peau de ch\u00e8vre somptueusement douce, offrant une respirabilit\u00e9 et un confort exceptionnels qui bercent vos pieds tout au long de la journ\u00e9e.<\/p>\n<p>Le fondement de ces remarquables <strong>Bracelet Monk bicolore pour hommes<\/strong> est une semelle Microlight, con\u00e7ue pour une flexibilit\u00e9 l\u00e9g\u00e8re et une excellente adh\u00e9rence. Cette technologie innovante assure un confort \u00e0 chaque pas, ce qui en fait la chaussure id\u00e9ale pour un usage prolong\u00e9. Un talon subtil de 1 \u00e0 3 cm ajoute une touche d'\u00e9l\u00e9gance classique et un soutien ergonomique, parfait pour les \u00e9v\u00e9nements formels, les r\u00e9unions d'affaires ou les sorties d\u00e9contract\u00e9es sophistiqu\u00e9es.<\/p>\n<h3>Un style polyvalent pour toutes les occasions<\/h3>\n<p>La fermeture classique \u00e0 une seule lani\u00e8re de moine permet non seulement de s\u00e9curiser la chaussure avec une \u00e9l\u00e9gance discr\u00e8te, mais aussi d'ajouter \u00e0 son attrait intemporel. Le m\u00e9lange sophistiqu\u00e9 des couleurs de ces <strong>Bracelet Monk bicolore pour hommes<\/strong> les rend incroyablement polyvalentes. Associez-les \u00e0 un costume cintr\u00e9 pour un look professionnel \u00e9l\u00e9gant, habillez-les d'un pantalon chino et d'un blazer pour des \u00e9v\u00e9nements d\u00e9contract\u00e9s, ou portez-les avec un jean fonc\u00e9 pour un style week-end raffin\u00e9. Avec des tailles allant du 39 au 45, il est facile de trouver la chaussure id\u00e9ale.<\/p>\n<h3>Qualit\u00e9 et valeur pour les commandes en gros<\/h3>\n<p>Nous comprenons les besoins des d\u00e9taillants et de ceux qui recherchent la qualit\u00e9 en quantit\u00e9. Nous <strong>Bracelet Monk bicolore pour hommes<\/strong> sont disponibles pour des achats en gros, avec une commande minimum de 8 paires. Cela vous permet d'offrir \u00e0 vos clients des chaussures de qualit\u00e9 sup\u00e9rieure qui allient luxe, confort et style durable. Profitez de prix de gros comp\u00e9titifs \u00e0 seulement USD par paire (pour les mod\u00e8les autres que les bottes). Nous garantissons un processus simplifi\u00e9 avec un d\u00e9lai de livraison de 12 jours plus les frais d'exp\u00e9dition, afin que vous puissiez planifier vos stocks en toute confiance. Rehaussez votre collection avec ces chaussures exceptionnelles. <strong>Bracelet Monk bicolore pour hommes<\/strong> un investissement dans la qualit\u00e9 et la mode intemporelle.<\/p>","protected":false},"excerpt":{"rendered":"<ul>\n<li><b>Mati\u00e8re exquise :<\/b> Surface ext\u00e9rieure en cuir de veau luxueux, doublure int\u00e9rieure en cuir de ch\u00e8vre doux pour un confort sup\u00e9rieur et une meilleure respirabilit\u00e9.<\/li>\n<li><b>Design sophistiqu\u00e9 :<\/b> Elle pr\u00e9sente une finition bicolore distinctive et une fermeture monk classique, parfaite pour les tenues formelles et d\u00e9contract\u00e9es.<\/li>\n<li><b>Semelle confortable :<\/b> \u00c9quip\u00e9e d'une semelle Microlight l\u00e9g\u00e8re pour une flexibilit\u00e9 accrue et un confort tout au long de la journ\u00e9e.<\/li>\n<li><b>Hauteur de talon id\u00e9ale :<\/b> Le talon subtil de 1 \u00e0 3 cm offre une \u00e9l\u00e9gante portance sans compromettre la stabilit\u00e9.<\/li>\n<li><b>Tailles disponibles :<\/b> Propos\u00e9 dans une gamme compl\u00e8te de tailles allant de 39 \u00e0 45 (UE).<\/li>\n<li><b>Disponibilit\u00e9 en gros :<\/b> Une commande minimum de 8 paires vous permet de vous approvisionner en chaussures Monk Strap bicolores de qualit\u00e9 sup\u00e9rieure pour hommes.<\/li>\n<li><b>Livraison :<\/b> Les commandes sont trait\u00e9es dans un d\u00e9lai de 12 jours, plus les frais d'exp\u00e9dition.<\/li>\n<li><b>Prix comp\u00e9titifs :<\/b> Prix en USD par paire pour les commandes en gros (non-boot styles).<\/li>\n<\/ul>","protected":false},"featured_media":3576,"template":"","meta":{"_acf_changed":false,"_uag_custom_page_level_css":"","site-sidebar-layout":"default","site-content-layout":"","ast-site-content-layout":"default","site-content-style":"default","site-sidebar-style":"default","ast-global-header-display":"","ast-banner-title-visibility":"","ast-main-header-display":"","ast-hfb-above-header-display":"","ast-hfb-below-header-display":"","ast-hfb-mobile-header-display":"","site-post-title":"","ast-breadcrumbs-content":"","ast-featured-img":"","footer-sml-layout":"","ast-disable-related-posts":"","theme-transparent-header-meta":"default","adv-header-id-meta":"","stick-header-meta":"","header-above-stick-meta":"","header-main-stick-meta":"","header-below-stick-meta":"","astra-migrate-meta-layouts":"set","ast-page-background-enabled":"default","ast-page-background-meta":{"desktop":{"background-color":"var(--ast-global-color-4)","background-image":"","background-repeat":"repeat","background-position":"center center","background-size":"auto","background-attachment":"scroll","background-type":"","background-media":"","overlay-type":"","overlay-color":"","overlay-opacity":"","overlay-gradient":""},"tablet":{"background-color":"","background-image":"","background-repeat":"repeat","background-position":"center center","background-size":"auto","background-attachment":"scroll","background-type":"","background-media":"","overlay-type":"","overlay-color":"","overlay-opacity":"","overlay-gradient":""},"mobile":{"background-color":"","background-image":"","background-repeat":"repeat","background-position":"center center","background-size":"auto","background-attachment":"scroll","background-type":"","background-media":"","overlay-type":"","overlay-color":"","overlay-opacity":"","overlay-gradient":""}},"ast-content-background-meta":{"desktop":{"background-color":"var(--ast-global-color-5)","background-image":"","background-repeat":"repeat","background-position":"center center","background-size":"auto","background-attachment":"scroll","background-type":"","background-media":"","overlay-type":"","overlay-color":"","overlay-opacity":"","overlay-gradient":""},"tablet":{"background-color":"var(--ast-global-color-5)","background-image":"","background-repeat":"repeat","background-position":"center center","background-size":"auto","background-attachment":"scroll","background-type":"","background-media":"","overlay-type":"","overlay-color":"","overlay-opacity":"","overlay-gradient":""},"mobile":{"background-color":"var(--ast-global-color-5)","background-image":"","background-repeat":"repeat","background-position":"center center","background-size":"auto","background-attachment":"scroll","background-type":"","background-media":"","overlay-type":"","overlay-color":"","overlay-opacity":"","overlay-gradient":""}}},"product_brand":[],"product_cat":[47,430,40],"product_tag":[218,405,582,284,480,251,583,219,227,217,198,466,404,210,846,281],"class_list":{"0":"post-5310","1":"product","2":"type-product","3":"status-publish","4":"has-post-thumbnail","6":"product_cat-classic","7":"product_cat-men","8":"product_cat-mens-shoes","9":"product_tag-brown-shoes","10":"product_tag-business-shoes","11":"product_tag-calfskin","12":"product_tag-dress-shoes","13":"product_tag-elegant-shoes","14":"product_tag-formal-shoes","15":"product_tag-goatskin","16":"product_tag-handmade-shoes","17":"product_tag-leather-shoes","18":"product_tag-luxury-footwear","19":"product_tag-mens-fashion","20":"product_tag-microlight-sole","21":"product_tag-monk-strap","22":"product_tag-smart-casual","23":"product_tag-two-tone","24":"product_tag-wholesale-shoes","25":"desktop-align-center","26":"tablet-align-center","27":"mobile-align-center","29":"first","30":"instock","31":"shipping-taxable","32":"purchasable","33":"product-type-variable","34":"has-default-attributes"},"acf":[],"uagb_featured_image_src":{"full":["https:\/\/turkishtrade.co\/wp-content\/uploads\/2026\/01\/2400EJOMN00155-BROWN-X_12584.png",453,250,false],"thumbnail":["https:\/\/turkishtrade.co\/wp-content\/uploads\/2026\/01\/2400EJOMN00155-BROWN-X_12584-150x150.png",150,150,true],"medium":["https:\/\/turkishtrade.co\/wp-content\/uploads\/2026\/01\/2400EJOMN00155-BROWN-X_12584-300x166.png",300,166,true],"medium_large":["https:\/\/turkishtrade.co\/wp-content\/uploads\/2026\/01\/2400EJOMN00155-BROWN-X_12584.png",453,250,false],"large":["https:\/\/turkishtrade.co\/wp-content\/uploads\/2026\/01\/2400EJOMN00155-BROWN-X_12584.png",453,250,false],"1536x1536":["https:\/\/turkishtrade.co\/wp-content\/uploads\/2026\/01\/2400EJOMN00155-BROWN-X_12584.png",453,250,false],"2048x2048":["https:\/\/turkishtrade.co\/wp-content\/uploads\/2026\/01\/2400EJOMN00155-BROWN-X_12584.png",453,250,false],"trp-custom-language-flag":["https:\/\/turkishtrade.co\/wp-content\/uploads\/2026\/01\/2400EJOMN00155-BROWN-X_12584-18x10.png",18,10,true],"woocommerce_thumbnail":["https:\/\/turkishtrade.co\/wp-content\/uploads\/2026\/01\/2400EJOMN00155-BROWN-X_12584-400x250.png",400,250,true],"woocommerce_single":["https:\/\/turkishtrade.co\/wp-content\/uploads\/2026\/01\/2400EJOMN00155-BROWN-X_12584.png",453,250,false],"woocommerce_gallery_thumbnail":["https:\/\/turkishtrade.co\/wp-content\/uploads\/2026\/01\/2400EJOMN00155-BROWN-X_12584-100x100.png",100,100,true]},"uagb_author_info":{"display_name":"yaser olabi","author_link":"https:\/\/turkishtrade.co\/fr\/author\/"},"uagb_comment_info":0,"uagb_excerpt":"Exquisite Material: Outer surface crafted from luxurious calfskin, inner lining from soft goatskin for superior comfort and breathability. Sophisticated Design: Features a distinctive two-tone finish and a classic monk strap closure, perfect for both formal and smart-casual attire. Comfortable Sole: Equipped with a lightweight Microlight sole for enhanced flexibility and all-day comfort. Ideal Heel Height:\u2026","_links":{"self":[{"href":"https:\/\/turkishtrade.co\/fr\/wp-json\/wp\/v2\/product\/5310","targetHints":{"allow":["GET"]}}],"collection":[{"href":"https:\/\/turkishtrade.co\/fr\/wp-json\/wp\/v2\/product"}],"about":[{"href":"https:\/\/turkishtrade.co\/fr\/wp-json\/wp\/v2\/types\/product"}],"wp:featuredmedia":[{"embeddable":true,"href":"https:\/\/turkishtrade.co\/fr\/wp-json\/wp\/v2\/media\/3576"}],"wp:attachment":[{"href":"https:\/\/turkishtrade.co\/fr\/wp-json\/wp\/v2\/media?parent=5310"}],"wp:term":[{"taxonomy":"product_brand","embeddable":true,"href":"https:\/\/turkishtrade.co\/fr\/wp-json\/wp\/v2\/product_brand?post=5310"},{"taxonomy":"product_cat","embeddable":true,"href":"https:\/\/turkishtrade.co\/fr\/wp-json\/wp\/v2\/product_cat?post=5310"},{"taxonomy":"product_tag","embeddable":true,"href":"https:\/\/turkishtrade.co\/fr\/wp-json\/wp\/v2\/product_tag?post=5310"}],"curies":[{"name":"wp","href":"https:\/\/api.w.org\/{rel}","templated":true}]}}