{"id":5305,"date":"2026-01-14T11:40:06","date_gmt":"2026-01-14T11:40:06","guid":{"rendered":"https:\/\/turkishtrade.co\/product\/men-two-tone-leather-derby\/"},"modified":"2026-04-09T19:38:13","modified_gmt":"2026-04-09T19:38:13","slug":"mens-two-tone-leather-derby-dress-shoes","status":"publish","type":"product","link":"https:\/\/turkishtrade.co\/fr\/shop\/mens-two-tone-leather-derby-dress-shoes\/","title":{"rendered":"El\u00e9gantes chaussures derby en cuir bicolore pour hommes avec d\u00e9tails gaufr\u00e9s en crocodile"},"content":{"rendered":"<p><strong>Derby en cuir bicolore pour hommes<\/strong><\/p>\n<p>\u00c9levez votre collection de chaussures gr\u00e2ce \u00e0 nos chaussures exquises. <b>Derby en cuir bicolore pour hommes<\/b> un chef-d'\u0153uvre de design et de confort. Ces chaussures exceptionnelles <b>Derby en cuir bicolore pour hommes<\/b> sont plus qu'un simple accessoire ; elles sont l'expression d'un go\u00fbt sophistiqu\u00e9 et d'un style exigeant. Chaque paire est m\u00e9ticuleusement fabriqu\u00e9e pour offrir une \u00e9l\u00e9gance et une durabilit\u00e9 in\u00e9gal\u00e9es, ce qui en fait un compl\u00e9ment essentiel \u00e0 la garde-robe de tout gentleman.<\/p>\n<p>Notre <b>Derby en cuir bicolore pour hommes<\/b> se distinguent par leur m\u00e9lange distinctif de mat\u00e9riaux de qualit\u00e9 sup\u00e9rieure et de d\u00e9tails complexes. L'ext\u00e9rieur est fabriqu\u00e9 en cuir de veau luxueux, connu pour sa texture lisse et sa qualit\u00e9 r\u00e9sistante, ce qui garantit un aspect soign\u00e9 qui dure. En compl\u00e9ment, l'empeigne est orn\u00e9e d'un panneau unique en crocodile, qui ajoute une touche d'exotisme et de profondeur visuelle. Ce design bicolore bien pens\u00e9, associ\u00e9 aux perforations brogue classiques, cr\u00e9e une esth\u00e9tique dynamique \u00e0 la fois intemporelle et contemporaine. Ces chaussures uniques <b>Derby en cuir bicolore pour hommes<\/b> incarnent v\u00e9ritablement le luxe.<\/p>\n<h3>Un confort in\u00e9gal\u00e9 et une qualit\u00e9 de fabrication sup\u00e9rieure<\/h3>\n<p>Profitez d'un confort sup\u00e9rieur gr\u00e2ce \u00e0 un int\u00e9rieur enti\u00e8rement doubl\u00e9 de cuir de ch\u00e8vre souple. Ce mat\u00e9riau respirant et souple se moule \u00e0 votre pied, offrant un ajustement personnalis\u00e9 et r\u00e9duisant la fatigue, m\u00eame pendant les longues journ\u00e9es. La base de ces chaussures exceptionnelles est le cuir de ch\u00e8vre. <b>Derby en cuir bicolore pour hommes<\/b> est une semelle Microlight, con\u00e7ue pour une flexibilit\u00e9 l\u00e9g\u00e8re et une excellente traction. Cette conception innovante de la semelle assure une foul\u00e9e confortable, ce qui rend ces chaussures tr\u00e8s agr\u00e9ables \u00e0 porter. <b>Derby en cuir bicolore pour hommes<\/b> chaussures id\u00e9ales pour les engagements professionnels et les occasions sp\u00e9ciales.<\/p>\n<p>Con\u00e7ues avec un talon de 1 \u00e0 3 cm, subtil mais percutant, ces chaussures ont \u00e9t\u00e9 con\u00e7ues pour \u00eatre port\u00e9es par des enfants de moins de 18 ans. <b>Derby en cuir bicolore pour hommes<\/b> offrent une posture raffin\u00e9e sans compromis sur le confort. Disponibles dans une gamme compl\u00e8te de pointures allant du 39 au 45, nous garantissons un ajustement parfait \u00e0 chaque client exigeant. L'artisanat m\u00e9ticuleux s'\u00e9tend \u00e0 chaque point, refl\u00e9tant un engagement de qualit\u00e9 qui se manifeste dans chaque courbe et chaque contour de ces chaussures fines. <b>Derby en cuir bicolore pour hommes<\/b> chaussures.<\/p>\n<h3>Un style polyvalent pour toutes les occasions<\/h3>\n<p>Que vous assistiez \u00e0 un \u00e9v\u00e9nement formel, que vous alliez au bureau ou que vous cherchiez simplement \u00e0 rehausser votre tenue de tous les jours, ces <b>Derby en cuir bicolore pour hommes<\/b> offrent une polyvalence remarquable. Associez ces superbes <b>Derby en cuir bicolore pour hommes<\/b> Ces chaussures peuvent \u00eatre port\u00e9es avec un costume ajust\u00e9 pour une allure professionnelle, ou avec un pantalon chino pour un ensemble \u00e9l\u00e9gant et d\u00e9contract\u00e9. Les riches teintes marron fonc\u00e9 de ces <b>Derby en cuir bicolore pour hommes<\/b> offrent une palette polyvalente qui s'harmonise avec un large \u00e9ventail de couleurs et de styles.<\/p>\n<p>Investissez dans une paire de chaussures qui repr\u00e9sente vraiment le summum de la mode masculine et de la qualit\u00e9 durable. Nos <b>Derby en cuir bicolore pour hommes<\/b> ne sont pas de simples chaussures ; elles repr\u00e9sentent un investissement en termes de style, de confort et de savoir-faire qui vous servira pendant des ann\u00e9es. D\u00e9couvrez la diff\u00e9rence que font les mat\u00e9riaux de qualit\u00e9 sup\u00e9rieure et la conception experte de ces magnifiques chaussures. <b>Derby en cuir bicolore pour hommes<\/b> chaussures. L'opportunit\u00e9 de vente en gros de ces <b>Derby en cuir bicolore pour hommes<\/b> Les chaussures commencent \u00e0 partir d'une commande minimale de 8 paires, livr\u00e9es dans les 12 jours plus les frais d'exp\u00e9dition, ce qui offre une valeur exceptionnelle pour les achats en gros.<\/p>","protected":false},"excerpt":{"rendered":"<ul>\n<li>Fabriqu\u00e9 de mani\u00e8re experte avec un ext\u00e9rieur en cuir de veau de premi\u00e8re qualit\u00e9 et un int\u00e9rieur en cuir de ch\u00e8vre doux et perm\u00e9able \u00e0 l'air.<\/li>\n<li>Dot\u00e9e d'une semelle Microlight \u00e0 la fois durable et l\u00e9g\u00e8re pour un confort ultime et une excellente traction.<\/li>\n<li>Con\u00e7u avec un talon \u00e9l\u00e9gant de 1 \u00e0 3 cm de hauteur, parfait pour une posture raffin\u00e9e.<\/li>\n<li>Disponible dans une large gamme de tailles : 39, 40, 41, 42, 43, 44, 45.<\/li>\n<li>Quantit\u00e9 minimale de commande pour la vente en gros : 8 paires.<\/li>\n<li>D\u00e9lai de livraison estim\u00e9 : 12 jours + frais de port.<\/li>\n<li>Prix de gros comp\u00e9titif : USD par paire.<\/li>\n<\/ul>","protected":false},"featured_media":3573,"template":"","meta":{"_acf_changed":false,"_uag_custom_page_level_css":"","site-sidebar-layout":"default","site-content-layout":"","ast-site-content-layout":"default","site-content-style":"default","site-sidebar-style":"default","ast-global-header-display":"","ast-banner-title-visibility":"","ast-main-header-display":"","ast-hfb-above-header-display":"","ast-hfb-below-header-display":"","ast-hfb-mobile-header-display":"","site-post-title":"","ast-breadcrumbs-content":"","ast-featured-img":"","footer-sml-layout":"","ast-disable-related-posts":"","theme-transparent-header-meta":"default","adv-header-id-meta":"","stick-header-meta":"","header-above-stick-meta":"","header-main-stick-meta":"","header-below-stick-meta":"","astra-migrate-meta-layouts":"set","ast-page-background-enabled":"default","ast-page-background-meta":{"desktop":{"background-color":"var(--ast-global-color-4)","background-image":"","background-repeat":"repeat","background-position":"center center","background-size":"auto","background-attachment":"scroll","background-type":"","background-media":"","overlay-type":"","overlay-color":"","overlay-opacity":"","overlay-gradient":""},"tablet":{"background-color":"","background-image":"","background-repeat":"repeat","background-position":"center center","background-size":"auto","background-attachment":"scroll","background-type":"","background-media":"","overlay-type":"","overlay-color":"","overlay-opacity":"","overlay-gradient":""},"mobile":{"background-color":"","background-image":"","background-repeat":"repeat","background-position":"center center","background-size":"auto","background-attachment":"scroll","background-type":"","background-media":"","overlay-type":"","overlay-color":"","overlay-opacity":"","overlay-gradient":""}},"ast-content-background-meta":{"desktop":{"background-color":"var(--ast-global-color-5)","background-image":"","background-repeat":"repeat","background-position":"center center","background-size":"auto","background-attachment":"scroll","background-type":"","background-media":"","overlay-type":"","overlay-color":"","overlay-opacity":"","overlay-gradient":""},"tablet":{"background-color":"var(--ast-global-color-5)","background-image":"","background-repeat":"repeat","background-position":"center center","background-size":"auto","background-attachment":"scroll","background-type":"","background-media":"","overlay-type":"","overlay-color":"","overlay-opacity":"","overlay-gradient":""},"mobile":{"background-color":"var(--ast-global-color-5)","background-image":"","background-repeat":"repeat","background-position":"center center","background-size":"auto","background-attachment":"scroll","background-type":"","background-media":"","overlay-type":"","overlay-color":"","overlay-opacity":"","overlay-gradient":""}}},"product_brand":[],"product_cat":[47,430,40],"product_tag":[654,561,202,731,284,480,251,437,227,416,681,466,210,305],"class_list":{"0":"post-5305","1":"product","2":"type-product","3":"status-publish","4":"has-post-thumbnail","6":"product_cat-classic","7":"product_cat-men","8":"product_cat-mens-shoes","9":"product_tag-brogue-shoes","10":"product_tag-brown-derby","11":"product_tag-calf-leather","12":"product_tag-crocodile-embossed","13":"product_tag-dress-shoes","14":"product_tag-elegant-shoes","15":"product_tag-formal-shoes","16":"product_tag-goat-leather","17":"product_tag-leather-shoes","18":"product_tag-luxury-shoes","19":"product_tag-mens-derby","20":"product_tag-microlight-sole","21":"product_tag-smart-casual","22":"product_tag-two-tone-shoes","23":"desktop-align-center","24":"tablet-align-center","25":"mobile-align-center","27":"first","28":"instock","29":"shipping-taxable","30":"purchasable","31":"product-type-variable","32":"has-default-attributes"},"acf":[],"uagb_featured_image_src":{"full":["https:\/\/turkishtrade.co\/wp-content\/uploads\/2026\/01\/2400EJOMN00152-DARK-BROWN-X_872.png",453,250,false],"thumbnail":["https:\/\/turkishtrade.co\/wp-content\/uploads\/2026\/01\/2400EJOMN00152-DARK-BROWN-X_872-150x150.png",150,150,true],"medium":["https:\/\/turkishtrade.co\/wp-content\/uploads\/2026\/01\/2400EJOMN00152-DARK-BROWN-X_872-300x166.png",300,166,true],"medium_large":["https:\/\/turkishtrade.co\/wp-content\/uploads\/2026\/01\/2400EJOMN00152-DARK-BROWN-X_872.png",453,250,false],"large":["https:\/\/turkishtrade.co\/wp-content\/uploads\/2026\/01\/2400EJOMN00152-DARK-BROWN-X_872.png",453,250,false],"1536x1536":["https:\/\/turkishtrade.co\/wp-content\/uploads\/2026\/01\/2400EJOMN00152-DARK-BROWN-X_872.png",453,250,false],"2048x2048":["https:\/\/turkishtrade.co\/wp-content\/uploads\/2026\/01\/2400EJOMN00152-DARK-BROWN-X_872.png",453,250,false],"trp-custom-language-flag":["https:\/\/turkishtrade.co\/wp-content\/uploads\/2026\/01\/2400EJOMN00152-DARK-BROWN-X_872-18x10.png",18,10,true],"woocommerce_thumbnail":["https:\/\/turkishtrade.co\/wp-content\/uploads\/2026\/01\/2400EJOMN00152-DARK-BROWN-X_872-400x250.png",400,250,true],"woocommerce_single":["https:\/\/turkishtrade.co\/wp-content\/uploads\/2026\/01\/2400EJOMN00152-DARK-BROWN-X_872.png",453,250,false],"woocommerce_gallery_thumbnail":["https:\/\/turkishtrade.co\/wp-content\/uploads\/2026\/01\/2400EJOMN00152-DARK-BROWN-X_872-100x100.png",100,100,true]},"uagb_author_info":{"display_name":"yaser olabi","author_link":"https:\/\/turkishtrade.co\/fr\/author\/"},"uagb_comment_info":0,"uagb_excerpt":"Expertly crafted with a premium calf leather exterior and a soft, breathable goat leather interior. Features a durable yet lightweight Microlight sole for ultimate comfort and excellent traction. Designed with an elegant 1-3 cm heel height, perfect for a refined posture. Available in a comprehensive size range: 39, 40, 41, 42, 43, 44, 45. Minimum\u2026","_links":{"self":[{"href":"https:\/\/turkishtrade.co\/fr\/wp-json\/wp\/v2\/product\/5305","targetHints":{"allow":["GET"]}}],"collection":[{"href":"https:\/\/turkishtrade.co\/fr\/wp-json\/wp\/v2\/product"}],"about":[{"href":"https:\/\/turkishtrade.co\/fr\/wp-json\/wp\/v2\/types\/product"}],"wp:featuredmedia":[{"embeddable":true,"href":"https:\/\/turkishtrade.co\/fr\/wp-json\/wp\/v2\/media\/3573"}],"wp:attachment":[{"href":"https:\/\/turkishtrade.co\/fr\/wp-json\/wp\/v2\/media?parent=5305"}],"wp:term":[{"taxonomy":"product_brand","embeddable":true,"href":"https:\/\/turkishtrade.co\/fr\/wp-json\/wp\/v2\/product_brand?post=5305"},{"taxonomy":"product_cat","embeddable":true,"href":"https:\/\/turkishtrade.co\/fr\/wp-json\/wp\/v2\/product_cat?post=5305"},{"taxonomy":"product_tag","embeddable":true,"href":"https:\/\/turkishtrade.co\/fr\/wp-json\/wp\/v2\/product_tag?post=5305"}],"curies":[{"name":"wp","href":"https:\/\/api.w.org\/{rel}","templated":true}]}}