{"id":5302,"date":"2026-01-14T11:39:43","date_gmt":"2026-01-14T11:39:43","guid":{"rendered":"https:\/\/turkishtrade.co\/product\/men-leather-brogue-derby-shoes\/"},"modified":"2026-04-09T19:38:19","modified_gmt":"2026-04-09T19:38:19","slug":"mens-leather-brogue-derby-shoes","status":"publish","type":"product","link":"https:\/\/turkishtrade.co\/fr\/shop\/mens-leather-brogue-derby-shoes\/","title":{"rendered":"Chaussures \u00e9l\u00e9gantes de derby en cuir de veau pour hommes"},"content":{"rendered":"<p><strong>Chaussures de derby en cuir pour hommes<\/strong><\/p>\n<p>\u00c9levez votre collection de chaussures gr\u00e2ce \u00e0 nos chaussures exquises. <strong>Chaussures de derby en cuir pour hommes<\/strong>, Ces chaussures sont con\u00e7ues pour le gentleman moderne qui appr\u00e9cie \u00e0 la fois le style et la substance. Ces chaussures haut de gamme t\u00e9moignent d'un savoir-faire sup\u00e9rieur et d'un design intemporel, ce qui en fait un compl\u00e9ment indispensable \u00e0 tout ensemble formel ou d\u00e9contract\u00e9. Chaque paire de ces remarquables <strong>Chaussures de derby en cuir pour hommes<\/strong> est m\u00e9ticuleusement fabriqu\u00e9e pour garantir non seulement une apparence impeccable, mais aussi un confort et une durabilit\u00e9 in\u00e9gal\u00e9s. Investissez dans la qualit\u00e9 avec ces <strong>Chaussures de derby en cuir pour hommes<\/strong>.<\/p>\n<h3>Qualit\u00e9 et confort in\u00e9gal\u00e9s<\/h3>\n<p>L'aspect ext\u00e9rieur de ces <strong>Chaussures de derby en cuir pour hommes<\/strong> est fabriqu\u00e9 \u00e0 partir du cuir de veau le plus fin, r\u00e9put\u00e9 pour sa texture lisse, son \u00e9lasticit\u00e9 et sa finition \u00e9l\u00e9gante. Ce choix de mat\u00e9riau garantit que votre paire de <strong>Chaussures de derby en cuir pour hommes<\/strong> vieilliront gracieusement, d\u00e9veloppant au fil du temps une patine unique qui rehausse leur caract\u00e8re. L'ext\u00e9rieur robuste est compl\u00e9t\u00e9 par une somptueuse doublure int\u00e9rieure en cuir de ch\u00e8vre souple, qui offre une respirabilit\u00e9 exceptionnelle et une sensation de douceur contre le pied. Cette combinaison de cuirs de qualit\u00e9 sup\u00e9rieure garantit une exp\u00e9rience de port confortable, m\u00eame pendant des p\u00e9riodes prolong\u00e9es, ce qui fait de ces chaussures le mod\u00e8le id\u00e9al. <strong>Chaussures de derby en cuir pour hommes<\/strong> pour une utilisation tout au long de la journ\u00e9e.<\/p>\n<h3>Un design classique, des performances modernes<\/h3>\n<p>Dot\u00e9es de d\u00e9tails brogue distinctifs le long de l'embout et de l'empeigne, ces <strong>Chaussures de derby en cuir pour hommes<\/strong> d\u00e9gagent un charme classique tout en conservant un c\u00f4t\u00e9 contemporain. Le syst\u00e8me de la\u00e7age ouvert caract\u00e9ristique des derbys offre une esth\u00e9tique un peu plus d\u00e9contract\u00e9e mais toujours raffin\u00e9e par rapport aux oxfords, ce qui les rend incroyablement polyvalents. Que vous assistiez \u00e0 une r\u00e9union d'affaires, \u00e0 un \u00e9v\u00e9nement formel ou que vous profitiez simplement d'une soir\u00e9e sophistiqu\u00e9e, ces superbes chaussures derby vous permettront de vous sentir \u00e0 l'aise. <strong>Chaussures de derby en cuir pour hommes<\/strong> vous assurera une impression durable. Le talon subtil de 1 \u00e0 3 cm procure une \u00e9l\u00e9vation confortable, favorisant une meilleure posture sans compromettre la stabilit\u00e9, ce qui est parfait pour l'homme moderne \u00e0 la recherche de chaussures exceptionnelles. <strong>Chaussures de derby en cuir pour hommes<\/strong>.<\/p>\n<h3>Durabilit\u00e9 et l\u00e9g\u00e8ret\u00e9 gr\u00e2ce \u00e0 la semelle Microlight<\/h3>\n<p>Le design raffin\u00e9 s'appuie sur une semelle Microlight avanc\u00e9e, choisie pour ses propri\u00e9t\u00e9s de l\u00e9g\u00e8ret\u00e9 exceptionnelles et sa flexibilit\u00e9 sup\u00e9rieure. Cette technologie de semelle innovante offre une excellente absorption des chocs et une excellente adh\u00e9rence, permettant des mouvements sans effort et un confort tout au long de la journ\u00e9e. Contrairement aux semelles lourdes traditionnelles, la semelle Microlight garantit la l\u00e9g\u00e8ret\u00e9 et l'agilit\u00e9 de vos pas. <strong>Chaussures de derby en cuir pour hommes<\/strong> un choix pratique pour des modes de vie dynamiques. D\u00e9couvrez l'alliance parfaite de la tradition et de l'innovation avec notre <strong>Chaussures de derby en cuir pour hommes<\/strong>.<\/p>\n<h3>Opportunit\u00e9 de vente en gros<\/h3>\n<p>Pour les d\u00e9taillants et les entreprises \u00e0 la recherche de chaussures de haute qualit\u00e9, nos <strong>Chaussures de derby en cuir pour hommes<\/strong> sont disponibles \u00e0 l'achat en gros. Avec une quantit\u00e9 minimale de commande de 8 paires, vous pouvez facilement approvisionner votre stock avec ces mod\u00e8les recherch\u00e9s. Chaque commande est trait\u00e9e avec soin, avec un d\u00e9lai de livraison d'environ 12 jours plus l'exp\u00e9dition, ce qui garantit une livraison rapide de vos chaussures de qualit\u00e9 sup\u00e9rieure. Offrez \u00e0 vos clients l'\u00e9l\u00e9gance et la qualit\u00e9 qu'ils m\u00e9ritent avec ces chaussures magnifiquement fabriqu\u00e9es. <strong>Chaussures de derby en cuir pour hommes<\/strong>.<\/p>","protected":false},"excerpt":{"rendered":"<ul>\n<li><strong>Mat\u00e9riau ext\u00e9rieur :<\/strong> Cuir de veau de premi\u00e8re qualit\u00e9 pour une durabilit\u00e9 et une finition \u00e9l\u00e9gante<\/li>\n<li><strong>Doublure int\u00e9rieure :<\/strong> Cuir de ch\u00e8vre souple pour un confort sup\u00e9rieur et une meilleure respirabilit\u00e9<\/li>\n<li><strong>Type de semelle :<\/strong> Semelle l\u00e9g\u00e8re Microlight pour une meilleure flexibilit\u00e9 et une meilleure absorption des chocs<\/li>\n<li><strong>Hauteur du talon :<\/strong> Subtil 1-3 cm pour une posture et un confort optimaux<\/li>\n<li><strong>Tailles disponibles :<\/strong> UE 39-45 pour convenir \u00e0 un large \u00e9ventail de messieurs<\/li>\n<li><strong>Quantit\u00e9 minimale de commande :<\/strong> 8 paires (id\u00e9al pour les achats en gros)<\/li>\n<li><strong>D\u00e9lai d'ex\u00e9cution :<\/strong> Environ 12 jours + frais d'exp\u00e9dition pour une livraison dans les d\u00e9lais.<\/li>\n<\/ul>","protected":false},"featured_media":3572,"template":"","meta":{"_acf_changed":false,"_uag_custom_page_level_css":"","site-sidebar-layout":"default","site-content-layout":"","ast-site-content-layout":"default","site-content-style":"default","site-sidebar-style":"default","ast-global-header-display":"","ast-banner-title-visibility":"","ast-main-header-display":"","ast-hfb-above-header-display":"","ast-hfb-below-header-display":"","ast-hfb-mobile-header-display":"","site-post-title":"","ast-breadcrumbs-content":"","ast-featured-img":"","footer-sml-layout":"","ast-disable-related-posts":"","theme-transparent-header-meta":"default","adv-header-id-meta":"","stick-header-meta":"","header-above-stick-meta":"","header-main-stick-meta":"","header-below-stick-meta":"","astra-migrate-meta-layouts":"set","ast-page-background-enabled":"default","ast-page-background-meta":{"desktop":{"background-color":"var(--ast-global-color-4)","background-image":"","background-repeat":"repeat","background-position":"center center","background-size":"auto","background-attachment":"scroll","background-type":"","background-media":"","overlay-type":"","overlay-color":"","overlay-opacity":"","overlay-gradient":""},"tablet":{"background-color":"","background-image":"","background-repeat":"repeat","background-position":"center center","background-size":"auto","background-attachment":"scroll","background-type":"","background-media":"","overlay-type":"","overlay-color":"","overlay-opacity":"","overlay-gradient":""},"mobile":{"background-color":"","background-image":"","background-repeat":"repeat","background-position":"center center","background-size":"auto","background-attachment":"scroll","background-type":"","background-media":"","overlay-type":"","overlay-color":"","overlay-opacity":"","overlay-gradient":""}},"ast-content-background-meta":{"desktop":{"background-color":"var(--ast-global-color-5)","background-image":"","background-repeat":"repeat","background-position":"center center","background-size":"auto","background-attachment":"scroll","background-type":"","background-media":"","overlay-type":"","overlay-color":"","overlay-opacity":"","overlay-gradient":""},"tablet":{"background-color":"var(--ast-global-color-5)","background-image":"","background-repeat":"repeat","background-position":"center center","background-size":"auto","background-attachment":"scroll","background-type":"","background-media":"","overlay-type":"","overlay-color":"","overlay-opacity":"","overlay-gradient":""},"mobile":{"background-color":"var(--ast-global-color-5)","background-image":"","background-repeat":"repeat","background-position":"center center","background-size":"auto","background-attachment":"scroll","background-type":"","background-media":"","overlay-type":"","overlay-color":"","overlay-opacity":"","overlay-gradient":""}}},"product_brand":[],"product_cat":[47,430,40],"product_tag":[196,654,292,405,451,212,284,480,487,251,437,450,198,286,466,280,281],"class_list":{"0":"post-5302","1":"product","2":"type-product","3":"status-publish","4":"has-post-thumbnail","6":"product_cat-classic","7":"product_cat-men","8":"product_cat-mens-shoes","9":"product_tag-black-leather-shoes","10":"product_tag-brogue-shoes","11":"product_tag-brown-leather-shoes","12":"product_tag-business-shoes","13":"product_tag-calfskin-leather","14":"product_tag-derby-shoes","15":"product_tag-dress-shoes","16":"product_tag-elegant-shoes","17":"product_tag-footwear","18":"product_tag-formal-shoes","19":"product_tag-goat-leather","20":"product_tag-handcrafted-shoes","21":"product_tag-mens-fashion","22":"product_tag-mens-leather-shoes","23":"product_tag-microlight-sole","24":"product_tag-smart-casual-shoes","25":"product_tag-wholesale-shoes","26":"desktop-align-center","27":"tablet-align-center","28":"mobile-align-center","30":"first","31":"instock","32":"shipping-taxable","33":"purchasable","34":"product-type-variable","35":"has-default-attributes"},"acf":[],"uagb_featured_image_src":{"full":["https:\/\/turkishtrade.co\/wp-content\/uploads\/2026\/01\/2400EJOMN00151-DARK-BROWN-X_872.png",453,250,false],"thumbnail":["https:\/\/turkishtrade.co\/wp-content\/uploads\/2026\/01\/2400EJOMN00151-DARK-BROWN-X_872-150x150.png",150,150,true],"medium":["https:\/\/turkishtrade.co\/wp-content\/uploads\/2026\/01\/2400EJOMN00151-DARK-BROWN-X_872-300x166.png",300,166,true],"medium_large":["https:\/\/turkishtrade.co\/wp-content\/uploads\/2026\/01\/2400EJOMN00151-DARK-BROWN-X_872.png",453,250,false],"large":["https:\/\/turkishtrade.co\/wp-content\/uploads\/2026\/01\/2400EJOMN00151-DARK-BROWN-X_872.png",453,250,false],"1536x1536":["https:\/\/turkishtrade.co\/wp-content\/uploads\/2026\/01\/2400EJOMN00151-DARK-BROWN-X_872.png",453,250,false],"2048x2048":["https:\/\/turkishtrade.co\/wp-content\/uploads\/2026\/01\/2400EJOMN00151-DARK-BROWN-X_872.png",453,250,false],"trp-custom-language-flag":["https:\/\/turkishtrade.co\/wp-content\/uploads\/2026\/01\/2400EJOMN00151-DARK-BROWN-X_872-18x10.png",18,10,true],"woocommerce_thumbnail":["https:\/\/turkishtrade.co\/wp-content\/uploads\/2026\/01\/2400EJOMN00151-DARK-BROWN-X_872-400x250.png",400,250,true],"woocommerce_single":["https:\/\/turkishtrade.co\/wp-content\/uploads\/2026\/01\/2400EJOMN00151-DARK-BROWN-X_872.png",453,250,false],"woocommerce_gallery_thumbnail":["https:\/\/turkishtrade.co\/wp-content\/uploads\/2026\/01\/2400EJOMN00151-DARK-BROWN-X_872-100x100.png",100,100,true]},"uagb_author_info":{"display_name":"yaser olabi","author_link":"https:\/\/turkishtrade.co\/fr\/author\/"},"uagb_comment_info":0,"uagb_excerpt":"Outer Material: Premium Calfskin Leather for durability and a sleek finish Inner Lining: Soft Goat Leather for superior comfort and breathability Sole Type: Lightweight Microlight Sole for enhanced flexibility and shock absorption Heel Height: Subtle 1-3 cm for optimal posture and comfort Available Sizes: EU 39-45 to fit a wide range of gentlemen Minimum Order\u2026","_links":{"self":[{"href":"https:\/\/turkishtrade.co\/fr\/wp-json\/wp\/v2\/product\/5302","targetHints":{"allow":["GET"]}}],"collection":[{"href":"https:\/\/turkishtrade.co\/fr\/wp-json\/wp\/v2\/product"}],"about":[{"href":"https:\/\/turkishtrade.co\/fr\/wp-json\/wp\/v2\/types\/product"}],"wp:featuredmedia":[{"embeddable":true,"href":"https:\/\/turkishtrade.co\/fr\/wp-json\/wp\/v2\/media\/3572"}],"wp:attachment":[{"href":"https:\/\/turkishtrade.co\/fr\/wp-json\/wp\/v2\/media?parent=5302"}],"wp:term":[{"taxonomy":"product_brand","embeddable":true,"href":"https:\/\/turkishtrade.co\/fr\/wp-json\/wp\/v2\/product_brand?post=5302"},{"taxonomy":"product_cat","embeddable":true,"href":"https:\/\/turkishtrade.co\/fr\/wp-json\/wp\/v2\/product_cat?post=5302"},{"taxonomy":"product_tag","embeddable":true,"href":"https:\/\/turkishtrade.co\/fr\/wp-json\/wp\/v2\/product_tag?post=5302"}],"curies":[{"name":"wp","href":"https:\/\/api.w.org\/{rel}","templated":true}]}}