{"id":5300,"date":"2026-01-14T11:39:21","date_gmt":"2026-01-14T11:39:21","guid":{"rendered":"https:\/\/turkishtrade.co\/product\/men-s-leather-penny-loafers-2\/"},"modified":"2026-04-09T19:38:22","modified_gmt":"2026-04-09T19:38:22","slug":"premium-mens-leather-penny-loafers","status":"publish","type":"product","link":"https:\/\/turkishtrade.co\/fr\/shop\/premium-mens-leather-penny-loafers\/","title":{"rendered":"Mocassins en cuir Premium pour hommes"},"content":{"rendered":"<p><strong>Mocassins en cuir pour hommes<\/strong><\/p>\n<p>Entrez dans l'\u00e9l\u00e9gance intemporelle et le confort in\u00e9gal\u00e9 avec notre <strong>Mocassins en cuir Premium pour hommes<\/strong>. M\u00e9ticuleusement con\u00e7us pour l'homme exigeant, ces mocassins ne sont pas de simples chaussures ; ils sont l'expression d'un style sophistiqu\u00e9 et d'un savoir-faire artisanal. Chaque paire de ces mocassins exquis en cuir pour homme est un testament de qualit\u00e9, promettant de rehausser votre garde-robe en toute occasion, des r\u00e9unions d'affaires importantes aux rencontres sociales sophistiqu\u00e9es.<\/p>\n<p>Fabriqu\u00e9 \u00e0 partir des mat\u00e9riaux les plus nobles, l'ext\u00e9rieur de ces <strong>mocassins en cuir pour hommes<\/strong> est en cuir de veau de qualit\u00e9 sup\u00e9rieure. Connu pour sa texture lisse, sa durabilit\u00e9 et sa capacit\u00e9 \u00e0 d\u00e9velopper une belle patine au fil du temps, l'ext\u00e9rieur en cuir de veau garantit que ces chaussures ne dureront pas seulement, mais qu'elles deviendront aussi plus distinctives avec l'\u00e2ge. L'int\u00e9rieur est tout aussi impressionnant, doubl\u00e9 de cuir de ch\u00e8vre souple, offrant un confort et une respirabilit\u00e9 exceptionnels qui bercent vos pieds dans le luxe tout au long de la journ\u00e9e. Dites adieu \u00e0 l'inconfort et bonjour \u00e0 l'\u00e9l\u00e9gance durable gr\u00e2ce \u00e0 nos chaussures exceptionnelles. <strong>mocassins en cuir pour hommes<\/strong>.<\/p>\n<h3>Un confort in\u00e9gal\u00e9 et un design classique<\/h3>\n<p>Le fondement de ces remarquables <strong>mocassins en cuir pour hommes<\/strong> r\u00e9side dans sa semelle Microlight innovante. Con\u00e7ue pour une l\u00e9g\u00e8ret\u00e9 et une flexibilit\u00e9 sup\u00e9rieures, la semelle Microlight offre une excellente absorption des chocs et une bonne adh\u00e9rence sans compromettre la silhouette \u00e9l\u00e9gante de la chaussure. Cela garantit un confort tout au long de la journ\u00e9e, ce qui les rend parfaites pour celles qui sont constamment en mouvement. Le talon subtil de 1 \u00e0 3 cm ajoute une touche de raffinement tout en restant pratique \u00e0 porter. Que vous vous habilliez pour un \u00e9v\u00e9nement formel ou que vous recherchiez un look d\u00e9contract\u00e9 et raffin\u00e9, ces chaussures sont id\u00e9ales. <strong>mocassins haut de gamme pour hommes<\/strong> s'adaptent en continu \u00e0 vos besoins en mati\u00e8re de style.<\/p>\n<p>&nbsp;<\/p>","protected":false},"excerpt":{"rendered":"<ul>\n<li>Fabriqu\u00e9 \u00e0 la main en cuir de veau de premi\u00e8re qualit\u00e9 pour la durabilit\u00e9 et la brillance.<\/li>\n<li>La doublure int\u00e9rieure en cuir de ch\u00e8vre luxueux assure un confort et une respirabilit\u00e9 ultimes.<\/li>\n<li>\u00c9quip\u00e9e d'une semelle Microlight l\u00e9g\u00e8re et flexible pour une utilisation tout au long de la journ\u00e9e.<\/li>\n<li>Mocassins classiques, id\u00e9aux pour les occasions formelles et d\u00e9contract\u00e9es.<\/li>\n<li>Hauteur de talon subtile de 1 \u00e0 3 cm pour un profil raffin\u00e9.<\/li>\n<li>Disponible dans une large gamme de tailles allant de l'UE 39 \u00e0 45.<\/li>\n<li>Quantit\u00e9 minimale de commande de 8 paires disponible pour les achats en gros et en masse.<\/li>\n<li>D\u00e9lai de livraison estim\u00e9 : 12 jours + frais de port.<\/li>\n<\/ul>","protected":false},"featured_media":3570,"template":"","meta":{"_acf_changed":false,"_uag_custom_page_level_css":"","site-sidebar-layout":"default","site-content-layout":"","ast-site-content-layout":"default","site-content-style":"default","site-sidebar-style":"default","ast-global-header-display":"","ast-banner-title-visibility":"","ast-main-header-display":"","ast-hfb-above-header-display":"","ast-hfb-below-header-display":"","ast-hfb-mobile-header-display":"","site-post-title":"","ast-breadcrumbs-content":"","ast-featured-img":"","footer-sml-layout":"","ast-disable-related-posts":"","theme-transparent-header-meta":"default","adv-header-id-meta":"","stick-header-meta":"","header-above-stick-meta":"","header-main-stick-meta":"","header-below-stick-meta":"","astra-migrate-meta-layouts":"set","ast-page-background-enabled":"default","ast-page-background-meta":{"desktop":{"background-color":"var(--ast-global-color-4)","background-image":"","background-repeat":"repeat","background-position":"center center","background-size":"auto","background-attachment":"scroll","background-type":"","background-media":"","overlay-type":"","overlay-color":"","overlay-opacity":"","overlay-gradient":""},"tablet":{"background-color":"","background-image":"","background-repeat":"repeat","background-position":"center center","background-size":"auto","background-attachment":"scroll","background-type":"","background-media":"","overlay-type":"","overlay-color":"","overlay-opacity":"","overlay-gradient":""},"mobile":{"background-color":"","background-image":"","background-repeat":"repeat","background-position":"center center","background-size":"auto","background-attachment":"scroll","background-type":"","background-media":"","overlay-type":"","overlay-color":"","overlay-opacity":"","overlay-gradient":""}},"ast-content-background-meta":{"desktop":{"background-color":"var(--ast-global-color-5)","background-image":"","background-repeat":"repeat","background-position":"center center","background-size":"auto","background-attachment":"scroll","background-type":"","background-media":"","overlay-type":"","overlay-color":"","overlay-opacity":"","overlay-gradient":""},"tablet":{"background-color":"var(--ast-global-color-5)","background-image":"","background-repeat":"repeat","background-position":"center center","background-size":"auto","background-attachment":"scroll","background-type":"","background-media":"","overlay-type":"","overlay-color":"","overlay-opacity":"","overlay-gradient":""},"mobile":{"background-color":"var(--ast-global-color-5)","background-image":"","background-repeat":"repeat","background-position":"center center","background-size":"auto","background-attachment":"scroll","background-type":"","background-media":"","overlay-type":"","overlay-color":"","overlay-opacity":"","overlay-gradient":""}}},"product_brand":[],"product_cat":[47,430,40],"product_tag":[370,185,754,352,189,845,215,324,186,466,279,362,280,281],"class_list":{"0":"post-5300","1":"product","2":"type-product","3":"status-publish","4":"has-post-thumbnail","6":"product_cat-classic","7":"product_cat-men","8":"product_cat-mens-shoes","9":"product_tag-black-loafers","10":"product_tag-calf-leather-shoes","11":"product_tag-classic-mens-shoes","12":"product_tag-formal-loafers","13":"product_tag-goat-leather-lining","14":"product_tag-handmade-loafers","15":"product_tag-leather-loafers","16":"product_tag-mens-dress-shoes","17":"product_tag-mens-loafers","18":"product_tag-microlight-sole","19":"product_tag-penny-loafers","20":"product_tag-premium-footwear","21":"product_tag-smart-casual-shoes","22":"product_tag-wholesale-shoes","23":"desktop-align-center","24":"tablet-align-center","25":"mobile-align-center","27":"first","28":"instock","29":"shipping-taxable","30":"purchasable","31":"product-type-variable","32":"has-default-attributes"},"acf":[],"uagb_featured_image_src":{"full":["https:\/\/turkishtrade.co\/wp-content\/uploads\/2026\/01\/2400EJOMN00150-BLACK-DIKIS-B_10_3.png",453,250,false],"thumbnail":["https:\/\/turkishtrade.co\/wp-content\/uploads\/2026\/01\/2400EJOMN00150-BLACK-DIKIS-B_10_3-150x150.png",150,150,true],"medium":["https:\/\/turkishtrade.co\/wp-content\/uploads\/2026\/01\/2400EJOMN00150-BLACK-DIKIS-B_10_3-300x166.png",300,166,true],"medium_large":["https:\/\/turkishtrade.co\/wp-content\/uploads\/2026\/01\/2400EJOMN00150-BLACK-DIKIS-B_10_3.png",453,250,false],"large":["https:\/\/turkishtrade.co\/wp-content\/uploads\/2026\/01\/2400EJOMN00150-BLACK-DIKIS-B_10_3.png",453,250,false],"1536x1536":["https:\/\/turkishtrade.co\/wp-content\/uploads\/2026\/01\/2400EJOMN00150-BLACK-DIKIS-B_10_3.png",453,250,false],"2048x2048":["https:\/\/turkishtrade.co\/wp-content\/uploads\/2026\/01\/2400EJOMN00150-BLACK-DIKIS-B_10_3.png",453,250,false],"trp-custom-language-flag":["https:\/\/turkishtrade.co\/wp-content\/uploads\/2026\/01\/2400EJOMN00150-BLACK-DIKIS-B_10_3-18x10.png",18,10,true],"woocommerce_thumbnail":["https:\/\/turkishtrade.co\/wp-content\/uploads\/2026\/01\/2400EJOMN00150-BLACK-DIKIS-B_10_3-400x250.png",400,250,true],"woocommerce_single":["https:\/\/turkishtrade.co\/wp-content\/uploads\/2026\/01\/2400EJOMN00150-BLACK-DIKIS-B_10_3.png",453,250,false],"woocommerce_gallery_thumbnail":["https:\/\/turkishtrade.co\/wp-content\/uploads\/2026\/01\/2400EJOMN00150-BLACK-DIKIS-B_10_3-100x100.png",100,100,true]},"uagb_author_info":{"display_name":"yaser olabi","author_link":"https:\/\/turkishtrade.co\/fr\/author\/"},"uagb_comment_info":0,"uagb_excerpt":"Handcrafted from premium Calf Leather exterior for durability and shine. Luxurious Goat Leather interior lining ensures ultimate comfort and breathability. Equipped with a lightweight and flexible Microlight sole for all-day wear. Classic Penny Loafer design, ideal for both formal and smart-casual occasions. Subtle 1-3 cm heel height for a refined profile. Available in a comprehensive\u2026","_links":{"self":[{"href":"https:\/\/turkishtrade.co\/fr\/wp-json\/wp\/v2\/product\/5300","targetHints":{"allow":["GET"]}}],"collection":[{"href":"https:\/\/turkishtrade.co\/fr\/wp-json\/wp\/v2\/product"}],"about":[{"href":"https:\/\/turkishtrade.co\/fr\/wp-json\/wp\/v2\/types\/product"}],"wp:featuredmedia":[{"embeddable":true,"href":"https:\/\/turkishtrade.co\/fr\/wp-json\/wp\/v2\/media\/3570"}],"wp:attachment":[{"href":"https:\/\/turkishtrade.co\/fr\/wp-json\/wp\/v2\/media?parent=5300"}],"wp:term":[{"taxonomy":"product_brand","embeddable":true,"href":"https:\/\/turkishtrade.co\/fr\/wp-json\/wp\/v2\/product_brand?post=5300"},{"taxonomy":"product_cat","embeddable":true,"href":"https:\/\/turkishtrade.co\/fr\/wp-json\/wp\/v2\/product_cat?post=5300"},{"taxonomy":"product_tag","embeddable":true,"href":"https:\/\/turkishtrade.co\/fr\/wp-json\/wp\/v2\/product_tag?post=5300"}],"curies":[{"name":"wp","href":"https:\/\/api.w.org\/{rel}","templated":true}]}}