{"id":5298,"date":"2026-01-14T11:39:01","date_gmt":"2026-01-14T11:39:01","guid":{"rendered":"https:\/\/turkishtrade.co\/product\/mens-black-leather-loafers-3\/"},"modified":"2026-04-09T19:38:25","modified_gmt":"2026-04-09T19:38:25","slug":"mens-black-leather-loafers-3","status":"publish","type":"product","link":"https:\/\/turkishtrade.co\/fr\/shop\/mens-black-leather-loafers-3\/","title":{"rendered":"Mocassins de luxe en cuir de veau noir pour hommes"},"content":{"rendered":"<p><strong>Mocassins en cuir noir pour hommes<\/strong><\/p>\n<p>\u00c9levez votre collection de chaussures gr\u00e2ce \u00e0 nos chaussures exquises. <strong>Mocassins en cuir noir pour hommes<\/strong>, Ces mocassins sont un v\u00e9ritable t\u00e9moignage d'un style intemporel et d'un confort in\u00e9gal\u00e9. Con\u00e7us pour l'homme exigeant, ces mocassins sophistiqu\u00e9s allient harmonieusement l'esth\u00e9tique classique \u00e0 l'artisanat moderne. Chaque paire est m\u00e9ticuleusement fabriqu\u00e9e \u00e0 l'aide des mat\u00e9riaux les plus nobles, ce qui garantit non seulement une chaussure, mais aussi une exp\u00e9rience de luxe et de qualit\u00e9 durable. Ces mocassins polyvalents sont indispensables \u00e0 tous ceux qui cherchent \u00e0 combiner l'\u00e9l\u00e9gance et la facilit\u00e9 d'utilisation au quotidien, ce qui en fait la pierre angulaire de toute garde-robe sophistiqu\u00e9e.<\/p>\n<h3>Mat\u00e9riaux de premi\u00e8re qualit\u00e9 pour un confort et une durabilit\u00e9 sup\u00e9rieurs<\/h3>\n<p>Notre <strong>Mocassins en cuir noir pour hommes<\/strong> sont dot\u00e9es d'un ext\u00e9rieur luxueux en cuir de veau v\u00e9ritable. Ce cuir de qualit\u00e9 sup\u00e9rieure est r\u00e9put\u00e9 pour sa texture lisse, sa remarquable durabilit\u00e9 et sa capacit\u00e9 \u00e0 d\u00e9velopper une belle et riche patine au fil du temps, rendant chaque paire unique. \u00c0 l'int\u00e9rieur, vous d\u00e9couvrirez une doublure en cuir de ch\u00e8vre somptueusement souple, offrant un niveau exceptionnel de respirabilit\u00e9 et de confort qui bercera votre pied tout au long de la journ\u00e9e. Cette s\u00e9lection minutieuse des mat\u00e9riaux garantit une chaussure \u00e0 l'aspect magnifique et au toucher incroyable, du moment o\u00f9 vous l'enfilez jusqu'\u00e0 la fin d'une longue journ\u00e9e.<\/p>\n<p>La base de ces remarquables mocassins est leur semelle Microlight avanc\u00e9e. Con\u00e7ue pour une flexibilit\u00e9 l\u00e9g\u00e8re et une absorption sup\u00e9rieure des chocs, la semelle Microlight garantit des foul\u00e9es sans effort et une fatigue r\u00e9duite du pied. Compl\u00e9t\u00e9es par un talon subtil de 1 \u00e0 3 cm, ces mocassins ont \u00e9t\u00e9 con\u00e7us pour \u00eatre faciles \u00e0 porter. <strong>Mocassins en cuir noir pour hommes<\/strong> offrent l'\u00e9quilibre parfait entre une \u00e9l\u00e9vation discr\u00e8te et un soutien stable. Disponibles dans une gamme compl\u00e8te de tailles allant du 39 au 45, il est facile de trouver la taille id\u00e9ale, ce qui garantit le confort d'un large \u00e9ventail de clients exigeants.<\/p>\n<h3>Style polyvalent et possibilit\u00e9s exclusives de vente en gros<\/h3>\n<p>Que vous assistiez \u00e0 un \u00e9v\u00e9nement formel, que vous alliez au bureau ou que vous fassiez une sortie d\u00e9contract\u00e9e, ces mocassins en cuir noir sont votre compagnon id\u00e9al. Leur design \u00e9pur\u00e9 et leur bride classique en font des chaussures incroyablement polyvalentes, qui s'associent sans effort avec des costumes, des chinos ou des pantalons de tailleur. Plus que de simples chaussures, ils sont une d\u00e9claration d'\u00e9l\u00e9gance et d'assurance, incarnant la sophistication \u00e0 chaque pas. Ces mocassins en cuir noir pour homme sont con\u00e7us pour durer et conservent leur aspect impeccable m\u00eame s'ils sont port\u00e9s r\u00e9guli\u00e8rement.<\/p>\n<p>Pour les entreprises qui souhaitent offrir des chaussures haut de gamme \u00e0 leur client\u00e8le, nos <strong>Mocassins en cuir noir pour hommes<\/strong> sont disponibles \u00e0 l'achat en gros. Avec une quantit\u00e9 minimale de commande de seulement 8 paires, vous pouvez facilement vous approvisionner en ce style populaire et r\u00e9pondre \u00e0 la demande de chaussures en cuir de haute qualit\u00e9. Nous nous engageons \u00e0 fournir un service efficace, en assurant un d\u00e9lai de livraison de 12 jours plus les frais d'exp\u00e9dition, amenant ces mocassins exceptionnels directement \u00e0 votre porte. Chaque paire est vendue au prix comp\u00e9titif de USD pour les commandes en gros, ce qui repr\u00e9sente un rapport qualit\u00e9-prix exceptionnel pour une fabrication de si haute qualit\u00e9. Investissez dans des chaussures qui r\u00e9sistent \u00e0 l'\u00e9preuve du temps et de la mode avec notre collection distingu\u00e9e de mocassins en cuir noir pour hommes.<\/p>","protected":false},"excerpt":{"rendered":"<ul>\n<li>Fabriqu\u00e9 en cuir de veau de premi\u00e8re qualit\u00e9 \u00e0 l'ext\u00e9rieur et en cuir de ch\u00e8vre souple \u00e0 l'int\u00e9rieur.<\/li>\n<li>Semelle Microlight am\u00e9liorant le confort avec un talon raffin\u00e9 de 1 \u00e0 3 cm pour une \u00e9l\u00e9vation subtile.<\/li>\n<li>Disponible dans une large gamme de tailles : 39, 40, 41, 42, 43, 44, 45.<\/li>\n<li>Quantit\u00e9 minimale de commande : 8 paires, id\u00e9al pour la vente en gros.<\/li>\n<li>D\u00e9lai de livraison efficace : 12 jours plus les frais d'exp\u00e9dition.<\/li>\n<li>Prix de gros : USD par paire.<\/li>\n<\/ul>","protected":false},"featured_media":3569,"template":"","meta":{"_acf_changed":false,"_uag_custom_page_level_css":"","site-sidebar-layout":"default","site-content-layout":"","ast-site-content-layout":"default","site-content-style":"default","site-sidebar-style":"default","ast-global-header-display":"","ast-banner-title-visibility":"","ast-main-header-display":"","ast-hfb-above-header-display":"","ast-hfb-below-header-display":"","ast-hfb-mobile-header-display":"","site-post-title":"","ast-breadcrumbs-content":"","ast-featured-img":"","footer-sml-layout":"","ast-disable-related-posts":"","theme-transparent-header-meta":"default","adv-header-id-meta":"","stick-header-meta":"","header-above-stick-meta":"","header-main-stick-meta":"","header-below-stick-meta":"","astra-migrate-meta-layouts":"set","ast-page-background-enabled":"default","ast-page-background-meta":{"desktop":{"background-color":"var(--ast-global-color-4)","background-image":"","background-repeat":"repeat","background-position":"center center","background-size":"auto","background-attachment":"scroll","background-type":"","background-media":"","overlay-type":"","overlay-color":"","overlay-opacity":"","overlay-gradient":""},"tablet":{"background-color":"","background-image":"","background-repeat":"repeat","background-position":"center center","background-size":"auto","background-attachment":"scroll","background-type":"","background-media":"","overlay-type":"","overlay-color":"","overlay-opacity":"","overlay-gradient":""},"mobile":{"background-color":"","background-image":"","background-repeat":"repeat","background-position":"center center","background-size":"auto","background-attachment":"scroll","background-type":"","background-media":"","overlay-type":"","overlay-color":"","overlay-opacity":"","overlay-gradient":""}},"ast-content-background-meta":{"desktop":{"background-color":"var(--ast-global-color-5)","background-image":"","background-repeat":"repeat","background-position":"center center","background-size":"auto","background-attachment":"scroll","background-type":"","background-media":"","overlay-type":"","overlay-color":"","overlay-opacity":"","overlay-gradient":""},"tablet":{"background-color":"var(--ast-global-color-5)","background-image":"","background-repeat":"repeat","background-position":"center center","background-size":"auto","background-attachment":"scroll","background-type":"","background-media":"","overlay-type":"","overlay-color":"","overlay-opacity":"","overlay-gradient":""},"mobile":{"background-color":"var(--ast-global-color-5)","background-image":"","background-repeat":"repeat","background-position":"center center","background-size":"auto","background-attachment":"scroll","background-type":"","background-media":"","overlay-type":"","overlay-color":"","overlay-opacity":"","overlay-gradient":""}}},"product_brand":[],"product_cat":[47,430,40],"product_tag":[196,185,220,284,352,189,378,733,843,186,466,279,456,281],"class_list":{"0":"post-5298","1":"product","2":"type-product","3":"status-publish","4":"has-post-thumbnail","6":"product_cat-classic","7":"product_cat-men","8":"product_cat-mens-shoes","9":"product_tag-black-leather-shoes","10":"product_tag-calf-leather-shoes","11":"product_tag-comfortable-loafers","12":"product_tag-dress-shoes","13":"product_tag-formal-loafers","14":"product_tag-goat-leather-lining","15":"product_tag-luxury-mens-footwear","16":"product_tag-mens-black-leather-loafers","17":"product_tag-mens-classic-shoes","18":"product_tag-mens-loafers","19":"product_tag-microlight-sole","20":"product_tag-penny-loafers","21":"product_tag-wholesale-loafers","22":"product_tag-wholesale-shoes","23":"desktop-align-center","24":"tablet-align-center","25":"mobile-align-center","27":"first","28":"instock","29":"shipping-taxable","30":"purchasable","31":"product-type-variable","32":"has-default-attributes"},"acf":[],"uagb_featured_image_src":{"full":["https:\/\/turkishtrade.co\/wp-content\/uploads\/2026\/01\/2400EJOMN00149-BLACK-B_10_3.png",453,250,false],"thumbnail":["https:\/\/turkishtrade.co\/wp-content\/uploads\/2026\/01\/2400EJOMN00149-BLACK-B_10_3-150x150.png",150,150,true],"medium":["https:\/\/turkishtrade.co\/wp-content\/uploads\/2026\/01\/2400EJOMN00149-BLACK-B_10_3-300x166.png",300,166,true],"medium_large":["https:\/\/turkishtrade.co\/wp-content\/uploads\/2026\/01\/2400EJOMN00149-BLACK-B_10_3.png",453,250,false],"large":["https:\/\/turkishtrade.co\/wp-content\/uploads\/2026\/01\/2400EJOMN00149-BLACK-B_10_3.png",453,250,false],"1536x1536":["https:\/\/turkishtrade.co\/wp-content\/uploads\/2026\/01\/2400EJOMN00149-BLACK-B_10_3.png",453,250,false],"2048x2048":["https:\/\/turkishtrade.co\/wp-content\/uploads\/2026\/01\/2400EJOMN00149-BLACK-B_10_3.png",453,250,false],"trp-custom-language-flag":["https:\/\/turkishtrade.co\/wp-content\/uploads\/2026\/01\/2400EJOMN00149-BLACK-B_10_3-18x10.png",18,10,true],"woocommerce_thumbnail":["https:\/\/turkishtrade.co\/wp-content\/uploads\/2026\/01\/2400EJOMN00149-BLACK-B_10_3-400x250.png",400,250,true],"woocommerce_single":["https:\/\/turkishtrade.co\/wp-content\/uploads\/2026\/01\/2400EJOMN00149-BLACK-B_10_3.png",453,250,false],"woocommerce_gallery_thumbnail":["https:\/\/turkishtrade.co\/wp-content\/uploads\/2026\/01\/2400EJOMN00149-BLACK-B_10_3-100x100.png",100,100,true]},"uagb_author_info":{"display_name":"yaser olabi","author_link":"https:\/\/turkishtrade.co\/fr\/author\/"},"uagb_comment_info":0,"uagb_excerpt":"Crafted from premium Calf Leather exterior and soft Goat Leather interior. Comfort-enhancing Microlight sole with a refined 1-3 cm heel for subtle elevation. Available in a comprehensive range of sizes: 39, 40, 41, 42, 43, 44, 45. Minimum order quantity: 8 pairs, ideal for wholesale. Efficient delivery time: 12 days plus shipping. Wholesale Price: USD\u2026","_links":{"self":[{"href":"https:\/\/turkishtrade.co\/fr\/wp-json\/wp\/v2\/product\/5298","targetHints":{"allow":["GET"]}}],"collection":[{"href":"https:\/\/turkishtrade.co\/fr\/wp-json\/wp\/v2\/product"}],"about":[{"href":"https:\/\/turkishtrade.co\/fr\/wp-json\/wp\/v2\/types\/product"}],"wp:featuredmedia":[{"embeddable":true,"href":"https:\/\/turkishtrade.co\/fr\/wp-json\/wp\/v2\/media\/3569"}],"wp:attachment":[{"href":"https:\/\/turkishtrade.co\/fr\/wp-json\/wp\/v2\/media?parent=5298"}],"wp:term":[{"taxonomy":"product_brand","embeddable":true,"href":"https:\/\/turkishtrade.co\/fr\/wp-json\/wp\/v2\/product_brand?post=5298"},{"taxonomy":"product_cat","embeddable":true,"href":"https:\/\/turkishtrade.co\/fr\/wp-json\/wp\/v2\/product_cat?post=5298"},{"taxonomy":"product_tag","embeddable":true,"href":"https:\/\/turkishtrade.co\/fr\/wp-json\/wp\/v2\/product_tag?post=5298"}],"curies":[{"name":"wp","href":"https:\/\/api.w.org\/{rel}","templated":true}]}}