{"id":5292,"date":"2026-01-14T11:38:22","date_gmt":"2026-01-14T11:38:22","guid":{"rendered":"https:\/\/turkishtrade.co\/product\/mens-leather-derby-shoes-3\/"},"modified":"2026-04-09T19:38:36","modified_gmt":"2026-04-09T19:38:36","slug":"mens-leather-derby-shoes-3","status":"publish","type":"product","link":"https:\/\/turkishtrade.co\/fr\/shop\/mens-leather-derby-shoes-3\/","title":{"rendered":"Chaussures derby en cuir de veau \u00e0 bout arrondi pour hommes, fabriqu\u00e9es \u00e0 la main"},"content":{"rendered":"<p><strong>Chaussures derby en cuir pour hommes<\/strong><\/p>\n<p>Entrez dans une sophistication in\u00e9gal\u00e9e gr\u00e2ce \u00e0 notre collection exquise de <strong>chaussures derby en cuir pour hommes<\/strong>. M\u00e9ticuleusement fabriqu\u00e9s \u00e0 la main \u00e0 la perfection, ces produits de qualit\u00e9 sup\u00e9rieure ont \u00e9t\u00e9 con\u00e7us pour \u00eatre utilis\u00e9s dans le cadre d'un programme de formation. <strong>chaussures derby en cuir pour hommes<\/strong> allient \u00e9l\u00e9gance intemporelle et confort moderne, ce qui en fait un compl\u00e9ment indispensable \u00e0 la garde-robe de tout gentleman exigeant. Con\u00e7ues pour le style et la long\u00e9vit\u00e9, nos <strong>chaussures derby en cuir pour hommes<\/strong> sont parfaites pour une vari\u00e9t\u00e9 d'occasions, des r\u00e9unions d'affaires importantes aux rencontres sociales sophistiqu\u00e9es, d\u00e9finissant v\u00e9ritablement les chaussures pour hommes de qualit\u00e9 sup\u00e9rieure.<\/p>\n<p>Chaque paire de ces <strong>chaussures derby en cuir pour hommes<\/strong> se caract\u00e9rise par un ext\u00e9rieur luxueux en cuir de veau v\u00e9ritable, r\u00e9put\u00e9 pour sa texture lisse, sa durabilit\u00e9 et sa capacit\u00e9 \u00e0 vieillir en beaut\u00e9. L'int\u00e9rieur est doubl\u00e9 de cuir de ch\u00e8vre souple, offrant une respirabilit\u00e9 exceptionnelle et une coupe gant\u00e9e qui se moule \u00e0 votre pied au fil du temps, garantissant un confort maximal tout au long de la journ\u00e9e. La semelle ultral\u00e9g\u00e8re offre un excellent amorti et une grande souplesse, tandis que le talon subtil de 1 \u00e0 3 cm ajoute une touche d'\u00e9l\u00e9vation classique sans compromettre la stabilit\u00e9. Le design cap toe distinctif, compl\u00e9t\u00e9 par des d\u00e9tails brogue de bon go\u00fbt, rehausse l'attrait classique de ces chaussures. <strong>chaussures derby en cuir pour hommes<\/strong>.<\/p>\n<p>Notre engagement \u00e0 l'\u00e9gard de l'artisanat est \u00e9vident dans chaque point et chaque finition. <strong>chaussures derby en cuir pour hommes<\/strong> \u00e0 part. Des artisans qualifi\u00e9s fabriquent m\u00e9ticuleusement chaque paire \u00e0 la main, garantissant une pr\u00e9cision et une attention aux d\u00e9tails qui se traduisent par une chaussure d'une qualit\u00e9 exceptionnelle. Les finitions riches et nuanc\u00e9es, disponibles en bleu \u00e9l\u00e9gant et en marron classique, offrent des options polyvalentes pour compl\u00e9ter n'importe quelle tenue. Qu'elles soient associ\u00e9es \u00e0 un costume \u00e9l\u00e9gant pour un \u00e9v\u00e9nement formel ou \u00e0 un pantalon chino pour un look chic et d\u00e9contract\u00e9, ces chaussures sont id\u00e9ales pour les hommes et les femmes de tous \u00e2ges. <strong>chaussures derby en cuir pour hommes<\/strong> rehausser votre style sans effort. D\u00e9couvrez la fusion parfaite entre les techniques traditionnelles de fabrication de chaussures et le design contemporain avec notre s\u00e9lection de produits haut de gamme. <strong>chaussures derby en cuir pour hommes<\/strong>.<\/p>\n<p>Nous sommes conscients de l'importance de la diversit\u00e9 des tailles, c'est pourquoi ces produits d'une qualit\u00e9 exceptionnelle ont \u00e9t\u00e9 con\u00e7us pour r\u00e9pondre \u00e0 des besoins sp\u00e9cifiques. <strong>chaussures derby en cuir pour hommes<\/strong> sont disponibles dans une gamme compl\u00e8te de tailles europ\u00e9ennes allant de 39 \u00e0 45. Pour les grossistes, nous proposons des options flexibles de commande en gros avec une quantit\u00e9 minimale de 8 paires, ce qui vous permet de stocker facilement une vari\u00e9t\u00e9 de couleurs et de tailles pour r\u00e9pondre aux exigences de qualit\u00e9 de vos clients. <strong>chaussures derby en cuir pour hommes<\/strong>. Le d\u00e9lai de production est d'environ 12 jours, plus les frais d'exp\u00e9dition, ce qui garantit une livraison rapide pour vos besoins en stocks. Investissez dans des chaussures de qualit\u00e9 qui font la diff\u00e9rence et r\u00e9sistent \u00e0 l'\u00e9preuve du temps, en choisissant notre collection in\u00e9gal\u00e9e de chaussures de sport. <strong>chaussures derby en cuir pour hommes<\/strong> pour votre collection.<\/p>","protected":false},"excerpt":{"rendered":"<ul>\n<li>Ext\u00e9rieur en cuir de veau de premi\u00e8re qualit\u00e9 pour un style sophistiqu\u00e9 et durable<\/li>\n<li>Doublure int\u00e9rieure en cuir de ch\u00e8vre souple pour un confort ultime et une bonne respirabilit\u00e9<\/li>\n<li>Semelle l\u00e9g\u00e8re Microlight pour une utilisation flexible tout au long de la journ\u00e9e<\/li>\n<li>Hauteur de talon subtile de 1 \u00e0 3 cm pour une \u00e9l\u00e9vation \u00e9l\u00e9gante<\/li>\n<li>Disponible dans une large gamme de tailles europ\u00e9ennes : 39-45<\/li>\n<li>Quantit\u00e9 minimale de commande : 8 paires (m\u00e9lange de couleurs et de tailles)<\/li>\n<\/ul>","protected":false},"featured_media":3566,"template":"","meta":{"_acf_changed":false,"_uag_custom_page_level_css":"","site-sidebar-layout":"default","site-content-layout":"","ast-site-content-layout":"default","site-content-style":"default","site-sidebar-style":"default","ast-global-header-display":"","ast-banner-title-visibility":"","ast-main-header-display":"","ast-hfb-above-header-display":"","ast-hfb-below-header-display":"","ast-hfb-mobile-header-display":"","site-post-title":"","ast-breadcrumbs-content":"","ast-featured-img":"","footer-sml-layout":"","ast-disable-related-posts":"","theme-transparent-header-meta":"default","adv-header-id-meta":"","stick-header-meta":"","header-above-stick-meta":"","header-main-stick-meta":"","header-below-stick-meta":"","astra-migrate-meta-layouts":"set","ast-page-background-enabled":"default","ast-page-background-meta":{"desktop":{"background-color":"var(--ast-global-color-4)","background-image":"","background-repeat":"repeat","background-position":"center center","background-size":"auto","background-attachment":"scroll","background-type":"","background-media":"","overlay-type":"","overlay-color":"","overlay-opacity":"","overlay-gradient":""},"tablet":{"background-color":"","background-image":"","background-repeat":"repeat","background-position":"center center","background-size":"auto","background-attachment":"scroll","background-type":"","background-media":"","overlay-type":"","overlay-color":"","overlay-opacity":"","overlay-gradient":""},"mobile":{"background-color":"","background-image":"","background-repeat":"repeat","background-position":"center center","background-size":"auto","background-attachment":"scroll","background-type":"","background-media":"","overlay-type":"","overlay-color":"","overlay-opacity":"","overlay-gradient":""}},"ast-content-background-meta":{"desktop":{"background-color":"var(--ast-global-color-5)","background-image":"","background-repeat":"repeat","background-position":"center center","background-size":"auto","background-attachment":"scroll","background-type":"","background-media":"","overlay-type":"","overlay-color":"","overlay-opacity":"","overlay-gradient":""},"tablet":{"background-color":"var(--ast-global-color-5)","background-image":"","background-repeat":"repeat","background-position":"center center","background-size":"auto","background-attachment":"scroll","background-type":"","background-media":"","overlay-type":"","overlay-color":"","overlay-opacity":"","overlay-gradient":""},"mobile":{"background-color":"var(--ast-global-color-5)","background-image":"","background-repeat":"repeat","background-position":"center center","background-size":"auto","background-attachment":"scroll","background-type":"","background-media":"","overlay-type":"","overlay-color":"","overlay-opacity":"","overlay-gradient":""}}},"product_brand":[],"product_cat":[47,430,40],"product_tag":[646,672,218,202,638,212,284,251,221,437,219,227,466,280,281],"class_list":{"0":"post-5292","1":"product","2":"type-product","3":"status-publish","4":"has-post-thumbnail","6":"product_cat-classic","7":"product_cat-men","8":"product_cat-mens-shoes","9":"product_tag-blue-shoes","10":"product_tag-brogues","11":"product_tag-brown-shoes","12":"product_tag-calf-leather","13":"product_tag-cap-toe","14":"product_tag-derby-shoes","15":"product_tag-dress-shoes","16":"product_tag-formal-shoes","17":"product_tag-genuine-leather","18":"product_tag-goat-leather","19":"product_tag-handmade-shoes","20":"product_tag-leather-shoes","21":"product_tag-microlight-sole","22":"product_tag-smart-casual-shoes","23":"product_tag-wholesale-shoes","24":"desktop-align-center","25":"tablet-align-center","26":"mobile-align-center","28":"first","29":"instock","30":"shipping-taxable","31":"purchasable","32":"product-type-variable","33":"has-default-attributes"},"acf":[],"uagb_featured_image_src":{"full":["https:\/\/turkishtrade.co\/wp-content\/uploads\/2026\/01\/2400EJOMN00147-DARK-BROWN-X_440.png",453,250,false],"thumbnail":["https:\/\/turkishtrade.co\/wp-content\/uploads\/2026\/01\/2400EJOMN00147-DARK-BROWN-X_440-150x150.png",150,150,true],"medium":["https:\/\/turkishtrade.co\/wp-content\/uploads\/2026\/01\/2400EJOMN00147-DARK-BROWN-X_440-300x166.png",300,166,true],"medium_large":["https:\/\/turkishtrade.co\/wp-content\/uploads\/2026\/01\/2400EJOMN00147-DARK-BROWN-X_440.png",453,250,false],"large":["https:\/\/turkishtrade.co\/wp-content\/uploads\/2026\/01\/2400EJOMN00147-DARK-BROWN-X_440.png",453,250,false],"1536x1536":["https:\/\/turkishtrade.co\/wp-content\/uploads\/2026\/01\/2400EJOMN00147-DARK-BROWN-X_440.png",453,250,false],"2048x2048":["https:\/\/turkishtrade.co\/wp-content\/uploads\/2026\/01\/2400EJOMN00147-DARK-BROWN-X_440.png",453,250,false],"trp-custom-language-flag":["https:\/\/turkishtrade.co\/wp-content\/uploads\/2026\/01\/2400EJOMN00147-DARK-BROWN-X_440-18x10.png",18,10,true],"woocommerce_thumbnail":["https:\/\/turkishtrade.co\/wp-content\/uploads\/2026\/01\/2400EJOMN00147-DARK-BROWN-X_440-400x250.png",400,250,true],"woocommerce_single":["https:\/\/turkishtrade.co\/wp-content\/uploads\/2026\/01\/2400EJOMN00147-DARK-BROWN-X_440.png",453,250,false],"woocommerce_gallery_thumbnail":["https:\/\/turkishtrade.co\/wp-content\/uploads\/2026\/01\/2400EJOMN00147-DARK-BROWN-X_440-100x100.png",100,100,true]},"uagb_author_info":{"display_name":"yaser olabi","author_link":"https:\/\/turkishtrade.co\/fr\/author\/"},"uagb_comment_info":0,"uagb_excerpt":"Premium Calf Leather Outer for sophisticated style and durability Soft Goat Leather Inner Lining for ultimate comfort and breathability Lightweight Microlight Sole for flexible, all-day wear Subtle 1-3 cm Heel Height for elegant elevation Available in a wide range of EU sizes: 39-45 Minimum Order Quantity: 8 Pairs (Mix &amp; Match Colors\/Sizes)","_links":{"self":[{"href":"https:\/\/turkishtrade.co\/fr\/wp-json\/wp\/v2\/product\/5292","targetHints":{"allow":["GET"]}}],"collection":[{"href":"https:\/\/turkishtrade.co\/fr\/wp-json\/wp\/v2\/product"}],"about":[{"href":"https:\/\/turkishtrade.co\/fr\/wp-json\/wp\/v2\/types\/product"}],"wp:featuredmedia":[{"embeddable":true,"href":"https:\/\/turkishtrade.co\/fr\/wp-json\/wp\/v2\/media\/3566"}],"wp:attachment":[{"href":"https:\/\/turkishtrade.co\/fr\/wp-json\/wp\/v2\/media?parent=5292"}],"wp:term":[{"taxonomy":"product_brand","embeddable":true,"href":"https:\/\/turkishtrade.co\/fr\/wp-json\/wp\/v2\/product_brand?post=5292"},{"taxonomy":"product_cat","embeddable":true,"href":"https:\/\/turkishtrade.co\/fr\/wp-json\/wp\/v2\/product_cat?post=5292"},{"taxonomy":"product_tag","embeddable":true,"href":"https:\/\/turkishtrade.co\/fr\/wp-json\/wp\/v2\/product_tag?post=5292"}],"curies":[{"name":"wp","href":"https:\/\/api.w.org\/{rel}","templated":true}]}}