{"id":5289,"date":"2026-01-14T11:37:41","date_gmt":"2026-01-14T11:37:41","guid":{"rendered":"https:\/\/turkishtrade.co\/product\/men-s-calf-leather-monk-straps\/"},"modified":"2026-04-09T19:38:40","modified_gmt":"2026-04-09T19:38:40","slug":"monk-straps-mens-calf-leather-monk-straps","status":"publish","type":"product","link":"https:\/\/turkishtrade.co\/fr\/shop\/monk-straps-mens-calf-leather-monk-straps\/","title":{"rendered":"Chaussures habill\u00e9es en cuir de veau de premi\u00e8re qualit\u00e9"},"content":{"rendered":"<p><strong>Bracelets Monk en cuir de veau pour hommes<\/strong><\/p>\n<p>Entrez dans une sophistication intemporelle gr\u00e2ce \u00e0 notre exquise <strong>Bracelets Monk en cuir de veau pour hommes<\/strong>. Ces chaussures de ville distingu\u00e9es allient un design classique \u00e0 un style contemporain, offrant au gentleman exigeant une option polyvalente pour diverses occasions formelles et d\u00e9contract\u00e9es. Fabriqu\u00e9es \u00e0 la main avec une attention m\u00e9ticuleuse aux d\u00e9tails, ces chaussures de qualit\u00e9 sup\u00e9rieure ont \u00e9t\u00e9 con\u00e7ues pour r\u00e9pondre aux besoins des hommes et des femmes. <strong>chaussures \u00e0 lacets<\/strong> sont plus que de simples chaussures ; elles sont une d\u00e9claration d'\u00e9l\u00e9gance et de go\u00fbt raffin\u00e9, vous assurant une impression durable.<\/p>\n<h3>Qualit\u00e9 et confort in\u00e9gal\u00e9s<\/h3>\n<p>Fabriqu\u00e9 \u00e0 partir de mat\u00e9riaux de premi\u00e8re qualit\u00e9 <strong>cuir de veau<\/strong> pour l'ext\u00e9rieur, notre <strong>chaussures monk en cuir de veau<\/strong> pr\u00e9sentent une finition luxueuse, \u00e0 la fois incroyablement souple et remarquablement durable. La surface ext\u00e9rieure \u00e9l\u00e9gante est magnifiquement compl\u00e9t\u00e9e par un panneau de cuir textur\u00e9 unique sur la sangle, ajoutant une touche de caract\u00e8re distinctif qui distingue ces chaussures. \u00c0 l'int\u00e9rieur, vos pieds seront envelopp\u00e9s par la douceur in\u00e9gal\u00e9e du cuir v\u00e9ritable. <strong>doublure en cuir de ch\u00e8vre<\/strong>, Cette combinaison m\u00e9ticuleuse de mat\u00e9riaux de qualit\u00e9 sup\u00e9rieure garantit non seulement un look sophistiqu\u00e9, mais aussi une portabilit\u00e9 et une long\u00e9vit\u00e9 exceptionnelles. Cette combinaison m\u00e9ticuleuse de mat\u00e9riaux de qualit\u00e9 sup\u00e9rieure garantit non seulement un look sophistiqu\u00e9, mais aussi une portabilit\u00e9 et une long\u00e9vit\u00e9 exceptionnelles.<\/p>\n<h3>Design \u00e9l\u00e9gant et l\u00e9g\u00e8ret\u00e9<\/h3>\n<p>Le mod\u00e8le est dot\u00e9 d'une seule bride monacale avec une boucle en m\u00e9tal poli, offrant un ajustement s\u00fbr et ajustable tout en conservant une esth\u00e9tique chic sans effort. Sous vos pieds, la semelle Microlight offre une l\u00e9g\u00e8ret\u00e9 et une flexibilit\u00e9 remarquables, assurant le confort \u00e0 chaque foul\u00e9e sans compromettre la durabilit\u00e9 ou l'adh\u00e9rence. Avec un talon d'une hauteur subtile de 1 \u00e0 3 cm, ces chaussures sophistiqu\u00e9es sont tr\u00e8s faciles \u00e0 porter. <strong>chaussures \u00e0 lacets<\/strong> offrent la bonne \u00e9l\u00e9vation pour une posture confiante. Disponibles en noir sophistiqu\u00e9 et en marron riche (comme indiqu\u00e9 sur les images), ces si\u00e8ges polyvalents sont con\u00e7us pour \u00eatre utilis\u00e9s dans le cadre d'un travail de bureau. <strong>Bracelets Monk en cuir de veau pour hommes<\/strong> sont con\u00e7us pour compl\u00e9ter un large \u00e9ventail de garde-robes, des costumes d'affaires aux pantalons sur mesure, en passant par les ensembles d\u00e9contract\u00e9s.<\/p>\n<h3>Investissez dans un style durable avec les options en vrac<\/h3>\n<p>Chaque paire de ces \u00e9l\u00e9gants <strong>chaussures monk en cuir de veau<\/strong> est un t\u00e9moignage de l'artisanat traditionnel de la chaussure, promettant un style durable et un confort sup\u00e9rieur. Que vous assistiez \u00e0 une importante r\u00e9union d'affaires, \u00e0 un \u00e9v\u00e9nement formel ou simplement \u00e0 une soir\u00e9e raffin\u00e9e, ces chaussures rehausseront sans effort votre ensemble. Nous nous adressons \u00e0 la fois aux amateurs de style et aux entreprises, en proposant une commande minimum de 8 paires, ce qui en fait un excellent choix pour les d\u00e9taillants qui cherchent \u00e0 stocker des chaussures pour hommes de haute qualit\u00e9 ou pour les besoins d'uniformes d'entreprise. Investissez dans l'attrait durable et le confort sup\u00e9rieur de ces chaussures fabriqu\u00e9es \u00e0 la main, livr\u00e9es chez vous en 12 jours environ, frais de port en sus.<\/p>","protected":false},"excerpt":{"rendered":"<ul>\n<li>Surface ext\u00e9rieure : Cuir de veau de premi\u00e8re qualit\u00e9<\/li>\n<li>Doublure int\u00e9rieure : Cuir de ch\u00e8vre souple<\/li>\n<li>Semelle : Lightweight Microlight<\/li>\n<li>Hauteur du talon : Confortable 1-3 cm<\/li>\n<li>Tailles disponibles : EU 39-45<\/li>\n<li>Quantit\u00e9 minimale de commande : 8 paires<\/li>\n<li>D\u00e9lai de livraison estim\u00e9 : 12 jours + exp\u00e9dition<\/li>\n<\/ul>","protected":false},"featured_media":3564,"template":"","meta":{"_acf_changed":false,"_uag_custom_page_level_css":"","site-sidebar-layout":"default","site-content-layout":"","ast-site-content-layout":"default","site-content-style":"default","site-sidebar-style":"default","ast-global-header-display":"","ast-banner-title-visibility":"","ast-main-header-display":"","ast-hfb-above-header-display":"","ast-hfb-below-header-display":"","ast-hfb-mobile-header-display":"","site-post-title":"","ast-breadcrumbs-content":"","ast-featured-img":"","footer-sml-layout":"","ast-disable-related-posts":"","theme-transparent-header-meta":"default","adv-header-id-meta":"","stick-header-meta":"","header-above-stick-meta":"","header-main-stick-meta":"","header-below-stick-meta":"","astra-migrate-meta-layouts":"set","ast-page-background-enabled":"default","ast-page-background-meta":{"desktop":{"background-color":"var(--ast-global-color-4)","background-image":"","background-repeat":"repeat","background-position":"center center","background-size":"auto","background-attachment":"scroll","background-type":"","background-media":"","overlay-type":"","overlay-color":"","overlay-opacity":"","overlay-gradient":""},"tablet":{"background-color":"","background-image":"","background-repeat":"repeat","background-position":"center center","background-size":"auto","background-attachment":"scroll","background-type":"","background-media":"","overlay-type":"","overlay-color":"","overlay-opacity":"","overlay-gradient":""},"mobile":{"background-color":"","background-image":"","background-repeat":"repeat","background-position":"center center","background-size":"auto","background-attachment":"scroll","background-type":"","background-media":"","overlay-type":"","overlay-color":"","overlay-opacity":"","overlay-gradient":""}},"ast-content-background-meta":{"desktop":{"background-color":"var(--ast-global-color-5)","background-image":"","background-repeat":"repeat","background-position":"center center","background-size":"auto","background-attachment":"scroll","background-type":"","background-media":"","overlay-type":"","overlay-color":"","overlay-opacity":"","overlay-gradient":""},"tablet":{"background-color":"var(--ast-global-color-5)","background-image":"","background-repeat":"repeat","background-position":"center center","background-size":"auto","background-attachment":"scroll","background-type":"","background-media":"","overlay-type":"","overlay-color":"","overlay-opacity":"","overlay-gradient":""},"mobile":{"background-color":"var(--ast-global-color-5)","background-image":"","background-repeat":"repeat","background-position":"center center","background-size":"auto","background-attachment":"scroll","background-type":"","background-media":"","overlay-type":"","overlay-color":"","overlay-opacity":"","overlay-gradient":""}}},"product_brand":[],"product_cat":[47,430,40],"product_tag":[391,405,185,284,480,251,189,786,219,227,198,466,404,406],"class_list":{"0":"post-5289","1":"product","2":"type-product","3":"status-publish","4":"has-post-thumbnail","6":"product_cat-classic","7":"product_cat-men","8":"product_cat-mens-shoes","9":"product_tag-buckle-shoes","10":"product_tag-business-shoes","11":"product_tag-calf-leather-shoes","12":"product_tag-dress-shoes","13":"product_tag-elegant-shoes","14":"product_tag-formal-shoes","15":"product_tag-goat-leather-lining","16":"product_tag-handcrafted-footwear","17":"product_tag-handmade-shoes","18":"product_tag-leather-shoes","19":"product_tag-mens-fashion","20":"product_tag-microlight-sole","21":"product_tag-monk-strap","22":"product_tag-premium-shoes","23":"desktop-align-center","24":"tablet-align-center","25":"mobile-align-center","27":"first","28":"instock","29":"shipping-taxable","30":"purchasable","31":"product-type-variable","32":"has-default-attributes"},"acf":[],"uagb_featured_image_src":{"full":["https:\/\/turkishtrade.co\/wp-content\/uploads\/2026\/01\/2400EJOMN00146-DARK-BROWN-X_12584.png",453,250,false],"thumbnail":["https:\/\/turkishtrade.co\/wp-content\/uploads\/2026\/01\/2400EJOMN00146-DARK-BROWN-X_12584-150x150.png",150,150,true],"medium":["https:\/\/turkishtrade.co\/wp-content\/uploads\/2026\/01\/2400EJOMN00146-DARK-BROWN-X_12584-300x166.png",300,166,true],"medium_large":["https:\/\/turkishtrade.co\/wp-content\/uploads\/2026\/01\/2400EJOMN00146-DARK-BROWN-X_12584.png",453,250,false],"large":["https:\/\/turkishtrade.co\/wp-content\/uploads\/2026\/01\/2400EJOMN00146-DARK-BROWN-X_12584.png",453,250,false],"1536x1536":["https:\/\/turkishtrade.co\/wp-content\/uploads\/2026\/01\/2400EJOMN00146-DARK-BROWN-X_12584.png",453,250,false],"2048x2048":["https:\/\/turkishtrade.co\/wp-content\/uploads\/2026\/01\/2400EJOMN00146-DARK-BROWN-X_12584.png",453,250,false],"trp-custom-language-flag":["https:\/\/turkishtrade.co\/wp-content\/uploads\/2026\/01\/2400EJOMN00146-DARK-BROWN-X_12584-18x10.png",18,10,true],"woocommerce_thumbnail":["https:\/\/turkishtrade.co\/wp-content\/uploads\/2026\/01\/2400EJOMN00146-DARK-BROWN-X_12584-400x250.png",400,250,true],"woocommerce_single":["https:\/\/turkishtrade.co\/wp-content\/uploads\/2026\/01\/2400EJOMN00146-DARK-BROWN-X_12584.png",453,250,false],"woocommerce_gallery_thumbnail":["https:\/\/turkishtrade.co\/wp-content\/uploads\/2026\/01\/2400EJOMN00146-DARK-BROWN-X_12584-100x100.png",100,100,true]},"uagb_author_info":{"display_name":"yaser olabi","author_link":"https:\/\/turkishtrade.co\/fr\/author\/"},"uagb_comment_info":0,"uagb_excerpt":"Outer Surface: Premium Calf Leather Inner Lining: Soft Goat Leather Sole: Lightweight Microlight Heel Height: Comfortable 1-3 cm Available Sizes: EU 39-45 Minimum Order Quantity: 8 Pairs Estimated Delivery: 12 Days + Shipping","_links":{"self":[{"href":"https:\/\/turkishtrade.co\/fr\/wp-json\/wp\/v2\/product\/5289","targetHints":{"allow":["GET"]}}],"collection":[{"href":"https:\/\/turkishtrade.co\/fr\/wp-json\/wp\/v2\/product"}],"about":[{"href":"https:\/\/turkishtrade.co\/fr\/wp-json\/wp\/v2\/types\/product"}],"wp:featuredmedia":[{"embeddable":true,"href":"https:\/\/turkishtrade.co\/fr\/wp-json\/wp\/v2\/media\/3564"}],"wp:attachment":[{"href":"https:\/\/turkishtrade.co\/fr\/wp-json\/wp\/v2\/media?parent=5289"}],"wp:term":[{"taxonomy":"product_brand","embeddable":true,"href":"https:\/\/turkishtrade.co\/fr\/wp-json\/wp\/v2\/product_brand?post=5289"},{"taxonomy":"product_cat","embeddable":true,"href":"https:\/\/turkishtrade.co\/fr\/wp-json\/wp\/v2\/product_cat?post=5289"},{"taxonomy":"product_tag","embeddable":true,"href":"https:\/\/turkishtrade.co\/fr\/wp-json\/wp\/v2\/product_tag?post=5289"}],"curies":[{"name":"wp","href":"https:\/\/api.w.org\/{rel}","templated":true}]}}