{"id":5283,"date":"2026-01-14T11:37:06","date_gmt":"2026-01-14T11:37:06","guid":{"rendered":"https:\/\/turkishtrade.co\/product\/men-leather-derby-shoes\/"},"modified":"2026-04-09T19:38:49","modified_gmt":"2026-04-09T19:38:49","slug":"style-premium-mens-leather-derby-shoes-2","status":"publish","type":"product","link":"https:\/\/turkishtrade.co\/fr\/shop\/style-premium-mens-leather-derby-shoes-2\/","title":{"rendered":"Chaussures de derby en cuir de ch\u00e8vre de premi\u00e8re qualit\u00e9 pour hommes"},"content":{"rendered":"<p><strong>Chaussures derby en cuir pour hommes<\/strong><\/p>\n<p>Entrez dans une \u00e9l\u00e9gance et un confort in\u00e9gal\u00e9s gr\u00e2ce \u00e0 notre collection exquise d'articles d'habillement. <strong>Chaussures derby en cuir pour hommes<\/strong>. Con\u00e7ues pour le gentleman exigeant, ces chaussures t\u00e9moignent d'un savoir-faire sup\u00e9rieur et d'un style intemporel. Que vous vous rendiez \u00e0 une r\u00e9union d'affaires importante, \u00e0 un \u00e9v\u00e9nement sophistiqu\u00e9 ou que vous cherchiez simplement \u00e0 rehausser votre tenue d\u00e9contract\u00e9e de tous les jours, nos chaussures Derby sont le parfait m\u00e9lange de luxe et de praticit\u00e9.<\/p>\n<h3>Des mat\u00e9riaux et un savoir-faire in\u00e9gal\u00e9s<\/h3>\n<p>Chaque paire de nos <strong>Chaussures derby en cuir pour hommes<\/strong> est m\u00e9ticuleusement fabriqu\u00e9 \u00e0 partir des mat\u00e9riaux les plus nobles. L'ext\u00e9rieur est fabriqu\u00e9 en cuir de veau souple de premi\u00e8re qualit\u00e9, r\u00e9put\u00e9 pour sa durabilit\u00e9, sa finition lisse et sa capacit\u00e9 \u00e0 vieillir en beaut\u00e9. Ce cuir de veau de qualit\u00e9 sup\u00e9rieure garantit un aspect sophistiqu\u00e9 et un produit durable qui r\u00e9sistera \u00e0 l'\u00e9preuve du temps. \u00c0 l'int\u00e9rieur, vos pieds sont berc\u00e9s par une luxueuse doublure en cuir de ch\u00e8vre, qui offre une respirabilit\u00e9 exceptionnelle et une sensation de douceur et de confort sur la peau. Cette combinaison de cuirs haut de gamme fait de ces <strong>Chaussures derby en cuir pour hommes<\/strong> se distinguent par leur qualit\u00e9 et leur confort. Les d\u00e9tails brogue, visibles sur la tige, ajoutent une touche classique de raffinement et de caract\u00e8re, soulignant l'attention port\u00e9e aux d\u00e9tails dans leur conception.<\/p>\n<h3>Con\u00e7u pour le confort et le style tout au long de la journ\u00e9e<\/h3>\n<p>Le confort est primordial, et notre <strong>Chaussures derby en cuir pour hommes<\/strong> sans faire de compromis sur le style. Dot\u00e9es d'une semelle microlight innovante, ces chaussures offrent un amorti sup\u00e9rieur et une incroyable l\u00e9g\u00e8ret\u00e9, ce qui les rend id\u00e9ales pour un usage prolong\u00e9. La hauteur subtile du talon de 1 \u00e0 3 cm offre une l\u00e9g\u00e8re \u00e9l\u00e9vation, contribuant \u00e0 une posture raffin\u00e9e tout en assurant stabilit\u00e9 et confort. Disponibles dans une large gamme de tailles allant de l'UE 39 \u00e0 l'UE 45, il est facile de trouver la chaussure id\u00e9ale. Le design polyvalent, pr\u00e9sent\u00e9 dans diff\u00e9rentes teintes \u00e9l\u00e9gantes telles que le noir classique, le marron riche et le bleu sophistiqu\u00e9, garantit que ces chaussures sont bien adapt\u00e9es \u00e0 la vie quotidienne. <strong>Chaussures derby en cuir pour hommes<\/strong> peut compl\u00e9ter harmonieusement n'importe quelle tenue de votre garde-robe.<\/p>\n<h3>Id\u00e9al pour les commandes en gros et les partenariats commerciaux<\/h3>\n<p>Nous comprenons les besoins des d\u00e9taillants et des entreprises qui recherchent des chaussures de haute qualit\u00e9. Nous <strong>Chaussures derby en cuir pour hommes<\/strong> sont disponibles pour les achats en gros, avec une quantit\u00e9 minimale de commande de 8 paires. Cela en fait un excellent choix pour les boutiques, les fournisseurs d'uniformes ou les cadeaux d'entreprise. Avec un d\u00e9lai de livraison fiable de 12 jours plus les frais d'exp\u00e9dition, vous pouvez \u00eatre s\u00fbr que votre commande d'articles de qualit\u00e9 sup\u00e9rieure sera livr\u00e9e dans les meilleurs d\u00e9lais. <strong>Chaussures derby en cuir pour hommes<\/strong> arrivera \u00e0 bon port. Investissez dans un produit qui allie esth\u00e9tique et construction durable, offrant \u00e0 vos clients une qualit\u00e9 in\u00e9gal\u00e9e. Am\u00e9liorez votre inventaire avec ces produits exceptionnels. <strong>Chaussures derby en cuir pour hommes<\/strong> aujourd'hui.<\/p>","protected":false},"excerpt":{"rendered":"<ul>\n<li><strong>Mat\u00e9riau ext\u00e9rieur :<\/strong> Cuir de veau luxueux<\/li>\n<li><strong>Doublure int\u00e9rieure :<\/strong> Cuir de ch\u00e8vre souple<\/li>\n<li><strong>Semelle :<\/strong> L\u00e9ger Microlight pour un confort sup\u00e9rieur<\/li>\n<li><strong>Hauteur du talon :<\/strong> L\u00e9g\u00e8re augmentation de 1 \u00e0 3 cm<\/li>\n<li><strong>Tailles disponibles :<\/strong> UE 39-45<\/li>\n<li><strong>Commandes en gros :<\/strong> Minimum 8 paires<\/li>\n<li><strong>D\u00e9lai de livraison :<\/strong> 12 jours + frais de port<\/li>\n<\/ul>","protected":false},"featured_media":3561,"template":"","meta":{"_acf_changed":false,"_uag_custom_page_level_css":"","site-sidebar-layout":"default","site-content-layout":"","ast-site-content-layout":"default","site-content-style":"default","site-sidebar-style":"default","ast-global-header-display":"","ast-banner-title-visibility":"","ast-main-header-display":"","ast-hfb-above-header-display":"","ast-hfb-below-header-display":"","ast-hfb-mobile-header-display":"","site-post-title":"","ast-breadcrumbs-content":"","ast-featured-img":"","footer-sml-layout":"","ast-disable-related-posts":"","theme-transparent-header-meta":"default","adv-header-id-meta":"","stick-header-meta":"","header-above-stick-meta":"","header-main-stick-meta":"","header-below-stick-meta":"","astra-migrate-meta-layouts":"set","ast-page-background-enabled":"default","ast-page-background-meta":{"desktop":{"background-color":"var(--ast-global-color-4)","background-image":"","background-repeat":"repeat","background-position":"center center","background-size":"auto","background-attachment":"scroll","background-type":"","background-media":"","overlay-type":"","overlay-color":"","overlay-opacity":"","overlay-gradient":""},"tablet":{"background-color":"","background-image":"","background-repeat":"repeat","background-position":"center center","background-size":"auto","background-attachment":"scroll","background-type":"","background-media":"","overlay-type":"","overlay-color":"","overlay-opacity":"","overlay-gradient":""},"mobile":{"background-color":"","background-image":"","background-repeat":"repeat","background-position":"center center","background-size":"auto","background-attachment":"scroll","background-type":"","background-media":"","overlay-type":"","overlay-color":"","overlay-opacity":"","overlay-gradient":""}},"ast-content-background-meta":{"desktop":{"background-color":"var(--ast-global-color-5)","background-image":"","background-repeat":"repeat","background-position":"center center","background-size":"auto","background-attachment":"scroll","background-type":"","background-media":"","overlay-type":"","overlay-color":"","overlay-opacity":"","overlay-gradient":""},"tablet":{"background-color":"var(--ast-global-color-5)","background-image":"","background-repeat":"repeat","background-position":"center center","background-size":"auto","background-attachment":"scroll","background-type":"","background-media":"","overlay-type":"","overlay-color":"","overlay-opacity":"","overlay-gradient":""},"mobile":{"background-color":"var(--ast-global-color-5)","background-image":"","background-repeat":"repeat","background-position":"center center","background-size":"auto","background-attachment":"scroll","background-type":"","background-media":"","overlay-type":"","overlay-color":"","overlay-opacity":"","overlay-gradient":""}}},"product_brand":[],"product_cat":[47,430,40],"product_tag":[672,405,566,644,212,284,609,251,556,227,612,281],"class_list":{"0":"post-5283","1":"product","2":"type-product","3":"status-publish","4":"has-post-thumbnail","6":"product_cat-classic","7":"product_cat-men","8":"product_cat-mens-shoes","9":"product_tag-brogues","10":"product_tag-business-shoes","11":"product_tag-calfskin-shoes","12":"product_tag-classic-footwear","13":"product_tag-derby-shoes","14":"product_tag-dress-shoes","15":"product_tag-elegant-mens-shoes","16":"product_tag-formal-shoes","17":"product_tag-goatskin-lining","18":"product_tag-leather-shoes","19":"product_tag-mens-leather-derby-shoes","20":"product_tag-wholesale-shoes","21":"desktop-align-center","22":"tablet-align-center","23":"mobile-align-center","25":"first","26":"instock","27":"shipping-taxable","28":"purchasable","29":"product-type-variable","30":"has-default-attributes"},"acf":[],"uagb_featured_image_src":{"full":["https:\/\/turkishtrade.co\/wp-content\/uploads\/2026\/01\/2400EJOMN00144-DARK-BLUE-X_12570.png",453,250,false],"thumbnail":["https:\/\/turkishtrade.co\/wp-content\/uploads\/2026\/01\/2400EJOMN00144-DARK-BLUE-X_12570-150x150.png",150,150,true],"medium":["https:\/\/turkishtrade.co\/wp-content\/uploads\/2026\/01\/2400EJOMN00144-DARK-BLUE-X_12570-300x166.png",300,166,true],"medium_large":["https:\/\/turkishtrade.co\/wp-content\/uploads\/2026\/01\/2400EJOMN00144-DARK-BLUE-X_12570.png",453,250,false],"large":["https:\/\/turkishtrade.co\/wp-content\/uploads\/2026\/01\/2400EJOMN00144-DARK-BLUE-X_12570.png",453,250,false],"1536x1536":["https:\/\/turkishtrade.co\/wp-content\/uploads\/2026\/01\/2400EJOMN00144-DARK-BLUE-X_12570.png",453,250,false],"2048x2048":["https:\/\/turkishtrade.co\/wp-content\/uploads\/2026\/01\/2400EJOMN00144-DARK-BLUE-X_12570.png",453,250,false],"trp-custom-language-flag":["https:\/\/turkishtrade.co\/wp-content\/uploads\/2026\/01\/2400EJOMN00144-DARK-BLUE-X_12570-18x10.png",18,10,true],"woocommerce_thumbnail":["https:\/\/turkishtrade.co\/wp-content\/uploads\/2026\/01\/2400EJOMN00144-DARK-BLUE-X_12570-400x250.png",400,250,true],"woocommerce_single":["https:\/\/turkishtrade.co\/wp-content\/uploads\/2026\/01\/2400EJOMN00144-DARK-BLUE-X_12570.png",453,250,false],"woocommerce_gallery_thumbnail":["https:\/\/turkishtrade.co\/wp-content\/uploads\/2026\/01\/2400EJOMN00144-DARK-BLUE-X_12570-100x100.png",100,100,true]},"uagb_author_info":{"display_name":"yaser olabi","author_link":"https:\/\/turkishtrade.co\/fr\/author\/"},"uagb_comment_info":0,"uagb_excerpt":"Outer Material: Luxurious Calfskin Leather Inner Lining: Soft Goatskin Leather Sole: Lightweight Microlight for superior comfort Heel Height: Subtle 1-3 cm lift Available Sizes: EU 39-45 Bulk Orders: Minimum 8 pairs Delivery Time: 12 days + shipping","_links":{"self":[{"href":"https:\/\/turkishtrade.co\/fr\/wp-json\/wp\/v2\/product\/5283","targetHints":{"allow":["GET"]}}],"collection":[{"href":"https:\/\/turkishtrade.co\/fr\/wp-json\/wp\/v2\/product"}],"about":[{"href":"https:\/\/turkishtrade.co\/fr\/wp-json\/wp\/v2\/types\/product"}],"wp:featuredmedia":[{"embeddable":true,"href":"https:\/\/turkishtrade.co\/fr\/wp-json\/wp\/v2\/media\/3561"}],"wp:attachment":[{"href":"https:\/\/turkishtrade.co\/fr\/wp-json\/wp\/v2\/media?parent=5283"}],"wp:term":[{"taxonomy":"product_brand","embeddable":true,"href":"https:\/\/turkishtrade.co\/fr\/wp-json\/wp\/v2\/product_brand?post=5283"},{"taxonomy":"product_cat","embeddable":true,"href":"https:\/\/turkishtrade.co\/fr\/wp-json\/wp\/v2\/product_cat?post=5283"},{"taxonomy":"product_tag","embeddable":true,"href":"https:\/\/turkishtrade.co\/fr\/wp-json\/wp\/v2\/product_tag?post=5283"}],"curies":[{"name":"wp","href":"https:\/\/api.w.org\/{rel}","templated":true}]}}