{"id":5277,"date":"2026-01-14T11:36:27","date_gmt":"2026-01-14T11:36:27","guid":{"rendered":"https:\/\/turkishtrade.co\/product\/mens-leather-monk-strap-shoes-2\/"},"modified":"2026-04-09T19:38:59","modified_gmt":"2026-04-09T19:38:59","slug":"mens-leather-monk-strap-shoes-2","status":"publish","type":"product","link":"https:\/\/turkishtrade.co\/fr\/shop\/mens-leather-monk-strap-shoes-2\/","title":{"rendered":"Chaussures classiques en cuir de veau pour hommes avec une seule bride Monk"},"content":{"rendered":"<p><strong>Chaussures en cuir pour hommes<\/strong><\/p>\n<p>Entrez dans une \u00e9l\u00e9gance raffin\u00e9e gr\u00e2ce \u00e0 notre <strong>Chaussures en cuir pour hommes<\/strong>. Ces chaussures sont m\u00e9ticuleusement fabriqu\u00e9es pour offrir un style intemporel et un confort in\u00e9gal\u00e9, ce qui en fait un ajout indispensable \u00e0 la garde-robe de tout gentleman exigeant. Fabriqu\u00e9es \u00e0 partir du cuir de veau v\u00e9ritable le plus fin pour la surface ext\u00e9rieure, ces chaussures ont \u00e9t\u00e9 con\u00e7ues pour offrir un style intemporel et un confort in\u00e9gal\u00e9. <strong>Chaussures en cuir pour hommes<\/strong> pr\u00e9sentent une finition luxueuse qui est \u00e0 la fois durable et visuellement \u00e9tonnante. La texture riche du cuir de veau garantit que ces chaussures vieilliront magnifiquement, d\u00e9veloppant une patine unique au fil du temps, un signe distinctif des chaussures de qualit\u00e9.<\/p>\n<h3>Un confort in\u00e9gal\u00e9 et une qualit\u00e9 de fabrication sup\u00e9rieure<\/h3>\n<p>\u00c0 l'int\u00e9rieur, vos pieds seront berc\u00e9s par la douce \u00e9treinte d'une doublure en cuir de ch\u00e8vre de premi\u00e8re qualit\u00e9. Cette mati\u00e8re int\u00e9rieure exquise offre une respirabilit\u00e9 et un confort exceptionnels, vous permettant de porter vos chaussures en toute s\u00e9curit\u00e9. <strong>Chaussures en cuir pour hommes<\/strong> tout au long de la journ\u00e9e sans inconfort. L'attention port\u00e9e aux d\u00e9tails s'\u00e9tend \u00e0 la semelle, dot\u00e9e d'une construction l\u00e9g\u00e8re Microlight. Cette technologie de semelle innovante offre une flexibilit\u00e9 et un amorti sup\u00e9rieurs, pour que chaque pas soit un plaisir. Avec une hauteur de talon subtile de 1 \u00e0 3 cm, ces chaussures \u00e0 lani\u00e8re de moine offrent une \u00e9l\u00e9vation sophistiqu\u00e9e sans compromettre la stabilit\u00e9 ou la d\u00e9marche naturelle.<\/p>\n<h3>Un style polyvalent pour toutes les occasions<\/h3>\n<p>Le mod\u00e8le \u00e0 boucle unique est un v\u00e9ritable classique, offrant une alternative distinctive et \u00e9l\u00e9gante aux chaussures \u00e0 lacets traditionnelles. Il d\u00e9gage une impression de confiance et de sophistication, ce qui fait de ces chaussures des chaussures \u00e0 la mode. <strong>Chaussures en cuir pour hommes<\/strong> incroyablement polyvalentes. Que vous vous rendiez \u00e0 une r\u00e9union d'affaires formelle, que vous assistiez \u00e0 un \u00e9v\u00e9nement sp\u00e9cial ou que vous souhaitiez simplement rehausser votre tenue d\u00e9contract\u00e9e, ces chaussures compl\u00e8teront votre look avec un style sans effort. Disponibles dans une large gamme de pointures allant du 39 au 45, il est facile de trouver la taille id\u00e9ale, ce qui garantit un confort maximal et une sensation de sur-mesure.<\/p>\n<h3>Commandes en gros pour les d\u00e9taillants et les entreprises<\/h3>\n<p>Pour nos pr\u00e9cieux clients B2B, ces <strong>Chaussures en cuir pour hommes<\/strong> sont disponibles pour les achats en gros avec une quantit\u00e9 minimum de 8 paires. Nous comprenons l'importance d'une livraison rapide, et vous pouvez vous attendre \u00e0 ce que votre commande soit livr\u00e9e dans les 12 jours, plus le temps d'exp\u00e9dition standard. Investissez dans la qualit\u00e9, le confort et un style durable avec notre collection premium de <strong>Chaussures en cuir pour hommes<\/strong>. \u00c9levez votre collection de chaussures avec une paire con\u00e7ue pour impressionner, en vous assurant de toujours mettre en avant votre meilleur pied dans ces chaussures distingu\u00e9es. <strong>Chaussures en cuir pour hommes<\/strong>.<\/p>","protected":false},"excerpt":{"rendered":"<ul>\n<li><strong>Mat\u00e9riau de premi\u00e8re qualit\u00e9 :<\/strong> Fabriqu\u00e9 avec un ext\u00e9rieur en cuir de veau v\u00e9ritable et une doublure int\u00e9rieure en cuir de ch\u00e8vre luxueux pour un confort et une durabilit\u00e9 ultimes.<\/li>\n<li><strong>Semelle l\u00e9g\u00e8re :<\/strong> La semelle Microlight assure une flexibilit\u00e9 et un confort exceptionnel \u00e0 chaque pas.<\/li>\n<li><strong>Design classique :<\/strong> Style monk strap \u00e0 boucle unique, parfait pour les occasions formelles et d\u00e9contract\u00e9es.<\/li>\n<li><strong>Talon optimal :<\/strong> Un talon subtil de 1 \u00e0 3 cm de hauteur apporte de l'\u00e9l\u00e9gance sans compromettre le confort.<\/li>\n<li><strong>Large gamme de tailles :<\/strong> Disponible dans les tailles 39-45 pour assurer un ajustement parfait \u00e0 chaque homme.<\/li>\n<li><strong>Disponibilit\u00e9 en vrac :<\/strong> Quantit\u00e9 minimale de commande de 8 paires, id\u00e9ale pour les d\u00e9taillants et les acheteurs en gros.<\/li>\n<li><strong>Livraison efficace :<\/strong> Le d\u00e9lai de livraison est de 12 jours, plus le temps d'exp\u00e9dition.<\/li>\n<\/ul>","protected":false},"featured_media":3556,"template":"","meta":{"_acf_changed":false,"_uag_custom_page_level_css":"","site-sidebar-layout":"default","site-content-layout":"","ast-site-content-layout":"default","site-content-style":"default","site-sidebar-style":"default","ast-global-header-display":"","ast-banner-title-visibility":"","ast-main-header-display":"","ast-hfb-above-header-display":"","ast-hfb-below-header-display":"","ast-hfb-mobile-header-display":"","site-post-title":"","ast-breadcrumbs-content":"","ast-featured-img":"","footer-sml-layout":"","ast-disable-related-posts":"","theme-transparent-header-meta":"default","adv-header-id-meta":"","stick-header-meta":"","header-above-stick-meta":"","header-main-stick-meta":"","header-below-stick-meta":"","astra-migrate-meta-layouts":"set","ast-page-background-enabled":"default","ast-page-background-meta":{"desktop":{"background-color":"var(--ast-global-color-4)","background-image":"","background-repeat":"repeat","background-position":"center center","background-size":"auto","background-attachment":"scroll","background-type":"","background-media":"","overlay-type":"","overlay-color":"","overlay-opacity":"","overlay-gradient":""},"tablet":{"background-color":"","background-image":"","background-repeat":"repeat","background-position":"center center","background-size":"auto","background-attachment":"scroll","background-type":"","background-media":"","overlay-type":"","overlay-color":"","overlay-opacity":"","overlay-gradient":""},"mobile":{"background-color":"","background-image":"","background-repeat":"repeat","background-position":"center center","background-size":"auto","background-attachment":"scroll","background-type":"","background-media":"","overlay-type":"","overlay-color":"","overlay-opacity":"","overlay-gradient":""}},"ast-content-background-meta":{"desktop":{"background-color":"var(--ast-global-color-5)","background-image":"","background-repeat":"repeat","background-position":"center center","background-size":"auto","background-attachment":"scroll","background-type":"","background-media":"","overlay-type":"","overlay-color":"","overlay-opacity":"","overlay-gradient":""},"tablet":{"background-color":"var(--ast-global-color-5)","background-image":"","background-repeat":"repeat","background-position":"center center","background-size":"auto","background-attachment":"scroll","background-type":"","background-media":"","overlay-type":"","overlay-color":"","overlay-opacity":"","overlay-gradient":""},"mobile":{"background-color":"var(--ast-global-color-5)","background-image":"","background-repeat":"repeat","background-position":"center center","background-size":"auto","background-attachment":"scroll","background-type":"","background-media":"","overlay-type":"","overlay-color":"","overlay-opacity":"","overlay-gradient":""}}},"product_brand":[],"product_cat":[47,430,40],"product_tag":[405,202,480,251,189,535,666,567,837,466,838],"class_list":{"0":"post-5277","1":"product","2":"type-product","3":"status-publish","4":"has-post-thumbnail","6":"product_cat-classic","7":"product_cat-men","8":"product_cat-mens-shoes","9":"product_tag-business-shoes","10":"product_tag-calf-leather","11":"product_tag-elegant-shoes","12":"product_tag-formal-shoes","13":"product_tag-goat-leather-lining","14":"product_tag-leather-dress-shoes","15":"product_tag-mens-formal-footwear","16":"product_tag-mens-luxury-shoes","17":"product_tag-mens-monk-strap-shoes","18":"product_tag-microlight-sole","19":"product_tag-single-buckle-shoes","20":"desktop-align-center","21":"tablet-align-center","22":"mobile-align-center","24":"first","25":"instock","26":"shipping-taxable","27":"purchasable","28":"product-type-variable","29":"has-default-attributes"},"acf":[],"uagb_featured_image_src":{"full":["https:\/\/turkishtrade.co\/wp-content\/uploads\/2026\/01\/2400EJOMN00142-BROWN-X_876.png",453,250,false],"thumbnail":["https:\/\/turkishtrade.co\/wp-content\/uploads\/2026\/01\/2400EJOMN00142-BROWN-X_876.png",150,83,false],"medium":["https:\/\/turkishtrade.co\/wp-content\/uploads\/2026\/01\/2400EJOMN00142-BROWN-X_876.png",300,166,false],"medium_large":["https:\/\/turkishtrade.co\/wp-content\/uploads\/2026\/01\/2400EJOMN00142-BROWN-X_876.png",453,250,false],"large":["https:\/\/turkishtrade.co\/wp-content\/uploads\/2026\/01\/2400EJOMN00142-BROWN-X_876.png",453,250,false],"1536x1536":["https:\/\/turkishtrade.co\/wp-content\/uploads\/2026\/01\/2400EJOMN00142-BROWN-X_876.png",453,250,false],"2048x2048":["https:\/\/turkishtrade.co\/wp-content\/uploads\/2026\/01\/2400EJOMN00142-BROWN-X_876.png",453,250,false],"trp-custom-language-flag":["https:\/\/turkishtrade.co\/wp-content\/uploads\/2026\/01\/2400EJOMN00142-BROWN-X_876.png",18,10,false],"woocommerce_thumbnail":["https:\/\/turkishtrade.co\/wp-content\/uploads\/2026\/01\/2400EJOMN00142-BROWN-X_876-400x250.png",400,250,true],"woocommerce_single":["https:\/\/turkishtrade.co\/wp-content\/uploads\/2026\/01\/2400EJOMN00142-BROWN-X_876.png",453,250,false],"woocommerce_gallery_thumbnail":["https:\/\/turkishtrade.co\/wp-content\/uploads\/2026\/01\/2400EJOMN00142-BROWN-X_876-100x100.png",100,100,true]},"uagb_author_info":{"display_name":"yaser olabi","author_link":"https:\/\/turkishtrade.co\/fr\/author\/"},"uagb_comment_info":0,"uagb_excerpt":"Premium Material: Crafted with genuine Calf Leather outer and luxurious Goat Leather inner lining for ultimate comfort and durability. Lightweight Sole: Features a Microlight sole, ensuring flexibility and exceptional comfort with every step. Classic Design: Single buckle monk strap style, perfect for both formal and and smart-casual occasions. Optimal Heel: A subtle 1-3 cm heel\u2026","_links":{"self":[{"href":"https:\/\/turkishtrade.co\/fr\/wp-json\/wp\/v2\/product\/5277","targetHints":{"allow":["GET"]}}],"collection":[{"href":"https:\/\/turkishtrade.co\/fr\/wp-json\/wp\/v2\/product"}],"about":[{"href":"https:\/\/turkishtrade.co\/fr\/wp-json\/wp\/v2\/types\/product"}],"wp:featuredmedia":[{"embeddable":true,"href":"https:\/\/turkishtrade.co\/fr\/wp-json\/wp\/v2\/media\/3556"}],"wp:attachment":[{"href":"https:\/\/turkishtrade.co\/fr\/wp-json\/wp\/v2\/media?parent=5277"}],"wp:term":[{"taxonomy":"product_brand","embeddable":true,"href":"https:\/\/turkishtrade.co\/fr\/wp-json\/wp\/v2\/product_brand?post=5277"},{"taxonomy":"product_cat","embeddable":true,"href":"https:\/\/turkishtrade.co\/fr\/wp-json\/wp\/v2\/product_cat?post=5277"},{"taxonomy":"product_tag","embeddable":true,"href":"https:\/\/turkishtrade.co\/fr\/wp-json\/wp\/v2\/product_tag?post=5277"}],"curies":[{"name":"wp","href":"https:\/\/api.w.org\/{rel}","templated":true}]}}