{"id":5267,"date":"2026-01-14T11:35:31","date_gmt":"2026-01-14T11:35:31","guid":{"rendered":"https:\/\/turkishtrade.co\/product\/men-leather-oxford-shoes\/"},"modified":"2026-04-09T19:39:20","modified_gmt":"2026-04-09T19:39:20","slug":"mens-leather-oxford-shoes-formal-footwear","status":"publish","type":"product","link":"https:\/\/turkishtrade.co\/fr\/shop\/mens-leather-oxford-shoes-formal-footwear\/","title":{"rendered":"Chaussures Oxford en cuir de veau de fabrication artisanale pour hommes"},"content":{"rendered":"<p><strong>Chaussures Oxford en cuir pour hommes<\/strong><\/p>\n<p>Entrez dans un style sophistiqu\u00e9 gr\u00e2ce \u00e0 nos produits m\u00e9ticuleusement fabriqu\u00e9s. <b>Chaussures Oxford en cuir de veau de fabrication artisanale pour hommes<\/b>. Con\u00e7ues pour le gentleman exigeant, ces chaussures exquises allient l'art de la cordonnerie traditionnelle au confort moderne. Chaque paire est un testament de qualit\u00e9, vous assurant une impression durable lors de tout \u00e9v\u00e9nement formel, r\u00e9union d'affaires ou occasion sp\u00e9ciale.<\/p>\n<p>Notre prime <b>Chaussures Oxford en cuir pour hommes<\/b> sont fabriqu\u00e9s \u00e0 partir des mat\u00e9riaux les plus nobles. L'ext\u00e9rieur est en cuir de veau luxueux, r\u00e9put\u00e9 pour sa texture lisse, sa durabilit\u00e9 et sa finition \u00e9l\u00e9gante, ce qui lui conf\u00e8re un aspect raffin\u00e9 et poli. \u00c0 l'int\u00e9rieur, vos pieds b\u00e9n\u00e9ficieront d'un confort ultime gr\u00e2ce \u00e0 la doublure souple en cuir de ch\u00e8vre, qui offre une bonne respirabilit\u00e9 et une coupe gant\u00e9e qui s'adapte \u00e0 votre pied au fil du temps.<\/p>\n<h3>Un confort in\u00e9gal\u00e9 et un design intemporel<\/h3>\n<p>Profitez d'un confort de marche sup\u00e9rieur gr\u00e2ce \u00e0 la semelle Microlight innovante. Ce mat\u00e9riau de semelle avanc\u00e9 est exceptionnellement l\u00e9ger tout en \u00e9tant tr\u00e8s durable, offrant une excellente traction et une absorption des chocs avec une hauteur de talon subtile de 1 \u00e0 3 cm. La silhouette Oxford classique est rehauss\u00e9e de d\u00e9tails brogue raffin\u00e9s et d'une pointe sophistiqu\u00e9e. <b>Chaussures Oxford en cuir pour hommes<\/b> un compl\u00e9ment polyvalent \u00e0 toute garde-robe. Ils sont disponibles dans une gamme de tailles allant du 39 au 45, garantissant un ajustement parfait pour chaque client.<\/p>\n<h3>Id\u00e9al pour les commandes en gros et en masse<\/h3>\n<p>Pour les d\u00e9taillants et les entreprises \u00e0 la recherche de chaussures formelles de haute qualit\u00e9, ces <b>Chaussures Oxford en cuir pour hommes<\/b> sont disponibles pour les achats en gros. Avec une quantit\u00e9 minimale de 8 paires, vous pouvez facilement vous approvisionner en un produit qui promet \u00e0 la fois l'\u00e9l\u00e9gance et la satisfaction du client. Nous comprenons l'importance d'une livraison rapide ; veuillez pr\u00e9voir un d\u00e9lai de 12 jours pour la production et un d\u00e9lai d'exp\u00e9dition suppl\u00e9mentaire pour recevoir votre commande. Nos prix comp\u00e9titifs pour ces chaussures exceptionnelles en font une option attrayante pour les acheteurs en gros qui cherchent \u00e0 offrir des produits de qualit\u00e9 sup\u00e9rieure.<\/p>\n<p>Investissez dans des chaussures qui allient esth\u00e9tique et qualit\u00e9 durable. Ces chaussures Oxford en cuir de veau fabriqu\u00e9es \u00e0 la main sont plus qu'un simple accessoire ; elles sont une d\u00e9claration de classe et d'assurance, con\u00e7ue pour rehausser votre style professionnel et personnel. Choisissez l'excellence, choisissez nos chaussures Oxford en cuir pour hommes.<\/p>","protected":false},"excerpt":{"rendered":"<ul>\n<li>Exquise fabrication artisanale en cuir de veau de premi\u00e8re qualit\u00e9 \u00e0 l'ext\u00e9rieur et en cuir de ch\u00e8vre souple \u00e0 l'int\u00e9rieur.<\/li>\n<li>Dot\u00e9e d'une semelle Microlight durable et l\u00e9g\u00e8re pour un confort tout au long de la journ\u00e9e.<\/li>\n<li>Un mod\u00e8le Oxford classique avec d'\u00e9l\u00e9gants d\u00e9tails de broderie et un bout de pied distingu\u00e9.<\/li>\n<li>Disponible dans une large gamme de tailles : 39, 40, 41, 42, 43, 44, 45.<\/li>\n<li>Quantit\u00e9 minimale de commande : 8 paires, parfait pour les achats en gros ou en masse.<\/li>\n<li>Livraison estim\u00e9e : 12 jours plus le temps d'exp\u00e9dition.<\/li>\n<\/ul>","protected":false},"featured_media":3549,"template":"","meta":{"_acf_changed":false,"_uag_custom_page_level_css":"","site-sidebar-layout":"default","site-content-layout":"","ast-site-content-layout":"default","site-content-style":"default","site-sidebar-style":"default","ast-global-header-display":"","ast-banner-title-visibility":"","ast-main-header-display":"","ast-hfb-above-header-display":"","ast-hfb-below-header-display":"","ast-hfb-mobile-header-display":"","site-post-title":"","ast-breadcrumbs-content":"","ast-featured-img":"","footer-sml-layout":"","ast-disable-related-posts":"","theme-transparent-header-meta":"default","adv-header-id-meta":"","stick-header-meta":"","header-above-stick-meta":"","header-main-stick-meta":"","header-below-stick-meta":"","astra-migrate-meta-layouts":"set","ast-page-background-enabled":"default","ast-page-background-meta":{"desktop":{"background-color":"var(--ast-global-color-4)","background-image":"","background-repeat":"repeat","background-position":"center center","background-size":"auto","background-attachment":"scroll","background-type":"","background-media":"","overlay-type":"","overlay-color":"","overlay-opacity":"","overlay-gradient":""},"tablet":{"background-color":"","background-image":"","background-repeat":"repeat","background-position":"center center","background-size":"auto","background-attachment":"scroll","background-type":"","background-media":"","overlay-type":"","overlay-color":"","overlay-opacity":"","overlay-gradient":""},"mobile":{"background-color":"","background-image":"","background-repeat":"repeat","background-position":"center center","background-size":"auto","background-attachment":"scroll","background-type":"","background-media":"","overlay-type":"","overlay-color":"","overlay-opacity":"","overlay-gradient":""}},"ast-content-background-meta":{"desktop":{"background-color":"var(--ast-global-color-5)","background-image":"","background-repeat":"repeat","background-position":"center center","background-size":"auto","background-attachment":"scroll","background-type":"","background-media":"","overlay-type":"","overlay-color":"","overlay-opacity":"","overlay-gradient":""},"tablet":{"background-color":"var(--ast-global-color-5)","background-image":"","background-repeat":"repeat","background-position":"center center","background-size":"auto","background-attachment":"scroll","background-type":"","background-media":"","overlay-type":"","overlay-color":"","overlay-opacity":"","overlay-gradient":""},"mobile":{"background-color":"var(--ast-global-color-5)","background-image":"","background-repeat":"repeat","background-position":"center center","background-size":"auto","background-attachment":"scroll","background-type":"","background-media":"","overlay-type":"","overlay-color":"","overlay-opacity":"","overlay-gradient":""}}},"product_brand":[],"product_cat":[47,430,40],"product_tag":[654,405,185,458,251,189,450,324,829,466,204,632,281],"class_list":{"0":"post-5267","1":"product","2":"type-product","3":"status-publish","4":"has-post-thumbnail","6":"product_cat-classic","7":"product_cat-men","8":"product_cat-mens-shoes","9":"product_tag-brogue-shoes","10":"product_tag-business-shoes","11":"product_tag-calf-leather-shoes","12":"product_tag-cap-toe-shoes","13":"product_tag-formal-shoes","14":"product_tag-goat-leather-lining","15":"product_tag-handcrafted-shoes","16":"product_tag-mens-dress-shoes","17":"product_tag-mens-leather-oxford-shoes","18":"product_tag-microlight-sole","19":"product_tag-oxford-shoes","20":"product_tag-premium-leather-shoes","21":"product_tag-wholesale-shoes","22":"desktop-align-center","23":"tablet-align-center","24":"mobile-align-center","26":"first","27":"instock","28":"shipping-taxable","29":"purchasable","30":"product-type-variable","31":"has-default-attributes"},"acf":[],"uagb_featured_image_src":{"full":["https:\/\/turkishtrade.co\/wp-content\/uploads\/2026\/01\/2400EJOMN00139-DARK-BROWN-KDM_7636.png",453,250,false],"thumbnail":["https:\/\/turkishtrade.co\/wp-content\/uploads\/2026\/01\/2400EJOMN00139-DARK-BROWN-KDM_7636-150x150.png",150,150,true],"medium":["https:\/\/turkishtrade.co\/wp-content\/uploads\/2026\/01\/2400EJOMN00139-DARK-BROWN-KDM_7636-300x166.png",300,166,true],"medium_large":["https:\/\/turkishtrade.co\/wp-content\/uploads\/2026\/01\/2400EJOMN00139-DARK-BROWN-KDM_7636.png",453,250,false],"large":["https:\/\/turkishtrade.co\/wp-content\/uploads\/2026\/01\/2400EJOMN00139-DARK-BROWN-KDM_7636.png",453,250,false],"1536x1536":["https:\/\/turkishtrade.co\/wp-content\/uploads\/2026\/01\/2400EJOMN00139-DARK-BROWN-KDM_7636.png",453,250,false],"2048x2048":["https:\/\/turkishtrade.co\/wp-content\/uploads\/2026\/01\/2400EJOMN00139-DARK-BROWN-KDM_7636.png",453,250,false],"trp-custom-language-flag":["https:\/\/turkishtrade.co\/wp-content\/uploads\/2026\/01\/2400EJOMN00139-DARK-BROWN-KDM_7636-18x10.png",18,10,true],"woocommerce_thumbnail":["https:\/\/turkishtrade.co\/wp-content\/uploads\/2026\/01\/2400EJOMN00139-DARK-BROWN-KDM_7636-400x250.png",400,250,true],"woocommerce_single":["https:\/\/turkishtrade.co\/wp-content\/uploads\/2026\/01\/2400EJOMN00139-DARK-BROWN-KDM_7636.png",453,250,false],"woocommerce_gallery_thumbnail":["https:\/\/turkishtrade.co\/wp-content\/uploads\/2026\/01\/2400EJOMN00139-DARK-BROWN-KDM_7636-100x100.png",100,100,true]},"uagb_author_info":{"display_name":"yaser olabi","author_link":"https:\/\/turkishtrade.co\/fr\/author\/"},"uagb_comment_info":0,"uagb_excerpt":"Exquisitely handcrafted from premium Calf Leather exterior and soft Goat Leather interior. Features a durable and lightweight Microlight sole for all-day comfort. Classic Oxford design with elegant brogue detailing and a distinguished cap toe. Available in a comprehensive range of sizes: 39, 40, 41, 42, 43, 44, 45. Minimum order quantity: 8 pairs, perfect for\u2026","_links":{"self":[{"href":"https:\/\/turkishtrade.co\/fr\/wp-json\/wp\/v2\/product\/5267","targetHints":{"allow":["GET"]}}],"collection":[{"href":"https:\/\/turkishtrade.co\/fr\/wp-json\/wp\/v2\/product"}],"about":[{"href":"https:\/\/turkishtrade.co\/fr\/wp-json\/wp\/v2\/types\/product"}],"wp:featuredmedia":[{"embeddable":true,"href":"https:\/\/turkishtrade.co\/fr\/wp-json\/wp\/v2\/media\/3549"}],"wp:attachment":[{"href":"https:\/\/turkishtrade.co\/fr\/wp-json\/wp\/v2\/media?parent=5267"}],"wp:term":[{"taxonomy":"product_brand","embeddable":true,"href":"https:\/\/turkishtrade.co\/fr\/wp-json\/wp\/v2\/product_brand?post=5267"},{"taxonomy":"product_cat","embeddable":true,"href":"https:\/\/turkishtrade.co\/fr\/wp-json\/wp\/v2\/product_cat?post=5267"},{"taxonomy":"product_tag","embeddable":true,"href":"https:\/\/turkishtrade.co\/fr\/wp-json\/wp\/v2\/product_tag?post=5267"}],"curies":[{"name":"wp","href":"https:\/\/api.w.org\/{rel}","templated":true}]}}