{"id":5264,"date":"2026-01-14T11:35:12","date_gmt":"2026-01-14T11:35:12","guid":{"rendered":"https:\/\/turkishtrade.co\/product\/mens-leather-loafers-5\/"},"modified":"2026-04-09T19:39:26","modified_gmt":"2026-04-09T19:39:26","slug":"mens-leather-loafers-5","status":"publish","type":"product","link":"https:\/\/turkishtrade.co\/fr\/shop\/mens-leather-loafers-5\/","title":{"rendered":"Mocassins en cuir de veau de qualit\u00e9 sup\u00e9rieure pour hommes"},"content":{"rendered":"<p><strong>Mocassins en cuir pour hommes<\/strong><\/p>\n<p>Am\u00e9liorez votre collection de chaussures gr\u00e2ce \u00e0 nos chaussures de qualit\u00e9 sup\u00e9rieure. <b>Mocassins en cuir pour hommes<\/b>, Ces chaussures ont \u00e9t\u00e9 con\u00e7ues pour les hommes exigeants qui appr\u00e9cient un style intemporel et un confort exceptionnel. Ces chaussures \u00e0 enfiler exquises t\u00e9moignent d'un savoir-faire sup\u00e9rieur, alliant techniques traditionnelles et design moderne. Que vous assistiez \u00e0 un \u00e9v\u00e9nement formel, que vous vous rendiez au bureau ou que vous vous rendiez \u00e0 une soir\u00e9e d\u00e9contract\u00e9e, ces chaussures sont id\u00e9ales. <b>Mocassins en cuir pour hommes<\/b> sont le choix id\u00e9al pour compl\u00e9ter votre look.<\/p>\n<h3>Un confort et un savoir-faire in\u00e9gal\u00e9s<\/h3>\n<p>Notre <b>Mocassins en cuir pour hommes<\/b> sont m\u00e9ticuleusement construits \u00e0 partir des mat\u00e9riaux les plus nobles. L'ext\u00e9rieur est en cuir de veau v\u00e9ritable, r\u00e9put\u00e9 pour sa texture douce, sa durabilit\u00e9 et sa capacit\u00e9 \u00e0 vieillir en beaut\u00e9. \u00c0 l'int\u00e9rieur, vos pieds seront berc\u00e9s par une luxueuse doublure en cuir de ch\u00e8vre, offrant un toucher incroyablement doux et une excellente respirabilit\u00e9 pour vous permettre de rester \u00e0 l'aise tout au long de la journ\u00e9e. La semelle Microlight innovante offre une flexibilit\u00e9 et un soutien l\u00e9gers, pour que chaque pas soit un plaisir. Un talon subtil de 1 \u00e0 3 cm ajoute une \u00e9l\u00e9vation raffin\u00e9e sans sacrifier la stabilit\u00e9, ce qui rend ces chaussures encore plus agr\u00e9ables \u00e0 porter. <b>Mocassins en cuir pour hommes<\/b> id\u00e9al pour une utilisation prolong\u00e9e.<\/p>\n<h3>Un style intemporel pour toutes les occasions<\/h3>\n<p>La silhouette classique de ces <b>Mocassins en cuir pour hommes<\/b> les rend incroyablement polyvalents. Disponibles en noir sophistiqu\u00e9 et en marron \u00e9l\u00e9gant, elles permettent de passer sans effort d'une tenue formelle \u00e0 une tenue d'affaires d\u00e9contract\u00e9e et \u00e0 une tenue de tous les jours \u00e9l\u00e9gante. Associez-les \u00e0 un costume \u00e9l\u00e9gant pour un look professionnel soign\u00e9, ou habillez-les d'un pantalon chino et d'un blazer pour un ensemble raffin\u00e9 pour le week-end. L'attention port\u00e9e aux d\u00e9tails, depuis les coutures jusqu'\u00e0 la finition polie, garantit que ces chaussures sont \u00e0 la hauteur de vos attentes. <b>Mocassins en cuir pour hommes<\/b> d\u00e9gagent un air de luxe discret qui ne se d\u00e9modera jamais.<\/p>\n<h3>Con\u00e7u pour le gentleman averti<\/h3>\n<p>Ces <b>Mocassins en cuir pour hommes<\/b> sont plus que de simples chaussures ; elles sont un investissement dans la qualit\u00e9 et le confort. Chaque paire est le reflet d'un engagement \u00e0 l'excellence, con\u00e7ue pour offrir un ajustement parfait et un port durable. Nous comprenons l'importance de chaussures fiables et \u00e9l\u00e9gantes, c'est pourquoi nos mocassins sont con\u00e7us pour durer. Disponibles dans une gamme compl\u00e8te de tailles europ\u00e9ennes allant de 39 \u00e0 45, nous r\u00e9pondons aux besoins d'un large \u00e9ventail de clients exigeants. Pour les commandes en gros, une quantit\u00e9 minimale de 8 paires est requise, avec un d\u00e9lai de livraison de 12 jours plus les frais d'exp\u00e9dition. Ces chaussures exceptionnelles allient \u00e0 la perfection style, confort et durabilit\u00e9. <b>Mocassins en cuir pour hommes<\/b>.<\/p>","protected":false},"excerpt":{"rendered":"<ul>\n<li>Exquise fabrication en cuir de veau de premi\u00e8re qualit\u00e9 pour l'ext\u00e9rieur<\/li>\n<li>La doublure en cuir de ch\u00e8vre luxueux assure un confort et une respirabilit\u00e9 sup\u00e9rieurs.<\/li>\n<li>Semelle Microlight l\u00e9g\u00e8re et flexible pour une utilisation tout au long de la journ\u00e9e<\/li>\n<li>Le talon subtil de 1 \u00e0 3 cm apporte une touche d'\u00e9l\u00e9gance sans compromettre le confort.<\/li>\n<li>Disponible dans les tailles 39, 40, 41, 42, 43, 44, 45 de l'UE<\/li>\n<li>Disponible en noir classique et en brun sophistiqu\u00e9.<\/li>\n<li>Quantit\u00e9 minimale de commande : 8 paires<\/li>\n<li>D\u00e9lai de livraison : 12 jours + exp\u00e9dition<\/li>\n<\/ul>","protected":false},"featured_media":3547,"template":"","meta":{"_acf_changed":false,"_uag_custom_page_level_css":"","site-sidebar-layout":"default","site-content-layout":"","ast-site-content-layout":"default","site-content-style":"default","site-sidebar-style":"default","ast-global-header-display":"","ast-banner-title-visibility":"","ast-main-header-display":"","ast-hfb-above-header-display":"","ast-hfb-below-header-display":"","ast-hfb-mobile-header-display":"","site-post-title":"","ast-breadcrumbs-content":"","ast-featured-img":"","footer-sml-layout":"","ast-disable-related-posts":"","theme-transparent-header-meta":"default","adv-header-id-meta":"","stick-header-meta":"","header-above-stick-meta":"","header-main-stick-meta":"","header-below-stick-meta":"","astra-migrate-meta-layouts":"set","ast-page-background-enabled":"default","ast-page-background-meta":{"desktop":{"background-color":"var(--ast-global-color-4)","background-image":"","background-repeat":"repeat","background-position":"center center","background-size":"auto","background-attachment":"scroll","background-type":"","background-media":"","overlay-type":"","overlay-color":"","overlay-opacity":"","overlay-gradient":""},"tablet":{"background-color":"","background-image":"","background-repeat":"repeat","background-position":"center center","background-size":"auto","background-attachment":"scroll","background-type":"","background-media":"","overlay-type":"","overlay-color":"","overlay-opacity":"","overlay-gradient":""},"mobile":{"background-color":"","background-image":"","background-repeat":"repeat","background-position":"center center","background-size":"auto","background-attachment":"scroll","background-type":"","background-media":"","overlay-type":"","overlay-color":"","overlay-opacity":"","overlay-gradient":""}},"ast-content-background-meta":{"desktop":{"background-color":"var(--ast-global-color-5)","background-image":"","background-repeat":"repeat","background-position":"center center","background-size":"auto","background-attachment":"scroll","background-type":"","background-media":"","overlay-type":"","overlay-color":"","overlay-opacity":"","overlay-gradient":""},"tablet":{"background-color":"var(--ast-global-color-5)","background-image":"","background-repeat":"repeat","background-position":"center center","background-size":"auto","background-attachment":"scroll","background-type":"","background-media":"","overlay-type":"","overlay-color":"","overlay-opacity":"","overlay-gradient":""},"mobile":{"background-color":"var(--ast-global-color-5)","background-image":"","background-repeat":"repeat","background-position":"center center","background-size":"auto","background-attachment":"scroll","background-type":"","background-media":"","overlay-type":"","overlay-color":"","overlay-opacity":"","overlay-gradient":""}}},"product_brand":[],"product_cat":[47,430,40],"product_tag":[370,147,513,185,457,220,284,251,189,450,215,186,466,374,184],"class_list":{"0":"post-5264","1":"product","2":"type-product","3":"status-publish","4":"has-post-thumbnail","6":"product_cat-classic","7":"product_cat-men","8":"product_cat-mens-shoes","9":"product_tag-black-loafers","10":"product_tag-brown-loafers","11":"product_tag-business-casual-shoes","12":"product_tag-calf-leather-shoes","13":"product_tag-classic-loafers","14":"product_tag-comfortable-loafers","15":"product_tag-dress-shoes","16":"product_tag-formal-shoes","17":"product_tag-goat-leather-lining","18":"product_tag-handcrafted-shoes","19":"product_tag-leather-loafers","20":"product_tag-mens-loafers","21":"product_tag-microlight-sole","22":"product_tag-premium-loafers","23":"product_tag-slip-on-shoes","24":"desktop-align-center","25":"tablet-align-center","26":"mobile-align-center","28":"first","29":"instock","30":"shipping-taxable","31":"purchasable","32":"product-type-variable","33":"has-default-attributes"},"acf":[],"uagb_featured_image_src":{"full":["https:\/\/turkishtrade.co\/wp-content\/uploads\/2026\/01\/2400EJOMN00138-BROWN-Y_12.png",453,250,false],"thumbnail":["https:\/\/turkishtrade.co\/wp-content\/uploads\/2026\/01\/2400EJOMN00138-BROWN-Y_12-150x150.png",150,150,true],"medium":["https:\/\/turkishtrade.co\/wp-content\/uploads\/2026\/01\/2400EJOMN00138-BROWN-Y_12-300x166.png",300,166,true],"medium_large":["https:\/\/turkishtrade.co\/wp-content\/uploads\/2026\/01\/2400EJOMN00138-BROWN-Y_12.png",453,250,false],"large":["https:\/\/turkishtrade.co\/wp-content\/uploads\/2026\/01\/2400EJOMN00138-BROWN-Y_12.png",453,250,false],"1536x1536":["https:\/\/turkishtrade.co\/wp-content\/uploads\/2026\/01\/2400EJOMN00138-BROWN-Y_12.png",453,250,false],"2048x2048":["https:\/\/turkishtrade.co\/wp-content\/uploads\/2026\/01\/2400EJOMN00138-BROWN-Y_12.png",453,250,false],"trp-custom-language-flag":["https:\/\/turkishtrade.co\/wp-content\/uploads\/2026\/01\/2400EJOMN00138-BROWN-Y_12-18x10.png",18,10,true],"woocommerce_thumbnail":["https:\/\/turkishtrade.co\/wp-content\/uploads\/2026\/01\/2400EJOMN00138-BROWN-Y_12-400x250.png",400,250,true],"woocommerce_single":["https:\/\/turkishtrade.co\/wp-content\/uploads\/2026\/01\/2400EJOMN00138-BROWN-Y_12.png",453,250,false],"woocommerce_gallery_thumbnail":["https:\/\/turkishtrade.co\/wp-content\/uploads\/2026\/01\/2400EJOMN00138-BROWN-Y_12-100x100.png",100,100,true]},"uagb_author_info":{"display_name":"yaser olabi","author_link":"https:\/\/turkishtrade.co\/fr\/author\/"},"uagb_comment_info":0,"uagb_excerpt":"Exquisitely crafted from premium Calf Leather for the exterior Luxurious Goat Leather lining ensures superior comfort and breathability Features a lightweight and flexible Microlight Sole for all-day wear Subtle 1-3 cm heel provides a touch of elegance without compromising comfort Available in EU Sizes 39, 40, 41, 42, 43, 44, 45 Offered in classic Black\u2026","_links":{"self":[{"href":"https:\/\/turkishtrade.co\/fr\/wp-json\/wp\/v2\/product\/5264","targetHints":{"allow":["GET"]}}],"collection":[{"href":"https:\/\/turkishtrade.co\/fr\/wp-json\/wp\/v2\/product"}],"about":[{"href":"https:\/\/turkishtrade.co\/fr\/wp-json\/wp\/v2\/types\/product"}],"wp:featuredmedia":[{"embeddable":true,"href":"https:\/\/turkishtrade.co\/fr\/wp-json\/wp\/v2\/media\/3547"}],"wp:attachment":[{"href":"https:\/\/turkishtrade.co\/fr\/wp-json\/wp\/v2\/media?parent=5264"}],"wp:term":[{"taxonomy":"product_brand","embeddable":true,"href":"https:\/\/turkishtrade.co\/fr\/wp-json\/wp\/v2\/product_brand?post=5264"},{"taxonomy":"product_cat","embeddable":true,"href":"https:\/\/turkishtrade.co\/fr\/wp-json\/wp\/v2\/product_cat?post=5264"},{"taxonomy":"product_tag","embeddable":true,"href":"https:\/\/turkishtrade.co\/fr\/wp-json\/wp\/v2\/product_tag?post=5264"}],"curies":[{"name":"wp","href":"https:\/\/api.w.org\/{rel}","templated":true}]}}