{"id":5243,"date":"2026-01-14T11:32:38","date_gmt":"2026-01-14T11:32:38","guid":{"rendered":"https:\/\/turkishtrade.co\/product\/black-leather-tassel-loafers\/"},"modified":"2026-04-09T19:40:05","modified_gmt":"2026-04-09T19:40:05","slug":"black-leather-tassel-loafers","status":"publish","type":"product","link":"https:\/\/turkishtrade.co\/fr\/shop\/black-leather-tassel-loafers\/","title":{"rendered":"Mocassins \u00e0 glands en cuir de veau noir avec accents vernis pour hommes"},"content":{"rendered":"<p><strong>Mocassins \u00e0 glands en cuir noir<\/strong><\/p>\n<p>Entrez dans une sophistication in\u00e9gal\u00e9e gr\u00e2ce \u00e0 nos produits haut de gamme. <strong>Mocassins \u00e0 glands en cuir noir<\/strong>. Con\u00e7ues pour le gentleman moderne, ces \u00e9l\u00e9gantes chaussures \u00e0 enfiler allient sans effort savoir-faire traditionnel et style contemporain. Notre <strong>mocassins \u00e0 glands en cuir noir<\/strong> sont plus que de simples chaussures ; elles sont l'expression d'un go\u00fbt raffin\u00e9, parfaites pour rehausser tout ensemble formel ou d\u00e9contract\u00e9. Faites l'exp\u00e9rience du confort luxueux et de l'attrait distinctif que seules des chaussures m\u00e9ticuleusement fabriqu\u00e9es peuvent offrir. <strong>mocassins \u00e0 glands en cuir noir<\/strong> peut fournir.<\/p>\n<h3>Un savoir-faire in\u00e9gal\u00e9 et des mat\u00e9riaux de premi\u00e8re qualit\u00e9<\/h3>\n<p>Chaque paire de ces exquises <strong>mocassins \u00e0 glands en cuir noir<\/strong> t\u00e9moigne d'une qualit\u00e9 artistique et mat\u00e9rielle sup\u00e9rieure. L'ext\u00e9rieur est fabriqu\u00e9 de mani\u00e8re experte \u00e0 partir de cuir de veau de qualit\u00e9 sup\u00e9rieure, r\u00e9put\u00e9 pour sa finition lisse, sa durabilit\u00e9 exceptionnelle et son toucher luxueux. Cette couche ext\u00e9rieure robuste est compl\u00e9t\u00e9e par un int\u00e9rieur doubl\u00e9 de cuir de ch\u00e8vre somptueusement doux, garantissant une exp\u00e9rience respirante et incroyablement confortable \u00e0 chaque pas. Le m\u00e9lange harmonieux de ces cuirs de qualit\u00e9 sup\u00e9rieure garantit la long\u00e9vit\u00e9 et un ajustement personnalis\u00e9 qui se moule progressivement \u00e0 votre pied. Investir dans ces <strong>mocassins \u00e0 glands en cuir noir<\/strong> c'est investir dans un style et un confort durables.<\/p>\n<h3>Un design sophistiqu\u00e9 avec des d\u00e9tails distinctifs<\/h3>\n<p>L'attrait visuel frappant de ces <strong>mocassins \u00e0 glands en cuir noir<\/strong> est vraiment captivante. Elles pr\u00e9sentent un design unique qui incorpore un bout et un talon en cuir verni brillant, cr\u00e9ant un contraste sophistiqu\u00e9 avec l'empeigne subtilement textur\u00e9e. Ce panneau textur\u00e9 distinctif, ainsi que les deux glands \u00e9l\u00e9gants qui ornent l'avant, conf\u00e8rent \u00e0 ces chaussures un charme et une individualit\u00e9 hors du commun. Le profil \u00e9l\u00e9gant de ces <strong>mocassins \u00e0 glands en cuir noir<\/strong> est renforc\u00e9e par une semelle Microlight l\u00e9g\u00e8re, con\u00e7ue pour une flexibilit\u00e9 sup\u00e9rieure et une traction fiable, associ\u00e9e \u00e0 un talon de 1 \u00e0 3 cm parfaitement \u00e9quilibr\u00e9 qui offre une \u00e9l\u00e9vation subtile sans sacrifier le confort. Ces d\u00e9tails bien pens\u00e9s garantissent \u00e0 nos <strong>mocassins \u00e0 glands en cuir noir<\/strong> attirer l'attention.<\/p>\n<h3>Une polyvalence pour toutes les occasions<\/h3>\n<p>Que vous vous pr\u00e9pariez \u00e0 une r\u00e9union d'affaires importante, que vous assistiez \u00e0 un gala formel ou que vous souhaitiez simplement peaufiner votre tenue d\u00e9contract\u00e9e, nos <strong>mocassins \u00e0 glands en cuir noir<\/strong> sont le choix par excellence. Leur conception polyvalente permet de les associer sans probl\u00e8me \u00e0 des costumes sur mesure, \u00e0 des pantalons \u00e9l\u00e9gants ou m\u00eame \u00e0 des jeans de haute qualit\u00e9 pour une esth\u00e9tique soign\u00e9e le week-end. Profitez de la fusion parfaite entre le style classique et le confort contemporain qu'offrent ces chaussures. <strong>mocassins \u00e0 glands en cuir noir<\/strong> offre. Elles sont m\u00e9ticuleusement con\u00e7ues pour \u00eatre vos chaussures de pr\u00e9dilection et laisser une impression inoubliable.<\/p>\n<h3>Opportunit\u00e9 de vente en gros pour les entreprises<\/h3>\n<p>Pour les d\u00e9taillants et les entreprises qui cherchent \u00e0 enrichir leur offre de chaussures, ces chaussures de qualit\u00e9 sup\u00e9rieure ont \u00e9t\u00e9 con\u00e7ues pour r\u00e9pondre aux besoins des consommateurs. <strong>mocassins \u00e0 glands en cuir noir<\/strong> sont disponibles pour les commandes en gros. Avec une quantit\u00e9 minimale de commande de 8 paires seulement et un prix attractif de USD par paire, vous pouvez fournir \u00e0 votre client\u00e8le des chaussures de luxe sans investissement initial substantiel. Nous assurons un traitement efficace avec un d\u00e9lai de livraison d'environ 12 jours pour la production, plus l'exp\u00e9dition standard, garantissant que votre commande arrive rapidement. Saisissez cette excellente occasion d'int\u00e9grer ces chaussures tr\u00e8s recherch\u00e9es dans votre entreprise. <strong>mocassins \u00e0 glands en cuir noir<\/strong> dans votre gamme de produits.<\/p>","protected":false},"excerpt":{"rendered":"<ul>\n<li><strong>Un savoir-faire exquis :<\/strong> L'ext\u00e9rieur est en cuir de veau de premi\u00e8re qualit\u00e9 et l'int\u00e9rieur en cuir de ch\u00e8vre souple pour un confort et une durabilit\u00e9 ultimes.<\/li>\n<li><strong>Design distinctif :<\/strong> Il est dot\u00e9 d'un embout et d'un talon sophistiqu\u00e9s en cuir verni noir, compl\u00e9t\u00e9s par une empeigne textur\u00e9e unique et d'\u00e9l\u00e9gants d\u00e9tails en forme de houppe.<\/li>\n<li><strong>Semelle ax\u00e9e sur le confort :<\/strong> Dot\u00e9e d'une semelle l\u00e9g\u00e8re Microlight et d'un talon confortable de 1 \u00e0 3 cm, elle se porte tout au long de la journ\u00e9e.<\/li>\n<li><strong>Tailles disponibles :<\/strong> UE 39, 40, 41, 42, 43, 44, 45.<\/li>\n<li><strong>Opportunit\u00e9 de vente en gros :<\/strong> Commande minimum de 8 paires.<\/li>\n<li><strong>Prix comp\u00e9titifs :<\/strong> Le prix est de seulement USD par paire pour les commandes en gros.<\/li>\n<li><strong>Livraison efficace :<\/strong> Comptez 12 jours pour la production et le d\u00e9lai d'exp\u00e9dition vers votre lieu de r\u00e9sidence.<\/li>\n<\/ul>","protected":false},"featured_media":3532,"template":"","meta":{"_acf_changed":false,"_uag_custom_page_level_css":"","site-sidebar-layout":"default","site-content-layout":"","ast-site-content-layout":"default","site-content-style":"default","site-sidebar-style":"default","ast-global-header-display":"","ast-banner-title-visibility":"","ast-main-header-display":"","ast-hfb-above-header-display":"","ast-hfb-below-header-display":"","ast-hfb-mobile-header-display":"","site-post-title":"","ast-breadcrumbs-content":"","ast-featured-img":"","footer-sml-layout":"","ast-disable-related-posts":"","theme-transparent-header-meta":"default","adv-header-id-meta":"","stick-header-meta":"","header-above-stick-meta":"","header-main-stick-meta":"","header-below-stick-meta":"","astra-migrate-meta-layouts":"set","ast-page-background-enabled":"default","ast-page-background-meta":{"desktop":{"background-color":"var(--ast-global-color-4)","background-image":"","background-repeat":"repeat","background-position":"center center","background-size":"auto","background-attachment":"scroll","background-type":"","background-media":"","overlay-type":"","overlay-color":"","overlay-opacity":"","overlay-gradient":""},"tablet":{"background-color":"","background-image":"","background-repeat":"repeat","background-position":"center center","background-size":"auto","background-attachment":"scroll","background-type":"","background-media":"","overlay-type":"","overlay-color":"","overlay-opacity":"","overlay-gradient":""},"mobile":{"background-color":"","background-image":"","background-repeat":"repeat","background-position":"center center","background-size":"auto","background-attachment":"scroll","background-type":"","background-media":"","overlay-type":"","overlay-color":"","overlay-opacity":"","overlay-gradient":""}},"ast-content-background-meta":{"desktop":{"background-color":"var(--ast-global-color-5)","background-image":"","background-repeat":"repeat","background-position":"center center","background-size":"auto","background-attachment":"scroll","background-type":"","background-media":"","overlay-type":"","overlay-color":"","overlay-opacity":"","overlay-gradient":""},"tablet":{"background-color":"var(--ast-global-color-5)","background-image":"","background-repeat":"repeat","background-position":"center center","background-size":"auto","background-attachment":"scroll","background-type":"","background-media":"","overlay-type":"","overlay-color":"","overlay-opacity":"","overlay-gradient":""},"mobile":{"background-color":"var(--ast-global-color-5)","background-image":"","background-repeat":"repeat","background-position":"center center","background-size":"auto","background-attachment":"scroll","background-type":"","background-media":"","overlay-type":"","overlay-color":"","overlay-opacity":"","overlay-gradient":""}}},"product_brand":[],"product_cat":[47,430,40],"product_tag":[814,674,202,251,591,189,324,198,466,657,184,210,349,456],"class_list":{"0":"post-5243","1":"product","2":"type-product","3":"status-publish","4":"has-post-thumbnail","6":"product_cat-classic","7":"product_cat-men","8":"product_cat-mens-shoes","9":"product_tag-black-leather-loafers","10":"product_tag-bulk-shoes","11":"product_tag-calf-leather","12":"product_tag-formal-shoes","13":"product_tag-formal-wear","14":"product_tag-goat-leather-lining","15":"product_tag-mens-dress-shoes","16":"product_tag-mens-fashion","17":"product_tag-microlight-sole","18":"product_tag-patent-leather-shoes","19":"product_tag-slip-on-shoes","20":"product_tag-smart-casual","21":"product_tag-tassel-loafers","22":"product_tag-wholesale-loafers","23":"desktop-align-center","24":"tablet-align-center","25":"mobile-align-center","27":"first","28":"instock","29":"shipping-taxable","30":"purchasable","31":"product-type-variable","32":"has-default-attributes"},"acf":[],"uagb_featured_image_src":{"full":["https:\/\/turkishtrade.co\/wp-content\/uploads\/2026\/01\/2400EJOMN00131-BLACK-Y_571.png",453,250,false],"thumbnail":["https:\/\/turkishtrade.co\/wp-content\/uploads\/2026\/01\/2400EJOMN00131-BLACK-Y_571-150x150.png",150,150,true],"medium":["https:\/\/turkishtrade.co\/wp-content\/uploads\/2026\/01\/2400EJOMN00131-BLACK-Y_571-300x166.png",300,166,true],"medium_large":["https:\/\/turkishtrade.co\/wp-content\/uploads\/2026\/01\/2400EJOMN00131-BLACK-Y_571.png",453,250,false],"large":["https:\/\/turkishtrade.co\/wp-content\/uploads\/2026\/01\/2400EJOMN00131-BLACK-Y_571.png",453,250,false],"1536x1536":["https:\/\/turkishtrade.co\/wp-content\/uploads\/2026\/01\/2400EJOMN00131-BLACK-Y_571.png",453,250,false],"2048x2048":["https:\/\/turkishtrade.co\/wp-content\/uploads\/2026\/01\/2400EJOMN00131-BLACK-Y_571.png",453,250,false],"trp-custom-language-flag":["https:\/\/turkishtrade.co\/wp-content\/uploads\/2026\/01\/2400EJOMN00131-BLACK-Y_571-18x10.png",18,10,true],"woocommerce_thumbnail":["https:\/\/turkishtrade.co\/wp-content\/uploads\/2026\/01\/2400EJOMN00131-BLACK-Y_571-400x250.png",400,250,true],"woocommerce_single":["https:\/\/turkishtrade.co\/wp-content\/uploads\/2026\/01\/2400EJOMN00131-BLACK-Y_571.png",453,250,false],"woocommerce_gallery_thumbnail":["https:\/\/turkishtrade.co\/wp-content\/uploads\/2026\/01\/2400EJOMN00131-BLACK-Y_571-100x100.png",100,100,true]},"uagb_author_info":{"display_name":"yaser olabi","author_link":"https:\/\/turkishtrade.co\/fr\/author\/"},"uagb_comment_info":0,"uagb_excerpt":"Exquisite Craftsmanship: Made with premium calf leather exterior and soft goat leather interior for ultimate comfort and durability. Distinctive Design: Features a sophisticated black patent leather toe cap and heel, complemented by a unique textured vamp and stylish tassel details. Comfort-Focused Sole: Equipped with a lightweight Microlight sole and a comfortable 1-3cm heel for all-day\u2026","_links":{"self":[{"href":"https:\/\/turkishtrade.co\/fr\/wp-json\/wp\/v2\/product\/5243","targetHints":{"allow":["GET"]}}],"collection":[{"href":"https:\/\/turkishtrade.co\/fr\/wp-json\/wp\/v2\/product"}],"about":[{"href":"https:\/\/turkishtrade.co\/fr\/wp-json\/wp\/v2\/types\/product"}],"wp:featuredmedia":[{"embeddable":true,"href":"https:\/\/turkishtrade.co\/fr\/wp-json\/wp\/v2\/media\/3532"}],"wp:attachment":[{"href":"https:\/\/turkishtrade.co\/fr\/wp-json\/wp\/v2\/media?parent=5243"}],"wp:term":[{"taxonomy":"product_brand","embeddable":true,"href":"https:\/\/turkishtrade.co\/fr\/wp-json\/wp\/v2\/product_brand?post=5243"},{"taxonomy":"product_cat","embeddable":true,"href":"https:\/\/turkishtrade.co\/fr\/wp-json\/wp\/v2\/product_cat?post=5243"},{"taxonomy":"product_tag","embeddable":true,"href":"https:\/\/turkishtrade.co\/fr\/wp-json\/wp\/v2\/product_tag?post=5243"}],"curies":[{"name":"wp","href":"https:\/\/api.w.org\/{rel}","templated":true}]}}