{"id":5233,"date":"2026-01-14T11:31:29","date_gmt":"2026-01-14T11:31:29","guid":{"rendered":"https:\/\/turkishtrade.co\/product\/premium-black-leather-loafers\/"},"modified":"2026-04-09T19:40:23","modified_gmt":"2026-04-09T19:40:23","slug":"premium-black-leather-loafers","status":"publish","type":"product","link":"https:\/\/turkishtrade.co\/fr\/shop\/premium-black-leather-loafers\/","title":{"rendered":"Mocassins en cuir de veau noir de qualit\u00e9 sup\u00e9rieure pour hommes"},"content":{"rendered":"<p><strong>Mocassins en cuir noir de qualit\u00e9 sup\u00e9rieure<\/strong><\/p>\n<p>La chaussure la plus sophistiqu\u00e9e est celle que nous vous proposons avec nos chaussures exquises. <strong>Mocassins en cuir noir de qualit\u00e9 sup\u00e9rieure<\/strong>. Con\u00e7us pour l'homme exigeant, ces mocassins allient harmonieusement \u00e9l\u00e9gance intemporelle et confort moderne, ce qui en fait un compl\u00e9ment indispensable \u00e0 toute garde-robe. Chaque paire de ces mocassins exceptionnels <strong>Mocassins en cuir noir de qualit\u00e9 sup\u00e9rieure<\/strong> est le reflet d'un savoir-faire sup\u00e9rieur et d'un engagement in\u00e9branlable en faveur de la qualit\u00e9.<\/p>\n<h3>Des mat\u00e9riaux et un savoir-faire in\u00e9gal\u00e9s<\/h3>\n<p>L'ext\u00e9rieur de ces luxueux mocassins est m\u00e9ticuleusement fa\u00e7onn\u00e9 \u00e0 partir du cuir de veau v\u00e9ritable le plus fin. Connu pour sa texture lisse, sa durabilit\u00e9 et son fini lustr\u00e9, le cuir de veau donne une allure \u00e9l\u00e9gante et polie qui rehausse sans effort votre tenue. La riche teinte noire de ces <strong>Mocassins en cuir noir de qualit\u00e9 sup\u00e9rieure<\/strong> La polyvalence de ces chaussures leur permet de convenir \u00e0 un large \u00e9ventail d'occasions, des r\u00e9unions d'entreprise aux soir\u00e9es \u00e9l\u00e9gantes. \u00c0 l'int\u00e9rieur, vos pieds seront envelopp\u00e9s dans le confort doux et respirant d'une doublure en cuir de ch\u00e8vre v\u00e9ritable. Cette mati\u00e8re int\u00e9rieure de qualit\u00e9 sup\u00e9rieure am\u00e9liore non seulement le confort, mais favorise \u00e9galement l'\u00e9vacuation de l'humidit\u00e9, ce qui permet \u00e0 vos pieds de se sentir frais tout au long de la journ\u00e9e.<\/p>\n<h3>Con\u00e7u pour le confort et le style<\/h3>\n<p>Au-del\u00e0 de leur apparence \u00e9tonnante, ces <strong>Mocassins en cuir noir de qualit\u00e9 sup\u00e9rieure<\/strong> sont con\u00e7ues pour une portabilit\u00e9 optimale. La semelle Microlight r\u00e9siliente offre une excellente traction et une flexibilit\u00e9 l\u00e9g\u00e8re, ce qui permet de se d\u00e9placer sans effort sans compromettre le soutien. En compl\u00e9ment de la semelle, le talon d'une hauteur de 1 \u00e0 3 cm est parfaitement proportionn\u00e9, offrant une \u00e9l\u00e9vation subtile qui am\u00e9liore la posture et ajoute une touche de raffinement classique. Disponibles dans une large gamme de pointures europ\u00e9ennes allant de 39 \u00e0 45, il est facile de trouver votre chaussure id\u00e9ale, ce qui garantit un confort maximal tout au long de la journ\u00e9e.<\/p>\n<h3>Votre solution id\u00e9ale pour le commerce de gros<\/h3>\n<p>Pour les d\u00e9taillants ou les personnes souhaitant s'approvisionner en chaussures de haute qualit\u00e9, nos <strong>Mocassins en cuir noir de qualit\u00e9 sup\u00e9rieure<\/strong> sont disponibles \u00e0 partir d'une quantit\u00e9 minimale de 8 paires. Cela en fait un excellent choix pour les entreprises qui souhaitent offrir \u00e0 leurs clients des produits de qualit\u00e9 sup\u00e9rieure \u00e0 des prix comp\u00e9titifs. Avec un d\u00e9lai de livraison estim\u00e9 \u00e0 12 jours plus les frais d'exp\u00e9dition, vous pouvez vous attendre \u00e0 un service rapide et fiable. Investissez dans ces chaussures de marque <strong>Mocassins en cuir noir de qualit\u00e9 sup\u00e9rieure<\/strong> et faites l'exp\u00e9rience d'un m\u00e9lange de style, de confort et de qualit\u00e9 durable qui \u00e9tablit de nouvelles normes pour les chaussures de c\u00e9r\u00e9monie pour hommes.<\/p>","protected":false},"excerpt":{"rendered":"<ul>\n<li>Fabriqu\u00e9 en cuir de veau v\u00e9ritable \u00e0 l'ext\u00e9rieur et en cuir de ch\u00e8vre \u00e0 l'int\u00e9rieur pour un confort supr\u00eame et une bonne respirabilit\u00e9.<\/li>\n<li>Elle est dot\u00e9e d'une semelle Microlight durable et d'un talon subtil de 1 \u00e0 3 cm de hauteur pour une \u00e9l\u00e9gance raffin\u00e9e.<\/li>\n<li>Disponible dans une large gamme de tailles europ\u00e9ennes : 39, 40, 41, 42, 43, 44, 45, garantissant un ajustement parfait pour chaque gentleman.<\/li>\n<li>Une valeur exceptionnelle USD par paire (\u00e0 l'exclusion des bottes).<\/li>\n<li>Quantit\u00e9 minimale de commande : 8 paires, id\u00e9al pour les achats en gros et en masse.<\/li>\n<li>D\u00e9lai de livraison estim\u00e9 : 12 jours plus les frais d'exp\u00e9dition, ce qui garantit une livraison en temps voulu pour r\u00e9pondre \u00e0 vos besoins.<\/li>\n<\/ul>","protected":false},"featured_media":3526,"template":"","meta":{"_acf_changed":false,"_uag_custom_page_level_css":"","site-sidebar-layout":"default","site-content-layout":"","ast-site-content-layout":"default","site-content-style":"default","site-sidebar-style":"default","ast-global-header-display":"","ast-banner-title-visibility":"","ast-main-header-display":"","ast-hfb-above-header-display":"","ast-hfb-below-header-display":"","ast-hfb-mobile-header-display":"","site-post-title":"","ast-breadcrumbs-content":"","ast-featured-img":"","footer-sml-layout":"","ast-disable-related-posts":"","theme-transparent-header-meta":"default","adv-header-id-meta":"","stick-header-meta":"","header-above-stick-meta":"","header-main-stick-meta":"","header-below-stick-meta":"","astra-migrate-meta-layouts":"set","ast-page-background-enabled":"default","ast-page-background-meta":{"desktop":{"background-color":"var(--ast-global-color-4)","background-image":"","background-repeat":"repeat","background-position":"center center","background-size":"auto","background-attachment":"scroll","background-type":"","background-media":"","overlay-type":"","overlay-color":"","overlay-opacity":"","overlay-gradient":""},"tablet":{"background-color":"","background-image":"","background-repeat":"repeat","background-position":"center center","background-size":"auto","background-attachment":"scroll","background-type":"","background-media":"","overlay-type":"","overlay-color":"","overlay-opacity":"","overlay-gradient":""},"mobile":{"background-color":"","background-image":"","background-repeat":"repeat","background-position":"center center","background-size":"auto","background-attachment":"scroll","background-type":"","background-media":"","overlay-type":"","overlay-color":"","overlay-opacity":"","overlay-gradient":""}},"ast-content-background-meta":{"desktop":{"background-color":"var(--ast-global-color-5)","background-image":"","background-repeat":"repeat","background-position":"center center","background-size":"auto","background-attachment":"scroll","background-type":"","background-media":"","overlay-type":"","overlay-color":"","overlay-opacity":"","overlay-gradient":""},"tablet":{"background-color":"var(--ast-global-color-5)","background-image":"","background-repeat":"repeat","background-position":"center center","background-size":"auto","background-attachment":"scroll","background-type":"","background-media":"","overlay-type":"","overlay-color":"","overlay-opacity":"","overlay-gradient":""},"mobile":{"background-color":"var(--ast-global-color-5)","background-image":"","background-repeat":"repeat","background-position":"center center","background-size":"auto","background-attachment":"scroll","background-type":"","background-media":"","overlay-type":"","overlay-color":"","overlay-opacity":"","overlay-gradient":""}}},"product_brand":[],"product_cat":[47,430,40],"product_tag":[370,405,185,284,480,251,189,215,805,324,186,466,362,184,280,281],"class_list":{"0":"post-5233","1":"product","2":"type-product","3":"status-publish","4":"has-post-thumbnail","6":"product_cat-classic","7":"product_cat-men","8":"product_cat-mens-shoes","9":"product_tag-black-loafers","10":"product_tag-business-shoes","11":"product_tag-calf-leather-shoes","12":"product_tag-dress-shoes","13":"product_tag-elegant-shoes","14":"product_tag-formal-shoes","15":"product_tag-goat-leather-lining","16":"product_tag-leather-loafers","17":"product_tag-loafer","18":"product_tag-mens-dress-shoes","19":"product_tag-mens-loafers","20":"product_tag-microlight-sole","21":"product_tag-premium-footwear","22":"product_tag-slip-on-shoes","23":"product_tag-smart-casual-shoes","24":"product_tag-wholesale-shoes","25":"desktop-align-center","26":"tablet-align-center","27":"mobile-align-center","29":"first","30":"instock","31":"shipping-taxable","32":"purchasable","33":"product-type-variable","34":"has-default-attributes"},"acf":[],"uagb_featured_image_src":{"full":["https:\/\/turkishtrade.co\/wp-content\/uploads\/2026\/01\/2400EJOMN00125-BLACK-X_173.png",453,250,false],"thumbnail":["https:\/\/turkishtrade.co\/wp-content\/uploads\/2026\/01\/2400EJOMN00125-BLACK-X_173-150x150.png",150,150,true],"medium":["https:\/\/turkishtrade.co\/wp-content\/uploads\/2026\/01\/2400EJOMN00125-BLACK-X_173-300x166.png",300,166,true],"medium_large":["https:\/\/turkishtrade.co\/wp-content\/uploads\/2026\/01\/2400EJOMN00125-BLACK-X_173.png",453,250,false],"large":["https:\/\/turkishtrade.co\/wp-content\/uploads\/2026\/01\/2400EJOMN00125-BLACK-X_173.png",453,250,false],"1536x1536":["https:\/\/turkishtrade.co\/wp-content\/uploads\/2026\/01\/2400EJOMN00125-BLACK-X_173.png",453,250,false],"2048x2048":["https:\/\/turkishtrade.co\/wp-content\/uploads\/2026\/01\/2400EJOMN00125-BLACK-X_173.png",453,250,false],"trp-custom-language-flag":["https:\/\/turkishtrade.co\/wp-content\/uploads\/2026\/01\/2400EJOMN00125-BLACK-X_173-18x10.png",18,10,true],"woocommerce_thumbnail":["https:\/\/turkishtrade.co\/wp-content\/uploads\/2026\/01\/2400EJOMN00125-BLACK-X_173-400x250.png",400,250,true],"woocommerce_single":["https:\/\/turkishtrade.co\/wp-content\/uploads\/2026\/01\/2400EJOMN00125-BLACK-X_173.png",453,250,false],"woocommerce_gallery_thumbnail":["https:\/\/turkishtrade.co\/wp-content\/uploads\/2026\/01\/2400EJOMN00125-BLACK-X_173-100x100.png",100,100,true]},"uagb_author_info":{"display_name":"yaser olabi","author_link":"https:\/\/turkishtrade.co\/fr\/author\/"},"uagb_comment_info":0,"uagb_excerpt":"Expertly crafted from genuine Calf Leather exterior and Goat Leather interior for supreme comfort and breathability. Features a durable Microlight sole with a subtle 1-3 cm heel height for refined elegance. Available in a wide range of EU sizes: 39, 40, 41, 42, 43, 44, 45, ensuring a perfect fit for every gentleman. Experience exceptional\u2026","_links":{"self":[{"href":"https:\/\/turkishtrade.co\/fr\/wp-json\/wp\/v2\/product\/5233","targetHints":{"allow":["GET"]}}],"collection":[{"href":"https:\/\/turkishtrade.co\/fr\/wp-json\/wp\/v2\/product"}],"about":[{"href":"https:\/\/turkishtrade.co\/fr\/wp-json\/wp\/v2\/types\/product"}],"wp:featuredmedia":[{"embeddable":true,"href":"https:\/\/turkishtrade.co\/fr\/wp-json\/wp\/v2\/media\/3526"}],"wp:attachment":[{"href":"https:\/\/turkishtrade.co\/fr\/wp-json\/wp\/v2\/media?parent=5233"}],"wp:term":[{"taxonomy":"product_brand","embeddable":true,"href":"https:\/\/turkishtrade.co\/fr\/wp-json\/wp\/v2\/product_brand?post=5233"},{"taxonomy":"product_cat","embeddable":true,"href":"https:\/\/turkishtrade.co\/fr\/wp-json\/wp\/v2\/product_cat?post=5233"},{"taxonomy":"product_tag","embeddable":true,"href":"https:\/\/turkishtrade.co\/fr\/wp-json\/wp\/v2\/product_tag?post=5233"}],"curies":[{"name":"wp","href":"https:\/\/api.w.org\/{rel}","templated":true}]}}