{"id":5225,"date":"2026-01-14T11:30:25","date_gmt":"2026-01-14T11:30:25","guid":{"rendered":"https:\/\/turkishtrade.co\/product\/premium-black-calf-leather-monk-strap-loafers\/"},"modified":"2026-04-09T19:40:35","modified_gmt":"2026-04-09T19:40:35","slug":"premium-black-calf-leather","status":"publish","type":"product","link":"https:\/\/turkishtrade.co\/fr\/shop\/premium-black-calf-leather\/","title":{"rendered":"Mocassins en cuir de veau noir Premium Monk Strap"},"content":{"rendered":"<p><strong>Mocassins en cuir de veau noir Premium Monk Strap<\/strong><\/p>\n<p>Entrez dans une sophistication intemporelle avec nos mocassins en cuir de veau noir de qualit\u00e9 sup\u00e9rieure. M\u00e9ticuleusement con\u00e7us pour les hommes exigeants, ces mocassins exquis en cuir de veau de premi\u00e8re qualit\u00e9 ont \u00e9t\u00e9 fabriqu\u00e9s avec le plus grand soin. <b>mocassins \u00e0 lani\u00e8res de moine<\/b> allient harmonieusement l'\u00e9l\u00e9gance traditionnelle et le design contemporain. Con\u00e7ues pour un style exceptionnel et un confort in\u00e9branlable, elles sont le choix id\u00e9al pour les professionnels et les personnes \u00e0 la pointe de la mode qui recherchent des chaussures de haute qualit\u00e9.<\/p>\n<h3>Un savoir-faire in\u00e9gal\u00e9 et des mat\u00e9riaux de premi\u00e8re qualit\u00e9<\/h3>\n<p>Chaque paire de ces remarquables <b>mocassins \u00e0 lani\u00e8res de moine<\/b> t\u00e9moigne d'un savoir-faire de qualit\u00e9 sup\u00e9rieure. La surface ext\u00e9rieure est fabriqu\u00e9e de mani\u00e8re experte \u00e0 partir de cuir de veau v\u00e9ritable 100%, offrant une texture riche et lisse ainsi qu'une durabilit\u00e9 remarquable qui s'\u00e9panouira au fil du temps. \u00c0 l'int\u00e9rieur, vos pieds seront envelopp\u00e9s dans la douceur luxueuse d'une doublure en cuir de ch\u00e8vre pur, assurant une respirabilit\u00e9 et un confort in\u00e9gal\u00e9 \u00e0 chaque pas. Cet engagement en faveur de mat\u00e9riaux de qualit\u00e9 sup\u00e9rieure garantit une chaussure qui n'est pas seulement magnifique, mais qui offre une sensation incroyable tout au long de la journ\u00e9e.<\/p>\n<h3>Un design sophistiqu\u00e9 pour un confort ultime<\/h3>\n<p>Le design distinctif de la sangle de moine, avec une boucle \u00e9l\u00e9gante en argent, ajoute une touche de caract\u00e8re raffin\u00e9 \u00e0 ces chaussures classiques. <b>mocassins \u00e0 lani\u00e8res de moine<\/b>. De subtils d\u00e9tails brogue le long du bout de la chaussure rehaussent leur attrait sartorial, ce qui les rend suffisamment polyvalentes pour diverses occasions. Sous vos pieds, la semelle microlight avanc\u00e9e offre une l\u00e9g\u00e8ret\u00e9 et une flexibilit\u00e9 exceptionnelles, garantissant le confort sans compromettre la durabilit\u00e9. Avec une hauteur de talon de 1 \u00e0 3 cm, ces <b>mocassins \u00e0 lani\u00e8res de moine<\/b> offrent la portance parfaite pour une silhouette \u00e9l\u00e9gante, ce qui permet de les porter longtemps, que ce soit au bureau ou \u00e0 l'occasion d'un \u00e9v\u00e9nement formel.<\/p>\n<p>En cuir de veau noir de premi\u00e8re qualit\u00e9 <b>mocassins \u00e0 lani\u00e8res de moine<\/b> sont disponibles dans une gamme compl\u00e8te de tailles pour hommes allant du 39 au 45, garantissant un ajustement parfait \u00e0 une client\u00e8le diversifi\u00e9e. Nous comprenons les exigences de qualit\u00e9 et de valeur, et c'est la raison pour laquelle ces chaussures exceptionnelles ont \u00e9t\u00e9 con\u00e7ues pour r\u00e9pondre aux besoins des hommes. <b>mocassins \u00e0 lani\u00e8res de moine<\/b> sont propos\u00e9es \u00e0 un prix de gros de seulement USD par paire, avec une quantit\u00e9 minimale de commande de 8 paires. D\u00e9couvrez le m\u00e9lange parfait de style, de confort et de qualit\u00e9 durable avec ces chaussures en cuir de veau exceptionnelles. <b>mocassins \u00e0 lani\u00e8res de moine<\/b>. Am\u00e9liorez votre collection de chaussures et r\u00e9pondez aux attentes de vos clients qui appr\u00e9cient le luxe et le design. La livraison prend g\u00e9n\u00e9ralement 12 jours, plus le temps d'exp\u00e9dition.<\/p>","protected":false},"excerpt":{"rendered":"<ul>\n<li>Fabriqu\u00e9 \u00e0 la main en cuir de veau v\u00e9ritable de premi\u00e8re qualit\u00e9 pour un ext\u00e9rieur sophistiqu\u00e9.<\/li>\n<li>Doublure int\u00e9rieure en cuir de ch\u00e8vre luxueux et respirant pour un confort sup\u00e9rieur.<\/li>\n<li>Elle est dot\u00e9e d'une semelle Microlight l\u00e9g\u00e8re et durable et d'un talon confortable de 1 \u00e0 3 cm.<\/li>\n<li>El\u00e9gant bracelet monk avec une boucle \u00e9l\u00e9gante en m\u00e9tal argent\u00e9 et des d\u00e9tails subtils de broderie.<\/li>\n<li>Disponible en tailles 39, 40, 41, 42, 43, 44, 45.<\/li>\n<li>Prix de gros : USD par paire. Quantit\u00e9 minimale de commande : 8 paires.<\/li>\n<\/ul>","protected":false},"featured_media":3522,"template":"","meta":{"_acf_changed":false,"_uag_custom_page_level_css":"","site-sidebar-layout":"default","site-content-layout":"","ast-site-content-layout":"default","site-content-style":"default","site-sidebar-style":"default","ast-global-header-display":"","ast-banner-title-visibility":"","ast-main-header-display":"","ast-hfb-above-header-display":"","ast-hfb-below-header-display":"","ast-hfb-mobile-header-display":"","site-post-title":"","ast-breadcrumbs-content":"","ast-featured-img":"","footer-sml-layout":"","ast-disable-related-posts":"","theme-transparent-header-meta":"default","adv-header-id-meta":"","stick-header-meta":"","header-above-stick-meta":"","header-main-stick-meta":"","header-below-stick-meta":"","astra-migrate-meta-layouts":"set","ast-page-background-enabled":"default","ast-page-background-meta":{"desktop":{"background-color":"var(--ast-global-color-4)","background-image":"","background-repeat":"repeat","background-position":"center center","background-size":"auto","background-attachment":"scroll","background-type":"","background-media":"","overlay-type":"","overlay-color":"","overlay-opacity":"","overlay-gradient":""},"tablet":{"background-color":"","background-image":"","background-repeat":"repeat","background-position":"center center","background-size":"auto","background-attachment":"scroll","background-type":"","background-media":"","overlay-type":"","overlay-color":"","overlay-opacity":"","overlay-gradient":""},"mobile":{"background-color":"","background-image":"","background-repeat":"repeat","background-position":"center center","background-size":"auto","background-attachment":"scroll","background-type":"","background-media":"","overlay-type":"","overlay-color":"","overlay-opacity":"","overlay-gradient":""}},"ast-content-background-meta":{"desktop":{"background-color":"var(--ast-global-color-5)","background-image":"","background-repeat":"repeat","background-position":"center center","background-size":"auto","background-attachment":"scroll","background-type":"","background-media":"","overlay-type":"","overlay-color":"","overlay-opacity":"","overlay-gradient":""},"tablet":{"background-color":"var(--ast-global-color-5)","background-image":"","background-repeat":"repeat","background-position":"center center","background-size":"auto","background-attachment":"scroll","background-type":"","background-media":"","overlay-type":"","overlay-color":"","overlay-opacity":"","overlay-gradient":""},"mobile":{"background-color":"var(--ast-global-color-5)","background-image":"","background-repeat":"repeat","background-position":"center center","background-size":"auto","background-attachment":"scroll","background-type":"","background-media":"","overlay-type":"","overlay-color":"","overlay-opacity":"","overlay-gradient":""}}},"product_brand":[],"product_cat":[47,430,40],"product_tag":[370,799,185,284,352,189,219,198,286,466,798,281],"class_list":{"0":"post-5225","1":"product","2":"type-product","3":"status-publish","4":"has-post-thumbnail","6":"product_cat-classic","7":"product_cat-men","8":"product_cat-mens-shoes","9":"product_tag-black-loafers","10":"product_tag-brogue-loafers","11":"product_tag-calf-leather-shoes","12":"product_tag-dress-shoes","13":"product_tag-formal-loafers","14":"product_tag-goat-leather-lining","15":"product_tag-handmade-shoes","16":"product_tag-mens-fashion","17":"product_tag-mens-leather-shoes","18":"product_tag-microlight-sole","19":"product_tag-monk-strap-loafers","20":"product_tag-wholesale-shoes","21":"desktop-align-center","22":"tablet-align-center","23":"mobile-align-center","25":"first","26":"instock","27":"shipping-taxable","28":"purchasable","29":"product-type-variable","30":"has-default-attributes"},"acf":[],"uagb_featured_image_src":{"full":["https:\/\/turkishtrade.co\/wp-content\/uploads\/2026\/01\/2400EJOMN00121-BLACK-R_6591.png",453,250,false],"thumbnail":["https:\/\/turkishtrade.co\/wp-content\/uploads\/2026\/01\/2400EJOMN00121-BLACK-R_6591-150x150.png",150,150,true],"medium":["https:\/\/turkishtrade.co\/wp-content\/uploads\/2026\/01\/2400EJOMN00121-BLACK-R_6591-300x166.png",300,166,true],"medium_large":["https:\/\/turkishtrade.co\/wp-content\/uploads\/2026\/01\/2400EJOMN00121-BLACK-R_6591.png",453,250,false],"large":["https:\/\/turkishtrade.co\/wp-content\/uploads\/2026\/01\/2400EJOMN00121-BLACK-R_6591.png",453,250,false],"1536x1536":["https:\/\/turkishtrade.co\/wp-content\/uploads\/2026\/01\/2400EJOMN00121-BLACK-R_6591.png",453,250,false],"2048x2048":["https:\/\/turkishtrade.co\/wp-content\/uploads\/2026\/01\/2400EJOMN00121-BLACK-R_6591.png",453,250,false],"trp-custom-language-flag":["https:\/\/turkishtrade.co\/wp-content\/uploads\/2026\/01\/2400EJOMN00121-BLACK-R_6591-18x10.png",18,10,true],"woocommerce_thumbnail":["https:\/\/turkishtrade.co\/wp-content\/uploads\/2026\/01\/2400EJOMN00121-BLACK-R_6591-400x250.png",400,250,true],"woocommerce_single":["https:\/\/turkishtrade.co\/wp-content\/uploads\/2026\/01\/2400EJOMN00121-BLACK-R_6591.png",453,250,false],"woocommerce_gallery_thumbnail":["https:\/\/turkishtrade.co\/wp-content\/uploads\/2026\/01\/2400EJOMN00121-BLACK-R_6591-100x100.png",100,100,true]},"uagb_author_info":{"display_name":"yaser olabi","author_link":"https:\/\/turkishtrade.co\/fr\/author\/"},"uagb_comment_info":0,"uagb_excerpt":"Handcrafted from premium genuine calf leather for a sophisticated exterior. Luxurious and breathable goat leather interior lining for superior comfort. Features a lightweight and durable Microlight sole with a comfortable 1-3cm heel. Elegant monk strap design with a sleek silver-tone buckle and subtle brogue detailing. Available in men's sizes 39, 40, 41, 42, 43, 44,\u2026","_links":{"self":[{"href":"https:\/\/turkishtrade.co\/fr\/wp-json\/wp\/v2\/product\/5225","targetHints":{"allow":["GET"]}}],"collection":[{"href":"https:\/\/turkishtrade.co\/fr\/wp-json\/wp\/v2\/product"}],"about":[{"href":"https:\/\/turkishtrade.co\/fr\/wp-json\/wp\/v2\/types\/product"}],"wp:featuredmedia":[{"embeddable":true,"href":"https:\/\/turkishtrade.co\/fr\/wp-json\/wp\/v2\/media\/3522"}],"wp:attachment":[{"href":"https:\/\/turkishtrade.co\/fr\/wp-json\/wp\/v2\/media?parent=5225"}],"wp:term":[{"taxonomy":"product_brand","embeddable":true,"href":"https:\/\/turkishtrade.co\/fr\/wp-json\/wp\/v2\/product_brand?post=5225"},{"taxonomy":"product_cat","embeddable":true,"href":"https:\/\/turkishtrade.co\/fr\/wp-json\/wp\/v2\/product_cat?post=5225"},{"taxonomy":"product_tag","embeddable":true,"href":"https:\/\/turkishtrade.co\/fr\/wp-json\/wp\/v2\/product_tag?post=5225"}],"curies":[{"name":"wp","href":"https:\/\/api.w.org\/{rel}","templated":true}]}}