{"id":5217,"date":"2026-01-14T11:29:20","date_gmt":"2026-01-14T11:29:20","guid":{"rendered":"https:\/\/turkishtrade.co\/product\/mens-blue-leather-loafers-2\/"},"modified":"2026-04-09T19:40:46","modified_gmt":"2026-04-09T19:40:46","slug":"mens-blue-leather-loafers-2","status":"publish","type":"product","link":"https:\/\/turkishtrade.co\/fr\/shop\/mens-blue-leather-loafers-2\/","title":{"rendered":"Mocassins \u00e9l\u00e9gants en cuir de veau bleu pour hommes avec semelle Microlight"},"content":{"rendered":"<p><strong>Mocassins en cuir bleu pour hommes<\/strong><\/p>\n<p>D\u00e9couvrez le m\u00e9lange parfait d'\u00e9l\u00e9gance intemporelle et de confort moderne avec nos mocassins \u00e9l\u00e9gants en cuir de veau bleu pour hommes. Ces chaussures \u00e0 enfiler sophistiqu\u00e9es sont m\u00e9ticuleusement fabriqu\u00e9es pour offrir un style et une durabilit\u00e9 in\u00e9gal\u00e9s. Fabriqu\u00e9es en cuir de veau v\u00e9ritable de haute qualit\u00e9, l'ext\u00e9rieur pr\u00e9sente une finition bleue riche et textur\u00e9e qui attire l'attention, faisant de ces mocassins en cuir bleu pour hommes un ajout essentiel \u00e0 la garde-robe de tout gentleman exigeant. Que vous vous rendiez \u00e0 un \u00e9v\u00e9nement professionnel d\u00e9contract\u00e9, \u00e0 un brunch le week-end ou \u00e0 une r\u00e9union formelle, ces mocassins sont con\u00e7us pour s'associer \u00e0 un large \u00e9ventail de tenues avec une gr\u00e2ce sans effort.<\/p>\n<p>L'int\u00e9rieur de ces exceptionnels mocassins en cuir bleu pour hommes est doubl\u00e9 d'un cuir de ch\u00e8vre somptueusement doux, offrant une sensation luxueuse contre votre pied et assurant une bonne respirabilit\u00e9 tout au long de la journ\u00e9e. Cette combinaison judicieuse de mat\u00e9riaux de qualit\u00e9 sup\u00e9rieure garantit un port confortable, m\u00eame en cas de port prolong\u00e9. Au-del\u00e0 de leur superbe esth\u00e9tique, ces mocassins en cuir bleu pour hommes sont dot\u00e9s d'une semelle Microlight avanc\u00e9e. Cette technologie de semelle innovante offre une l\u00e9g\u00e8ret\u00e9 et une flexibilit\u00e9 sup\u00e9rieures, permettant un mouvement naturel et r\u00e9duisant la fatigue du pied. Le talon discret de 1 \u00e0 3 cm de hauteur ajoute une touche de sophistication classique sans compromettre le confort.<\/p>\n<h3>Une qualit\u00e9 et un savoir-faire in\u00e9gal\u00e9s<\/h3>\n<p>Chaque paire de nos mocassins en cuir bleu pour hommes t\u00e9moigne d'un savoir-faire artisanal sup\u00e9rieur. Chaque point et chaque couture sont soigneusement ex\u00e9cut\u00e9s pour garantir \u00e0 la fois l'attrait esth\u00e9tique et la qualit\u00e9 durable. La construction durable de ces mocassins leur permet de r\u00e9sister aux rigueurs de l'usure quotidienne tout en conservant leur aspect impeccable. Nous pensons que le v\u00e9ritable style r\u00e9side dans les d\u00e9tails, et ces mocassins en cuir bleu pour hommes incarnent cette philosophie.<\/p>\n<h3>Parfait pour les commandes en gros<\/h3>\n<p>Pour les d\u00e9taillants et les entreprises \u00e0 la recherche de chaussures de haute qualit\u00e9, nos mocassins en cuir bleu pour hommes sont disponibles \u00e0 l'achat en gros avec une quantit\u00e9 minimale de commande de seulement 8 paires. Cela en fait un choix id\u00e9al pour approvisionner votre boutique ou votre magasin en ligne avec des chaussures pour hommes de premi\u00e8re qualit\u00e9 et tr\u00e8s recherch\u00e9es. Notre processus de commande garantit un d\u00e9lai de livraison de 12 jours, plus les frais d'exp\u00e9dition, ce qui vous permet d'offrir rapidement \u00e0 vos clients ces mocassins en cuir bleu pour hommes tant convoit\u00e9s. Am\u00e9liorez votre collection avec ces mocassins en cuir bleu pour hommes, \u00e9l\u00e9gants et confortables, disponibles dans les pointures 39 \u00e0 45 pour satisfaire une large client\u00e8le. D\u00e9couvrez la diff\u00e9rence que font les mat\u00e9riaux authentiques et le savoir-faire d'experts.<\/p>","protected":false},"excerpt":{"rendered":"<ul>\n<li>Fabriqu\u00e9 en cuir de veau v\u00e9ritable de premi\u00e8re qualit\u00e9 pour un look sophistiqu\u00e9.<\/li>\n<li>L'int\u00e9rieur en cuir de ch\u00e8vre luxueux assure un confort et une respirabilit\u00e9 ultimes.<\/li>\n<li>Semelle Microlight l\u00e9g\u00e8re et flexible pour une exp\u00e9rience de marche exceptionnelle.<\/li>\n<li>Hauteur de talon subtile de 1 \u00e0 3 cm pour une \u00e9l\u00e9gante \u00e9l\u00e9vation.<\/li>\n<li>Disponible dans une large gamme de tailles : 39, 40, 41, 42, 43, 44, 45.<\/li>\n<li>Quantit\u00e9 minimale de commande : 8 paires, id\u00e9al pour les achats en gros et en masse.<\/li>\n<li>Livraison fiable dans un d\u00e9lai de 12 jours plus le temps d'exp\u00e9dition.<\/li>\n<\/ul>","protected":false},"featured_media":3518,"template":"","meta":{"_acf_changed":false,"_uag_custom_page_level_css":"","site-sidebar-layout":"default","site-content-layout":"","ast-site-content-layout":"default","site-content-style":"default","site-sidebar-style":"default","ast-global-header-display":"","ast-banner-title-visibility":"","ast-main-header-display":"","ast-hfb-above-header-display":"","ast-hfb-below-header-display":"","ast-hfb-mobile-header-display":"","site-post-title":"","ast-breadcrumbs-content":"","ast-featured-img":"","footer-sml-layout":"","ast-disable-related-posts":"","theme-transparent-header-meta":"default","adv-header-id-meta":"","stick-header-meta":"","header-above-stick-meta":"","header-main-stick-meta":"","header-below-stick-meta":"","astra-migrate-meta-layouts":"set","ast-page-background-enabled":"default","ast-page-background-meta":{"desktop":{"background-color":"var(--ast-global-color-4)","background-image":"","background-repeat":"repeat","background-position":"center center","background-size":"auto","background-attachment":"scroll","background-type":"","background-media":"","overlay-type":"","overlay-color":"","overlay-opacity":"","overlay-gradient":""},"tablet":{"background-color":"","background-image":"","background-repeat":"repeat","background-position":"center center","background-size":"auto","background-attachment":"scroll","background-type":"","background-media":"","overlay-type":"","overlay-color":"","overlay-opacity":"","overlay-gradient":""},"mobile":{"background-color":"","background-image":"","background-repeat":"repeat","background-position":"center center","background-size":"auto","background-attachment":"scroll","background-type":"","background-media":"","overlay-type":"","overlay-color":"","overlay-opacity":"","overlay-gradient":""}},"ast-content-background-meta":{"desktop":{"background-color":"var(--ast-global-color-5)","background-image":"","background-repeat":"repeat","background-position":"center center","background-size":"auto","background-attachment":"scroll","background-type":"","background-media":"","overlay-type":"","overlay-color":"","overlay-opacity":"","overlay-gradient":""},"tablet":{"background-color":"var(--ast-global-color-5)","background-image":"","background-repeat":"repeat","background-position":"center center","background-size":"auto","background-attachment":"scroll","background-type":"","background-media":"","overlay-type":"","overlay-color":"","overlay-opacity":"","overlay-gradient":""},"mobile":{"background-color":"var(--ast-global-color-5)","background-image":"","background-repeat":"repeat","background-position":"center center","background-size":"auto","background-attachment":"scroll","background-type":"","background-media":"","overlay-type":"","overlay-color":"","overlay-opacity":"","overlay-gradient":""}}},"product_brand":[],"product_cat":[47,430,40],"product_tag":[322,202,220,737,251,189,217,198,186,466,184,280,281],"class_list":{"0":"post-5217","1":"product","2":"type-product","3":"status-publish","4":"has-post-thumbnail","6":"product_cat-classic","7":"product_cat-men","8":"product_cat-mens-shoes","9":"product_tag-blue-leather-shoes","10":"product_tag-calf-leather","11":"product_tag-comfortable-loafers","12":"product_tag-dress-loafers","13":"product_tag-formal-shoes","14":"product_tag-goat-leather-lining","15":"product_tag-luxury-footwear","16":"product_tag-mens-fashion","17":"product_tag-mens-loafers","18":"product_tag-microlight-sole","19":"product_tag-slip-on-shoes","20":"product_tag-smart-casual-shoes","21":"product_tag-wholesale-shoes","22":"desktop-align-center","23":"tablet-align-center","24":"mobile-align-center","26":"first","27":"instock","28":"shipping-taxable","29":"purchasable","30":"product-type-variable","31":"has-default-attributes"},"acf":[],"uagb_featured_image_src":{"full":["https:\/\/turkishtrade.co\/wp-content\/uploads\/2026\/01\/2400EJOMN00117-DARK-BLUE-T_809.png",453,250,false],"thumbnail":["https:\/\/turkishtrade.co\/wp-content\/uploads\/2026\/01\/2400EJOMN00117-DARK-BLUE-T_809-150x150.png",150,150,true],"medium":["https:\/\/turkishtrade.co\/wp-content\/uploads\/2026\/01\/2400EJOMN00117-DARK-BLUE-T_809-300x166.png",300,166,true],"medium_large":["https:\/\/turkishtrade.co\/wp-content\/uploads\/2026\/01\/2400EJOMN00117-DARK-BLUE-T_809.png",453,250,false],"large":["https:\/\/turkishtrade.co\/wp-content\/uploads\/2026\/01\/2400EJOMN00117-DARK-BLUE-T_809.png",453,250,false],"1536x1536":["https:\/\/turkishtrade.co\/wp-content\/uploads\/2026\/01\/2400EJOMN00117-DARK-BLUE-T_809.png",453,250,false],"2048x2048":["https:\/\/turkishtrade.co\/wp-content\/uploads\/2026\/01\/2400EJOMN00117-DARK-BLUE-T_809.png",453,250,false],"trp-custom-language-flag":["https:\/\/turkishtrade.co\/wp-content\/uploads\/2026\/01\/2400EJOMN00117-DARK-BLUE-T_809-18x10.png",18,10,true],"woocommerce_thumbnail":["https:\/\/turkishtrade.co\/wp-content\/uploads\/2026\/01\/2400EJOMN00117-DARK-BLUE-T_809-400x250.png",400,250,true],"woocommerce_single":["https:\/\/turkishtrade.co\/wp-content\/uploads\/2026\/01\/2400EJOMN00117-DARK-BLUE-T_809.png",453,250,false],"woocommerce_gallery_thumbnail":["https:\/\/turkishtrade.co\/wp-content\/uploads\/2026\/01\/2400EJOMN00117-DARK-BLUE-T_809-100x100.png",100,100,true]},"uagb_author_info":{"display_name":"yaser olabi","author_link":"https:\/\/turkishtrade.co\/fr\/author\/"},"uagb_comment_info":0,"uagb_excerpt":"Crafted from premium genuine calf leather for a sophisticated look. Luxurious goat leather interior ensures ultimate comfort and breathability. Lightweight and flexible Microlight sole for exceptional walking experience. Subtle heel height of 1-3 cm for an elegant lift. Available in a comprehensive size range: 39, 40, 41, 42, 43, 44, 45. Minimum order quantity: 8\u2026","_links":{"self":[{"href":"https:\/\/turkishtrade.co\/fr\/wp-json\/wp\/v2\/product\/5217","targetHints":{"allow":["GET"]}}],"collection":[{"href":"https:\/\/turkishtrade.co\/fr\/wp-json\/wp\/v2\/product"}],"about":[{"href":"https:\/\/turkishtrade.co\/fr\/wp-json\/wp\/v2\/types\/product"}],"wp:featuredmedia":[{"embeddable":true,"href":"https:\/\/turkishtrade.co\/fr\/wp-json\/wp\/v2\/media\/3518"}],"wp:attachment":[{"href":"https:\/\/turkishtrade.co\/fr\/wp-json\/wp\/v2\/media?parent=5217"}],"wp:term":[{"taxonomy":"product_brand","embeddable":true,"href":"https:\/\/turkishtrade.co\/fr\/wp-json\/wp\/v2\/product_brand?post=5217"},{"taxonomy":"product_cat","embeddable":true,"href":"https:\/\/turkishtrade.co\/fr\/wp-json\/wp\/v2\/product_cat?post=5217"},{"taxonomy":"product_tag","embeddable":true,"href":"https:\/\/turkishtrade.co\/fr\/wp-json\/wp\/v2\/product_tag?post=5217"}],"curies":[{"name":"wp","href":"https:\/\/api.w.org\/{rel}","templated":true}]}}