{"id":5215,"date":"2026-01-14T11:29:05","date_gmt":"2026-01-14T11:29:05","guid":{"rendered":"https:\/\/turkishtrade.co\/product\/mens-brown-leather-buckle-loafers\/"},"modified":"2026-04-09T19:40:49","modified_gmt":"2026-04-09T19:40:49","slug":"mens-brown-leather-buckle-loafers","status":"publish","type":"product","link":"https:\/\/turkishtrade.co\/fr\/shop\/mens-brown-leather-buckle-loafers\/","title":{"rendered":"Mocassins \u00e0 boucle en cuir marron pour hommes"},"content":{"rendered":"<p><strong>Mocassins \u00e0 boucle en cuir marron pour hommes<\/strong><\/p>\n<p>Entrez dans une sophistication in\u00e9gal\u00e9e gr\u00e2ce \u00e0 nos magnifiques <strong>Mocassins \u00e0 boucle en cuir marron pour hommes<\/strong>. Con\u00e7us pour le gentleman moderne qui appr\u00e9cie le style classique alli\u00e9 au confort contemporain, ces mocassins sont plus que de simples chaussures - ils sont une d\u00e9claration. Fabriqu\u00e9s avec une attention m\u00e9ticuleuse aux d\u00e9tails, ces mocassins sont plus qu'une simple chaussure, ils sont une d\u00e9claration. <strong>Mocassins \u00e0 boucle en cuir marron pour hommes<\/strong> sont la quintessence de l'\u00e9l\u00e9gance, parfaits pour rehausser n'importe quel ensemble, des r\u00e9unions d'affaires aux \u00e9v\u00e9nements sociaux haut de gamme.<\/p>\n<h3>Un savoir-faire in\u00e9gal\u00e9 et des mat\u00e9riaux de premi\u00e8re qualit\u00e9<\/h3>\n<p>Chaque paire de nos <strong>Mocassins \u00e0 boucle en cuir marron pour hommes<\/strong> est dot\u00e9 d'un ext\u00e9rieur luxueux en cuir de veau v\u00e9ritable. Ce mat\u00e9riau de qualit\u00e9 sup\u00e9rieure garantit non seulement une texture riche et souple, mais aussi une durabilit\u00e9 exceptionnelle et une belle patine qui se d\u00e9veloppe au fil du temps. L'int\u00e9rieur est doubl\u00e9 de cuir de ch\u00e8vre doux et respirant, pour un confort incroyable qui s'adapte \u00e0 votre pied. En dessous, la semelle Microlight innovante offre un amorti sup\u00e9rieur et une flexibilit\u00e9 l\u00e9g\u00e8re, ce qui fait de ces chaussures des chaussures de sport de qualit\u00e9. <strong>Mocassins \u00e0 boucle en cuir marron pour hommes<\/strong> un plaisir \u00e0 porter tout au long de la journ\u00e9e. Le talon subtil de 1 \u00e0 3 cm ajoute juste ce qu'il faut de hauteur pour une silhouette raffin\u00e9e.<\/p>\n<h3>Un design \u00e9l\u00e9gant pour toutes les occasions<\/h3>\n<p>La boucle distinctive de ces <strong>Mocassins \u00e0 boucle en cuir marron pour hommes<\/strong> ajoute une touche de charme sur mesure et d'attrait intemporel. La riche teinte brune est polyvalente et s'associe sans effort \u00e0 un large \u00e9ventail de couleurs et de styles, ce qui en fait un compl\u00e9ment indispensable \u00e0 votre garde-robe. Que vous les associiez \u00e0 un costume cintr\u00e9, \u00e0 un pantalon \u00e9l\u00e9gant ou \u00e0 une tenue d\u00e9contract\u00e9e et sophistiqu\u00e9e, ces chaussures sont indispensables. <strong>Mocassins \u00e0 boucle en cuir marron pour hommes<\/strong> passent sans probl\u00e8me d'un cadre formel \u00e0 un rassemblement d\u00e9contract\u00e9. Leur design \u00e9l\u00e9gant vous permet d'avoir l'air poli et distingu\u00e9 dans toutes les situations.<\/p>\n<h3>Le confort au service de la durabilit\u00e9<\/h3>\n<p>D\u00e9couvrez le m\u00e9lange parfait de confort et de long\u00e9vit\u00e9. L'association des cuirs de veau et de ch\u00e8vre garantit le confort et l'a\u00e9ration de vos pieds, tandis que la robustesse de la construction permet \u00e0 ces chaussures de s'adapter \u00e0 vos besoins. <strong>Mocassins \u00e0 boucle en cuir marron pour hommes<\/strong> sont con\u00e7ues pour durer. Nous nous engageons \u00e0 fournir des chaussures qui ne se contentent pas d'\u00eatre exceptionnelles, mais qui r\u00e9sistent \u00e0 l'\u00e9preuve du temps, en offrant un style et une fiabilit\u00e9 durables. Disponibles dans une gamme compl\u00e8te de pointures allant du 39 au 45, elles garantissent un ajustement parfait \u00e0 chaque client exigeant.<\/p>\n<h3>Possibilit\u00e9s de vente en gros et livraison fiable<\/h3>\n<p>Pour les d\u00e9taillants et les entreprises, ces <strong>Mocassins \u00e0 boucle en cuir marron pour hommes<\/strong> sont disponibles pour les achats en gros avec une commande minimum de 8 paires. Nous sommes fiers de notre service efficace, avec une livraison g\u00e9n\u00e9ralement sous 12 jours plus le temps d'exp\u00e9dition. Investissez dans la qualit\u00e9 et le style que vos clients appr\u00e9cieront. Optez pour nos <strong>Mocassins \u00e0 boucle en cuir marron pour hommes<\/strong> et red\u00e9finissez votre collection de chaussures.<\/p>","protected":false},"excerpt":{"rendered":"<ul>\n<li>Ext\u00e9rieur en cuir de veau de premi\u00e8re qualit\u00e9 et int\u00e9rieur en cuir de ch\u00e8vre luxueux<\/li>\n<li>La boucle est \u00e9l\u00e9gante pour un look raffin\u00e9.<\/li>\n<li>Dot\u00e9 d'une confortable semelle Microlight et d'un talon subtil de 1 \u00e0 3 cm.<\/li>\n<li>Disponible dans une large gamme de tailles allant de 39 \u00e0 45<\/li>\n<li>Id\u00e9al pour les commandes en gros avec une quantit\u00e9 minimale de 8 paires<\/li>\n<li>Livraison g\u00e9n\u00e9ralement dans les 12 jours + frais de port<\/li>\n<\/ul>","protected":false},"featured_media":3517,"template":"","meta":{"_acf_changed":false,"_uag_custom_page_level_css":"","site-sidebar-layout":"default","site-content-layout":"","ast-site-content-layout":"default","site-content-style":"default","site-sidebar-style":"default","ast-global-header-display":"","ast-banner-title-visibility":"","ast-main-header-display":"","ast-hfb-above-header-display":"","ast-hfb-below-header-display":"","ast-hfb-mobile-header-display":"","site-post-title":"","ast-breadcrumbs-content":"","ast-featured-img":"","footer-sml-layout":"","ast-disable-related-posts":"","theme-transparent-header-meta":"default","adv-header-id-meta":"","stick-header-meta":"","header-above-stick-meta":"","header-main-stick-meta":"","header-below-stick-meta":"","astra-migrate-meta-layouts":"set","ast-page-background-enabled":"default","ast-page-background-meta":{"desktop":{"background-color":"var(--ast-global-color-4)","background-image":"","background-repeat":"repeat","background-position":"center center","background-size":"auto","background-attachment":"scroll","background-type":"","background-media":"","overlay-type":"","overlay-color":"","overlay-opacity":"","overlay-gradient":""},"tablet":{"background-color":"","background-image":"","background-repeat":"repeat","background-position":"center center","background-size":"auto","background-attachment":"scroll","background-type":"","background-media":"","overlay-type":"","overlay-color":"","overlay-opacity":"","overlay-gradient":""},"mobile":{"background-color":"","background-image":"","background-repeat":"repeat","background-position":"center center","background-size":"auto","background-attachment":"scroll","background-type":"","background-media":"","overlay-type":"","overlay-color":"","overlay-opacity":"","overlay-gradient":""}},"ast-content-background-meta":{"desktop":{"background-color":"var(--ast-global-color-5)","background-image":"","background-repeat":"repeat","background-position":"center center","background-size":"auto","background-attachment":"scroll","background-type":"","background-media":"","overlay-type":"","overlay-color":"","overlay-opacity":"","overlay-gradient":""},"tablet":{"background-color":"var(--ast-global-color-5)","background-image":"","background-repeat":"repeat","background-position":"center center","background-size":"auto","background-attachment":"scroll","background-type":"","background-media":"","overlay-type":"","overlay-color":"","overlay-opacity":"","overlay-gradient":""},"mobile":{"background-color":"var(--ast-global-color-5)","background-image":"","background-repeat":"repeat","background-position":"center center","background-size":"auto","background-attachment":"scroll","background-type":"","background-media":"","overlay-type":"","overlay-color":"","overlay-opacity":"","overlay-gradient":""}}},"product_brand":[],"product_cat":[47,430,40],"product_tag":[147,315,566,284,251,793,556,148,384,719,466,184,280,456],"class_list":{"0":"post-5215","1":"product","2":"type-product","3":"status-publish","4":"has-post-thumbnail","6":"product_cat-classic","7":"product_cat-men","8":"product_cat-mens-shoes","9":"product_tag-brown-loafers","10":"product_tag-buckle-loafers","11":"product_tag-calfskin-shoes","12":"product_tag-dress-shoes","13":"product_tag-formal-shoes","14":"product_tag-gentleman-shoes","15":"product_tag-goatskin-lining","16":"product_tag-loafers","17":"product_tag-luxury-loafers","18":"product_tag-mens-leather-loafers","19":"product_tag-microlight-sole","20":"product_tag-slip-on-shoes","21":"product_tag-smart-casual-shoes","22":"product_tag-wholesale-loafers","23":"desktop-align-center","24":"tablet-align-center","25":"mobile-align-center","27":"first","28":"instock","29":"shipping-taxable","30":"purchasable","31":"product-type-variable","32":"has-default-attributes"},"acf":[],"uagb_featured_image_src":{"full":["https:\/\/turkishtrade.co\/wp-content\/uploads\/2026\/01\/2400EJOMN00116-BROWN-X_12574.png",453,250,false],"thumbnail":["https:\/\/turkishtrade.co\/wp-content\/uploads\/2026\/01\/2400EJOMN00116-BROWN-X_12574-150x150.png",150,150,true],"medium":["https:\/\/turkishtrade.co\/wp-content\/uploads\/2026\/01\/2400EJOMN00116-BROWN-X_12574-300x166.png",300,166,true],"medium_large":["https:\/\/turkishtrade.co\/wp-content\/uploads\/2026\/01\/2400EJOMN00116-BROWN-X_12574.png",453,250,false],"large":["https:\/\/turkishtrade.co\/wp-content\/uploads\/2026\/01\/2400EJOMN00116-BROWN-X_12574.png",453,250,false],"1536x1536":["https:\/\/turkishtrade.co\/wp-content\/uploads\/2026\/01\/2400EJOMN00116-BROWN-X_12574.png",453,250,false],"2048x2048":["https:\/\/turkishtrade.co\/wp-content\/uploads\/2026\/01\/2400EJOMN00116-BROWN-X_12574.png",453,250,false],"trp-custom-language-flag":["https:\/\/turkishtrade.co\/wp-content\/uploads\/2026\/01\/2400EJOMN00116-BROWN-X_12574-18x10.png",18,10,true],"woocommerce_thumbnail":["https:\/\/turkishtrade.co\/wp-content\/uploads\/2026\/01\/2400EJOMN00116-BROWN-X_12574-400x250.png",400,250,true],"woocommerce_single":["https:\/\/turkishtrade.co\/wp-content\/uploads\/2026\/01\/2400EJOMN00116-BROWN-X_12574.png",453,250,false],"woocommerce_gallery_thumbnail":["https:\/\/turkishtrade.co\/wp-content\/uploads\/2026\/01\/2400EJOMN00116-BROWN-X_12574-100x100.png",100,100,true]},"uagb_author_info":{"display_name":"yaser olabi","author_link":"https:\/\/turkishtrade.co\/fr\/author\/"},"uagb_comment_info":0,"uagb_excerpt":"Crafted from premium calfskin exterior and luxurious goatskin interior Features an elegant buckle detail for a refined look Equipped with a comfortable Microlight sole and a subtle 1-3cm heel Available in a comprehensive size range from 39 to 45 Ideal for bulk orders with a minimum quantity of 8 pairs Delivery typically within 12 days\u2026","_links":{"self":[{"href":"https:\/\/turkishtrade.co\/fr\/wp-json\/wp\/v2\/product\/5215","targetHints":{"allow":["GET"]}}],"collection":[{"href":"https:\/\/turkishtrade.co\/fr\/wp-json\/wp\/v2\/product"}],"about":[{"href":"https:\/\/turkishtrade.co\/fr\/wp-json\/wp\/v2\/types\/product"}],"wp:featuredmedia":[{"embeddable":true,"href":"https:\/\/turkishtrade.co\/fr\/wp-json\/wp\/v2\/media\/3517"}],"wp:attachment":[{"href":"https:\/\/turkishtrade.co\/fr\/wp-json\/wp\/v2\/media?parent=5215"}],"wp:term":[{"taxonomy":"product_brand","embeddable":true,"href":"https:\/\/turkishtrade.co\/fr\/wp-json\/wp\/v2\/product_brand?post=5215"},{"taxonomy":"product_cat","embeddable":true,"href":"https:\/\/turkishtrade.co\/fr\/wp-json\/wp\/v2\/product_cat?post=5215"},{"taxonomy":"product_tag","embeddable":true,"href":"https:\/\/turkishtrade.co\/fr\/wp-json\/wp\/v2\/product_tag?post=5215"}],"curies":[{"name":"wp","href":"https:\/\/api.w.org\/{rel}","templated":true}]}}