{"id":5213,"date":"2026-01-14T11:28:48","date_gmt":"2026-01-14T11:28:48","guid":{"rendered":"https:\/\/turkishtrade.co\/product\/men-calf-leather-loafers-2\/"},"modified":"2026-04-09T19:40:52","modified_gmt":"2026-04-09T19:40:52","slug":"mens-calf-leather-loafers-luxury-slip","status":"publish","type":"product","link":"https:\/\/turkishtrade.co\/fr\/shop\/mens-calf-leather-loafers-luxury-slip\/","title":{"rendered":"Mocassins en cuir de veau bicolore pour hommes, avec d\u00e9tails gaufr\u00e9s en crocodile"},"content":{"rendered":"<p><strong>Mocassins en cuir de veau pour hommes<\/strong><\/p>\n<p>Entrez dans un style sophistiqu\u00e9 gr\u00e2ce \u00e0 notre <strong>Mocassins en cuir de veau pour hommes<\/strong>. Con\u00e7ues pour le gentleman moderne, ces luxueuses chaussures \u00e0 enfiler allient parfaitement l'\u00e9l\u00e9gance intemporelle au style contemporain. Fabriqu\u00e9s \u00e0 partir du meilleur cuir de veau v\u00e9ritable, ces mocassins offrent un confort et une durabilit\u00e9 in\u00e9gal\u00e9s, ce qui en fait un \u00e9l\u00e9ment essentiel de toute garde-robe exigeante.<\/p>\n<h3>Un savoir-faire in\u00e9gal\u00e9 et un design distinctif<\/h3>\n<p>Faites l'exp\u00e9rience de l'artisanat m\u00e9ticuleux qui se manifeste dans chaque d\u00e9tail de ces <strong>mocassins en cuir de veau pour hommes<\/strong>. Ce mod\u00e8le bicolore remarquable se compose d'un corps en cuir de veau lisse marron riche, compl\u00e9t\u00e9 par un cuir crocodile noir sophistiqu\u00e9 sur le bout et l'empeigne. Ce contraste de texture unique ajoute un caract\u00e8re distinctif \u00e0 ces chaussures. <strong>mocassins en cuir de veau pour hommes<\/strong> se d\u00e9marque des chaussures conventionnelles. La silhouette \u00e9l\u00e9gante et les coutures raffin\u00e9es t\u00e9moignent d'une qualit\u00e9 sup\u00e9rieure et d'un souci du d\u00e9tail.<\/p>\n<h3>Des mat\u00e9riaux de premi\u00e8re qualit\u00e9 pour un confort optimal<\/h3>\n<p>Au-del\u00e0 de leur apparence \u00e9tonnante, le confort est primordial. L'ext\u00e9rieur est en cuir de veau de premi\u00e8re qualit\u00e9, r\u00e9put\u00e9 pour sa souplesse et son \u00e9lasticit\u00e9, tandis que l'int\u00e9rieur est somptueusement doubl\u00e9 de cuir de ch\u00e8vre souple. Cette combinaison luxueuse garantit un ajustement respirant et incroyablement confortable qui se moule d\u00e9licatement \u00e0 votre pied. La semelle l\u00e9g\u00e8re Microlight offre une excellente adh\u00e9rence et une grande souplesse, tandis que le talon subtil de 1 \u00e0 3 cm conf\u00e8re \u00e0 ces chaussures une \u00e9l\u00e9gante prestance. <strong>mocassins en cuir de veau pour hommes<\/strong> id\u00e9al pour une utilisation prolong\u00e9e dans diff\u00e9rents contextes.<\/p>\n<h3>Un style polyvalent pour toutes les occasions<\/h3>\n<p>Qu'il s'agisse d'une r\u00e9union d'affaires formelle, d'une soir\u00e9e \u00e9l\u00e9gante ou d'une rencontre d\u00e9contract\u00e9e, ces v\u00eatements polyvalents sont parfaits pour une r\u00e9union d'affaires formelle. <strong>mocassins en cuir de veau pour hommes<\/strong> sont con\u00e7ues pour rehausser n'importe quel ensemble. Disponibles dans une gamme compl\u00e8te de pointures allant du 39 au 45, elles s'adressent \u00e0 une large client\u00e8le \u00e0 la recherche de chaussures pour hommes de qualit\u00e9 sup\u00e9rieure qui ne font aucun compromis sur le style ou le confort.<\/p>\n<h3>Opportunit\u00e9 de vente en gros pour les d\u00e9taillants<\/h3>\n<p>Pour les d\u00e9taillants et les acheteurs en gros, ces <strong>mocassins en cuir de veau pour hommes<\/strong> sont disponibles avec une commande minimum de 8 paires \u00e0 un prix de gros comp\u00e9titif de USD par paire. Notre processus de production efficace garantit un d\u00e9lai de livraison de seulement 12 jours, plus les frais d'exp\u00e9dition. Rehaussez votre collection avec ces <strong>mocassins en cuir de veau pour hommes<\/strong>, Les produits de l'Union europ\u00e9enne sont des produits de qualit\u00e9, offrant \u00e0 vos clients un m\u00e9lange de luxe, de confort et de style durable.<\/p>","protected":false},"excerpt":{"rendered":"<ul>\n<li>Ext\u00e9rieur en cuir de veau de premi\u00e8re qualit\u00e9<\/li>\n<li>Doublure int\u00e9rieure en cuir de ch\u00e8vre luxueux<\/li>\n<li>Semelle l\u00e9g\u00e8re Microlight<\/li>\n<li>Hauteur de talon confortable de 1 \u00e0 3 cm<\/li>\n<li>Disponible en tailles : 39-45<\/li>\n<li>Commande minimale : 8 paires<\/li>\n<li>Prix de gros : USD par paire<\/li>\n<li>Livraison : 12 jours + exp\u00e9dition<\/li>\n<\/ul>","protected":false},"featured_media":3516,"template":"","meta":{"_acf_changed":false,"_uag_custom_page_level_css":"","site-sidebar-layout":"default","site-content-layout":"","ast-site-content-layout":"default","site-content-style":"default","site-sidebar-style":"default","ast-global-header-display":"","ast-banner-title-visibility":"","ast-main-header-display":"","ast-hfb-above-header-display":"","ast-hfb-below-header-display":"","ast-hfb-mobile-header-display":"","site-post-title":"","ast-breadcrumbs-content":"","ast-featured-img":"","footer-sml-layout":"","ast-disable-related-posts":"","theme-transparent-header-meta":"default","adv-header-id-meta":"","stick-header-meta":"","header-above-stick-meta":"","header-main-stick-meta":"","header-below-stick-meta":"","astra-migrate-meta-layouts":"set","ast-page-background-enabled":"default","ast-page-background-meta":{"desktop":{"background-color":"var(--ast-global-color-4)","background-image":"","background-repeat":"repeat","background-position":"center center","background-size":"auto","background-attachment":"scroll","background-type":"","background-media":"","overlay-type":"","overlay-color":"","overlay-opacity":"","overlay-gradient":""},"tablet":{"background-color":"","background-image":"","background-repeat":"repeat","background-position":"center center","background-size":"auto","background-attachment":"scroll","background-type":"","background-media":"","overlay-type":"","overlay-color":"","overlay-opacity":"","overlay-gradient":""},"mobile":{"background-color":"","background-image":"","background-repeat":"repeat","background-position":"center center","background-size":"auto","background-attachment":"scroll","background-type":"","background-media":"","overlay-type":"","overlay-color":"","overlay-opacity":"","overlay-gradient":""}},"ast-content-background-meta":{"desktop":{"background-color":"var(--ast-global-color-5)","background-image":"","background-repeat":"repeat","background-position":"center center","background-size":"auto","background-attachment":"scroll","background-type":"","background-media":"","overlay-type":"","overlay-color":"","overlay-opacity":"","overlay-gradient":""},"tablet":{"background-color":"var(--ast-global-color-5)","background-image":"","background-repeat":"repeat","background-position":"center center","background-size":"auto","background-attachment":"scroll","background-type":"","background-media":"","overlay-type":"","overlay-color":"","overlay-opacity":"","overlay-gradient":""},"mobile":{"background-color":"var(--ast-global-color-5)","background-image":"","background-repeat":"repeat","background-position":"center center","background-size":"auto","background-attachment":"scroll","background-type":"","background-media":"","overlay-type":"","overlay-color":"","overlay-opacity":"","overlay-gradient":""}}},"product_brand":[],"product_cat":[47,430,40],"product_tag":[185,731,284,189,746,186,466,787,792,254],"class_list":{"0":"post-5213","1":"product","2":"type-product","3":"status-publish","4":"has-post-thumbnail","6":"product_cat-classic","7":"product_cat-men","8":"product_cat-mens-shoes","9":"product_tag-calf-leather-shoes","10":"product_tag-crocodile-embossed","11":"product_tag-dress-shoes","12":"product_tag-goat-leather-lining","13":"product_tag-leather-slip-ons","14":"product_tag-mens-loafers","15":"product_tag-microlight-sole","16":"product_tag-premium-mens-shoes","17":"product_tag-two-tone-loafers","18":"product_tag-wholesale-footwear","19":"desktop-align-center","20":"tablet-align-center","21":"mobile-align-center","23":"first","24":"instock","25":"shipping-taxable","26":"purchasable","27":"product-type-variable","28":"has-default-attributes"},"acf":[],"uagb_featured_image_src":{"full":["https:\/\/turkishtrade.co\/wp-content\/uploads\/2026\/01\/2400EJOMN00115-DARK-BROWN-M_34.png",453,250,false],"thumbnail":["https:\/\/turkishtrade.co\/wp-content\/uploads\/2026\/01\/2400EJOMN00115-DARK-BROWN-M_34-150x150.png",150,150,true],"medium":["https:\/\/turkishtrade.co\/wp-content\/uploads\/2026\/01\/2400EJOMN00115-DARK-BROWN-M_34-300x166.png",300,166,true],"medium_large":["https:\/\/turkishtrade.co\/wp-content\/uploads\/2026\/01\/2400EJOMN00115-DARK-BROWN-M_34.png",453,250,false],"large":["https:\/\/turkishtrade.co\/wp-content\/uploads\/2026\/01\/2400EJOMN00115-DARK-BROWN-M_34.png",453,250,false],"1536x1536":["https:\/\/turkishtrade.co\/wp-content\/uploads\/2026\/01\/2400EJOMN00115-DARK-BROWN-M_34.png",453,250,false],"2048x2048":["https:\/\/turkishtrade.co\/wp-content\/uploads\/2026\/01\/2400EJOMN00115-DARK-BROWN-M_34.png",453,250,false],"trp-custom-language-flag":["https:\/\/turkishtrade.co\/wp-content\/uploads\/2026\/01\/2400EJOMN00115-DARK-BROWN-M_34-18x10.png",18,10,true],"woocommerce_thumbnail":["https:\/\/turkishtrade.co\/wp-content\/uploads\/2026\/01\/2400EJOMN00115-DARK-BROWN-M_34-400x250.png",400,250,true],"woocommerce_single":["https:\/\/turkishtrade.co\/wp-content\/uploads\/2026\/01\/2400EJOMN00115-DARK-BROWN-M_34.png",453,250,false],"woocommerce_gallery_thumbnail":["https:\/\/turkishtrade.co\/wp-content\/uploads\/2026\/01\/2400EJOMN00115-DARK-BROWN-M_34-100x100.png",100,100,true]},"uagb_author_info":{"display_name":"yaser olabi","author_link":"https:\/\/turkishtrade.co\/fr\/author\/"},"uagb_comment_info":0,"uagb_excerpt":"Premium Calf Leather Exterior Luxurious Goat Leather Interior Lining Lightweight Microlight Sole Comfortable 1-3 cm Heel Height Available in Sizes: 39-45 Minimum Order: 8 Pairs Wholesale Price: USD per pair Delivery: 12 Days + Shipping","_links":{"self":[{"href":"https:\/\/turkishtrade.co\/fr\/wp-json\/wp\/v2\/product\/5213","targetHints":{"allow":["GET"]}}],"collection":[{"href":"https:\/\/turkishtrade.co\/fr\/wp-json\/wp\/v2\/product"}],"about":[{"href":"https:\/\/turkishtrade.co\/fr\/wp-json\/wp\/v2\/types\/product"}],"wp:featuredmedia":[{"embeddable":true,"href":"https:\/\/turkishtrade.co\/fr\/wp-json\/wp\/v2\/media\/3516"}],"wp:attachment":[{"href":"https:\/\/turkishtrade.co\/fr\/wp-json\/wp\/v2\/media?parent=5213"}],"wp:term":[{"taxonomy":"product_brand","embeddable":true,"href":"https:\/\/turkishtrade.co\/fr\/wp-json\/wp\/v2\/product_brand?post=5213"},{"taxonomy":"product_cat","embeddable":true,"href":"https:\/\/turkishtrade.co\/fr\/wp-json\/wp\/v2\/product_cat?post=5213"},{"taxonomy":"product_tag","embeddable":true,"href":"https:\/\/turkishtrade.co\/fr\/wp-json\/wp\/v2\/product_tag?post=5213"}],"curies":[{"name":"wp","href":"https:\/\/api.w.org\/{rel}","templated":true}]}}