{"id":5209,"date":"2026-01-14T11:28:17","date_gmt":"2026-01-14T11:28:17","guid":{"rendered":"https:\/\/turkishtrade.co\/product\/men-s-leather-loafers-2\/"},"modified":"2026-04-09T19:40:58","modified_gmt":"2026-04-09T19:40:58","slug":"exclusive-mens-leather-loafers-dress-shoes","status":"publish","type":"product","link":"https:\/\/turkishtrade.co\/fr\/shop\/exclusive-mens-leather-loafers-dress-shoes\/","title":{"rendered":"Mocassins \u00e9l\u00e9gants en cuir marron fonc\u00e9 pour hommes avec boucle"},"content":{"rendered":"<p><strong>Mocassins en cuir pour hommes<\/strong><\/p>\n<p>Entrez dans une \u00e9l\u00e9gance et un confort in\u00e9gal\u00e9s gr\u00e2ce \u00e0 notre exquise robe marron fonc\u00e9. <b>Mocassins en cuir pour hommes<\/b>. M\u00e9ticuleusement fabriqu\u00e9s \u00e0 la perfection, ces mocassins sophistiqu\u00e9s sont un ajout essentiel \u00e0 la garde-robe de tout gentleman exigeant. Con\u00e7us pour \u00eatre \u00e0 la fois \u00e9l\u00e9gants et durables, nos mocassins de qualit\u00e9 sup\u00e9rieure ont \u00e9t\u00e9 con\u00e7us pour r\u00e9pondre aux besoins de tous les hommes. <b>mocassins en cuir pour hommes<\/b> incarnent le luxe classique avec une touche de modernit\u00e9, ce qui les rend adapt\u00e9es \u00e0 un large \u00e9ventail d'occasions, des r\u00e9unions d'affaires importantes aux rassemblements d\u00e9contract\u00e9s \u00e9l\u00e9gants. Rehaussez votre collection de chaussures avec ces chaussures polyvalentes. <b>mocassins en cuir pour hommes<\/b>.<\/p>\n<h3>Des mat\u00e9riaux de premi\u00e8re qualit\u00e9 pour une qualit\u00e9 in\u00e9gal\u00e9e<\/h3>\n<p>La qualit\u00e9 sup\u00e9rieure de ces <b>mocassins en cuir pour hommes<\/b> commence par le choix des mat\u00e9riaux. L'ext\u00e9rieur est fabriqu\u00e9 en cuir de veau de premi\u00e8re qualit\u00e9, connu pour sa texture lisse, sa durabilit\u00e9 exceptionnelle et sa capacit\u00e9 \u00e0 d\u00e9velopper une belle patine au fil du temps. Ce cuir de veau de qualit\u00e9 sup\u00e9rieure garantit que votre <b>mocassins en cuir pour hommes<\/b> Non seulement elles sont superbes, mais elles r\u00e9sistent \u00e9galement \u00e0 l'\u00e9preuve du temps et s'av\u00e8rent \u00eatre un investissement judicieux. En compl\u00e9ment de l'ext\u00e9rieur robuste, l'int\u00e9rieur est doubl\u00e9 de cuir de ch\u00e8vre souple, offrant une respirabilit\u00e9 exceptionnelle et un toucher moelleux contre le pied. Cette combinaison luxueuse offre une exp\u00e9rience de confort ultime, vous permettant de porter vos chaussures en toute s\u00e9curit\u00e9. <b>mocassins en cuir pour hommes<\/b> toute la journ\u00e9e sans compromis.<\/p>\n<h3>Confort et style \u00e0 chaque pas<\/h3>\n<p>Le confort est encore am\u00e9lior\u00e9 par la semelle Microlight innovante. Cette semelle, \u00e0 la fois l\u00e9g\u00e8re et r\u00e9sistante, offre un excellent amorti et un bon soutien, ce qui r\u00e9duit la fatigue et rend ces chaussures encore plus agr\u00e9ables \u00e0 porter. <b>mocassins en cuir pour hommes<\/b> incroyablement confortable pour un usage prolong\u00e9. Le talon subtil de 1 \u00e0 3 cm ajoute une touche de sophistication tout en conservant un profil ergonomique. Le design classique est \u00e9l\u00e9gamment rehauss\u00e9 par une boucle de bon go\u00fbt, ce qui conf\u00e8re un caract\u00e8re distinctif \u00e0 ces jolies chaussures. <b>mocassins en cuir pour hommes<\/b>. Disponibles dans une large gamme de tailles allant du 39 au 45, ces \u00e9l\u00e9gantes chaussures de sport sont parfaitement adapt\u00e9es \u00e0 vos besoins. <b>mocassins en cuir pour hommes<\/b> est sans effort.<\/p>\n<h3>Id\u00e9al pour les grossistes et les d\u00e9taillants<\/h3>\n<p>Pour les entreprises et les d\u00e9taillants, ces <b>mocassins en cuir pour hommes<\/b> repr\u00e9sentent une excellente opportunit\u00e9 de vente en gros. Avec une quantit\u00e9 minimale de commande de seulement 8 paires, vous pouvez facilement vous approvisionner en ces chaussures populaires et \u00e9l\u00e9gantes, r\u00e9pondant ainsi \u00e0 la demande des clients pour des chaussures de qualit\u00e9 sup\u00e9rieure. Nous garantissons un traitement efficace avec un d\u00e9lai de livraison estim\u00e9 \u00e0 12 jours plus les frais d'exp\u00e9dition. Ces chaussures exceptionnelles sont propos\u00e9es \u00e0 un prix comp\u00e9titif de USD par paire pour les commandes en gros. <b>mocassins en cuir pour hommes<\/b> offrent une valeur incroyable, vous permettant de fournir \u00e0 vos clients des chaussures de qualit\u00e9 sup\u00e9rieure \u00e0 un prix attractif. Choisissez le confort, choisissez le style, choisissez nos chaussures impeccables. <b>mocassins en cuir pour hommes<\/b>.<\/p>","protected":false},"excerpt":{"rendered":"<ul>\n<li>Fabriqu\u00e9 \u00e0 partir de mat\u00e9riaux de premi\u00e8re qualit\u00e9 <strong>Cuir de veau<\/strong> ext\u00e9rieur et luxueux <strong>Peau de ch\u00e8vre<\/strong> int\u00e9rieur.<\/li>\n<li>L\u00e9ger, il est dot\u00e9 d'un <strong>ULM<\/strong> pour un confort et une durabilit\u00e9 ultimes.<\/li>\n<li>Hauteur de talon subtile de 1 \u00e0 3 cm pour un profil sophistiqu\u00e9 et confortable.<\/li>\n<li>Disponible dans une large gamme de tailles : 39, 40, 41, 42, 43, 44, 45.<\/li>\n<li>Quantit\u00e9 minimale de commande : 8 paires, id\u00e9al pour les achats en gros et en masse.<\/li>\n<li>D\u00e9lai de livraison estim\u00e9 : 12 jours plus les frais de port.<\/li>\n<li>Prix de gros : USD par paire, offrant une valeur exceptionnelle.<\/li>\n<\/ul>","protected":false},"featured_media":3514,"template":"","meta":{"_acf_changed":false,"_uag_custom_page_level_css":"","site-sidebar-layout":"default","site-content-layout":"","ast-site-content-layout":"default","site-content-style":"default","site-sidebar-style":"default","ast-global-header-display":"","ast-banner-title-visibility":"","ast-main-header-display":"","ast-hfb-above-header-display":"","ast-hfb-below-header-display":"","ast-hfb-mobile-header-display":"","site-post-title":"","ast-breadcrumbs-content":"","ast-featured-img":"","footer-sml-layout":"","ast-disable-related-posts":"","theme-transparent-header-meta":"default","adv-header-id-meta":"","stick-header-meta":"","header-above-stick-meta":"","header-main-stick-meta":"","header-below-stick-meta":"","astra-migrate-meta-layouts":"set","ast-page-background-enabled":"default","ast-page-background-meta":{"desktop":{"background-color":"var(--ast-global-color-4)","background-image":"","background-repeat":"repeat","background-position":"center center","background-size":"auto","background-attachment":"scroll","background-type":"","background-media":"","overlay-type":"","overlay-color":"","overlay-opacity":"","overlay-gradient":""},"tablet":{"background-color":"","background-image":"","background-repeat":"repeat","background-position":"center center","background-size":"auto","background-attachment":"scroll","background-type":"","background-media":"","overlay-type":"","overlay-color":"","overlay-opacity":"","overlay-gradient":""},"mobile":{"background-color":"","background-image":"","background-repeat":"repeat","background-position":"center center","background-size":"auto","background-attachment":"scroll","background-type":"","background-media":"","overlay-type":"","overlay-color":"","overlay-opacity":"","overlay-gradient":""}},"ast-content-background-meta":{"desktop":{"background-color":"var(--ast-global-color-5)","background-image":"","background-repeat":"repeat","background-position":"center center","background-size":"auto","background-attachment":"scroll","background-type":"","background-media":"","overlay-type":"","overlay-color":"","overlay-opacity":"","overlay-gradient":""},"tablet":{"background-color":"var(--ast-global-color-5)","background-image":"","background-repeat":"repeat","background-position":"center center","background-size":"auto","background-attachment":"scroll","background-type":"","background-media":"","overlay-type":"","overlay-color":"","overlay-opacity":"","overlay-gradient":""},"mobile":{"background-color":"var(--ast-global-color-5)","background-image":"","background-repeat":"repeat","background-position":"center center","background-size":"auto","background-attachment":"scroll","background-type":"","background-media":"","overlay-type":"","overlay-color":"","overlay-opacity":"","overlay-gradient":""}}},"product_brand":[],"product_cat":[47,430,40],"product_tag":[147,315,405,566,737,251,556,215,186,466,374,380,456],"class_list":{"0":"post-5209","1":"product","2":"type-product","3":"status-publish","4":"has-post-thumbnail","6":"product_cat-classic","7":"product_cat-men","8":"product_cat-mens-shoes","9":"product_tag-brown-loafers","10":"product_tag-buckle-loafers","11":"product_tag-business-shoes","12":"product_tag-calfskin-shoes","13":"product_tag-dress-loafers","14":"product_tag-formal-shoes","15":"product_tag-goatskin-lining","16":"product_tag-leather-loafers","17":"product_tag-mens-loafers","18":"product_tag-microlight-sole","19":"product_tag-premium-loafers","20":"product_tag-smart-casual-footwear","21":"product_tag-wholesale-loafers","22":"desktop-align-center","23":"tablet-align-center","24":"mobile-align-center","26":"first","27":"instock","28":"shipping-taxable","29":"purchasable","30":"product-type-variable","31":"has-default-attributes"},"acf":[],"uagb_featured_image_src":{"full":["https:\/\/turkishtrade.co\/wp-content\/uploads\/2026\/01\/2400EJOMN00113-BROWN-TNC_816.png",453,250,false],"thumbnail":["https:\/\/turkishtrade.co\/wp-content\/uploads\/2026\/01\/2400EJOMN00113-BROWN-TNC_816.png",150,83,false],"medium":["https:\/\/turkishtrade.co\/wp-content\/uploads\/2026\/01\/2400EJOMN00113-BROWN-TNC_816.png",300,166,false],"medium_large":["https:\/\/turkishtrade.co\/wp-content\/uploads\/2026\/01\/2400EJOMN00113-BROWN-TNC_816.png",453,250,false],"large":["https:\/\/turkishtrade.co\/wp-content\/uploads\/2026\/01\/2400EJOMN00113-BROWN-TNC_816.png",453,250,false],"1536x1536":["https:\/\/turkishtrade.co\/wp-content\/uploads\/2026\/01\/2400EJOMN00113-BROWN-TNC_816.png",453,250,false],"2048x2048":["https:\/\/turkishtrade.co\/wp-content\/uploads\/2026\/01\/2400EJOMN00113-BROWN-TNC_816.png",453,250,false],"trp-custom-language-flag":["https:\/\/turkishtrade.co\/wp-content\/uploads\/2026\/01\/2400EJOMN00113-BROWN-TNC_816.png",18,10,false],"woocommerce_thumbnail":["https:\/\/turkishtrade.co\/wp-content\/uploads\/2026\/01\/2400EJOMN00113-BROWN-TNC_816-400x250.png",400,250,true],"woocommerce_single":["https:\/\/turkishtrade.co\/wp-content\/uploads\/2026\/01\/2400EJOMN00113-BROWN-TNC_816.png",453,250,false],"woocommerce_gallery_thumbnail":["https:\/\/turkishtrade.co\/wp-content\/uploads\/2026\/01\/2400EJOMN00113-BROWN-TNC_816-100x100.png",100,100,true]},"uagb_author_info":{"display_name":"yaser olabi","author_link":"https:\/\/turkishtrade.co\/fr\/author\/"},"uagb_comment_info":0,"uagb_excerpt":"Crafted from premium Calfskin exterior and luxurious Goatskin interior. Features a lightweight Microlight sole for ultimate comfort and durability. Subtle heel height of 1-3 cm for a sophisticated and comfortable profile. Available in a comprehensive size range: 39, 40, 41, 42, 43, 44, 45. Minimum order quantity: 8 pairs, ideal for bulk and wholesale purchases.\u2026","_links":{"self":[{"href":"https:\/\/turkishtrade.co\/fr\/wp-json\/wp\/v2\/product\/5209","targetHints":{"allow":["GET"]}}],"collection":[{"href":"https:\/\/turkishtrade.co\/fr\/wp-json\/wp\/v2\/product"}],"about":[{"href":"https:\/\/turkishtrade.co\/fr\/wp-json\/wp\/v2\/types\/product"}],"wp:featuredmedia":[{"embeddable":true,"href":"https:\/\/turkishtrade.co\/fr\/wp-json\/wp\/v2\/media\/3514"}],"wp:attachment":[{"href":"https:\/\/turkishtrade.co\/fr\/wp-json\/wp\/v2\/media?parent=5209"}],"wp:term":[{"taxonomy":"product_brand","embeddable":true,"href":"https:\/\/turkishtrade.co\/fr\/wp-json\/wp\/v2\/product_brand?post=5209"},{"taxonomy":"product_cat","embeddable":true,"href":"https:\/\/turkishtrade.co\/fr\/wp-json\/wp\/v2\/product_cat?post=5209"},{"taxonomy":"product_tag","embeddable":true,"href":"https:\/\/turkishtrade.co\/fr\/wp-json\/wp\/v2\/product_tag?post=5209"}],"curies":[{"name":"wp","href":"https:\/\/api.w.org\/{rel}","templated":true}]}}