{"id":5201,"date":"2026-01-14T11:27:09","date_gmt":"2026-01-14T11:27:09","guid":{"rendered":"https:\/\/turkishtrade.co\/product\/mens-premium-leather-loafers-2\/"},"modified":"2026-04-09T19:41:10","modified_gmt":"2026-04-09T19:41:10","slug":"mens-premium-leather-loafers-2","status":"publish","type":"product","link":"https:\/\/turkishtrade.co\/fr\/shop\/mens-premium-leather-loafers-2\/","title":{"rendered":"Mocassins en cuir gaufr\u00e9 marron de qualit\u00e9 sup\u00e9rieure pour hommes avec semelle Microlight"},"content":{"rendered":"<p><strong>Mocassins en cuir de qualit\u00e9 sup\u00e9rieure pour hommes<\/strong><\/p>\n<p>Am\u00e9liorez votre collection de chaussures gr\u00e2ce \u00e0 nos superbes <strong>Mocassins en cuir de qualit\u00e9 sup\u00e9rieure pour hommes<\/strong>, Ces mocassins sont un v\u00e9ritable t\u00e9moignage d'un style raffin\u00e9 et d'un confort exceptionnel. Con\u00e7us pour l'homme exigeant, ces mocassins allient harmonieusement l'artisanat traditionnel \u00e0 l'\u00e9l\u00e9gance contemporaine. Chaque paire pr\u00e9sente un ext\u00e9rieur en cuir de vachette marron distingu\u00e9, m\u00e9ticuleusement trait\u00e9 pour offrir une texture gaufr\u00e9e sophistiqu\u00e9e qui met en valeur ces mocassins. <strong>Mocassins en cuir de qualit\u00e9 sup\u00e9rieure pour hommes<\/strong> \u00e0 part. L'attention port\u00e9e aux d\u00e9tails dans la conception garantit un look \u00e0 la fois unique et intemporel, ce qui en fait un compl\u00e9ment polyvalent \u00e0 toute garde-robe.<\/p>\n<h3>Un confort in\u00e9gal\u00e9 et des mat\u00e9riaux de qualit\u00e9 sup\u00e9rieure<\/h3>\n<p>Un confort luxueux \u00e0 chaque pas, gr\u00e2ce \u00e0 une s\u00e9lection minutieuse des mat\u00e9riaux. L'int\u00e9rieur de ces <strong>Mocassins en cuir de qualit\u00e9 sup\u00e9rieure pour hommes<\/strong> est somptueusement doubl\u00e9e de cuir de ch\u00e8vre souple, offrant un environnement incroyablement doux et respirant \u00e0 vos pieds. Cette doublure naturelle \u00e9vacue l'humidit\u00e9, garantissant le confort m\u00eame en cas de port prolong\u00e9. La tige en cuir de qualit\u00e9 sup\u00e9rieure est compl\u00e9t\u00e9e par une semelle microlight de pointe. Ce mat\u00e9riau innovant offre une l\u00e9g\u00e8ret\u00e9 et une flexibilit\u00e9 exceptionnelles, r\u00e9duisant la fatigue et rendant ces chaussures encore plus agr\u00e9ables \u00e0 porter. <strong>Mocassins en cuir de qualit\u00e9 sup\u00e9rieure pour hommes<\/strong> Id\u00e9al pour une utilisation quotidienne ou pour des occasions sp\u00e9ciales.<\/p>\n<p>Le talon subtil de 1 \u00e0 3 cm ajoute une touche de sophistication sans compromettre le confort, en apportant juste ce qu'il faut de relief. Nos <strong>Mocassins en cuir de qualit\u00e9 sup\u00e9rieure pour hommes<\/strong> ne se limitent pas \u00e0 l'esth\u00e9tique ; ils sont con\u00e7us pour durer et offrir une qualit\u00e9 durable. De l'ext\u00e9rieur en cuir de vachette robuste aux coutures r\u00e9sistantes, chaque \u00e9l\u00e9ment est con\u00e7u pour r\u00e9sister aux rigueurs du temps, afin que vous puissiez profiter de votre investissement pendant des ann\u00e9es. Disponibles dans une large gamme de tailles allant du 39 au 45, vous trouverez votre bonheur sans effort.<\/p>\n<h3>Le choix intelligent pour les acheteurs en gros<\/h3>\n<p>Pour les d\u00e9taillants et les entreprises \u00e0 la recherche de chaussures de haute qualit\u00e9, ces <strong>Mocassins en cuir de qualit\u00e9 sup\u00e9rieure pour hommes<\/strong> offrent une excellente opportunit\u00e9. Nous proposons des options d'achat en gros attrayantes avec une quantit\u00e9 minimale de commande de seulement 8 paires. Cela vous permet de vous approvisionner en un produit qui s\u00e9duit syst\u00e9matiquement les clients \u00e0 la recherche d'un m\u00e9lange de luxe, de confort et de style. Avec un prix comp\u00e9titif de USD par paire et un d\u00e9lai de livraison efficace d'environ 12 jours plus les frais d'exp\u00e9dition, vous pouvez rapidement r\u00e9pondre \u00e0 la demande et am\u00e9liorer vos offres de produits.<\/p>\n<p>Investissez dans l'\u00e9l\u00e9gance et le confort in\u00e9gal\u00e9s de notre <strong>Mocassins en cuir de qualit\u00e9 sup\u00e9rieure pour hommes<\/strong>. Plus que de simples chaussures, elles sont l'expression d'un go\u00fbt sophistiqu\u00e9 et d'un engagement en faveur de la qualit\u00e9. Ajoutez ces remarquables <strong>Mocassins en cuir de qualit\u00e9 sup\u00e9rieure pour hommes<\/strong> \u00e0 votre collection d\u00e8s aujourd'hui et d\u00e9couvrez la fusion parfaite du style, de l'artisanat et du confort.<\/p>","protected":false},"excerpt":{"rendered":"<ul>\n<li><b>Un savoir-faire exquis :<\/b> Fabriqu\u00e9 avec un ext\u00e9rieur en cuir de vachette durable.<\/li>\n<li><b>Confort supr\u00eame :<\/b> Doubl\u00e9 d'un int\u00e9rieur en cuir de ch\u00e8vre souple et respirant.<\/li>\n<li><b>L\u00e9ger et flexible :<\/b> Dot\u00e9e d'une semelle microlight innovante pour un confort tout au long de la journ\u00e9e.<\/li>\n<li><b>Talon \u00e9l\u00e9gant :<\/b> Hauteur de talon subtile de 1 \u00e0 3 cm pour un look raffin\u00e9.<\/li>\n<li><b>Tailles disponibles :<\/b> Propos\u00e9 dans une gamme compl\u00e8te allant de 39 \u00e0 45.<\/li>\n<li><b>Avantage pour les grossistes :<\/b> Commande minimale de 8 paires disponible pour les achats en gros.<\/li>\n<li><b>Livraison efficace :<\/b> Le d\u00e9lai de livraison est de 12 jours, plus le temps d'exp\u00e9dition.<\/li>\n<li><b>Prix comp\u00e9titifs :<\/b> Le prix de la paire est de seulement USD.<\/li>\n<\/ul>","protected":false},"featured_media":3510,"template":"","meta":{"_acf_changed":false,"_uag_custom_page_level_css":"","site-sidebar-layout":"default","site-content-layout":"","ast-site-content-layout":"default","site-content-style":"default","site-sidebar-style":"default","ast-global-header-display":"","ast-banner-title-visibility":"","ast-main-header-display":"","ast-hfb-above-header-display":"","ast-hfb-below-header-display":"","ast-hfb-mobile-header-display":"","site-post-title":"","ast-breadcrumbs-content":"","ast-featured-img":"","footer-sml-layout":"","ast-disable-related-posts":"","theme-transparent-header-meta":"default","adv-header-id-meta":"","stick-header-meta":"","header-above-stick-meta":"","header-main-stick-meta":"","header-below-stick-meta":"","astra-migrate-meta-layouts":"set","ast-page-background-enabled":"default","ast-page-background-meta":{"desktop":{"background-color":"var(--ast-global-color-4)","background-image":"","background-repeat":"repeat","background-position":"center center","background-size":"auto","background-attachment":"scroll","background-type":"","background-media":"","overlay-type":"","overlay-color":"","overlay-opacity":"","overlay-gradient":""},"tablet":{"background-color":"","background-image":"","background-repeat":"repeat","background-position":"center center","background-size":"auto","background-attachment":"scroll","background-type":"","background-media":"","overlay-type":"","overlay-color":"","overlay-opacity":"","overlay-gradient":""},"mobile":{"background-color":"","background-image":"","background-repeat":"repeat","background-position":"center center","background-size":"auto","background-attachment":"scroll","background-type":"","background-media":"","overlay-type":"","overlay-color":"","overlay-opacity":"","overlay-gradient":""}},"ast-content-background-meta":{"desktop":{"background-color":"var(--ast-global-color-5)","background-image":"","background-repeat":"repeat","background-position":"center center","background-size":"auto","background-attachment":"scroll","background-type":"","background-media":"","overlay-type":"","overlay-color":"","overlay-opacity":"","overlay-gradient":""},"tablet":{"background-color":"var(--ast-global-color-5)","background-image":"","background-repeat":"repeat","background-position":"center center","background-size":"auto","background-attachment":"scroll","background-type":"","background-media":"","overlay-type":"","overlay-color":"","overlay-opacity":"","overlay-gradient":""},"mobile":{"background-color":"var(--ast-global-color-5)","background-image":"","background-repeat":"repeat","background-position":"center center","background-size":"auto","background-attachment":"scroll","background-type":"","background-media":"","overlay-type":"","overlay-color":"","overlay-opacity":"","overlay-gradient":""}}},"product_brand":[],"product_cat":[47,430,40],"product_tag":[147,781,737,750,189,215,198,780,466,184,380,285,254],"class_list":{"0":"post-5201","1":"product","2":"type-product","3":"status-publish","4":"has-post-thumbnail","6":"product_cat-classic","7":"product_cat-men","8":"product_cat-mens-shoes","9":"product_tag-brown-loafers","10":"product_tag-cowhide-shoes","11":"product_tag-dress-loafers","12":"product_tag-embossed-leather-shoes","13":"product_tag-goat-leather-lining","14":"product_tag-leather-loafers","15":"product_tag-mens-fashion","16":"product_tag-mens-premium-leather-loafers","17":"product_tag-microlight-sole","18":"product_tag-slip-on-shoes","19":"product_tag-smart-casual-footwear","20":"product_tag-turkish-shoes","21":"product_tag-wholesale-footwear","22":"desktop-align-center","23":"tablet-align-center","24":"mobile-align-center","26":"first","27":"instock","28":"shipping-taxable","29":"purchasable","30":"product-type-variable","31":"has-default-attributes"},"acf":[],"uagb_featured_image_src":{"full":["https:\/\/turkishtrade.co\/wp-content\/uploads\/2026\/01\/2400EJOMN00108-BROWN.png",453,250,false],"thumbnail":["https:\/\/turkishtrade.co\/wp-content\/uploads\/2026\/01\/2400EJOMN00108-BROWN-150x150.png",150,150,true],"medium":["https:\/\/turkishtrade.co\/wp-content\/uploads\/2026\/01\/2400EJOMN00108-BROWN-300x166.png",300,166,true],"medium_large":["https:\/\/turkishtrade.co\/wp-content\/uploads\/2026\/01\/2400EJOMN00108-BROWN.png",453,250,false],"large":["https:\/\/turkishtrade.co\/wp-content\/uploads\/2026\/01\/2400EJOMN00108-BROWN.png",453,250,false],"1536x1536":["https:\/\/turkishtrade.co\/wp-content\/uploads\/2026\/01\/2400EJOMN00108-BROWN.png",453,250,false],"2048x2048":["https:\/\/turkishtrade.co\/wp-content\/uploads\/2026\/01\/2400EJOMN00108-BROWN.png",453,250,false],"trp-custom-language-flag":["https:\/\/turkishtrade.co\/wp-content\/uploads\/2026\/01\/2400EJOMN00108-BROWN-18x10.png",18,10,true],"woocommerce_thumbnail":["https:\/\/turkishtrade.co\/wp-content\/uploads\/2026\/01\/2400EJOMN00108-BROWN-400x250.png",400,250,true],"woocommerce_single":["https:\/\/turkishtrade.co\/wp-content\/uploads\/2026\/01\/2400EJOMN00108-BROWN.png",453,250,false],"woocommerce_gallery_thumbnail":["https:\/\/turkishtrade.co\/wp-content\/uploads\/2026\/01\/2400EJOMN00108-BROWN-100x100.png",100,100,true]},"uagb_author_info":{"display_name":"yaser olabi","author_link":"https:\/\/turkishtrade.co\/fr\/author\/"},"uagb_comment_info":0,"uagb_excerpt":"Exquisite Craftsmanship: Crafted with a durable cowhide leather exterior. Supreme Comfort: Lined with soft, breathable goat leather interior. Lightweight &amp; Flexible: Features an innovative microlight sole for all-day comfort. Stylish Heel: Subtle 1-3 cm heel height for a refined look. Available Sizes: Offered in a comprehensive range from 39 to 45. Wholesale Advantage: Minimum order\u2026","_links":{"self":[{"href":"https:\/\/turkishtrade.co\/fr\/wp-json\/wp\/v2\/product\/5201","targetHints":{"allow":["GET"]}}],"collection":[{"href":"https:\/\/turkishtrade.co\/fr\/wp-json\/wp\/v2\/product"}],"about":[{"href":"https:\/\/turkishtrade.co\/fr\/wp-json\/wp\/v2\/types\/product"}],"wp:featuredmedia":[{"embeddable":true,"href":"https:\/\/turkishtrade.co\/fr\/wp-json\/wp\/v2\/media\/3510"}],"wp:attachment":[{"href":"https:\/\/turkishtrade.co\/fr\/wp-json\/wp\/v2\/media?parent=5201"}],"wp:term":[{"taxonomy":"product_brand","embeddable":true,"href":"https:\/\/turkishtrade.co\/fr\/wp-json\/wp\/v2\/product_brand?post=5201"},{"taxonomy":"product_cat","embeddable":true,"href":"https:\/\/turkishtrade.co\/fr\/wp-json\/wp\/v2\/product_cat?post=5201"},{"taxonomy":"product_tag","embeddable":true,"href":"https:\/\/turkishtrade.co\/fr\/wp-json\/wp\/v2\/product_tag?post=5201"}],"curies":[{"name":"wp","href":"https:\/\/api.w.org\/{rel}","templated":true}]}}