{"id":5195,"date":"2026-01-14T11:26:24","date_gmt":"2026-01-14T11:26:24","guid":{"rendered":"https:\/\/turkishtrade.co\/product\/mens-calf-leather-oxford-shoes-2\/"},"modified":"2026-04-09T19:41:23","modified_gmt":"2026-04-09T19:41:23","slug":"mens-calf-leather-oxford-shoes-2","status":"publish","type":"product","link":"https:\/\/turkishtrade.co\/fr\/shop\/mens-calf-leather-oxford-shoes-2\/","title":{"rendered":"Chaussures Oxford de luxe en cuir de veau pour hommes avec semelle Microlight"},"content":{"rendered":"<p><strong>Chaussures Oxford en cuir de veau pour hommes<\/strong><\/p>\n<p>Entrez dans une sophistication in\u00e9gal\u00e9e gr\u00e2ce \u00e0 notre collection exquise de <b>Chaussures Oxford en cuir de veau pour hommes<\/b>. Con\u00e7ues pour le gentleman exigeant, ces chaussures repr\u00e9sentent le summum du style classique alli\u00e9 au confort moderne. Chaque paire de ces luxueuses <b>Chaussures Oxford en cuir de veau pour hommes<\/b> sont m\u00e9ticuleusement fabriqu\u00e9es pour garantir \u00e0 la fois l'attrait esth\u00e9tique et la durabilit\u00e9, ce qui en fait un compl\u00e9ment essentiel \u00e0 toute garde-robe raffin\u00e9e. Que ce soit pour une r\u00e9union d'affaires cruciale, un \u00e9v\u00e9nement formel ou simplement pour rehausser votre tenue de tous les jours, ces chaussures de qualit\u00e9 sup\u00e9rieure sont un ajout essentiel \u00e0 votre garde-robe. <b>Chaussures Oxford en cuir de veau pour hommes<\/b> promettent de faire preuve d'\u00e9l\u00e9gance et de professionnalisme.<\/p>\n<h3>Qualit\u00e9 et mat\u00e9riaux in\u00e9gal\u00e9s<\/h3>\n<p>Au c\u0153ur de ces projets d'exception <b>Chaussures Oxford en cuir de veau pour hommes<\/b> r\u00e9side dans l'utilisation de mat\u00e9riaux de premi\u00e8re qualit\u00e9. L'ext\u00e9rieur est fabriqu\u00e9 en cuir de veau souple de qualit\u00e9 sup\u00e9rieure, r\u00e9put\u00e9 pour sa finition lisse, sa r\u00e9sistance et sa capacit\u00e9 \u00e0 vieillir en beaut\u00e9. Ce choix de mat\u00e9riau ext\u00e9rieur n'apporte pas seulement un aspect distingu\u00e9, mais garantit \u00e9galement une usure et une r\u00e9sistance \u00e0 long terme, caract\u00e9ristiques des meilleurs produits de la marque. <b>Chaussures Oxford en cuir de veau pour hommes<\/b>. En compl\u00e9ment de l'ext\u00e9rieur robuste, l'int\u00e9rieur est doubl\u00e9 de cuir de ch\u00e8vre incroyablement doux, offrant une respirabilit\u00e9 sup\u00e9rieure et une sensation de peluche qui se moule \u00e0 votre pied pour un confort ultime tout au long de la journ\u00e9e. La s\u00e9lection minutieuse de ces mat\u00e9riaux garantit une chaussure aussi agr\u00e9able au toucher qu'\u00e0 l'\u0153il. <b>Chaussures Oxford en cuir de veau pour hommes<\/b> \u00e0 part.<\/p>\n<h3>Confort et design innovants<\/h3>\n<p>Marchez sur les nuages gr\u00e2ce \u00e0 la semelle Microlight innovante int\u00e9gr\u00e9e \u00e0 ces chaussures. <b>Chaussures Oxford en cuir de veau pour hommes<\/b>. Cette technologie de semelle avanc\u00e9e offre une l\u00e9g\u00e8ret\u00e9 et une flexibilit\u00e9 remarquables, r\u00e9duisant consid\u00e9rablement la fatigue du pied, m\u00eame apr\u00e8s des heures de port. Avec une hauteur de talon modeste de 1 \u00e0 3 cm, ces chaussures Oxford offrent une \u00e9l\u00e9vation subtile tout en conservant une stabilit\u00e9 et des proportions classiques. Le design pr\u00e9sente un bout textur\u00e9 distinctif, ajoutant une touche unique de caract\u00e8re et d'\u00e9l\u00e9gance contemporaine \u00e0 la silhouette intemporelle de l'Oxford. Disponibles en noir classique, en bleu sophistiqu\u00e9 et en marron riche, ces chaussures polyvalentes se distinguent par leur design. <b>Chaussures Oxford en cuir de veau pour hommes<\/b> offrent des options qui s'adaptent parfaitement \u00e0 votre style personnel et aux besoins de votre garde-robe. Chaque d\u00e9tail contribue \u00e0 l'attrait g\u00e9n\u00e9ral de ces \u00e9l\u00e9gants v\u00eatements. <b>Chaussures Oxford en cuir de veau pour hommes<\/b>.<\/p>\n<p>&nbsp;<\/p>","protected":false},"excerpt":{"rendered":"<ul>\n<li>Ext\u00e9rieur en cuir de veau de premi\u00e8re qualit\u00e9<\/li>\n<li>Doublure int\u00e9rieure en cuir de ch\u00e8vre souple<\/li>\n<li>Semelle l\u00e9g\u00e8re pour un confort tout au long de la journ\u00e9e<\/li>\n<li>Subtil 1-3 cm Hauteur du talon<\/li>\n<li>Disponible en noir classique, bleu sophistiqu\u00e9 et brun riche.<\/li>\n<li>Tailles disponibles : 39, 40, 41, 42, 43, 44, 45<\/li>\n<li>Quantit\u00e9 minimale de commande : 8 paires<\/li>\n<li>D\u00e9lai de livraison estim\u00e9 : 12 jours + exp\u00e9dition<\/li>\n<\/ul>","protected":false},"featured_media":3508,"template":"","meta":{"_acf_changed":false,"_uag_custom_page_level_css":"","site-sidebar-layout":"default","site-content-layout":"","ast-site-content-layout":"default","site-content-style":"default","site-sidebar-style":"default","ast-global-header-display":"","ast-banner-title-visibility":"","ast-main-header-display":"","ast-hfb-above-header-display":"","ast-hfb-below-header-display":"","ast-hfb-mobile-header-display":"","site-post-title":"","ast-breadcrumbs-content":"","ast-featured-img":"","footer-sml-layout":"","ast-disable-related-posts":"","theme-transparent-header-meta":"default","adv-header-id-meta":"","stick-header-meta":"","header-above-stick-meta":"","header-main-stick-meta":"","header-below-stick-meta":"","astra-migrate-meta-layouts":"set","ast-page-background-enabled":"default","ast-page-background-meta":{"desktop":{"background-color":"var(--ast-global-color-4)","background-image":"","background-repeat":"repeat","background-position":"center center","background-size":"auto","background-attachment":"scroll","background-type":"","background-media":"","overlay-type":"","overlay-color":"","overlay-opacity":"","overlay-gradient":""},"tablet":{"background-color":"","background-image":"","background-repeat":"repeat","background-position":"center center","background-size":"auto","background-attachment":"scroll","background-type":"","background-media":"","overlay-type":"","overlay-color":"","overlay-opacity":"","overlay-gradient":""},"mobile":{"background-color":"","background-image":"","background-repeat":"repeat","background-position":"center center","background-size":"auto","background-attachment":"scroll","background-type":"","background-media":"","overlay-type":"","overlay-color":"","overlay-opacity":"","overlay-gradient":""}},"ast-content-background-meta":{"desktop":{"background-color":"var(--ast-global-color-5)","background-image":"","background-repeat":"repeat","background-position":"center center","background-size":"auto","background-attachment":"scroll","background-type":"","background-media":"","overlay-type":"","overlay-color":"","overlay-opacity":"","overlay-gradient":""},"tablet":{"background-color":"var(--ast-global-color-5)","background-image":"","background-repeat":"repeat","background-position":"center center","background-size":"auto","background-attachment":"scroll","background-type":"","background-media":"","overlay-type":"","overlay-color":"","overlay-opacity":"","overlay-gradient":""},"mobile":{"background-color":"var(--ast-global-color-5)","background-image":"","background-repeat":"repeat","background-position":"center center","background-size":"auto","background-attachment":"scroll","background-type":"","background-media":"","overlay-type":"","overlay-color":"","overlay-opacity":"","overlay-gradient":""}}},"product_brand":[],"product_cat":[47,430,40],"product_tag":[653,776,768,405,185,251,189,219,535,416,198,466,204,362],"class_list":{"0":"post-5195","1":"product","2":"type-product","3":"status-publish","4":"has-post-thumbnail","6":"product_cat-classic","7":"product_cat-men","8":"product_cat-mens-shoes","9":"product_tag-black-oxfords","10":"product_tag-blue-oxfords","11":"product_tag-brown-oxfords","12":"product_tag-business-shoes","13":"product_tag-calf-leather-shoes","14":"product_tag-formal-shoes","15":"product_tag-goat-leather-lining","16":"product_tag-handmade-shoes","17":"product_tag-leather-dress-shoes","18":"product_tag-luxury-shoes","19":"product_tag-mens-fashion","20":"product_tag-microlight-sole","21":"product_tag-oxford-shoes","22":"product_tag-premium-footwear","23":"desktop-align-center","24":"tablet-align-center","25":"mobile-align-center","27":"first","28":"instock","29":"shipping-taxable","30":"purchasable","31":"product-type-variable","32":"has-default-attributes"},"acf":[],"uagb_featured_image_src":{"full":["https:\/\/turkishtrade.co\/wp-content\/uploads\/2026\/01\/2400EJOMN00106-BROWN-X_70.png",453,250,false],"thumbnail":["https:\/\/turkishtrade.co\/wp-content\/uploads\/2026\/01\/2400EJOMN00106-BROWN-X_70-150x150.png",150,150,true],"medium":["https:\/\/turkishtrade.co\/wp-content\/uploads\/2026\/01\/2400EJOMN00106-BROWN-X_70-300x166.png",300,166,true],"medium_large":["https:\/\/turkishtrade.co\/wp-content\/uploads\/2026\/01\/2400EJOMN00106-BROWN-X_70.png",453,250,false],"large":["https:\/\/turkishtrade.co\/wp-content\/uploads\/2026\/01\/2400EJOMN00106-BROWN-X_70.png",453,250,false],"1536x1536":["https:\/\/turkishtrade.co\/wp-content\/uploads\/2026\/01\/2400EJOMN00106-BROWN-X_70.png",453,250,false],"2048x2048":["https:\/\/turkishtrade.co\/wp-content\/uploads\/2026\/01\/2400EJOMN00106-BROWN-X_70.png",453,250,false],"trp-custom-language-flag":["https:\/\/turkishtrade.co\/wp-content\/uploads\/2026\/01\/2400EJOMN00106-BROWN-X_70-18x10.png",18,10,true],"woocommerce_thumbnail":["https:\/\/turkishtrade.co\/wp-content\/uploads\/2026\/01\/2400EJOMN00106-BROWN-X_70-400x250.png",400,250,true],"woocommerce_single":["https:\/\/turkishtrade.co\/wp-content\/uploads\/2026\/01\/2400EJOMN00106-BROWN-X_70.png",453,250,false],"woocommerce_gallery_thumbnail":["https:\/\/turkishtrade.co\/wp-content\/uploads\/2026\/01\/2400EJOMN00106-BROWN-X_70-100x100.png",100,100,true]},"uagb_author_info":{"display_name":"yaser olabi","author_link":"https:\/\/turkishtrade.co\/fr\/author\/"},"uagb_comment_info":0,"uagb_excerpt":"Premium Calf Leather Exterior Soft Goat Leather Interior Lining Lightweight Microlight Sole for All-Day Comfort Subtle 1-3 cm Heel Height Available in Classic Black, Sophisticated Blue, and Rich Brown Available Sizes: 39, 40, 41, 42, 43, 44, 45 Minimum Order Quantity: 8 Pairs Estimated Delivery: 12 Days + Shipping","_links":{"self":[{"href":"https:\/\/turkishtrade.co\/fr\/wp-json\/wp\/v2\/product\/5195","targetHints":{"allow":["GET"]}}],"collection":[{"href":"https:\/\/turkishtrade.co\/fr\/wp-json\/wp\/v2\/product"}],"about":[{"href":"https:\/\/turkishtrade.co\/fr\/wp-json\/wp\/v2\/types\/product"}],"wp:featuredmedia":[{"embeddable":true,"href":"https:\/\/turkishtrade.co\/fr\/wp-json\/wp\/v2\/media\/3508"}],"wp:attachment":[{"href":"https:\/\/turkishtrade.co\/fr\/wp-json\/wp\/v2\/media?parent=5195"}],"wp:term":[{"taxonomy":"product_brand","embeddable":true,"href":"https:\/\/turkishtrade.co\/fr\/wp-json\/wp\/v2\/product_brand?post=5195"},{"taxonomy":"product_cat","embeddable":true,"href":"https:\/\/turkishtrade.co\/fr\/wp-json\/wp\/v2\/product_cat?post=5195"},{"taxonomy":"product_tag","embeddable":true,"href":"https:\/\/turkishtrade.co\/fr\/wp-json\/wp\/v2\/product_tag?post=5195"}],"curies":[{"name":"wp","href":"https:\/\/api.w.org\/{rel}","templated":true}]}}