{"id":5193,"date":"2026-01-14T11:26:05","date_gmt":"2026-01-14T11:26:05","guid":{"rendered":"https:\/\/turkishtrade.co\/product\/premium-black-leather-brogues\/"},"modified":"2026-04-09T19:41:26","modified_gmt":"2026-04-09T19:41:26","slug":"premium-black-leather-brogues","status":"publish","type":"product","link":"https:\/\/turkishtrade.co\/fr\/shop\/premium-black-leather-brogues\/","title":{"rendered":"Brogues en cuir noir de qualit\u00e9 sup\u00e9rieure pour hommes"},"content":{"rendered":"<p><strong>Brogues en cuir noir de qualit\u00e9 sup\u00e9rieure<\/strong><\/p>\n<p>Entrez dans l'\u00e9l\u00e9gance intemporelle avec notre <strong>Brogues en cuir noir de qualit\u00e9 sup\u00e9rieure<\/strong>, Ces chaussures ont \u00e9t\u00e9 m\u00e9ticuleusement con\u00e7ues pour le gentleman moderne. Ces chaussures exquises ne sont pas seulement des chaussures, elles sont une d\u00e9claration de sophistication et de qualit\u00e9 in\u00e9gal\u00e9e. Parfaites pour les r\u00e9unions d'affaires, les \u00e9v\u00e9nements formels ou pour ajouter une touche de classe \u00e0 votre tenue de tous les jours, nos <strong>Brogues en cuir noir de qualit\u00e9 sup\u00e9rieure<\/strong> offrent le m\u00e9lange ultime de style et de confort. Chaque paire est fabriqu\u00e9e selon les normes les plus strictes, pour que vous puissiez marcher en toute confiance et avec distinction.<\/p>\n<h3>Un savoir-faire in\u00e9gal\u00e9 et des mat\u00e9riaux luxueux<\/h3>\n<p>D\u00e9couvrez la diff\u00e9rence que font les mat\u00e9riaux de qualit\u00e9 sup\u00e9rieure. L'ext\u00e9rieur de ces <strong>Brogues en cuir noir de qualit\u00e9 sup\u00e9rieure<\/strong> est fabriqu\u00e9e en cuir de veau v\u00e9ritable 100%, r\u00e9put\u00e9 pour sa texture lisse, sa brillance naturelle et sa durabilit\u00e9 exceptionnelle. Ce cuir de qualit\u00e9 sup\u00e9rieure n'est pas seulement magnifique, il se moule \u00e9galement \u00e0 votre pied au fil du temps, offrant un ajustement sur mesure. \u00c0 l'int\u00e9rieur, vos pieds seront berc\u00e9s par une doublure en cuir de ch\u00e8vre souple et respirante, garantissant un confort maximal tout au long de la journ\u00e9e. Cette combinaison judicieuse de cuirs de premi\u00e8re qualit\u00e9 fait de ces <strong>Brogues en cuir noir de qualit\u00e9 sup\u00e9rieure<\/strong> un choix vraiment luxueux.<\/p>\n<h3>Con\u00e7u pour un confort durable et un style impeccable<\/h3>\n<p>Notre engagement en faveur du confort est \u00e9vident dans chaque d\u00e9tail. Ces <strong>Brogues en cuir noir de qualit\u00e9 sup\u00e9rieure<\/strong> sont dot\u00e9es d'une semelle Microlight l\u00e9g\u00e8re, con\u00e7ue pour offrir de la flexibilit\u00e9 et r\u00e9duire la fatigue, ce qui les rend id\u00e9ales pour les longues heures pass\u00e9es debout. Le talon subtil de 1 \u00e0 3 cm offre un \u00e9quilibre parfait entre \u00e9l\u00e9vation et stabilit\u00e9, am\u00e9liorant votre posture sans compromettre votre confort. Les d\u00e9tails brogue classiques, avec leurs perforations complexes, ajoutent une touche de charme traditionnel. <strong>Brogues en cuir noir de qualit\u00e9 sup\u00e9rieure<\/strong> un compl\u00e9ment polyvalent \u00e0 toute garde-robe. De la salle de conf\u00e9rence au banquet, ces chaussures sont con\u00e7ues pour impressionner par leur attrait durable.<\/p>\n<h3>Le compl\u00e9ment indispensable \u00e0 votre garde-robe de soir\u00e9e<\/h3>\n<p>Que vous cherchiez \u00e0 compl\u00e9ter un costume \u00e9l\u00e9gant ou \u00e0 rehausser un ensemble chic et d\u00e9contract\u00e9, nos <strong>Brogues en cuir noir de qualit\u00e9 sup\u00e9rieure<\/strong> sont le choix id\u00e9al. Disponibles dans une large gamme de tailles allant du 39 au 45, vous trouverez votre bonheur sans effort. Nous acceptons \u00e9galement les commandes en gros, avec une quantit\u00e9 minimale de 8 paires, livr\u00e9es dans les 12 jours, frais de port en sus. Ces paires <strong>Brogues en cuir noir de qualit\u00e9 sup\u00e9rieure<\/strong> sont propos\u00e9es \u00e0 un prix attractif de USD par paire, ce qui repr\u00e9sente un rapport qualit\u00e9-prix exceptionnel pour des chaussures d'une telle qualit\u00e9. Investissez dans une paire de ces <strong>Brogues en cuir noir de qualit\u00e9 sup\u00e9rieure<\/strong> aujourd'hui et sortez avec un style qui dure.<\/p>","protected":false},"excerpt":{"rendered":"<ul>\n<li>Fabriqu\u00e9 en cuir de veau v\u00e9ritable 100% pour une durabilit\u00e9 durable et une finition raffin\u00e9e.<\/li>\n<li>La doublure int\u00e9rieure en cuir de ch\u00e8vre luxueux offre un confort et une respirabilit\u00e9 exceptionnels.<\/li>\n<li>Elle est dot\u00e9e d'une semelle l\u00e9g\u00e8re Microlight et d'un talon confortable de 1 \u00e0 3 cm pour une utilisation tout au long de la journ\u00e9e.<\/li>\n<li>Les d\u00e9tails \u00e9l\u00e9gants de la broderie offrent une esth\u00e9tique intemporelle et sophistiqu\u00e9e.<\/li>\n<li>Disponible dans une large gamme de tailles : 39, 40, 41, 42, 43, 44, 45.<\/li>\n<li>Quantit\u00e9 minimale de commande : 8 paires.<\/li>\n<li>Prix de gros : USD par paire.<\/li>\n<\/ul>","protected":false},"featured_media":3505,"template":"","meta":{"_acf_changed":false,"_uag_custom_page_level_css":"","site-sidebar-layout":"default","site-content-layout":"","ast-site-content-layout":"default","site-content-style":"default","site-sidebar-style":"default","ast-global-header-display":"","ast-banner-title-visibility":"","ast-main-header-display":"","ast-hfb-above-header-display":"","ast-hfb-below-header-display":"","ast-hfb-mobile-header-display":"","site-post-title":"","ast-breadcrumbs-content":"","ast-featured-img":"","footer-sml-layout":"","ast-disable-related-posts":"","theme-transparent-header-meta":"default","adv-header-id-meta":"","stick-header-meta":"","header-above-stick-meta":"","header-main-stick-meta":"","header-below-stick-meta":"","astra-migrate-meta-layouts":"set","ast-page-background-enabled":"default","ast-page-background-meta":{"desktop":{"background-color":"var(--ast-global-color-4)","background-image":"","background-repeat":"repeat","background-position":"center center","background-size":"auto","background-attachment":"scroll","background-type":"","background-media":"","overlay-type":"","overlay-color":"","overlay-opacity":"","overlay-gradient":""},"tablet":{"background-color":"","background-image":"","background-repeat":"repeat","background-position":"center center","background-size":"auto","background-attachment":"scroll","background-type":"","background-media":"","overlay-type":"","overlay-color":"","overlay-opacity":"","overlay-gradient":""},"mobile":{"background-color":"","background-image":"","background-repeat":"repeat","background-position":"center center","background-size":"auto","background-attachment":"scroll","background-type":"","background-media":"","overlay-type":"","overlay-color":"","overlay-opacity":"","overlay-gradient":""}},"ast-content-background-meta":{"desktop":{"background-color":"var(--ast-global-color-5)","background-image":"","background-repeat":"repeat","background-position":"center center","background-size":"auto","background-attachment":"scroll","background-type":"","background-media":"","overlay-type":"","overlay-color":"","overlay-opacity":"","overlay-gradient":""},"tablet":{"background-color":"var(--ast-global-color-5)","background-image":"","background-repeat":"repeat","background-position":"center center","background-size":"auto","background-attachment":"scroll","background-type":"","background-media":"","overlay-type":"","overlay-color":"","overlay-opacity":"","overlay-gradient":""},"mobile":{"background-color":"var(--ast-global-color-5)","background-image":"","background-repeat":"repeat","background-position":"center center","background-size":"auto","background-attachment":"scroll","background-type":"","background-media":"","overlay-type":"","overlay-color":"","overlay-opacity":"","overlay-gradient":""}}},"product_brand":[],"product_cat":[47,430,40],"product_tag":[605,672,405,202,212,284,480,591,437,227,198,466,281],"class_list":{"0":"post-5193","1":"product","2":"type-product","3":"status-publish","4":"has-post-thumbnail","6":"product_cat-classic","7":"product_cat-men","8":"product_cat-mens-shoes","9":"product_tag-black-shoes","10":"product_tag-brogues","11":"product_tag-business-shoes","12":"product_tag-calf-leather","13":"product_tag-derby-shoes","14":"product_tag-dress-shoes","15":"product_tag-elegant-shoes","16":"product_tag-formal-wear","17":"product_tag-goat-leather","18":"product_tag-leather-shoes","19":"product_tag-mens-fashion","20":"product_tag-microlight-sole","21":"product_tag-wholesale-shoes","22":"desktop-align-center","23":"tablet-align-center","24":"mobile-align-center","26":"first","27":"instock","28":"shipping-taxable","29":"purchasable","30":"product-type-variable","31":"has-default-attributes"},"acf":[],"uagb_featured_image_src":{"full":["https:\/\/turkishtrade.co\/wp-content\/uploads\/2026\/01\/2400EJOMN00105-BLACK-H_602.png",453,250,false],"thumbnail":["https:\/\/turkishtrade.co\/wp-content\/uploads\/2026\/01\/2400EJOMN00105-BLACK-H_602-150x150.png",150,150,true],"medium":["https:\/\/turkishtrade.co\/wp-content\/uploads\/2026\/01\/2400EJOMN00105-BLACK-H_602-300x166.png",300,166,true],"medium_large":["https:\/\/turkishtrade.co\/wp-content\/uploads\/2026\/01\/2400EJOMN00105-BLACK-H_602.png",453,250,false],"large":["https:\/\/turkishtrade.co\/wp-content\/uploads\/2026\/01\/2400EJOMN00105-BLACK-H_602.png",453,250,false],"1536x1536":["https:\/\/turkishtrade.co\/wp-content\/uploads\/2026\/01\/2400EJOMN00105-BLACK-H_602.png",453,250,false],"2048x2048":["https:\/\/turkishtrade.co\/wp-content\/uploads\/2026\/01\/2400EJOMN00105-BLACK-H_602.png",453,250,false],"trp-custom-language-flag":["https:\/\/turkishtrade.co\/wp-content\/uploads\/2026\/01\/2400EJOMN00105-BLACK-H_602-18x10.png",18,10,true],"woocommerce_thumbnail":["https:\/\/turkishtrade.co\/wp-content\/uploads\/2026\/01\/2400EJOMN00105-BLACK-H_602-400x250.png",400,250,true],"woocommerce_single":["https:\/\/turkishtrade.co\/wp-content\/uploads\/2026\/01\/2400EJOMN00105-BLACK-H_602.png",453,250,false],"woocommerce_gallery_thumbnail":["https:\/\/turkishtrade.co\/wp-content\/uploads\/2026\/01\/2400EJOMN00105-BLACK-H_602-100x100.png",100,100,true]},"uagb_author_info":{"display_name":"yaser olabi","author_link":"https:\/\/turkishtrade.co\/fr\/author\/"},"uagb_comment_info":0,"uagb_excerpt":"Crafted from 100% genuine Calf Leather exterior for lasting durability and a refined finish. Luxurious Goat Leather interior lining provides exceptional comfort and breathability. Features a lightweight Microlight sole and a comfortable 1-3cm heel for all-day wear. Elegant brogue detailing offers a timeless, sophisticated aesthetic. Available in a comprehensive range of sizes: 39, 40, 41,\u2026","_links":{"self":[{"href":"https:\/\/turkishtrade.co\/fr\/wp-json\/wp\/v2\/product\/5193","targetHints":{"allow":["GET"]}}],"collection":[{"href":"https:\/\/turkishtrade.co\/fr\/wp-json\/wp\/v2\/product"}],"about":[{"href":"https:\/\/turkishtrade.co\/fr\/wp-json\/wp\/v2\/types\/product"}],"wp:featuredmedia":[{"embeddable":true,"href":"https:\/\/turkishtrade.co\/fr\/wp-json\/wp\/v2\/media\/3505"}],"wp:attachment":[{"href":"https:\/\/turkishtrade.co\/fr\/wp-json\/wp\/v2\/media?parent=5193"}],"wp:term":[{"taxonomy":"product_brand","embeddable":true,"href":"https:\/\/turkishtrade.co\/fr\/wp-json\/wp\/v2\/product_brand?post=5193"},{"taxonomy":"product_cat","embeddable":true,"href":"https:\/\/turkishtrade.co\/fr\/wp-json\/wp\/v2\/product_cat?post=5193"},{"taxonomy":"product_tag","embeddable":true,"href":"https:\/\/turkishtrade.co\/fr\/wp-json\/wp\/v2\/product_tag?post=5193"}],"curies":[{"name":"wp","href":"https:\/\/api.w.org\/{rel}","templated":true}]}}