{"id":5191,"date":"2026-01-14T11:25:49","date_gmt":"2026-01-14T11:25:49","guid":{"rendered":"https:\/\/turkishtrade.co\/product\/men-s-brown-leather-loafers\/"},"modified":"2026-04-09T19:41:29","modified_gmt":"2026-04-09T19:41:29","slug":"mens-brown-leather-loafers-premium","status":"publish","type":"product","link":"https:\/\/turkishtrade.co\/fr\/shop\/mens-brown-leather-loafers-premium\/","title":{"rendered":"Mocassins Premium en cuir marron pour hommes avec semelle Microlight"},"content":{"rendered":"<p><strong>Mocassins en cuir brun pour hommes<\/strong><\/p>\n<h3>Faites l'exp\u00e9rience d'un confort et d'un style in\u00e9gal\u00e9s avec nos mocassins en cuir marron pour hommes.<\/h3>\n<p>\u00c9levez votre collection de chaussures gr\u00e2ce \u00e0 nos chaussures exquises. <strong>Mocassins en cuir brun pour hommes<\/strong>, Ces mocassins ont \u00e9t\u00e9 m\u00e9ticuleusement con\u00e7us pour le gentleman moderne qui appr\u00e9cie \u00e0 la fois le style et le confort. Ces mocassins haut de gamme t\u00e9moignent d'un savoir-faire sup\u00e9rieur, alliant l'\u00e9l\u00e9gance classique \u00e0 la fonctionnalit\u00e9 contemporaine. La riche teinte marron fonc\u00e9 de ces <strong>Mocassins en cuir brun pour hommes<\/strong> Ces chaussures sont d'une grande sophistication, ce qui en fait un choix polyvalent pour toute une s\u00e9rie d'occasions, des tenues de bureau aux sorties d\u00e9contract\u00e9es \u00e9l\u00e9gantes. Chaque paire est le symbole d'un go\u00fbt raffin\u00e9, vous assurant de sortir en toute confiance et dans un confort in\u00e9gal\u00e9.<\/p>\n<h3>Des mat\u00e9riaux de premi\u00e8re qualit\u00e9 pour une qualit\u00e9 durable<\/h3>\n<p>Notre engagement en faveur de la qualit\u00e9 commence par la s\u00e9lection des meilleurs mat\u00e9riaux. La surface ext\u00e9rieure de ces remarquables <strong>Mocassins en cuir brun pour hommes<\/strong> est fabriqu\u00e9 en cuir de veau souple, connu pour sa finition lisse et sa durabilit\u00e9 exceptionnelle. Ce cuir de veau de qualit\u00e9 sup\u00e9rieure offre un toucher luxueux et un aspect poli qui ne fait que s'am\u00e9liorer avec le temps. En compl\u00e9ment de l'ext\u00e9rieur, l'int\u00e9rieur est doubl\u00e9 de cuir de ch\u00e8vre souple, garantissant une respirabilit\u00e9 sup\u00e9rieure et une sensation de douceur contre votre pied. Cette combinaison judicieuse de mat\u00e9riaux offre une coupe \u00e0 la fois confortable et ajust\u00e9e, ce qui fait de ces chaussures un mod\u00e8le de qualit\u00e9. <strong>Mocassins en cuir brun pour hommes<\/strong> parfait pour une utilisation prolong\u00e9e tout au long de la journ\u00e9e.<\/p>\n<h3>Conception innovante et caract\u00e9ristiques de confort<\/h3>\n<p>Con\u00e7ues dans un souci de confort ultime, ces <strong>Mocassins en cuir brun pour hommes<\/strong> sont dot\u00e9es d'une semelle Microlight avanc\u00e9e. Cette technologie de semelle innovante offre une excellente absorption des chocs et une flexibilit\u00e9 l\u00e9g\u00e8re, permettant des mouvements sans effort et r\u00e9duisant la fatigue du pied. Le talon subtil de 1 \u00e0 3 cm ajoute une touche d'\u00e9l\u00e9vation sans compromettre la stabilit\u00e9, contribuant ainsi \u00e0 une silhouette raffin\u00e9e. Le design distinctif comprend un insert en cuir textur\u00e9 de bon go\u00fbt sur l'empeigne, cr\u00e9ant un contraste subtil avec le cuir de veau lisse et ajoutant un attrait visuel unique. Que vous naviguiez dans les rues de la ville ou que vous assistiez \u00e0 une r\u00e9union importante, ces <strong>Mocassins en cuir brun pour hommes<\/strong> vous promet de rester confortable et \u00e9l\u00e9gant.<\/p>\n<h3>Polyvalence et disponibilit\u00e9 en vrac<\/h3>\n<p>Ces produits sophistiqu\u00e9s <strong>Mocassins en cuir brun pour hommes<\/strong> sont disponibles dans une gamme compl\u00e8te de tailles europ\u00e9ennes allant de 39 \u00e0 45, garantissant un ajustement parfait \u00e0 un large \u00e9ventail de clients. Leur design intemporel en fait un compl\u00e9ment indispensable \u00e0 toute garde-robe, s'associant sans effort avec des costumes, des chinos ou m\u00eame des jeans de qualit\u00e9 sup\u00e9rieure. Pour les d\u00e9taillants et les entreprises qui souhaitent proposer des chaussures de haute qualit\u00e9, ces mocassins sont disponibles avec une quantit\u00e9 minimale de commande de seulement 8 paires, ce qui en fait un excellent choix pour la vente en gros. D\u00e9couvrez le m\u00e9lange de la tradition et de l'innovation avec nos mocassins fabriqu\u00e9s par des experts. <strong>Mocassins en cuir brun pour hommes<\/strong>, et offrez \u00e0 votre client\u00e8le un produit qui se d\u00e9marque.<\/p>","protected":false},"excerpt":{"rendered":"<ul>\n<li>Fabriqu\u00e9 en cuir de veau luxueux (ext\u00e9rieur) et en cuir de ch\u00e8vre respirant (int\u00e9rieur).<\/li>\n<li>\u00c9quip\u00e9e d'une semelle Microlight l\u00e9g\u00e8re et confortable pour une utilisation tout au long de la journ\u00e9e.<\/li>\n<li>Il est dot\u00e9 d'un talon subtil et \u00e9l\u00e9gant d'une hauteur de 1 \u00e0 3 cm.<\/li>\n<li>Disponible dans les tailles 39, 40, 41, 42, 43, 44 et 45.<\/li>\n<li>Quantit\u00e9 minimale de commande : 8 paires. Parfait pour les achats en gros et en masse.<\/li>\n<\/ul>","protected":false},"featured_media":3504,"template":"","meta":{"_acf_changed":false,"_uag_custom_page_level_css":"","site-sidebar-layout":"default","site-content-layout":"","ast-site-content-layout":"default","site-content-style":"default","site-sidebar-style":"default","ast-global-header-display":"","ast-banner-title-visibility":"","ast-main-header-display":"","ast-hfb-above-header-display":"","ast-hfb-below-header-display":"","ast-hfb-mobile-header-display":"","site-post-title":"","ast-breadcrumbs-content":"","ast-featured-img":"","footer-sml-layout":"","ast-disable-related-posts":"","theme-transparent-header-meta":"default","adv-header-id-meta":"","stick-header-meta":"","header-above-stick-meta":"","header-main-stick-meta":"","header-below-stick-meta":"","astra-migrate-meta-layouts":"set","ast-page-background-enabled":"default","ast-page-background-meta":{"desktop":{"background-color":"var(--ast-global-color-4)","background-image":"","background-repeat":"repeat","background-position":"center center","background-size":"auto","background-attachment":"scroll","background-type":"","background-media":"","overlay-type":"","overlay-color":"","overlay-opacity":"","overlay-gradient":""},"tablet":{"background-color":"","background-image":"","background-repeat":"repeat","background-position":"center center","background-size":"auto","background-attachment":"scroll","background-type":"","background-media":"","overlay-type":"","overlay-color":"","overlay-opacity":"","overlay-gradient":""},"mobile":{"background-color":"","background-image":"","background-repeat":"repeat","background-position":"center center","background-size":"auto","background-attachment":"scroll","background-type":"","background-media":"","overlay-type":"","overlay-color":"","overlay-opacity":"","overlay-gradient":""}},"ast-content-background-meta":{"desktop":{"background-color":"var(--ast-global-color-5)","background-image":"","background-repeat":"repeat","background-position":"center center","background-size":"auto","background-attachment":"scroll","background-type":"","background-media":"","overlay-type":"","overlay-color":"","overlay-opacity":"","overlay-gradient":""},"tablet":{"background-color":"var(--ast-global-color-5)","background-image":"","background-repeat":"repeat","background-position":"center center","background-size":"auto","background-attachment":"scroll","background-type":"","background-media":"","overlay-type":"","overlay-color":"","overlay-opacity":"","overlay-gradient":""},"mobile":{"background-color":"var(--ast-global-color-5)","background-image":"","background-repeat":"repeat","background-position":"center center","background-size":"auto","background-attachment":"scroll","background-type":"","background-media":"","overlay-type":"","overlay-color":"","overlay-opacity":"","overlay-gradient":""}}},"product_brand":[],"product_cat":[47,430,40],"product_tag":[292,555,284,593,251,189,198,186,466,184,280,254],"class_list":{"0":"post-5191","1":"product","2":"type-product","3":"status-publish","4":"has-post-thumbnail","6":"product_cat-classic","7":"product_cat-men","8":"product_cat-mens-shoes","9":"product_tag-brown-leather-shoes","10":"product_tag-calfskin-loafers","11":"product_tag-dress-shoes","12":"product_tag-eu-sizes-39-45","13":"product_tag-formal-shoes","14":"product_tag-goat-leather-lining","15":"product_tag-mens-fashion","16":"product_tag-mens-loafers","17":"product_tag-microlight-sole","18":"product_tag-slip-on-shoes","19":"product_tag-smart-casual-shoes","20":"product_tag-wholesale-footwear","21":"desktop-align-center","22":"tablet-align-center","23":"mobile-align-center","25":"first","26":"instock","27":"shipping-taxable","28":"purchasable","29":"product-type-variable","30":"has-default-attributes"},"acf":[],"uagb_featured_image_src":{"full":["https:\/\/turkishtrade.co\/wp-content\/uploads\/2026\/01\/2400EJOMN00104-BROWN-X_822.png",453,250,false],"thumbnail":["https:\/\/turkishtrade.co\/wp-content\/uploads\/2026\/01\/2400EJOMN00104-BROWN-X_822-150x150.png",150,150,true],"medium":["https:\/\/turkishtrade.co\/wp-content\/uploads\/2026\/01\/2400EJOMN00104-BROWN-X_822-300x166.png",300,166,true],"medium_large":["https:\/\/turkishtrade.co\/wp-content\/uploads\/2026\/01\/2400EJOMN00104-BROWN-X_822.png",453,250,false],"large":["https:\/\/turkishtrade.co\/wp-content\/uploads\/2026\/01\/2400EJOMN00104-BROWN-X_822.png",453,250,false],"1536x1536":["https:\/\/turkishtrade.co\/wp-content\/uploads\/2026\/01\/2400EJOMN00104-BROWN-X_822.png",453,250,false],"2048x2048":["https:\/\/turkishtrade.co\/wp-content\/uploads\/2026\/01\/2400EJOMN00104-BROWN-X_822.png",453,250,false],"trp-custom-language-flag":["https:\/\/turkishtrade.co\/wp-content\/uploads\/2026\/01\/2400EJOMN00104-BROWN-X_822-18x10.png",18,10,true],"woocommerce_thumbnail":["https:\/\/turkishtrade.co\/wp-content\/uploads\/2026\/01\/2400EJOMN00104-BROWN-X_822-400x250.png",400,250,true],"woocommerce_single":["https:\/\/turkishtrade.co\/wp-content\/uploads\/2026\/01\/2400EJOMN00104-BROWN-X_822.png",453,250,false],"woocommerce_gallery_thumbnail":["https:\/\/turkishtrade.co\/wp-content\/uploads\/2026\/01\/2400EJOMN00104-BROWN-X_822-100x100.png",100,100,true]},"uagb_author_info":{"display_name":"yaser olabi","author_link":"https:\/\/turkishtrade.co\/fr\/author\/"},"uagb_comment_info":0,"uagb_excerpt":"Crafted from luxurious Calfskin (Outer) and breathable Goat Leather (Inner). Equipped with a lightweight and comfortable Microlight Sole for all-day wear. Features a subtle and elegant heel height of 1-3 cm. Available in EU Sizes 39, 40, 41, 42, 43, 44, and 45. Minimum order quantity: 8 pairs. Perfect for wholesale and bulk purchases.","_links":{"self":[{"href":"https:\/\/turkishtrade.co\/fr\/wp-json\/wp\/v2\/product\/5191","targetHints":{"allow":["GET"]}}],"collection":[{"href":"https:\/\/turkishtrade.co\/fr\/wp-json\/wp\/v2\/product"}],"about":[{"href":"https:\/\/turkishtrade.co\/fr\/wp-json\/wp\/v2\/types\/product"}],"wp:featuredmedia":[{"embeddable":true,"href":"https:\/\/turkishtrade.co\/fr\/wp-json\/wp\/v2\/media\/3504"}],"wp:attachment":[{"href":"https:\/\/turkishtrade.co\/fr\/wp-json\/wp\/v2\/media?parent=5191"}],"wp:term":[{"taxonomy":"product_brand","embeddable":true,"href":"https:\/\/turkishtrade.co\/fr\/wp-json\/wp\/v2\/product_brand?post=5191"},{"taxonomy":"product_cat","embeddable":true,"href":"https:\/\/turkishtrade.co\/fr\/wp-json\/wp\/v2\/product_cat?post=5191"},{"taxonomy":"product_tag","embeddable":true,"href":"https:\/\/turkishtrade.co\/fr\/wp-json\/wp\/v2\/product_tag?post=5191"}],"curies":[{"name":"wp","href":"https:\/\/api.w.org\/{rel}","templated":true}]}}