{"id":5181,"date":"2026-01-14T11:24:23","date_gmt":"2026-01-14T11:24:23","guid":{"rendered":"https:\/\/turkishtrade.co\/product\/men-black-leather-oxford-shoes\/"},"modified":"2026-04-09T19:41:43","modified_gmt":"2026-04-09T19:41:43","slug":"mens-black-leather-oxford-shoes-2","status":"publish","type":"product","link":"https:\/\/turkishtrade.co\/fr\/shop\/mens-black-leather-oxford-shoes-2\/","title":{"rendered":"Chaussures Oxford classiques en cuir noir pour hommes"},"content":{"rendered":"<p><strong>Chaussures Oxford en cuir noir pour hommes<\/strong><\/p>\n<p>Entrez dans une sophistication in\u00e9gal\u00e9e gr\u00e2ce \u00e0 nos magnifiques <strong>Chaussures Oxford en cuir noir pour hommes<\/strong>. Con\u00e7ues pour le gentleman exigeant, ces chaussures de ville classiques t\u00e9moignent d'un savoir-faire sup\u00e9rieur et d'un style intemporel. Parfaites pour les r\u00e9unions d'affaires, les \u00e9v\u00e9nements formels ou toute autre occasion o\u00f9 une pr\u00e9sentation impeccable est essentielle, ces chaussures de ville classiques sont un t\u00e9moignage d'un savoir-faire sup\u00e9rieur et d'un style intemporel. <strong>Chaussures Oxford en cuir noir pour hommes<\/strong> La collection d'articles de sport de la collection de l'Universit\u00e9 du Qu\u00e9bec \u00e0 Montr\u00e9al (UQAM) rehaussera votre garde-robe.<\/p>\n<h3>Mat\u00e9riaux de premi\u00e8re qualit\u00e9 pour un confort et une durabilit\u00e9 in\u00e9gal\u00e9s<\/h3>\n<p>Chaque paire de nos <strong>Chaussures Oxford en cuir noir pour hommes<\/strong> est m\u00e9ticuleusement fabriqu\u00e9e \u00e0 partir des mat\u00e9riaux les plus nobles. L'ext\u00e9rieur est en cuir de veau de premi\u00e8re qualit\u00e9, r\u00e9put\u00e9 pour sa texture lisse, sa brillance naturelle et sa durabilit\u00e9 exceptionnelle, ce qui garantit que vos chaussures ne sont pas seulement belles, mais qu'elles r\u00e9sisteront aussi \u00e0 l'\u00e9preuve du temps. \u00c0 l'int\u00e9rieur, vos pieds seront berc\u00e9s dans le luxe gr\u00e2ce \u00e0 une doublure en cuir de ch\u00e8vre souple, offrant une bonne respirabilit\u00e9 et un ajustement confortable qui se moule \u00e0 votre pied au fil du temps.<\/p>\n<p>Le fondement de ces remarquables <strong>Chaussures Oxford en cuir noir pour hommes<\/strong> est la semelle innovante Microlight. Cette semelle, \u00e0 la fois l\u00e9g\u00e8re et robuste, offre une excellente adh\u00e9rence et une grande souplesse, ce qui rend ces chaussures confortables pour un usage prolong\u00e9, sans compromettre leur profil \u00e9l\u00e9gant. Avec une hauteur de talon subtile de 1 \u00e0 3 cm, ces chaussures offrent juste ce qu'il faut de hauteur pour une silhouette raffin\u00e9e.<\/p>\n<h3>Un design intemporel et un style polyvalent<\/h3>\n<p>Le design embl\u00e9matique de la chaussure Oxford \u00e0 capuchon fait de cette chaussure un accessoire de choix pour les femmes. <strong>Chaussures Oxford en cuir noir pour hommes<\/strong> un \u00e9l\u00e9ment de base polyvalent pour toute tenue formelle ou semi-formelle. Associ\u00e9es \u00e0 un costume d'affaires, \u00e0 un smoking ou \u00e0 un pantalon d\u00e9contract\u00e9, elles d\u00e9gagent une impression d'\u00e9l\u00e9gance et d'assurance. Leur teinte noire classique leur permet de s'int\u00e9grer parfaitement \u00e0 toute garde-robe existante, ce qui en fait un accessoire indispensable pour l'homme moderne. Investissez dans une paire de nos <strong>Chaussures Oxford en cuir noir pour hommes<\/strong> et faites l'exp\u00e9rience d'un m\u00e9lange parfait de tradition et d'\u00e9l\u00e9gance contemporaine.<\/p>\n<h3>Informations sur la commande et la livraison<\/h3>\n<p>Ces produits de haute qualit\u00e9 <strong>Chaussures Oxford en cuir noir pour hommes<\/strong> sont disponibles dans une gamme de tailles allant de 39 \u00e0 45 (UE). Nous nous adressons aussi bien aux clients individuels exigeants qu'aux entreprises souhaitant passer des commandes en gros. Veuillez noter que la quantit\u00e9 minimale de commande est de 8 paires. Une fois que vous aurez command\u00e9 ces <strong>Chaussures Oxford en cuir noir pour hommes<\/strong> est plac\u00e9, attendez-vous \u00e0 un d\u00e9lai de livraison d'environ 12 jours, plus la dur\u00e9e de l'exp\u00e9dition, ce qui vous assure de recevoir vos chaussures de qualit\u00e9 sup\u00e9rieure rapidement.<\/p>","protected":false},"excerpt":{"rendered":"<ul>\n<li>Tige en cuir de veau exquis<\/li>\n<li>Doublure en cuir de ch\u00e8vre luxueux pour un confort sup\u00e9rieur<\/li>\n<li>Semelle Microlight durable et l\u00e9g\u00e8re<\/li>\n<li>Design Oxford sophistiqu\u00e9 \u00e0 bouts pointus<\/li>\n<li>Hauteur de talon confortable de 1 \u00e0 3 cm<\/li>\n<li>Disponible dans les tailles 39-45 (EU)<\/li>\n<li>Quantit\u00e9 minimale de commande : 8 paires (Remises en vrac possibles)<\/li>\n<\/ul>","protected":false},"featured_media":3499,"template":"","meta":{"_acf_changed":false,"_uag_custom_page_level_css":"","site-sidebar-layout":"default","site-content-layout":"","ast-site-content-layout":"default","site-content-style":"default","site-sidebar-style":"default","ast-global-header-display":"","ast-banner-title-visibility":"","ast-main-header-display":"","ast-hfb-above-header-display":"","ast-hfb-below-header-display":"","ast-hfb-mobile-header-display":"","site-post-title":"","ast-breadcrumbs-content":"","ast-featured-img":"","footer-sml-layout":"","ast-disable-related-posts":"","theme-transparent-header-meta":"default","adv-header-id-meta":"","stick-header-meta":"","header-above-stick-meta":"","header-main-stick-meta":"","header-below-stick-meta":"","astra-migrate-meta-layouts":"set","ast-page-background-enabled":"default","ast-page-background-meta":{"desktop":{"background-color":"var(--ast-global-color-4)","background-image":"","background-repeat":"repeat","background-position":"center center","background-size":"auto","background-attachment":"scroll","background-type":"","background-media":"","overlay-type":"","overlay-color":"","overlay-opacity":"","overlay-gradient":""},"tablet":{"background-color":"","background-image":"","background-repeat":"repeat","background-position":"center center","background-size":"auto","background-attachment":"scroll","background-type":"","background-media":"","overlay-type":"","overlay-color":"","overlay-opacity":"","overlay-gradient":""},"mobile":{"background-color":"","background-image":"","background-repeat":"repeat","background-position":"center center","background-size":"auto","background-attachment":"scroll","background-type":"","background-media":"","overlay-type":"","overlay-color":"","overlay-opacity":"","overlay-gradient":""}},"ast-content-background-meta":{"desktop":{"background-color":"var(--ast-global-color-5)","background-image":"","background-repeat":"repeat","background-position":"center center","background-size":"auto","background-attachment":"scroll","background-type":"","background-media":"","overlay-type":"","overlay-color":"","overlay-opacity":"","overlay-gradient":""},"tablet":{"background-color":"var(--ast-global-color-5)","background-image":"","background-repeat":"repeat","background-position":"center center","background-size":"auto","background-attachment":"scroll","background-type":"","background-media":"","overlay-type":"","overlay-color":"","overlay-opacity":"","overlay-gradient":""},"mobile":{"background-color":"var(--ast-global-color-5)","background-image":"","background-repeat":"repeat","background-position":"center center","background-size":"auto","background-attachment":"scroll","background-type":"","background-media":"","overlay-type":"","overlay-color":"","overlay-opacity":"","overlay-gradient":""}}},"product_brand":[],"product_cat":[47,430,40],"product_tag":[653,405,202,541,284,480,251,437,219,360,766,466,250],"class_list":{"0":"post-5181","1":"product","2":"type-product","3":"status-publish","4":"has-post-thumbnail","6":"product_cat-classic","7":"product_cat-men","8":"product_cat-mens-shoes","9":"product_tag-black-oxfords","10":"product_tag-business-shoes","11":"product_tag-calf-leather","12":"product_tag-cap-toe-oxfords","13":"product_tag-dress-shoes","14":"product_tag-elegant-shoes","15":"product_tag-formal-shoes","16":"product_tag-goat-leather","17":"product_tag-handmade-shoes","18":"product_tag-leather-oxfords","19":"product_tag-mens-black-leather-oxford-shoes","20":"product_tag-microlight-sole","21":"product_tag-premium-leather","22":"desktop-align-center","23":"tablet-align-center","24":"mobile-align-center","26":"first","27":"instock","28":"shipping-taxable","29":"purchasable","30":"product-type-variable","31":"has-default-attributes"},"acf":[],"uagb_featured_image_src":{"full":["https:\/\/turkishtrade.co\/wp-content\/uploads\/2026\/01\/2400EJOMN00099-BLACK-1_132.png",453,250,false],"thumbnail":["https:\/\/turkishtrade.co\/wp-content\/uploads\/2026\/01\/2400EJOMN00099-BLACK-1_132.png",150,83,false],"medium":["https:\/\/turkishtrade.co\/wp-content\/uploads\/2026\/01\/2400EJOMN00099-BLACK-1_132.png",300,166,false],"medium_large":["https:\/\/turkishtrade.co\/wp-content\/uploads\/2026\/01\/2400EJOMN00099-BLACK-1_132.png",453,250,false],"large":["https:\/\/turkishtrade.co\/wp-content\/uploads\/2026\/01\/2400EJOMN00099-BLACK-1_132.png",453,250,false],"1536x1536":["https:\/\/turkishtrade.co\/wp-content\/uploads\/2026\/01\/2400EJOMN00099-BLACK-1_132.png",453,250,false],"2048x2048":["https:\/\/turkishtrade.co\/wp-content\/uploads\/2026\/01\/2400EJOMN00099-BLACK-1_132.png",453,250,false],"trp-custom-language-flag":["https:\/\/turkishtrade.co\/wp-content\/uploads\/2026\/01\/2400EJOMN00099-BLACK-1_132.png",18,10,false],"woocommerce_thumbnail":["https:\/\/turkishtrade.co\/wp-content\/uploads\/2026\/01\/2400EJOMN00099-BLACK-1_132-400x250.png",400,250,true],"woocommerce_single":["https:\/\/turkishtrade.co\/wp-content\/uploads\/2026\/01\/2400EJOMN00099-BLACK-1_132.png",453,250,false],"woocommerce_gallery_thumbnail":["https:\/\/turkishtrade.co\/wp-content\/uploads\/2026\/01\/2400EJOMN00099-BLACK-1_132-100x100.png",100,100,true]},"uagb_author_info":{"display_name":"yaser olabi","author_link":"https:\/\/turkishtrade.co\/fr\/author\/"},"uagb_comment_info":0,"uagb_excerpt":"Exquisite Calf Leather Upper Luxurious Goat Leather Lining for superior comfort Durable and lightweight Microlight Sole Sophisticated Cap-Toe Oxford Design Comfortable 1-3 cm Heel Height Available in sizes 39-45 (EU) Minimum order quantity: 8 pairs (Bulk discounts available)","_links":{"self":[{"href":"https:\/\/turkishtrade.co\/fr\/wp-json\/wp\/v2\/product\/5181","targetHints":{"allow":["GET"]}}],"collection":[{"href":"https:\/\/turkishtrade.co\/fr\/wp-json\/wp\/v2\/product"}],"about":[{"href":"https:\/\/turkishtrade.co\/fr\/wp-json\/wp\/v2\/types\/product"}],"wp:featuredmedia":[{"embeddable":true,"href":"https:\/\/turkishtrade.co\/fr\/wp-json\/wp\/v2\/media\/3499"}],"wp:attachment":[{"href":"https:\/\/turkishtrade.co\/fr\/wp-json\/wp\/v2\/media?parent=5181"}],"wp:term":[{"taxonomy":"product_brand","embeddable":true,"href":"https:\/\/turkishtrade.co\/fr\/wp-json\/wp\/v2\/product_brand?post=5181"},{"taxonomy":"product_cat","embeddable":true,"href":"https:\/\/turkishtrade.co\/fr\/wp-json\/wp\/v2\/product_cat?post=5181"},{"taxonomy":"product_tag","embeddable":true,"href":"https:\/\/turkishtrade.co\/fr\/wp-json\/wp\/v2\/product_tag?post=5181"}],"curies":[{"name":"wp","href":"https:\/\/api.w.org\/{rel}","templated":true}]}}