{"id":5170,"date":"2026-01-14T11:23:05","date_gmt":"2026-01-14T11:23:05","guid":{"rendered":"https:\/\/turkishtrade.co\/product\/mens-brown-leather-penny-loafers\/"},"modified":"2026-04-09T19:42:04","modified_gmt":"2026-04-09T19:42:04","slug":"mens-brown-leather-penny-loafers","status":"publish","type":"product","link":"https:\/\/turkishtrade.co\/fr\/shop\/mens-brown-leather-penny-loafers\/","title":{"rendered":"Premium Mocassins en cuir de veau marron pour hommes"},"content":{"rendered":"<p><strong>Mocassins en cuir brun pour hommes<\/strong><\/p>\n<p>D\u00e9couvrez l'incarnation d'un style classique et d'un confort in\u00e9gal\u00e9 gr\u00e2ce \u00e0 notre <strong>Mocassins en cuir brun pour hommes<\/strong>. M\u00e9ticuleusement con\u00e7us pour le gentleman moderne, ces mocassins allient harmonieusement l'\u00e9l\u00e9gance traditionnelle \u00e0 la sophistication contemporaine. Chaque paire t\u00e9moigne d'un savoir-faire sup\u00e9rieur et offre une exp\u00e9rience luxueuse d\u00e8s l'instant o\u00f9 vous les enfilez.<\/p>\n<h3>Une qualit\u00e9 et un savoir-faire in\u00e9gal\u00e9s<\/h3>\n<p>L'aspect ext\u00e9rieur de ces v\u00e9hicules d'exception <strong>Mocassins en cuir brun pour hommes<\/strong> sont fabriqu\u00e9es en cuir de veau v\u00e9ritable de premi\u00e8re qualit\u00e9, connu pour sa texture riche, sa remarquable durabilit\u00e9 et sa brillance \u00e9l\u00e9gante. Ce mat\u00e9riau de qualit\u00e9 sup\u00e9rieure garantit un aspect poli qui ne fait que s'am\u00e9liorer avec l'\u00e2ge, faisant de ces chaussures un ajout durable \u00e0 votre garde-robe. En compl\u00e9ment de l'ext\u00e9rieur robuste, l'int\u00e9rieur est doubl\u00e9 de cuir de ch\u00e8vre incroyablement doux, offrant une sensation de confort et de respirabilit\u00e9 qui permet \u00e0 vos pieds de rester \u00e0 l'aise tout au long de la journ\u00e9e. Cette combinaison judicieuse de mat\u00e9riaux garantit \u00e0 la fois la r\u00e9sistance et une exp\u00e9rience de port agr\u00e9able.<\/p>\n<h3>Con\u00e7u pour le confort et la durabilit\u00e9<\/h3>\n<p>D\u00e9couvrez le summum du plaisir de la marche gr\u00e2ce \u00e0 la semelle innovante Microlight. Cette technologie de semelle avanc\u00e9e est non seulement exceptionnellement l\u00e9g\u00e8re, mais elle offre \u00e9galement une flexibilit\u00e9 sup\u00e9rieure et une excellente traction, garantissant stabilit\u00e9 et confort \u00e0 chaque pas. La hauteur subtile de 1 \u00e0 3 cm du talon donne juste ce qu'il faut de relief, am\u00e9liorant le soutien ergonomique sans sacrifier le style. Que vous naviguiez dans les rues de la ville ou que vous passiez une journ\u00e9e au bureau, ces mocassins sont con\u00e7us pour \u00eatre port\u00e9s tout au long de la journ\u00e9e.<\/p>\n<h3>Un style polyvalent pour toutes les occasions<\/h3>\n<p>Notre <strong>Mocassins en cuir brun pour hommes<\/strong> sont incroyablement polyvalents, ce qui en fait un \u00e9l\u00e9ment essentiel de toute garde-robe exigeante. Le design intemporel du penny loafer, caract\u00e9ris\u00e9 par sa lani\u00e8re distinctive sur l'empeigne, d\u00e9gage un charme raffin\u00e9 qui convient \u00e0 un large \u00e9ventail d'occasions. Associez-les \u00e0 un costume cintr\u00e9 pour un look professionnel, habillez-les avec un pantalon chino ou un jean pour des sorties d\u00e9contract\u00e9es, ou compl\u00e9tez votre tenue de week-end avec un air d'aisance sophistiqu\u00e9e. La riche teinte brune ajoute une touche de chaleur et de polyvalence, compl\u00e9tant sans effort diverses palettes de couleurs.<\/p>\n<h3>Opportunit\u00e9 de vente en gros pour les entreprises<\/h3>\n<p>Pour les d\u00e9taillants et les entreprises qui souhaitent proposer des chaussures haut de gamme, ces mocassins sophistiqu\u00e9s peuvent \u00eatre achet\u00e9s en gros. Nous demandons une commande minimum de 8 paires, avec un prix comp\u00e9titif de seulement USD par paire. Notre processus efficace garantit un d\u00e9lai de livraison d'environ 12 jours, plus les frais d'exp\u00e9dition, ce qui vous permet de vous approvisionner facilement en stocks de haute qualit\u00e9. Am\u00e9liorez votre collection et offrez \u00e0 vos clients des chaussures pour hommes luxueuses, durables et \u00e9l\u00e9gantes qui se d\u00e9marquent vraiment.<\/p>","protected":false},"excerpt":{"rendered":"<ul>\n<li><strong>Mat\u00e9riaux de premi\u00e8re qualit\u00e9 :<\/strong> L'ext\u00e9rieur est en cuir de veau v\u00e9ritable et la doublure en cuir de ch\u00e8vre souple pour un confort sup\u00e9rieur.<\/li>\n<li><strong>Semelle durable et l\u00e9g\u00e8re :<\/strong> Semelle Microlight pour une excellente adh\u00e9rence et une grande l\u00e9g\u00e8ret\u00e9.<\/li>\n<li><strong>Mocassins classiques Style :<\/strong> El\u00e9gante finition brune avec un design distinctif de bracelet penny.<\/li>\n<li><strong>Talon confortable :<\/strong> Talon subtil de 1 \u00e0 3 cm pour un meilleur confort de marche.<\/li>\n<li><strong>Large gamme de tailles :<\/strong> Disponible dans les tailles 39-45 pour un ajustement parfait.<\/li>\n<li><strong>Disponibilit\u00e9 en gros :<\/strong> Commande minimum de 8 paires.<\/li>\n<li><strong>Livraison efficace :<\/strong> D\u00e9lai d'ex\u00e9cution de 12 jours plus les frais d'exp\u00e9dition.<\/li>\n<li><strong>Prix comp\u00e9titifs :<\/strong> Le prix est de seulement USD par paire pour les commandes en gros.<\/li>\n<\/ul>","protected":false},"featured_media":3491,"template":"","meta":{"_acf_changed":false,"_uag_custom_page_level_css":"","site-sidebar-layout":"default","site-content-layout":"","ast-site-content-layout":"default","site-content-style":"default","site-sidebar-style":"default","ast-global-header-display":"","ast-banner-title-visibility":"","ast-main-header-display":"","ast-hfb-above-header-display":"","ast-hfb-below-header-display":"","ast-hfb-mobile-header-display":"","site-post-title":"","ast-breadcrumbs-content":"","ast-featured-img":"","footer-sml-layout":"","ast-disable-related-posts":"","theme-transparent-header-meta":"default","adv-header-id-meta":"","stick-header-meta":"","header-above-stick-meta":"","header-main-stick-meta":"","header-below-stick-meta":"","astra-migrate-meta-layouts":"set","ast-page-background-enabled":"default","ast-page-background-meta":{"desktop":{"background-color":"var(--ast-global-color-4)","background-image":"","background-repeat":"repeat","background-position":"center center","background-size":"auto","background-attachment":"scroll","background-type":"","background-media":"","overlay-type":"","overlay-color":"","overlay-opacity":"","overlay-gradient":""},"tablet":{"background-color":"","background-image":"","background-repeat":"repeat","background-position":"center center","background-size":"auto","background-attachment":"scroll","background-type":"","background-media":"","overlay-type":"","overlay-color":"","overlay-opacity":"","overlay-gradient":""},"mobile":{"background-color":"","background-image":"","background-repeat":"repeat","background-position":"center center","background-size":"auto","background-attachment":"scroll","background-type":"","background-media":"","overlay-type":"","overlay-color":"","overlay-opacity":"","overlay-gradient":""}},"ast-content-background-meta":{"desktop":{"background-color":"var(--ast-global-color-5)","background-image":"","background-repeat":"repeat","background-position":"center center","background-size":"auto","background-attachment":"scroll","background-type":"","background-media":"","overlay-type":"","overlay-color":"","overlay-opacity":"","overlay-gradient":""},"tablet":{"background-color":"var(--ast-global-color-5)","background-image":"","background-repeat":"repeat","background-position":"center center","background-size":"auto","background-attachment":"scroll","background-type":"","background-media":"","overlay-type":"","overlay-color":"","overlay-opacity":"","overlay-gradient":""},"mobile":{"background-color":"var(--ast-global-color-5)","background-image":"","background-repeat":"repeat","background-position":"center center","background-size":"auto","background-attachment":"scroll","background-type":"","background-media":"","overlay-type":"","overlay-color":"","overlay-opacity":"","overlay-gradient":""}}},"product_brand":[],"product_cat":[47,430,40],"product_tag":[292,202,754,220,284,439,189,186,466,279,184,280,596,456],"class_list":{"0":"post-5170","1":"product","2":"type-product","3":"status-publish","4":"has-post-thumbnail","6":"product_cat-classic","7":"product_cat-men","8":"product_cat-mens-shoes","9":"product_tag-brown-leather-shoes","10":"product_tag-calf-leather","11":"product_tag-classic-mens-shoes","12":"product_tag-comfortable-loafers","13":"product_tag-dress-shoes","14":"product_tag-durable-shoes","15":"product_tag-goat-leather-lining","16":"product_tag-mens-loafers","17":"product_tag-microlight-sole","18":"product_tag-penny-loafers","19":"product_tag-slip-on-shoes","20":"product_tag-smart-casual-shoes","21":"product_tag-turkish-made-shoes","22":"product_tag-wholesale-loafers","23":"desktop-align-center","24":"tablet-align-center","25":"mobile-align-center","27":"first","28":"instock","29":"shipping-taxable","30":"purchasable","31":"product-type-variable","32":"has-default-attributes"},"acf":[],"uagb_featured_image_src":{"full":["https:\/\/turkishtrade.co\/wp-content\/uploads\/2026\/01\/2400EJOMN00095-BROWN-Z_303.png",453,250,false],"thumbnail":["https:\/\/turkishtrade.co\/wp-content\/uploads\/2026\/01\/2400EJOMN00095-BROWN-Z_303-150x150.png",150,150,true],"medium":["https:\/\/turkishtrade.co\/wp-content\/uploads\/2026\/01\/2400EJOMN00095-BROWN-Z_303-300x166.png",300,166,true],"medium_large":["https:\/\/turkishtrade.co\/wp-content\/uploads\/2026\/01\/2400EJOMN00095-BROWN-Z_303.png",453,250,false],"large":["https:\/\/turkishtrade.co\/wp-content\/uploads\/2026\/01\/2400EJOMN00095-BROWN-Z_303.png",453,250,false],"1536x1536":["https:\/\/turkishtrade.co\/wp-content\/uploads\/2026\/01\/2400EJOMN00095-BROWN-Z_303.png",453,250,false],"2048x2048":["https:\/\/turkishtrade.co\/wp-content\/uploads\/2026\/01\/2400EJOMN00095-BROWN-Z_303.png",453,250,false],"trp-custom-language-flag":["https:\/\/turkishtrade.co\/wp-content\/uploads\/2026\/01\/2400EJOMN00095-BROWN-Z_303-18x10.png",18,10,true],"woocommerce_thumbnail":["https:\/\/turkishtrade.co\/wp-content\/uploads\/2026\/01\/2400EJOMN00095-BROWN-Z_303-400x250.png",400,250,true],"woocommerce_single":["https:\/\/turkishtrade.co\/wp-content\/uploads\/2026\/01\/2400EJOMN00095-BROWN-Z_303.png",453,250,false],"woocommerce_gallery_thumbnail":["https:\/\/turkishtrade.co\/wp-content\/uploads\/2026\/01\/2400EJOMN00095-BROWN-Z_303-100x100.png",100,100,true]},"uagb_author_info":{"display_name":"yaser olabi","author_link":"https:\/\/turkishtrade.co\/fr\/author\/"},"uagb_comment_info":0,"uagb_excerpt":"Premium Materials: Exquisitely crafted with genuine calf leather exterior and soft goat leather lining for superior comfort. Durable &amp; Lightweight Sole: Features a Microlight sole for excellent grip and lightweight durability. Classic Penny Loafer Style: Elegant brown finish with a distinctive penny strap design. Comfortable Heel: Subtle 1-3 cm heel for enhanced walking comfort. Wide\u2026","_links":{"self":[{"href":"https:\/\/turkishtrade.co\/fr\/wp-json\/wp\/v2\/product\/5170","targetHints":{"allow":["GET"]}}],"collection":[{"href":"https:\/\/turkishtrade.co\/fr\/wp-json\/wp\/v2\/product"}],"about":[{"href":"https:\/\/turkishtrade.co\/fr\/wp-json\/wp\/v2\/types\/product"}],"wp:featuredmedia":[{"embeddable":true,"href":"https:\/\/turkishtrade.co\/fr\/wp-json\/wp\/v2\/media\/3491"}],"wp:attachment":[{"href":"https:\/\/turkishtrade.co\/fr\/wp-json\/wp\/v2\/media?parent=5170"}],"wp:term":[{"taxonomy":"product_brand","embeddable":true,"href":"https:\/\/turkishtrade.co\/fr\/wp-json\/wp\/v2\/product_brand?post=5170"},{"taxonomy":"product_cat","embeddable":true,"href":"https:\/\/turkishtrade.co\/fr\/wp-json\/wp\/v2\/product_cat?post=5170"},{"taxonomy":"product_tag","embeddable":true,"href":"https:\/\/turkishtrade.co\/fr\/wp-json\/wp\/v2\/product_tag?post=5170"}],"curies":[{"name":"wp","href":"https:\/\/api.w.org\/{rel}","templated":true}]}}