{"id":5168,"date":"2026-01-14T11:22:47","date_gmt":"2026-01-14T11:22:47","guid":{"rendered":"https:\/\/turkishtrade.co\/product\/men-s-leather-penny-loafers\/"},"modified":"2026-04-09T19:42:07","modified_gmt":"2026-04-09T19:42:07","slug":"luxury-mens-leather-penny-loafers","status":"publish","type":"product","link":"https:\/\/turkishtrade.co\/fr\/shop\/luxury-mens-leather-penny-loafers\/","title":{"rendered":"Mocassins classiques en cuir fauve pour hommes avec semelle Microlight"},"content":{"rendered":"<p data-rm-block-id=\"block-1\"><strong>Mocassins en cuir pour hommes<\/strong><\/p>\n<p data-rm-block-id=\"block-2\">\u00c9levez votre collection de chaussures gr\u00e2ce \u00e0 nos chaussures exquises. <strong style=\"font-weight: bold;\">Mocassins en cuir pour hommes<\/strong>. Con\u00e7us pour le gentleman moderne qui appr\u00e9cie \u00e0 la fois le style et la substance, ces mocassins t\u00e9moignent d'un savoir-faire traditionnel alli\u00e9 \u00e0 un confort contemporain. La riche teinte havane de ces mocassins offre une polyvalence remarquable, ce qui les rend parfaitement adapt\u00e9s \u00e0 un large \u00e9ventail de tenues, des tenues d'affaires \u00e9l\u00e9gantes aux ensembles d\u00e9contract\u00e9s sophistiqu\u00e9s. Chaque paire est m\u00e9ticuleusement fabriqu\u00e9e pour garantir non seulement une esth\u00e9tique impeccable, mais aussi une durabilit\u00e9 et un confort supr\u00eames.<\/p>\n<h3 data-rm-block-id=\"block-3\">Un savoir-faire in\u00e9gal\u00e9 et des mat\u00e9riaux de premi\u00e8re qualit\u00e9<\/h3>\n<p data-rm-block-id=\"block-4\">Au c\u0153ur de ces projets d'exception <strong style=\"font-weight: bold;\">Mocassins en cuir pour hommes<\/strong> est un engagement in\u00e9branlable en faveur de la qualit\u00e9. La surface ext\u00e9rieure est fabriqu\u00e9e \u00e0 partir du meilleur Dana Derisi (cuir de veau), r\u00e9put\u00e9 pour sa texture lisse, son \u00e9lasticit\u00e9 et sa capacit\u00e9 \u00e0 d\u00e9velopper une belle patine au fil du temps. Ce cuir de qualit\u00e9 sup\u00e9rieure garantit que vos mocassins n'ont pas seulement un aspect luxueux, mais qu'ils sont \u00e9galement con\u00e7us pour r\u00e9sister aux rigueurs de l'usure quotidienne. La doublure int\u00e9rieure en Ke\u00e7i Derisi (cuir de ch\u00e8vre), extr\u00eamement douce et respirante, compl\u00e8te l'ext\u00e9rieur robuste. Ce choix de mat\u00e9riau int\u00e9rieur garantit un confort in\u00e9gal\u00e9, r\u00e9duisant les frottements et permettant \u00e0 vos pieds de respirer, m\u00eame pendant des p\u00e9riodes prolong\u00e9es.<\/p>\n<p data-rm-block-id=\"block-5\">La fondation de ces magnifiques <strong style=\"font-weight: bold;\">Mocassins en cuir pour hommes<\/strong> est leur semelle Microlight. Cette semelle innovante offre une excellente absorption des chocs, une flexibilit\u00e9 l\u00e9g\u00e8re et une traction fiable, contribuant ainsi \u00e0 une foul\u00e9e sans effort. Associ\u00e9s \u00e0 un talon subtil mais \u00e9l\u00e9gant de 1 \u00e0 3 cm, ces mocassins offrent un \u00e9quilibre parfait entre hauteur et stabilit\u00e9, am\u00e9liorant votre posture sans compromettre votre confort. Le design classique du penny loafer, caract\u00e9ris\u00e9 par la sangle de selle distinctive, ajoute une touche de charme intemporel qui ne se d\u00e9modera jamais. Que vous vous rendiez \u00e0 une r\u00e9union d'affaires, \u00e0 une rencontre sociale ou que vous profitiez simplement d'une journ\u00e9e de d\u00e9tente, ces mocassins sont con\u00e7us pour impressionner.<\/p>\n<p data-rm-block-id=\"block-7\">","protected":false},"excerpt":{"rendered":"<ul>\n<li>Fabriqu\u00e9 \u00e0 la main en cuir de veau de premi\u00e8re qualit\u00e9 pour un style sophistiqu\u00e9.<\/li>\n<li>Doublure en cuir de ch\u00e8vre souple et respirant pour un confort sup\u00e9rieur.<\/li>\n<li>\u00c9quip\u00e9e d'une semelle Microlight l\u00e9g\u00e8re et durable pour une utilisation tout au long de la journ\u00e9e.<\/li>\n<li>Il est dot\u00e9 d'un talon subtil et \u00e9l\u00e9gant d'une hauteur de 1 \u00e0 3 cm.<\/li>\n<li>Disponible dans une large gamme de tailles : EU 39, 40, 41, 42, 43, 44, 45.<\/li>\n<li>Quantit\u00e9 minimale de commande : 8 paires, id\u00e9al pour la vente en gros et au d\u00e9tail.<\/li>\n<li>D\u00e9lai de livraison estim\u00e9 : 12 jours + exp\u00e9dition.<\/li>\n<\/ul>","protected":false},"featured_media":3490,"template":"","meta":{"_acf_changed":false,"_uag_custom_page_level_css":"","site-sidebar-layout":"default","site-content-layout":"","ast-site-content-layout":"default","site-content-style":"default","site-sidebar-style":"default","ast-global-header-display":"","ast-banner-title-visibility":"","ast-main-header-display":"","ast-hfb-above-header-display":"","ast-hfb-below-header-display":"","ast-hfb-mobile-header-display":"","site-post-title":"","ast-breadcrumbs-content":"","ast-featured-img":"","footer-sml-layout":"","ast-disable-related-posts":"","theme-transparent-header-meta":"default","adv-header-id-meta":"","stick-header-meta":"","header-above-stick-meta":"","header-main-stick-meta":"","header-below-stick-meta":"","astra-migrate-meta-layouts":"set","ast-page-background-enabled":"default","ast-page-background-meta":{"desktop":{"background-color":"var(--ast-global-color-4)","background-image":"","background-repeat":"repeat","background-position":"center center","background-size":"auto","background-attachment":"scroll","background-type":"","background-media":"","overlay-type":"","overlay-color":"","overlay-opacity":"","overlay-gradient":""},"tablet":{"background-color":"","background-image":"","background-repeat":"repeat","background-position":"center center","background-size":"auto","background-attachment":"scroll","background-type":"","background-media":"","overlay-type":"","overlay-color":"","overlay-opacity":"","overlay-gradient":""},"mobile":{"background-color":"","background-image":"","background-repeat":"repeat","background-position":"center center","background-size":"auto","background-attachment":"scroll","background-type":"","background-media":"","overlay-type":"","overlay-color":"","overlay-opacity":"","overlay-gradient":""}},"ast-content-background-meta":{"desktop":{"background-color":"var(--ast-global-color-5)","background-image":"","background-repeat":"repeat","background-position":"center center","background-size":"auto","background-attachment":"scroll","background-type":"","background-media":"","overlay-type":"","overlay-color":"","overlay-opacity":"","overlay-gradient":""},"tablet":{"background-color":"var(--ast-global-color-5)","background-image":"","background-repeat":"repeat","background-position":"center center","background-size":"auto","background-attachment":"scroll","background-type":"","background-media":"","overlay-type":"","overlay-color":"","overlay-opacity":"","overlay-gradient":""},"mobile":{"background-color":"var(--ast-global-color-5)","background-image":"","background-repeat":"repeat","background-position":"center center","background-size":"auto","background-attachment":"scroll","background-type":"","background-media":"","overlay-type":"","overlay-color":"","overlay-opacity":"","overlay-gradient":""}}},"product_brand":[],"product_cat":[47,430,40],"product_tag":[185,754,352,189,761,215,762,384,324,759,466,279,280,760,456],"class_list":{"0":"post-5168","1":"product","2":"type-product","3":"status-publish","4":"has-post-thumbnail","6":"product_cat-classic","7":"product_cat-men","8":"product_cat-mens-shoes","9":"product_tag-calf-leather-shoes","10":"product_tag-classic-mens-shoes","11":"product_tag-formal-loafers","12":"product_tag-goat-leather-lining","13":"product_tag-handcrafted-loafers","14":"product_tag-leather-loafers","15":"product_tag-loafer-shoes","16":"product_tag-luxury-loafers","17":"product_tag-mens-dress-shoes","18":"product_tag-mens-leather-penny-loafers","19":"product_tag-microlight-sole","20":"product_tag-penny-loafers","21":"product_tag-smart-casual-shoes","22":"product_tag-tan-loafers","23":"product_tag-wholesale-loafers","24":"desktop-align-center","25":"tablet-align-center","26":"mobile-align-center","28":"first","29":"instock","30":"shipping-taxable","31":"purchasable","32":"product-type-variable","33":"has-default-attributes"},"acf":[],"uagb_featured_image_src":{"full":["https:\/\/turkishtrade.co\/wp-content\/uploads\/2026\/01\/2400EJOMN00094-BROWN-Z_871.png",453,250,false],"thumbnail":["https:\/\/turkishtrade.co\/wp-content\/uploads\/2026\/01\/2400EJOMN00094-BROWN-Z_871-150x150.png",150,150,true],"medium":["https:\/\/turkishtrade.co\/wp-content\/uploads\/2026\/01\/2400EJOMN00094-BROWN-Z_871-300x166.png",300,166,true],"medium_large":["https:\/\/turkishtrade.co\/wp-content\/uploads\/2026\/01\/2400EJOMN00094-BROWN-Z_871.png",453,250,false],"large":["https:\/\/turkishtrade.co\/wp-content\/uploads\/2026\/01\/2400EJOMN00094-BROWN-Z_871.png",453,250,false],"1536x1536":["https:\/\/turkishtrade.co\/wp-content\/uploads\/2026\/01\/2400EJOMN00094-BROWN-Z_871.png",453,250,false],"2048x2048":["https:\/\/turkishtrade.co\/wp-content\/uploads\/2026\/01\/2400EJOMN00094-BROWN-Z_871.png",453,250,false],"trp-custom-language-flag":["https:\/\/turkishtrade.co\/wp-content\/uploads\/2026\/01\/2400EJOMN00094-BROWN-Z_871-18x10.png",18,10,true],"woocommerce_thumbnail":["https:\/\/turkishtrade.co\/wp-content\/uploads\/2026\/01\/2400EJOMN00094-BROWN-Z_871-400x250.png",400,250,true],"woocommerce_single":["https:\/\/turkishtrade.co\/wp-content\/uploads\/2026\/01\/2400EJOMN00094-BROWN-Z_871.png",453,250,false],"woocommerce_gallery_thumbnail":["https:\/\/turkishtrade.co\/wp-content\/uploads\/2026\/01\/2400EJOMN00094-BROWN-Z_871-100x100.png",100,100,true]},"uagb_author_info":{"display_name":"yaser olabi","author_link":"https:\/\/turkishtrade.co\/fr\/author\/"},"uagb_comment_info":0,"uagb_excerpt":"Handcrafted from premium Calf Leather exterior for sophisticated style. Lined with soft, breathable Goat Leather for superior comfort. Equipped with a lightweight and durable Microlight sole for all-day wear. Features a subtle and elegant 1-3 cm heel height. Available in a comprehensive size range: EU 39, 40, 41, 42, 43, 44, 45. Minimum Order Quantity:\u2026","_links":{"self":[{"href":"https:\/\/turkishtrade.co\/fr\/wp-json\/wp\/v2\/product\/5168","targetHints":{"allow":["GET"]}}],"collection":[{"href":"https:\/\/turkishtrade.co\/fr\/wp-json\/wp\/v2\/product"}],"about":[{"href":"https:\/\/turkishtrade.co\/fr\/wp-json\/wp\/v2\/types\/product"}],"wp:featuredmedia":[{"embeddable":true,"href":"https:\/\/turkishtrade.co\/fr\/wp-json\/wp\/v2\/media\/3490"}],"wp:attachment":[{"href":"https:\/\/turkishtrade.co\/fr\/wp-json\/wp\/v2\/media?parent=5168"}],"wp:term":[{"taxonomy":"product_brand","embeddable":true,"href":"https:\/\/turkishtrade.co\/fr\/wp-json\/wp\/v2\/product_brand?post=5168"},{"taxonomy":"product_cat","embeddable":true,"href":"https:\/\/turkishtrade.co\/fr\/wp-json\/wp\/v2\/product_cat?post=5168"},{"taxonomy":"product_tag","embeddable":true,"href":"https:\/\/turkishtrade.co\/fr\/wp-json\/wp\/v2\/product_tag?post=5168"}],"curies":[{"name":"wp","href":"https:\/\/api.w.org\/{rel}","templated":true}]}}