{"id":5134,"date":"2026-01-14T11:18:03","date_gmt":"2026-01-14T11:18:03","guid":{"rendered":"https:\/\/turkishtrade.co\/product\/mens-black-leather-loafers\/"},"modified":"2026-04-09T19:43:08","modified_gmt":"2026-04-09T19:43:08","slug":"mens-black-leather-loafers","status":"publish","type":"product","link":"https:\/\/turkishtrade.co\/fr\/shop\/mens-black-leather-loafers\/","title":{"rendered":"Mocassins Premium en cuir verni noir pour hommes"},"content":{"rendered":"<p><strong>Mocassins en cuir noir pour hommes<\/strong><\/p>\n<p>\u00c9levez votre collection de chaussures gr\u00e2ce \u00e0 nos chaussures exquises. <strong>Mocassins en cuir noir pour hommes<\/strong>, Ces mocassins sont con\u00e7us pour les hommes exigeants qui appr\u00e9cient \u00e0 la fois un style impeccable et un confort supr\u00eame. Ces mocassins haut de gamme t\u00e9moignent d'un savoir-faire de qualit\u00e9 sup\u00e9rieure et offrent un look \u00e9l\u00e9gant et raffin\u00e9, parfait pour toutes sortes d'occasions, des r\u00e9unions d'affaires importantes aux soir\u00e9es sophistiqu\u00e9es. Le design intemporel garantit que ces <strong>Mocassins en cuir noir pour hommes<\/strong> restera un \u00e9l\u00e9ment polyvalent et essentiel de votre garde-robe pour les ann\u00e9es \u00e0 venir, offrant un m\u00e9lange d'\u00e9l\u00e9gance classique et d'attrait moderne.<\/p>\n<h3>Qualit\u00e9 et confort in\u00e9gal\u00e9s<\/h3>\n<p>Fabriqu\u00e9es avec les mat\u00e9riaux les plus nobles, ces chaussures remarquables sont dot\u00e9es d'une surface ext\u00e9rieure en cuir de veau v\u00e9ritable, r\u00e9put\u00e9 pour sa durabilit\u00e9 exceptionnelle, sa texture lisse et sa brillance luxueuse. La finition noire profonde, qui semble \u00eatre un traitement verni sophistiqu\u00e9, d\u00e9gage un niveau de sophistication in\u00e9gal\u00e9 et assure un attrait visuel frappant qui fera tourner les t\u00eates. \u00c0 l'int\u00e9rieur, vos pieds b\u00e9n\u00e9ficieront d'un confort in\u00e9gal\u00e9 gr\u00e2ce \u00e0 la doublure en cuir de ch\u00e8vre souple et doux. Cette mati\u00e8re naturelle est tr\u00e8s respirante, ce qui \u00e9vite toute g\u00eane et garantit une exp\u00e9rience agr\u00e9able m\u00eame en cas de port prolong\u00e9. <strong>Mocassins en cuir noir pour hommes<\/strong> pour une journ\u00e9e bien remplie.<\/p>\n<h3>Un design innovant pour un usage moderne<\/h3>\n<p>Les fondements de ces projets d'exception sont les suivants <strong>Mocassins en cuir noir pour hommes<\/strong> est la semelle innovante Microlight. Cette technologie de semelle avanc\u00e9e offre une sensation de l\u00e9g\u00e8ret\u00e9 incroyable sans compromettre l'adh\u00e9rence, la flexibilit\u00e9 ou le soutien essentiel. Vous remarquerez \u00e0 peine que vous les portez, ce qui en fait le choix id\u00e9al pour les longues journ\u00e9es pass\u00e9es debout ou les engagements sociaux prolong\u00e9s. Un talon subtil de 1 \u00e0 3 cm ajoute une touche d'\u00e9l\u00e9vation \u00e9l\u00e9gante, am\u00e9liorant votre posture et compl\u00e9tant la silhouette raffin\u00e9e. Disponibles dans une large gamme de tailles europ\u00e9ennes allant de 39 \u00e0 45, ces mocassins \u00e9l\u00e9gants vous conviendront parfaitement, en toute simplicit\u00e9.<\/p>\n<h3>Opportunit\u00e9 de vente en gros pour les d\u00e9taillants<\/h3>\n<p>Ces mocassins en cuir noir repr\u00e9sentent une excellente opportunit\u00e9 pour les d\u00e9taillants et les entreprises qui souhaitent proposer des chaussures de haute qualit\u00e9 et tr\u00e8s demand\u00e9es. Ils sont disponibles \u00e0 l'achat en gros avec une quantit\u00e9 minimale de commande remarquablement basse de seulement 8 paires. Avec un prix de gros comp\u00e9titif de USD par paire, vous pouvez facilement vous approvisionner sur un produit qui promet de satisfaire vos clients et de les fid\u00e9liser. Le d\u00e9lai de livraison est de 12 jours, plus le d\u00e9lai d'exp\u00e9dition standard, ce qui permet une gestion transparente des stocks et une rotation rapide. Investissez dans des chaussures qui allient sans effort l'\u00e9l\u00e9gance classique au confort moderne et \u00e0 la durabilit\u00e9. <strong>Mocassins en cuir noir pour hommes<\/strong> aujourd'hui et offrez \u00e0 vos clients ce qu'il y a de mieux.<\/p>","protected":false},"excerpt":{"rendered":"<ul>\n<li>Tige en cuir de veau de premi\u00e8re qualit\u00e9 avec finition \u00e9l\u00e9gante<\/li>\n<li>Doublure en cuir de ch\u00e8vre souple pour un confort respirant<\/li>\n<li>Semelle l\u00e9g\u00e8re pour une utilisation tout au long de la journ\u00e9e<\/li>\n<li>Hauteur de talon subtile de 1 \u00e0 3 cm pour une meilleure posture<\/li>\n<li>Disponible en tailles UE : 39, 40, 41, 42, 43, 44, 45<\/li>\n<li>Quantit\u00e9 minimale de commande : 8 paires<\/li>\n<li>Prix de gros : USD par paire<\/li>\n<li>Livraison : 12 jours + exp\u00e9dition<\/li>\n<\/ul>","protected":false},"featured_media":3469,"template":"","meta":{"_acf_changed":false,"_uag_custom_page_level_css":"","site-sidebar-layout":"default","site-content-layout":"","ast-site-content-layout":"default","site-content-style":"default","site-sidebar-style":"default","ast-global-header-display":"","ast-banner-title-visibility":"","ast-main-header-display":"","ast-hfb-above-header-display":"","ast-hfb-below-header-display":"","ast-hfb-mobile-header-display":"","site-post-title":"","ast-breadcrumbs-content":"","ast-featured-img":"","footer-sml-layout":"","ast-disable-related-posts":"","theme-transparent-header-meta":"default","adv-header-id-meta":"","stick-header-meta":"","header-above-stick-meta":"","header-main-stick-meta":"","header-below-stick-meta":"","astra-migrate-meta-layouts":"set","ast-page-background-enabled":"default","ast-page-background-meta":{"desktop":{"background-color":"var(--ast-global-color-4)","background-image":"","background-repeat":"repeat","background-position":"center center","background-size":"auto","background-attachment":"scroll","background-type":"","background-media":"","overlay-type":"","overlay-color":"","overlay-opacity":"","overlay-gradient":""},"tablet":{"background-color":"","background-image":"","background-repeat":"repeat","background-position":"center center","background-size":"auto","background-attachment":"scroll","background-type":"","background-media":"","overlay-type":"","overlay-color":"","overlay-opacity":"","overlay-gradient":""},"mobile":{"background-color":"","background-image":"","background-repeat":"repeat","background-position":"center center","background-size":"auto","background-attachment":"scroll","background-type":"","background-media":"","overlay-type":"","overlay-color":"","overlay-opacity":"","overlay-gradient":""}},"ast-content-background-meta":{"desktop":{"background-color":"var(--ast-global-color-5)","background-image":"","background-repeat":"repeat","background-position":"center center","background-size":"auto","background-attachment":"scroll","background-type":"","background-media":"","overlay-type":"","overlay-color":"","overlay-opacity":"","overlay-gradient":""},"tablet":{"background-color":"var(--ast-global-color-5)","background-image":"","background-repeat":"repeat","background-position":"center center","background-size":"auto","background-attachment":"scroll","background-type":"","background-media":"","overlay-type":"","overlay-color":"","overlay-opacity":"","overlay-gradient":""},"mobile":{"background-color":"var(--ast-global-color-5)","background-image":"","background-repeat":"repeat","background-position":"center center","background-size":"auto","background-attachment":"scroll","background-type":"","background-media":"","overlay-type":"","overlay-color":"","overlay-opacity":"","overlay-gradient":""}}},"product_brand":[],"product_cat":[47,430,40],"product_tag":[295,370,405,202,284,480,545,251,437,215,416,186,466,657,184,281],"class_list":{"0":"post-5134","1":"product","2":"type-product","3":"status-publish","4":"has-post-thumbnail","6":"product_cat-classic","7":"product_cat-men","8":"product_cat-mens-shoes","9":"product_tag-black-dress-shoes","10":"product_tag-black-loafers","11":"product_tag-business-shoes","12":"product_tag-calf-leather","13":"product_tag-dress-shoes","14":"product_tag-elegant-shoes","15":"product_tag-eu-39-45","16":"product_tag-formal-shoes","17":"product_tag-goat-leather","18":"product_tag-leather-loafers","19":"product_tag-luxury-shoes","20":"product_tag-mens-loafers","21":"product_tag-microlight-sole","22":"product_tag-patent-leather-shoes","23":"product_tag-slip-on-shoes","24":"product_tag-wholesale-shoes","25":"desktop-align-center","26":"tablet-align-center","27":"mobile-align-center","29":"first","30":"instock","31":"shipping-taxable","32":"purchasable","33":"product-type-variable","34":"has-default-attributes"},"acf":[],"uagb_featured_image_src":{"full":["https:\/\/turkishtrade.co\/wp-content\/uploads\/2026\/01\/2400EJOMN00079-BLACK-DKS_70.png",453,250,false],"thumbnail":["https:\/\/turkishtrade.co\/wp-content\/uploads\/2026\/01\/2400EJOMN00079-BLACK-DKS_70-150x150.png",150,150,true],"medium":["https:\/\/turkishtrade.co\/wp-content\/uploads\/2026\/01\/2400EJOMN00079-BLACK-DKS_70-300x166.png",300,166,true],"medium_large":["https:\/\/turkishtrade.co\/wp-content\/uploads\/2026\/01\/2400EJOMN00079-BLACK-DKS_70.png",453,250,false],"large":["https:\/\/turkishtrade.co\/wp-content\/uploads\/2026\/01\/2400EJOMN00079-BLACK-DKS_70.png",453,250,false],"1536x1536":["https:\/\/turkishtrade.co\/wp-content\/uploads\/2026\/01\/2400EJOMN00079-BLACK-DKS_70.png",453,250,false],"2048x2048":["https:\/\/turkishtrade.co\/wp-content\/uploads\/2026\/01\/2400EJOMN00079-BLACK-DKS_70.png",453,250,false],"trp-custom-language-flag":["https:\/\/turkishtrade.co\/wp-content\/uploads\/2026\/01\/2400EJOMN00079-BLACK-DKS_70-18x10.png",18,10,true],"woocommerce_thumbnail":["https:\/\/turkishtrade.co\/wp-content\/uploads\/2026\/01\/2400EJOMN00079-BLACK-DKS_70-400x250.png",400,250,true],"woocommerce_single":["https:\/\/turkishtrade.co\/wp-content\/uploads\/2026\/01\/2400EJOMN00079-BLACK-DKS_70.png",453,250,false],"woocommerce_gallery_thumbnail":["https:\/\/turkishtrade.co\/wp-content\/uploads\/2026\/01\/2400EJOMN00079-BLACK-DKS_70-100x100.png",100,100,true]},"uagb_author_info":{"display_name":"yaser olabi","author_link":"https:\/\/turkishtrade.co\/fr\/author\/"},"uagb_comment_info":0,"uagb_excerpt":"Premium Calf Leather Upper with Elegant Finish Soft Goat Leather Lining for Breathable Comfort Lightweight Microlight Sole for All-Day Wear Subtle 1-3cm Heel Height for Enhanced Posture Available in EU Sizes: 39, 40, 41, 42, 43, 44, 45 Minimum Order Quantity: 8 Pairs Wholesale Price: USD per pair Delivery: 12 Days + Shipping","_links":{"self":[{"href":"https:\/\/turkishtrade.co\/fr\/wp-json\/wp\/v2\/product\/5134","targetHints":{"allow":["GET"]}}],"collection":[{"href":"https:\/\/turkishtrade.co\/fr\/wp-json\/wp\/v2\/product"}],"about":[{"href":"https:\/\/turkishtrade.co\/fr\/wp-json\/wp\/v2\/types\/product"}],"wp:featuredmedia":[{"embeddable":true,"href":"https:\/\/turkishtrade.co\/fr\/wp-json\/wp\/v2\/media\/3469"}],"wp:attachment":[{"href":"https:\/\/turkishtrade.co\/fr\/wp-json\/wp\/v2\/media?parent=5134"}],"wp:term":[{"taxonomy":"product_brand","embeddable":true,"href":"https:\/\/turkishtrade.co\/fr\/wp-json\/wp\/v2\/product_brand?post=5134"},{"taxonomy":"product_cat","embeddable":true,"href":"https:\/\/turkishtrade.co\/fr\/wp-json\/wp\/v2\/product_cat?post=5134"},{"taxonomy":"product_tag","embeddable":true,"href":"https:\/\/turkishtrade.co\/fr\/wp-json\/wp\/v2\/product_tag?post=5134"}],"curies":[{"name":"wp","href":"https:\/\/api.w.org\/{rel}","templated":true}]}}