{"id":5131,"date":"2026-01-14T11:17:42","date_gmt":"2026-01-14T11:17:42","guid":{"rendered":"https:\/\/turkishtrade.co\/product\/mens-leather-loafers-4\/"},"modified":"2026-04-09T19:43:13","modified_gmt":"2026-04-09T19:43:13","slug":"mens-leather-loafers-4","status":"publish","type":"product","link":"https:\/\/turkishtrade.co\/fr\/shop\/mens-leather-loafers-4\/","title":{"rendered":"Mocassins en cuir de veau de premi\u00e8re qualit\u00e9 pour hommes avec semelle Microlight"},"content":{"rendered":"<p><strong>Mocassins en cuir pour hommes<\/strong><\/p>\n<p>\u00c9levez votre collection de chaussures avec nos exquis mocassins en cuir Premium pour hommes, m\u00e9ticuleusement con\u00e7us pour le gentleman exigeant. Ces mocassins sophistiqu\u00e9s <b>mocassins en cuir pour hommes<\/b> sont la quintessence du style, du confort et de la durabilit\u00e9, et sont con\u00e7ues pour compl\u00e9ter vos tenues professionnelles et d\u00e9contract\u00e9es. Chaque paire refl\u00e8te un engagement de qualit\u00e9, depuis le choix des mat\u00e9riaux de premi\u00e8re qualit\u00e9 jusqu'aux d\u00e9tails complexes de leur construction, ce qui vous permet de sortir en toute confiance.<\/p>\n<h3>Un savoir-faire in\u00e9gal\u00e9 et des mat\u00e9riaux de premi\u00e8re qualit\u00e9<\/h3>\n<p>Notre <b>mocassins en cuir pour hommes<\/b> sont dot\u00e9es d'un ext\u00e9rieur luxueux en cuir de veau v\u00e9ritable, r\u00e9put\u00e9 pour sa texture lisse, son \u00e9clat naturel et sa r\u00e9silience exceptionnelle. Ce cuir de qualit\u00e9 sup\u00e9rieure n'a pas seulement un aspect magnifique, il se moule aussi parfaitement \u00e0 votre pied au fil du temps, offrant un ajustement personnalis\u00e9. L'int\u00e9rieur est doubl\u00e9 de cuir de ch\u00e8vre souple et respirant, assurant un confort maximal et des propri\u00e9t\u00e9s d'\u00e9vacuation de l'humidit\u00e9, pour que vos pieds restent frais tout au long de la journ\u00e9e. La combinaison de ces cuirs de qualit\u00e9 sup\u00e9rieure garantit une chaussure \u00e0 la fois opulente et incroyablement confortable, ce qui en fait l'un des meilleurs mod\u00e8les de chaussures de sport au monde. <b>mocassins en cuir pour hommes<\/b> disponibles sur le march\u00e9.<\/p>\n<h3>Un design innovant pour un confort optimal<\/h3>\n<p>Profitez d'un confort de marche sup\u00e9rieur gr\u00e2ce \u00e0 notre semelle Microlight innovante. Cette technologie de semelle avanc\u00e9e offre une excellente absorption des chocs, une flexibilit\u00e9 remarquable et une sensation de l\u00e9g\u00e8ret\u00e9 incroyable. <b>mocassins en cuir pour hommes<\/b> id\u00e9al pour une utilisation prolong\u00e9e. Dot\u00e9s d'un talon subtil de 1 \u00e0 3 cm, ces mocassins offrent un soutien ergonomique sans compromettre leur profil \u00e9l\u00e9gant. Que vous naviguiez dans les rues de la ville ou que vous assistiez \u00e0 un \u00e9v\u00e9nement formel, la semelle Microlight assure un amorti et une stabilit\u00e9 \u00e0 chacun de vos pas. Ce ne sont pas de simples chaussures, c'est un investissement dans votre confort et votre style, l'incarnation du luxe. <b>mocassins en cuir pour hommes<\/b>.<\/p>\n<h3>Polyvalence et style intemporel<\/h3>\n<p>Le design classique de ces <b>mocassins en cuir pour hommes<\/b> les rend incroyablement polyvalents. Elles sont parfaites pour \u00eatre associ\u00e9es \u00e0 un costume sur mesure pour un look professionnel, \u00e0 un pantalon chino pour une sortie chic et d\u00e9contract\u00e9e, ou m\u00eame \u00e0 un jean pour un style week-end raffin\u00e9. La finition en cuir riche et bruni ajoute une touche d'\u00e9l\u00e9gance intemporelle qui ne se d\u00e9modera jamais. Investissez dans une paire de <b>mocassins en cuir pour hommes<\/b> qui passent sans transition de la salle de conf\u00e9rence \u00e0 un d\u00eener. Nous sommes fiers de cr\u00e9er <b>mocassins en cuir pour hommes<\/b> qui ne se contentent pas d'\u00eatre belles, mais qui offrent une sensation exceptionnelle, vous permettant de vous d\u00e9placer avec confiance et aisance. D\u00e9couvrez la paire parfaite de <b>mocassins en cuir pour hommes<\/b> aujourd'hui et red\u00e9finissez votre style personnel.<\/p>\n<h3>L'avantage des commandes group\u00e9es pour les d\u00e9taillants<\/h3>\n<p>Pour les entreprises et les d\u00e9taillants \u00e0 la recherche de chaussures de haute qualit\u00e9, nos mocassins en cuir Premium pour hommes sont disponibles pour les achats en gros. Avec une quantit\u00e9 minimale de commande de seulement 8 paires, vous pouvez facilement vous approvisionner en ces chaussures tr\u00e8s demand\u00e9es dans diff\u00e9rentes tailles (39-45). Nous assurons un processus de production et de livraison rapide, avec un d\u00e9lai de livraison estim\u00e9 \u00e0 12 jours plus les frais de port. Offrez \u00e0 vos clients le luxe et le confort de ces chaussures finement fabriqu\u00e9es. <b>mocassins en cuir pour hommes<\/b> et enrichissez votre gamme de produits avec des chaussures qui se d\u00e9marquent. Notre engagement en faveur de la qualit\u00e9 signifie que vos clients reviendront toujours pour ces chaussures exceptionnelles. <b>mocassins en cuir pour hommes<\/b>.<\/p>","protected":false},"excerpt":{"rendered":"<ul>\n<li>Dessus en cuir de veau exquis et doublure en cuir de ch\u00e8vre souple<\/li>\n<li>Semelle Microlight ultra-confortable pour une flexibilit\u00e9 l\u00e9g\u00e8re<\/li>\n<li>Mocassins \u00e9l\u00e9gants avec un talon subtil de 1 \u00e0 3 cm<\/li>\n<li>Disponible en tailles : 39, 40, 41, 42, 43, 44, 45<\/li>\n<li>Quantit\u00e9 minimale de commande : 8 paires (id\u00e9al pour les d\u00e9taillants et les acheteurs en gros)<\/li>\n<li>D\u00e9lai de livraison estim\u00e9 : 12 jours + exp\u00e9dition<\/li>\n<\/ul>","protected":false},"featured_media":3468,"template":"","meta":{"_acf_changed":false,"_uag_custom_page_level_css":"","site-sidebar-layout":"default","site-content-layout":"","ast-site-content-layout":"default","site-content-style":"default","site-sidebar-style":"default","ast-global-header-display":"","ast-banner-title-visibility":"","ast-main-header-display":"","ast-hfb-above-header-display":"","ast-hfb-below-header-display":"","ast-hfb-mobile-header-display":"","site-post-title":"","ast-breadcrumbs-content":"","ast-featured-img":"","footer-sml-layout":"","ast-disable-related-posts":"","theme-transparent-header-meta":"default","adv-header-id-meta":"","stick-header-meta":"","header-above-stick-meta":"","header-main-stick-meta":"","header-below-stick-meta":"","astra-migrate-meta-layouts":"set","ast-page-background-enabled":"default","ast-page-background-meta":{"desktop":{"background-color":"var(--ast-global-color-4)","background-image":"","background-repeat":"repeat","background-position":"center center","background-size":"auto","background-attachment":"scroll","background-type":"","background-media":"","overlay-type":"","overlay-color":"","overlay-opacity":"","overlay-gradient":""},"tablet":{"background-color":"","background-image":"","background-repeat":"repeat","background-position":"center center","background-size":"auto","background-attachment":"scroll","background-type":"","background-media":"","overlay-type":"","overlay-color":"","overlay-opacity":"","overlay-gradient":""},"mobile":{"background-color":"","background-image":"","background-repeat":"repeat","background-position":"center center","background-size":"auto","background-attachment":"scroll","background-type":"","background-media":"","overlay-type":"","overlay-color":"","overlay-opacity":"","overlay-gradient":""}},"ast-content-background-meta":{"desktop":{"background-color":"var(--ast-global-color-5)","background-image":"","background-repeat":"repeat","background-position":"center center","background-size":"auto","background-attachment":"scroll","background-type":"","background-media":"","overlay-type":"","overlay-color":"","overlay-opacity":"","overlay-gradient":""},"tablet":{"background-color":"var(--ast-global-color-5)","background-image":"","background-repeat":"repeat","background-position":"center center","background-size":"auto","background-attachment":"scroll","background-type":"","background-media":"","overlay-type":"","overlay-color":"","overlay-opacity":"","overlay-gradient":""},"mobile":{"background-color":"var(--ast-global-color-5)","background-image":"","background-repeat":"repeat","background-position":"center center","background-size":"auto","background-attachment":"scroll","background-type":"","background-media":"","overlay-type":"","overlay-color":"","overlay-opacity":"","overlay-gradient":""}}},"product_brand":[],"product_cat":[47,430,40],"product_tag":[674,419,202,449,220,284,251,437,227,198,186,466,374,184],"class_list":{"0":"post-5131","1":"product","2":"type-product","3":"status-publish","4":"has-post-thumbnail","6":"product_cat-classic","7":"product_cat-men","8":"product_cat-mens-shoes","9":"product_tag-bulk-shoes","10":"product_tag-burnished-leather","11":"product_tag-calf-leather","12":"product_tag-casual-shoes","13":"product_tag-comfortable-loafers","14":"product_tag-dress-shoes","15":"product_tag-formal-shoes","16":"product_tag-goat-leather","17":"product_tag-leather-shoes","18":"product_tag-mens-fashion","19":"product_tag-mens-loafers","20":"product_tag-microlight-sole","21":"product_tag-premium-loafers","22":"product_tag-slip-on-shoes","23":"desktop-align-center","24":"tablet-align-center","25":"mobile-align-center","27":"first","28":"instock","29":"shipping-taxable","30":"purchasable","31":"product-type-variable","32":"has-default-attributes"},"acf":[],"uagb_featured_image_src":{"full":["https:\/\/turkishtrade.co\/wp-content\/uploads\/2026\/01\/2400EJOMN00078-DARK-BROWN-Y_12592.png",453,250,false],"thumbnail":["https:\/\/turkishtrade.co\/wp-content\/uploads\/2026\/01\/2400EJOMN00078-DARK-BROWN-Y_12592-150x150.png",150,150,true],"medium":["https:\/\/turkishtrade.co\/wp-content\/uploads\/2026\/01\/2400EJOMN00078-DARK-BROWN-Y_12592-300x166.png",300,166,true],"medium_large":["https:\/\/turkishtrade.co\/wp-content\/uploads\/2026\/01\/2400EJOMN00078-DARK-BROWN-Y_12592.png",453,250,false],"large":["https:\/\/turkishtrade.co\/wp-content\/uploads\/2026\/01\/2400EJOMN00078-DARK-BROWN-Y_12592.png",453,250,false],"1536x1536":["https:\/\/turkishtrade.co\/wp-content\/uploads\/2026\/01\/2400EJOMN00078-DARK-BROWN-Y_12592.png",453,250,false],"2048x2048":["https:\/\/turkishtrade.co\/wp-content\/uploads\/2026\/01\/2400EJOMN00078-DARK-BROWN-Y_12592.png",453,250,false],"trp-custom-language-flag":["https:\/\/turkishtrade.co\/wp-content\/uploads\/2026\/01\/2400EJOMN00078-DARK-BROWN-Y_12592-18x10.png",18,10,true],"woocommerce_thumbnail":["https:\/\/turkishtrade.co\/wp-content\/uploads\/2026\/01\/2400EJOMN00078-DARK-BROWN-Y_12592-400x250.png",400,250,true],"woocommerce_single":["https:\/\/turkishtrade.co\/wp-content\/uploads\/2026\/01\/2400EJOMN00078-DARK-BROWN-Y_12592.png",453,250,false],"woocommerce_gallery_thumbnail":["https:\/\/turkishtrade.co\/wp-content\/uploads\/2026\/01\/2400EJOMN00078-DARK-BROWN-Y_12592-100x100.png",100,100,true]},"uagb_author_info":{"display_name":"yaser olabi","author_link":"https:\/\/turkishtrade.co\/fr\/author\/"},"uagb_comment_info":0,"uagb_excerpt":"Exquisite Calf Leather Upper &amp; Soft Goat Leather Lining Ultra-Comfortable Microlight Sole for Lightweight Flexibility Elegant Slip-On Loafer Design with Subtle 1-3cm Heel Available in Sizes: 39, 40, 41, 42, 43, 44, 45 Minimum Order Quantity: 8 Pairs (Ideal for Retailers &amp; Bulk Buyers) Estimated Delivery Time: 12 Days + Shipping","_links":{"self":[{"href":"https:\/\/turkishtrade.co\/fr\/wp-json\/wp\/v2\/product\/5131","targetHints":{"allow":["GET"]}}],"collection":[{"href":"https:\/\/turkishtrade.co\/fr\/wp-json\/wp\/v2\/product"}],"about":[{"href":"https:\/\/turkishtrade.co\/fr\/wp-json\/wp\/v2\/types\/product"}],"wp:featuredmedia":[{"embeddable":true,"href":"https:\/\/turkishtrade.co\/fr\/wp-json\/wp\/v2\/media\/3468"}],"wp:attachment":[{"href":"https:\/\/turkishtrade.co\/fr\/wp-json\/wp\/v2\/media?parent=5131"}],"wp:term":[{"taxonomy":"product_brand","embeddable":true,"href":"https:\/\/turkishtrade.co\/fr\/wp-json\/wp\/v2\/product_brand?post=5131"},{"taxonomy":"product_cat","embeddable":true,"href":"https:\/\/turkishtrade.co\/fr\/wp-json\/wp\/v2\/product_cat?post=5131"},{"taxonomy":"product_tag","embeddable":true,"href":"https:\/\/turkishtrade.co\/fr\/wp-json\/wp\/v2\/product_tag?post=5131"}],"curies":[{"name":"wp","href":"https:\/\/api.w.org\/{rel}","templated":true}]}}