{"id":5121,"date":"2026-01-14T11:16:26","date_gmt":"2026-01-14T11:16:26","guid":{"rendered":"https:\/\/turkishtrade.co\/product\/mens-textured-leather-shoes\/"},"modified":"2026-04-09T19:43:33","modified_gmt":"2026-04-09T19:43:33","slug":"mens-textured-leather-shoes","status":"publish","type":"product","link":"https:\/\/turkishtrade.co\/fr\/shop\/mens-textured-leather-shoes\/","title":{"rendered":"Chaussures derby en cuir de veau textur\u00e9 pour hommes"},"content":{"rendered":"<p><strong>Chaussures en cuir textur\u00e9 pour hommes<\/strong><\/p>\n<p>Entrez dans un monde o\u00f9 l'\u00e9l\u00e9gance classique c\u00f4toie le design moderne gr\u00e2ce \u00e0 nos magnifiques <strong>Chaussures en cuir textur\u00e9 pour hommes<\/strong>. Ces remarquables chaussures derby ne sont pas seulement des chaussures, elles sont une d\u00e9claration de style sophistiqu\u00e9 et de qualit\u00e9 in\u00e9branlable, parfaites pour le gentleman exigeant. Chaque paire de ces <strong>chaussures en cuir textur\u00e9 pour hommes<\/strong> est m\u00e9ticuleusement fabriqu\u00e9e \u00e0 la main pour offrir une exp\u00e9rience de port in\u00e9gal\u00e9e, ce qui en fait un compl\u00e9ment indispensable \u00e0 toute garde-robe professionnelle ou formelle.<\/p>\n<h3>Un savoir-faire in\u00e9gal\u00e9 et des mat\u00e9riaux de premi\u00e8re qualit\u00e9<\/h3>\n<p>Nos chaussures en cuir textur\u00e9 pour hommes sont dot\u00e9es d'un ext\u00e9rieur en cuir de veau de premi\u00e8re qualit\u00e9, r\u00e9put\u00e9 pour sa durabilit\u00e9 et son aspect luxueux, tandis que la doublure en cuir de ch\u00e8vre souple offre respirabilit\u00e9 et confort. Le motif textur\u00e9 unique sur l'empeigne offre un attrait visuel distinctif, ce qui fait de ces chaussures un choix remarquable en mati\u00e8re de cordonnerie fine.<\/p>\n<p>&nbsp;<\/p>\n<h3>Con\u00e7u pour le confort et le style<\/h3>\n<p>Au-del\u00e0 de leur esth\u00e9tique \u00e9tonnante, ces <strong>chaussures en cuir textur\u00e9 pour hommes<\/strong> sont con\u00e7ues pour votre confort. Elles sont dot\u00e9es d'une semelle Microlight l\u00e9g\u00e8re et flexible, qui offre une excellente adh\u00e9rence et un bon amorti sans ajouter d'encombrement inutile. Avec une hauteur de talon subtile de 1 \u00e0 3 cm, elles offrent juste ce qu'il faut d'\u00e9l\u00e9vation pour une foul\u00e9e assur\u00e9e. La conception ergonomique assure un ajustement confortable, disponible dans une gamme compl\u00e8te de tailles allant du 39 au 45. Que vous assistiez \u00e0 une r\u00e9union d'affaires cruciale, \u00e0 un mariage \u00e9l\u00e9gant ou \u00e0 une soir\u00e9e sophistiqu\u00e9e, ces chaussures vous permettront de vous sentir \u00e0 l'aise. <strong>chaussures en cuir textur\u00e9 pour hommes<\/strong> garantissent que vous vous sentirez au mieux de votre forme, ce qui en fait un investissement judicieux dans votre tenue professionnelle.<\/p>\n<h3>Une polyvalence pour toutes les occasions<\/h3>\n<p>Ces chaussures en cuir textur\u00e9 pour homme pr\u00e9sentent un design intemporel qui convient \u00e0 diverses occasions, des costumes formels aux looks \u00e9l\u00e9gants de la vie professionnelle. Disponibles en brun riche et en marine profond, elles offrent une option classique et contemporaine qui s'harmonise avec de nombreuses tenues. Les d\u00e9taillants peuvent commander en gros un minimum de 8 paires et b\u00e9n\u00e9ficier d'une livraison efficace sous 12 jours. Investissez dans ces chaussures de haute qualit\u00e9 pour un m\u00e9lange parfait de tradition, d'innovation et de confort, qui rehaussera votre collection de chaussures.<\/p>\n<p>&nbsp;<\/p>","protected":false},"excerpt":{"rendered":"<ul>\n<li>Mat\u00e9riau ext\u00e9rieur : Cuir de veau luxueux (Dana Derisi)<\/li>\n<li>Mat\u00e9riau int\u00e9rieur : Cuir de ch\u00e8vre souple (Ke\u00e7i Derisi) pour un confort optimal<\/li>\n<li>Semelle : Semelle Microlight l\u00e9g\u00e8re et durable<\/li>\n<li>Hauteur du talon : Subtil 1-3 cm pour une \u00e9l\u00e9vation \u00e9l\u00e9gante<\/li>\n<li>Tailles disponibles : 39, 40, 41, 42, 43, 44, 45<\/li>\n<li>Disponibilit\u00e9 en gros : Quantit\u00e9 minimale de commande de 8 paires<\/li>\n<li>D\u00e9lai de livraison : 12 jours plus les frais d'exp\u00e9dition<\/li>\n<li>Prix : 37,50 USD par paire (pour les mod\u00e8les autres que les bottes)<\/li>\n<\/ul>","protected":false},"featured_media":3461,"template":"","meta":{"_acf_changed":false,"_uag_custom_page_level_css":"","site-sidebar-layout":"default","site-content-layout":"","ast-site-content-layout":"default","site-content-style":"default","site-sidebar-style":"default","ast-global-header-display":"","ast-banner-title-visibility":"","ast-main-header-display":"","ast-hfb-above-header-display":"","ast-hfb-below-header-display":"","ast-hfb-mobile-header-display":"","site-post-title":"","ast-breadcrumbs-content":"","ast-featured-img":"","footer-sml-layout":"","ast-disable-related-posts":"","theme-transparent-header-meta":"default","adv-header-id-meta":"","stick-header-meta":"","header-above-stick-meta":"","header-main-stick-meta":"","header-below-stick-meta":"","astra-migrate-meta-layouts":"set","ast-page-background-enabled":"default","ast-page-background-meta":{"desktop":{"background-color":"var(--ast-global-color-4)","background-image":"","background-repeat":"repeat","background-position":"center center","background-size":"auto","background-attachment":"scroll","background-type":"","background-media":"","overlay-type":"","overlay-color":"","overlay-opacity":"","overlay-gradient":""},"tablet":{"background-color":"","background-image":"","background-repeat":"repeat","background-position":"center center","background-size":"auto","background-attachment":"scroll","background-type":"","background-media":"","overlay-type":"","overlay-color":"","overlay-opacity":"","overlay-gradient":""},"mobile":{"background-color":"","background-image":"","background-repeat":"repeat","background-position":"center center","background-size":"auto","background-attachment":"scroll","background-type":"","background-media":"","overlay-type":"","overlay-color":"","overlay-opacity":"","overlay-gradient":""}},"ast-content-background-meta":{"desktop":{"background-color":"var(--ast-global-color-5)","background-image":"","background-repeat":"repeat","background-position":"center center","background-size":"auto","background-attachment":"scroll","background-type":"","background-media":"","overlay-type":"","overlay-color":"","overlay-opacity":"","overlay-gradient":""},"tablet":{"background-color":"var(--ast-global-color-5)","background-image":"","background-repeat":"repeat","background-position":"center center","background-size":"auto","background-attachment":"scroll","background-type":"","background-media":"","overlay-type":"","overlay-color":"","overlay-opacity":"","overlay-gradient":""},"mobile":{"background-color":"var(--ast-global-color-5)","background-image":"","background-repeat":"repeat","background-position":"center center","background-size":"auto","background-attachment":"scroll","background-type":"","background-media":"","overlay-type":"","overlay-color":"","overlay-opacity":"","overlay-gradient":""}}},"product_brand":[],"product_cat":[47,430,40],"product_tag":[405,202,212,284,480,251,591,437,227,217,198,466,280,721],"class_list":{"0":"post-5121","1":"product","2":"type-product","3":"status-publish","4":"has-post-thumbnail","6":"product_cat-classic","7":"product_cat-men","8":"product_cat-mens-shoes","9":"product_tag-business-shoes","10":"product_tag-calf-leather","11":"product_tag-derby-shoes","12":"product_tag-dress-shoes","13":"product_tag-elegant-shoes","14":"product_tag-formal-shoes","15":"product_tag-formal-wear","16":"product_tag-goat-leather","17":"product_tag-leather-shoes","18":"product_tag-luxury-footwear","19":"product_tag-mens-fashion","20":"product_tag-microlight-sole","21":"product_tag-smart-casual-shoes","22":"product_tag-textured-shoes","23":"desktop-align-center","24":"tablet-align-center","25":"mobile-align-center","27":"first","28":"instock","29":"shipping-taxable","30":"purchasable","31":"product-type-variable","32":"has-default-attributes"},"acf":[],"uagb_featured_image_src":{"full":["https:\/\/turkishtrade.co\/wp-content\/uploads\/2026\/01\/2400EJOMN00075-DARK-BLUE-X_7201.png",453,250,false],"thumbnail":["https:\/\/turkishtrade.co\/wp-content\/uploads\/2026\/01\/2400EJOMN00075-DARK-BLUE-X_7201-150x150.png",150,150,true],"medium":["https:\/\/turkishtrade.co\/wp-content\/uploads\/2026\/01\/2400EJOMN00075-DARK-BLUE-X_7201-300x166.png",300,166,true],"medium_large":["https:\/\/turkishtrade.co\/wp-content\/uploads\/2026\/01\/2400EJOMN00075-DARK-BLUE-X_7201.png",453,250,false],"large":["https:\/\/turkishtrade.co\/wp-content\/uploads\/2026\/01\/2400EJOMN00075-DARK-BLUE-X_7201.png",453,250,false],"1536x1536":["https:\/\/turkishtrade.co\/wp-content\/uploads\/2026\/01\/2400EJOMN00075-DARK-BLUE-X_7201.png",453,250,false],"2048x2048":["https:\/\/turkishtrade.co\/wp-content\/uploads\/2026\/01\/2400EJOMN00075-DARK-BLUE-X_7201.png",453,250,false],"trp-custom-language-flag":["https:\/\/turkishtrade.co\/wp-content\/uploads\/2026\/01\/2400EJOMN00075-DARK-BLUE-X_7201-18x10.png",18,10,true],"woocommerce_thumbnail":["https:\/\/turkishtrade.co\/wp-content\/uploads\/2026\/01\/2400EJOMN00075-DARK-BLUE-X_7201-400x250.png",400,250,true],"woocommerce_single":["https:\/\/turkishtrade.co\/wp-content\/uploads\/2026\/01\/2400EJOMN00075-DARK-BLUE-X_7201.png",453,250,false],"woocommerce_gallery_thumbnail":["https:\/\/turkishtrade.co\/wp-content\/uploads\/2026\/01\/2400EJOMN00075-DARK-BLUE-X_7201-100x100.png",100,100,true]},"uagb_author_info":{"display_name":"yaser olabi","author_link":"https:\/\/turkishtrade.co\/fr\/author\/"},"uagb_comment_info":0,"uagb_excerpt":"Outer Material: Luxurious Calf Leather (Dana Derisi) Inner Material: Soft Goat Leather (Ke\u00e7i Derisi) for ultimate comfort Sole: Lightweight and durable Microlight sole Heel Height: Subtle 1-3 cm for an elegant lift Available Sizes: 39, 40, 41, 42, 43, 44, 45 Wholesale Availability: Minimum order quantity of 8 pairs Delivery Time: 12 days plus shipping\u2026","_links":{"self":[{"href":"https:\/\/turkishtrade.co\/fr\/wp-json\/wp\/v2\/product\/5121","targetHints":{"allow":["GET"]}}],"collection":[{"href":"https:\/\/turkishtrade.co\/fr\/wp-json\/wp\/v2\/product"}],"about":[{"href":"https:\/\/turkishtrade.co\/fr\/wp-json\/wp\/v2\/types\/product"}],"wp:featuredmedia":[{"embeddable":true,"href":"https:\/\/turkishtrade.co\/fr\/wp-json\/wp\/v2\/media\/3461"}],"wp:attachment":[{"href":"https:\/\/turkishtrade.co\/fr\/wp-json\/wp\/v2\/media?parent=5121"}],"wp:term":[{"taxonomy":"product_brand","embeddable":true,"href":"https:\/\/turkishtrade.co\/fr\/wp-json\/wp\/v2\/product_brand?post=5121"},{"taxonomy":"product_cat","embeddable":true,"href":"https:\/\/turkishtrade.co\/fr\/wp-json\/wp\/v2\/product_cat?post=5121"},{"taxonomy":"product_tag","embeddable":true,"href":"https:\/\/turkishtrade.co\/fr\/wp-json\/wp\/v2\/product_tag?post=5121"}],"curies":[{"name":"wp","href":"https:\/\/api.w.org\/{rel}","templated":true}]}}