{"id":5114,"date":"2026-01-14T11:15:25","date_gmt":"2026-01-14T11:15:25","guid":{"rendered":"https:\/\/turkishtrade.co\/product\/men-leather-monk-strap-shoes\/"},"modified":"2026-04-09T19:43:51","modified_gmt":"2026-04-09T19:43:51","slug":"mens-leather-monk-strap-shoes-for-formal","status":"publish","type":"product","link":"https:\/\/turkishtrade.co\/fr\/shop\/mens-leather-monk-strap-shoes-for-formal\/","title":{"rendered":"Chaussures richelieu en cuir de veau de premi\u00e8re qualit\u00e9 avec courroie de moine"},"content":{"rendered":"<p><strong>Chaussures en cuir pour hommes<\/strong><\/p>\n<p>Entrez dans une sophistication in\u00e9gal\u00e9e avec notre <b>Chaussures richelieu en cuir de veau de premi\u00e8re qualit\u00e9 avec courroie de moine<\/b>. Con\u00e7ues pour le gentleman exigeant, ces exquises <b>chaussures en cuir pour hommes<\/b> allient \u00e9l\u00e9gance intemporelle et confort moderne. Fabriqu\u00e9es \u00e0 partir du cuir de veau le plus fin pour la surface ext\u00e9rieure, chaque paire b\u00e9n\u00e9ficie d'une finition luxueuse et d'une durabilit\u00e9 remarquable. Le design classique \u00e0 une seule bride de moine, compl\u00e9t\u00e9 par des d\u00e9tails brogue de bon go\u00fbt, fait de ces chaussures un ajout polyvalent \u00e0 toute garde-robe, convenant \u00e0 la fois aux occasions formelles et aux tenues d'affaires \u00e9l\u00e9gantes.<\/p>\n<p>Profitez d'un confort supr\u00eame \u00e0 chaque foul\u00e9e, gr\u00e2ce \u00e0 la doublure en cuir de ch\u00e8vre incroyablement douce. Cette mati\u00e8re int\u00e9rieure de qualit\u00e9 sup\u00e9rieure assure la respirabilit\u00e9 et une sensation de peluche, \u00e9pousant la forme de vos pieds pour un port tout au long de la journ\u00e9e, sans compromis. Ces chaussures exquises <b>chaussures en cuir pour hommes<\/b> sont \u00e9galement dot\u00e9es d'une semelle Microlight l\u00e9g\u00e8re, qui offre un excellent amorti et une grande souplesse, tandis que le talon subtil de 1 \u00e0 3 cm ajoute une touche de hauteur classique sans sacrifier la stabilit\u00e9. Chaque paire est m\u00e9ticuleusement fabriqu\u00e9e, refl\u00e9tant une qualit\u00e9 artistique sup\u00e9rieure et un souci du d\u00e9tail dans chaque point et chaque perforation.<\/p>\n<p>ill vous permet de faire une impression durable. Disponibles dans une gamme de tailles allant de l'UE 39 \u00e0 45, nous garantissons un ajustement parfait \u00e0 une large client\u00e8le.<\/p>\n<h3>Id\u00e9al pour les acheteurs en gros : Chaussures \u00e0 courroie de moine de premi\u00e8re qualit\u00e9<\/h3>\n<p>Pour les d\u00e9taillants qui souhaitent offrir \u00e0 leurs clients une qualit\u00e9 et un style exceptionnels, nos <b>Chaussures richelieu en cuir de veau de premi\u00e8re qualit\u00e9 avec courroie de moine<\/b> sont disponibles \u00e0 l'achat en gros. Avec une quantit\u00e9 minimale de commande de 8 paires, vous pouvez facilement stocker ces chaussures de c\u00e9r\u00e9monie \u00e9l\u00e9gantes et populaires. Nous sommes fiers de notre service efficace, avec un d\u00e9lai de livraison d'environ 12 jours plus les frais d'exp\u00e9dition. Offrez \u00e0 vos clients un m\u00e9lange de design classique, de mat\u00e9riaux luxueux et de confort durable que seul un v\u00e9ritable savoir-faire peut offrir. Rehaussez votre collection de chaussures avec ces chaussures distingu\u00e9es. <b>chaussures \u00e0 lacets<\/b>, Un symbole de go\u00fbt raffin\u00e9 et de style impeccable que vos clients appr\u00e9cieront.<\/p>","protected":false},"excerpt":{"rendered":"<ul>\n<li><b>Mat\u00e9riau ext\u00e9rieur :<\/b> Cuir de veau luxueux<\/li>\n<li><b>Mat\u00e9riau int\u00e9rieur :<\/b> Doublure en cuir de ch\u00e8vre souple<\/li>\n<li><b>Semelle :<\/b> Semelle l\u00e9g\u00e8re Microlight<\/li>\n<li><b>Hauteur du talon :<\/b> Confortable 1-3 cm<\/li>\n<li><b>Tailles disponibles :<\/b> UE 39-45<\/li>\n<li><b>Commande minimale :<\/b> 8 paires<\/li>\n<li><b>D\u00e9lai de livraison :<\/b> 12 jours + Exp\u00e9dition<\/li>\n<\/ul>","protected":false},"featured_media":3456,"template":"","meta":{"_acf_changed":false,"_uag_custom_page_level_css":"","site-sidebar-layout":"default","site-content-layout":"","ast-site-content-layout":"default","site-content-style":"default","site-sidebar-style":"default","ast-global-header-display":"","ast-banner-title-visibility":"","ast-main-header-display":"","ast-hfb-above-header-display":"","ast-hfb-below-header-display":"","ast-hfb-mobile-header-display":"","site-post-title":"","ast-breadcrumbs-content":"","ast-featured-img":"","footer-sml-layout":"","ast-disable-related-posts":"","theme-transparent-header-meta":"default","adv-header-id-meta":"","stick-header-meta":"","header-above-stick-meta":"","header-main-stick-meta":"","header-below-stick-meta":"","astra-migrate-meta-layouts":"set","ast-page-background-enabled":"default","ast-page-background-meta":{"desktop":{"background-color":"var(--ast-global-color-4)","background-image":"","background-repeat":"repeat","background-position":"center center","background-size":"auto","background-attachment":"scroll","background-type":"","background-media":"","overlay-type":"","overlay-color":"","overlay-opacity":"","overlay-gradient":""},"tablet":{"background-color":"","background-image":"","background-repeat":"repeat","background-position":"center center","background-size":"auto","background-attachment":"scroll","background-type":"","background-media":"","overlay-type":"","overlay-color":"","overlay-opacity":"","overlay-gradient":""},"mobile":{"background-color":"","background-image":"","background-repeat":"repeat","background-position":"center center","background-size":"auto","background-attachment":"scroll","background-type":"","background-media":"","overlay-type":"","overlay-color":"","overlay-opacity":"","overlay-gradient":""}},"ast-content-background-meta":{"desktop":{"background-color":"var(--ast-global-color-5)","background-image":"","background-repeat":"repeat","background-position":"center center","background-size":"auto","background-attachment":"scroll","background-type":"","background-media":"","overlay-type":"","overlay-color":"","overlay-opacity":"","overlay-gradient":""},"tablet":{"background-color":"var(--ast-global-color-5)","background-image":"","background-repeat":"repeat","background-position":"center center","background-size":"auto","background-attachment":"scroll","background-type":"","background-media":"","overlay-type":"","overlay-color":"","overlay-opacity":"","overlay-gradient":""},"mobile":{"background-color":"var(--ast-global-color-5)","background-image":"","background-repeat":"repeat","background-position":"center center","background-size":"auto","background-attachment":"scroll","background-type":"","background-media":"","overlay-type":"","overlay-color":"","overlay-opacity":"","overlay-gradient":""}}},"product_brand":[],"product_cat":[47,430,40],"product_tag":[715,716,405,202,718,251,189,219,227,416,324,466,404,717,281],"class_list":{"0":"post-5114","1":"product","2":"type-product","3":"status-publish","4":"has-post-thumbnail","6":"product_cat-classic","7":"product_cat-men","8":"product_cat-mens-shoes","9":"product_tag-brogue","10":"product_tag-buckles","11":"product_tag-business-shoes","12":"product_tag-calf-leather","13":"product_tag-elegant","14":"product_tag-formal-shoes","15":"product_tag-goat-leather-lining","16":"product_tag-handmade-shoes","17":"product_tag-leather-shoes","18":"product_tag-luxury-shoes","19":"product_tag-mens-dress-shoes","20":"product_tag-microlight-sole","21":"product_tag-monk-strap","22":"product_tag-sophisticated","23":"product_tag-wholesale-shoes","24":"desktop-align-center","25":"tablet-align-center","26":"mobile-align-center","28":"first","29":"instock","30":"shipping-taxable","31":"purchasable","32":"product-type-variable","33":"has-default-attributes"},"acf":[],"uagb_featured_image_src":{"full":["https:\/\/turkishtrade.co\/wp-content\/uploads\/2026\/01\/2400EJOMN00073-DARK-BLUE-Y_200.png",453,250,false],"thumbnail":["https:\/\/turkishtrade.co\/wp-content\/uploads\/2026\/01\/2400EJOMN00073-DARK-BLUE-Y_200-150x150.png",150,150,true],"medium":["https:\/\/turkishtrade.co\/wp-content\/uploads\/2026\/01\/2400EJOMN00073-DARK-BLUE-Y_200-300x166.png",300,166,true],"medium_large":["https:\/\/turkishtrade.co\/wp-content\/uploads\/2026\/01\/2400EJOMN00073-DARK-BLUE-Y_200.png",453,250,false],"large":["https:\/\/turkishtrade.co\/wp-content\/uploads\/2026\/01\/2400EJOMN00073-DARK-BLUE-Y_200.png",453,250,false],"1536x1536":["https:\/\/turkishtrade.co\/wp-content\/uploads\/2026\/01\/2400EJOMN00073-DARK-BLUE-Y_200.png",453,250,false],"2048x2048":["https:\/\/turkishtrade.co\/wp-content\/uploads\/2026\/01\/2400EJOMN00073-DARK-BLUE-Y_200.png",453,250,false],"trp-custom-language-flag":["https:\/\/turkishtrade.co\/wp-content\/uploads\/2026\/01\/2400EJOMN00073-DARK-BLUE-Y_200-18x10.png",18,10,true],"woocommerce_thumbnail":["https:\/\/turkishtrade.co\/wp-content\/uploads\/2026\/01\/2400EJOMN00073-DARK-BLUE-Y_200-400x250.png",400,250,true],"woocommerce_single":["https:\/\/turkishtrade.co\/wp-content\/uploads\/2026\/01\/2400EJOMN00073-DARK-BLUE-Y_200.png",453,250,false],"woocommerce_gallery_thumbnail":["https:\/\/turkishtrade.co\/wp-content\/uploads\/2026\/01\/2400EJOMN00073-DARK-BLUE-Y_200-100x100.png",100,100,true]},"uagb_author_info":{"display_name":"yaser olabi","author_link":"https:\/\/turkishtrade.co\/fr\/author\/"},"uagb_comment_info":0,"uagb_excerpt":"Outer Material: Luxurious Calf Leather Inner Material: Soft Goat Leather Lining Sole: Lightweight Microlight Sole Heel Height: Comfortable 1-3 cm Available Sizes: EU 39-45 Minimum Order: 8 Pairs Delivery Time: 12 Days + Shipping","_links":{"self":[{"href":"https:\/\/turkishtrade.co\/fr\/wp-json\/wp\/v2\/product\/5114","targetHints":{"allow":["GET"]}}],"collection":[{"href":"https:\/\/turkishtrade.co\/fr\/wp-json\/wp\/v2\/product"}],"about":[{"href":"https:\/\/turkishtrade.co\/fr\/wp-json\/wp\/v2\/types\/product"}],"wp:featuredmedia":[{"embeddable":true,"href":"https:\/\/turkishtrade.co\/fr\/wp-json\/wp\/v2\/media\/3456"}],"wp:attachment":[{"href":"https:\/\/turkishtrade.co\/fr\/wp-json\/wp\/v2\/media?parent=5114"}],"wp:term":[{"taxonomy":"product_brand","embeddable":true,"href":"https:\/\/turkishtrade.co\/fr\/wp-json\/wp\/v2\/product_brand?post=5114"},{"taxonomy":"product_cat","embeddable":true,"href":"https:\/\/turkishtrade.co\/fr\/wp-json\/wp\/v2\/product_cat?post=5114"},{"taxonomy":"product_tag","embeddable":true,"href":"https:\/\/turkishtrade.co\/fr\/wp-json\/wp\/v2\/product_tag?post=5114"}],"curies":[{"name":"wp","href":"https:\/\/api.w.org\/{rel}","templated":true}]}}