{"id":5112,"date":"2026-01-14T11:15:02","date_gmt":"2026-01-14T11:15:02","guid":{"rendered":"https:\/\/turkishtrade.co\/product\/men-black-perforated-leather-shoes\/"},"modified":"2026-04-09T19:43:54","modified_gmt":"2026-04-09T19:43:54","slug":"mens-black-perforated-leather-shoes","status":"publish","type":"product","link":"https:\/\/turkishtrade.co\/fr\/shop\/mens-black-perforated-leather-shoes\/","title":{"rendered":"Chaussures habill\u00e9es en cuir de veau perfor\u00e9 noir pour hommes avec semelle Microlight"},"content":{"rendered":"<p><strong>Chaussures en cuir perfor\u00e9 noir pour hommes<\/strong><\/p>\n<p>Entrez dans un monde d'\u00e9l\u00e9gance raffin\u00e9e et de confort in\u00e9gal\u00e9 avec nos produits exceptionnels. <strong>Chaussures en cuir perfor\u00e9 noir pour hommes<\/strong>. Con\u00e7ues pour le gentleman moderne, ces chaussures allient un style intemporel \u00e0 des caract\u00e9ristiques innovantes, vous assurant une impression durable \u00e0 chaque tournant. Parfaites pour les r\u00e9unions d'affaires, les \u00e9v\u00e9nements formels ou les soir\u00e9es sophistiqu\u00e9es, ces chaussures sont id\u00e9ales pour les r\u00e9unions d'affaires, les \u00e9v\u00e9nements formels ou les soir\u00e9es sophistiqu\u00e9es. <strong>chaussures en cuir noir perfor\u00e9 pour hommes<\/strong> t\u00e9moignent d'un savoir-faire sup\u00e9rieur et de mat\u00e9riaux luxueux. D\u00e9couvrez le m\u00e9lange ultime de style et de substance que seules les chaussures haut de gamme peuvent offrir. Ces \u00e9l\u00e9gantes <strong>chaussures en cuir noir perfor\u00e9 pour hommes<\/strong> sont indispensables \u00e0 toute garde-robe exigeante.<\/p>\n<h3>Con\u00e7u pour le gentleman moderne<\/h3>\n<p>Ce ne sont pas de simples chaussures, c'est un investissement dans votre garde-robe. Le design \u00e9pur\u00e9 et la teinte noire classique de nos <strong>chaussures en cuir noir perfor\u00e9 pour hommes<\/strong> les rendent incroyablement polyvalents. Qu'il s'agisse d'un look professionnel pointu ou d'un ensemble formel distingu\u00e9, elles sont l'accompagnement parfait. Disponibles dans une gamme compl\u00e8te de pointures europ\u00e9ennes allant de 39 \u00e0 45, nous garantissons un ajustement pr\u00e9cis \u00e0 chaque client exigeant. Rehaussez votre style personnel et projetez une image de sophistication sans effort avec des chaussures qui comprennent vraiment le confort et l'\u00e9l\u00e9gance. Ces chaussures <strong>chaussures en cuir noir perfor\u00e9 pour hommes<\/strong> sont con\u00e7us pour les personnes qui appr\u00e9cient les d\u00e9tails les plus fins et exigent l'excellence. D\u00e9couvrez la qualit\u00e9 in\u00e9gal\u00e9e de ces <strong>chaussures en cuir noir perfor\u00e9 pour hommes<\/strong> aujourd'hui.<\/p>\n<h3>Possibilit\u00e9s de vente en gros et de livraison sans rupture<\/h3>\n<p>Pour les d\u00e9taillants et les entreprises \u00e0 la recherche de chaussures de haute qualit\u00e9, nos <strong>chaussures en cuir noir perfor\u00e9 pour hommes<\/strong> sont disponibles \u00e0 l'achat en gros. Avec un minimum de commande de seulement 8 paires, il est plus facile que jamais de stocker des chaussures habill\u00e9es pour hommes de qualit\u00e9 sup\u00e9rieure que vos clients adoreront. Nous nous engageons \u00e0 fournir un service efficace, en veillant \u00e0 ce que votre commande soit trait\u00e9e et pr\u00eate \u00e0 \u00eatre exp\u00e9di\u00e9e dans un d\u00e9lai de 12 jours, suivi d'un d\u00e9lai d'exp\u00e9dition standard. Faites \u00e9quipe avec nous pour offrir \u00e0 votre client\u00e8le des chaussures de ville d'une qualit\u00e9 exceptionnelle. <strong>chaussures en cuir noir perfor\u00e9 pour hommes<\/strong> qui promettent \u00e0 la fois luxe et valeur, am\u00e9liorant ainsi votre offre de produits.<\/p>","protected":false},"excerpt":{"rendered":"<ul>\n<li>Ext\u00e9rieur en cuir de veau exquis avec perforations raffin\u00e9es<\/li>\n<li>Doublure int\u00e9rieure en cuir de ch\u00e8vre luxueux pour un confort ultime<\/li>\n<li>Semelle l\u00e9g\u00e8re Microlight pour une flexibilit\u00e9 et un soutien sup\u00e9rieurs<\/li>\n<li>Hauteur de talon subtile de 1 \u00e0 3 cm pour une silhouette classique<\/li>\n<li>Disponible dans les tailles 39-45 de l'UE pour un ajustement parfait<\/li>\n<li>Commande minimale de 8 paires disponible pour les achats en gros<\/li>\n<li>Livraison dans les 12 jours plus le temps d'exp\u00e9dition<\/li>\n<\/ul>","protected":false},"featured_media":3454,"template":"","meta":{"_acf_changed":false,"_uag_custom_page_level_css":"","site-sidebar-layout":"default","site-content-layout":"","ast-site-content-layout":"default","site-content-style":"default","site-sidebar-style":"default","ast-global-header-display":"","ast-banner-title-visibility":"","ast-main-header-display":"","ast-hfb-above-header-display":"","ast-hfb-below-header-display":"","ast-hfb-mobile-header-display":"","site-post-title":"","ast-breadcrumbs-content":"","ast-featured-img":"","footer-sml-layout":"","ast-disable-related-posts":"","theme-transparent-header-meta":"default","adv-header-id-meta":"","stick-header-meta":"","header-above-stick-meta":"","header-main-stick-meta":"","header-below-stick-meta":"","astra-migrate-meta-layouts":"set","ast-page-background-enabled":"default","ast-page-background-meta":{"desktop":{"background-color":"var(--ast-global-color-4)","background-image":"","background-repeat":"repeat","background-position":"center center","background-size":"auto","background-attachment":"scroll","background-type":"","background-media":"","overlay-type":"","overlay-color":"","overlay-opacity":"","overlay-gradient":""},"tablet":{"background-color":"","background-image":"","background-repeat":"repeat","background-position":"center center","background-size":"auto","background-attachment":"scroll","background-type":"","background-media":"","overlay-type":"","overlay-color":"","overlay-opacity":"","overlay-gradient":""},"mobile":{"background-color":"","background-image":"","background-repeat":"repeat","background-position":"center center","background-size":"auto","background-attachment":"scroll","background-type":"","background-media":"","overlay-type":"","overlay-color":"","overlay-opacity":"","overlay-gradient":""}},"ast-content-background-meta":{"desktop":{"background-color":"var(--ast-global-color-5)","background-image":"","background-repeat":"repeat","background-position":"center center","background-size":"auto","background-attachment":"scroll","background-type":"","background-media":"","overlay-type":"","overlay-color":"","overlay-opacity":"","overlay-gradient":""},"tablet":{"background-color":"var(--ast-global-color-5)","background-image":"","background-repeat":"repeat","background-position":"center center","background-size":"auto","background-attachment":"scroll","background-type":"","background-media":"","overlay-type":"","overlay-color":"","overlay-opacity":"","overlay-gradient":""},"mobile":{"background-color":"var(--ast-global-color-5)","background-image":"","background-repeat":"repeat","background-position":"center center","background-size":"auto","background-attachment":"scroll","background-type":"","background-media":"","overlay-type":"","overlay-color":"","overlay-opacity":"","overlay-gradient":""}}},"product_brand":[],"product_cat":[47,430,40],"product_tag":[605,405,202,181,284,454,593,251,437,227,198,466,686,680,281],"class_list":{"0":"post-5112","1":"product","2":"type-product","3":"status-publish","4":"has-post-thumbnail","6":"product_cat-classic","7":"product_cat-men","8":"product_cat-mens-shoes","9":"product_tag-black-shoes","10":"product_tag-business-shoes","11":"product_tag-calf-leather","12":"product_tag-comfortable-dress-shoes","13":"product_tag-dress-shoes","14":"product_tag-elegant-footwear","15":"product_tag-eu-sizes-39-45","16":"product_tag-formal-shoes","17":"product_tag-goat-leather","18":"product_tag-leather-shoes","19":"product_tag-mens-fashion","20":"product_tag-microlight-sole","21":"product_tag-perforated-shoes","22":"product_tag-stylish-shoes","23":"product_tag-wholesale-shoes","24":"desktop-align-center","25":"tablet-align-center","26":"mobile-align-center","28":"first","29":"instock","30":"shipping-taxable","31":"purchasable","32":"product-type-variable","33":"has-default-attributes"},"acf":[],"uagb_featured_image_src":{"full":["https:\/\/turkishtrade.co\/wp-content\/uploads\/2026\/01\/2400EJOMN00072-BLACK-X_7805.png",453,250,false],"thumbnail":["https:\/\/turkishtrade.co\/wp-content\/uploads\/2026\/01\/2400EJOMN00072-BLACK-X_7805-150x150.png",150,150,true],"medium":["https:\/\/turkishtrade.co\/wp-content\/uploads\/2026\/01\/2400EJOMN00072-BLACK-X_7805-300x166.png",300,166,true],"medium_large":["https:\/\/turkishtrade.co\/wp-content\/uploads\/2026\/01\/2400EJOMN00072-BLACK-X_7805.png",453,250,false],"large":["https:\/\/turkishtrade.co\/wp-content\/uploads\/2026\/01\/2400EJOMN00072-BLACK-X_7805.png",453,250,false],"1536x1536":["https:\/\/turkishtrade.co\/wp-content\/uploads\/2026\/01\/2400EJOMN00072-BLACK-X_7805.png",453,250,false],"2048x2048":["https:\/\/turkishtrade.co\/wp-content\/uploads\/2026\/01\/2400EJOMN00072-BLACK-X_7805.png",453,250,false],"trp-custom-language-flag":["https:\/\/turkishtrade.co\/wp-content\/uploads\/2026\/01\/2400EJOMN00072-BLACK-X_7805-18x10.png",18,10,true],"woocommerce_thumbnail":["https:\/\/turkishtrade.co\/wp-content\/uploads\/2026\/01\/2400EJOMN00072-BLACK-X_7805-400x250.png",400,250,true],"woocommerce_single":["https:\/\/turkishtrade.co\/wp-content\/uploads\/2026\/01\/2400EJOMN00072-BLACK-X_7805.png",453,250,false],"woocommerce_gallery_thumbnail":["https:\/\/turkishtrade.co\/wp-content\/uploads\/2026\/01\/2400EJOMN00072-BLACK-X_7805-100x100.png",100,100,true]},"uagb_author_info":{"display_name":"yaser olabi","author_link":"https:\/\/turkishtrade.co\/fr\/author\/"},"uagb_comment_info":0,"uagb_excerpt":"Exquisite calf leather exterior with refined perforations Luxurious goat leather interior lining for ultimate comfort Lightweight Microlight sole for superior flexibility and support Subtle 1-3 cm heel height for a classic silhouette Available in EU sizes 39-45 for a perfect fit Minimum order of 8 pairs available for wholesale purchases Delivery within 12 days plus\u2026","_links":{"self":[{"href":"https:\/\/turkishtrade.co\/fr\/wp-json\/wp\/v2\/product\/5112","targetHints":{"allow":["GET"]}}],"collection":[{"href":"https:\/\/turkishtrade.co\/fr\/wp-json\/wp\/v2\/product"}],"about":[{"href":"https:\/\/turkishtrade.co\/fr\/wp-json\/wp\/v2\/types\/product"}],"wp:featuredmedia":[{"embeddable":true,"href":"https:\/\/turkishtrade.co\/fr\/wp-json\/wp\/v2\/media\/3454"}],"wp:attachment":[{"href":"https:\/\/turkishtrade.co\/fr\/wp-json\/wp\/v2\/media?parent=5112"}],"wp:term":[{"taxonomy":"product_brand","embeddable":true,"href":"https:\/\/turkishtrade.co\/fr\/wp-json\/wp\/v2\/product_brand?post=5112"},{"taxonomy":"product_cat","embeddable":true,"href":"https:\/\/turkishtrade.co\/fr\/wp-json\/wp\/v2\/product_cat?post=5112"},{"taxonomy":"product_tag","embeddable":true,"href":"https:\/\/turkishtrade.co\/fr\/wp-json\/wp\/v2\/product_tag?post=5112"}],"curies":[{"name":"wp","href":"https:\/\/api.w.org\/{rel}","templated":true}]}}