{"id":5100,"date":"2026-01-14T11:13:51","date_gmt":"2026-01-14T11:13:51","guid":{"rendered":"https:\/\/turkishtrade.co\/product\/men-navy-cap-toe-derby\/"},"modified":"2026-04-09T19:44:17","modified_gmt":"2026-04-09T19:44:17","slug":"epic-mens-navy-cap-toe-derby-shoes","status":"publish","type":"product","link":"https:\/\/turkishtrade.co\/fr\/shop\/epic-mens-navy-cap-toe-derby-shoes\/","title":{"rendered":"Premium Chaussures de derby \u00e0 bout arrondi pour hommes, bleu marine"},"content":{"rendered":"<p><strong>Derby Cap Toe pour hommes, bleu marine<\/strong><\/p>\n<p>\u00c9levez votre collection de chaussures gr\u00e2ce \u00e0 nos chaussures exquises. <strong>Derby Cap Toe pour hommes, bleu marine<\/strong> Ces chaussures ont \u00e9t\u00e9 m\u00e9ticuleusement con\u00e7ues pour le gentleman exigeant. Il ne s'agit pas seulement de chaussures, mais d'une d\u00e9claration de sophistication et de style intemporel, parfaite pour les occasions formelles et les ensembles \u00e9l\u00e9gants et d\u00e9contract\u00e9s. La riche teinte bleu marine est une alternative moderne au noir ou au marron traditionnels, offrant des options de style polyvalentes qui s'accorderont avec un large \u00e9ventail de tenues, ce qui fait de ces chaussures des chaussures de luxe. <strong>Derby Cap Toe pour hommes, bleu marine<\/strong> des chaussures indispensables.<\/p>\n<p>Fabriqu\u00e9es en cuir de veau de premi\u00e8re qualit\u00e9 pour l'ext\u00e9rieur, ces <strong>Derby Cap Toe pour hommes, bleu marine<\/strong> promettent une durabilit\u00e9 exceptionnelle et une finition luxueuse qui ne fait que s'am\u00e9liorer avec le temps. Le design distinct du bout de la chaussure ajoute une touche d'\u00e9l\u00e9gance classique, garantissant \u00e0 ces chaussures une durabilit\u00e9 exceptionnelle et une finition luxueuse qui ne fait que s'am\u00e9liorer avec l'\u00e2ge. <strong>Derby Cap Toe pour hommes, bleu marine<\/strong> sont un compl\u00e9ment indispensable \u00e0 toute garde-robe. \u00c0 l'int\u00e9rieur, vos pieds b\u00e9n\u00e9ficieront d'un confort in\u00e9gal\u00e9 gr\u00e2ce \u00e0 la doublure en cuir de ch\u00e8vre souple, qui offre une respirabilit\u00e9 sup\u00e9rieure et un toucher doux, garantissant le confort tout au long de votre journ\u00e9e bien remplie. Notre engagement en mati\u00e8re de confort et de style est \u00e9vident dans chaque paire de chaussures. <strong>Derby Cap Toe pour hommes, bleu marine<\/strong> chaussures que nous produisons.<\/p>\n<h3>Un confort et un savoir-faire in\u00e9gal\u00e9s<\/h3>\n<p>Le fondement de ces remarquables <strong>Derby Cap Toe pour hommes, bleu marine<\/strong> est leur semelle Microlight innovante. Con\u00e7ue pour un confort sup\u00e9rieur et une incroyable l\u00e9g\u00e8ret\u00e9, cette semelle r\u00e9duit consid\u00e9rablement le poids total de la chaussure sans compromettre la durabilit\u00e9 ou l'adh\u00e9rence. Que vous naviguiez dans les rues de la ville ou que vous assistiez \u00e0 un \u00e9v\u00e9nement important, vous appr\u00e9cierez la sensation sans effort et l'adh\u00e9rence fiable de nos chaussures Microlight. <strong>Derby Cap Toe pour hommes, bleu marine<\/strong> des chaussures. Nous proposons ces magnifiques <strong>Derby Cap Toe pour hommes, bleu marine<\/strong> dans une gamme compl\u00e8te de pointures europ\u00e9ennes allant du 39 au 45, garantissant un ajustement parfait \u00e0 une client\u00e8le diversifi\u00e9e.<\/p>\n<h3>Opportunit\u00e9 de vente en gros de chaussures haut de gamme<\/h3>\n<p>Pour les entreprises qui souhaitent stocker des chaussures de haute qualit\u00e9, nos <strong>Derby Cap Toe pour hommes, bleu marine<\/strong> sont disponibles \u00e0 l'achat en gros avec une commande minimum de 8 paires. Chaque paire est propos\u00e9e au prix comp\u00e9titif de , ce qui repr\u00e9sente un excellent rapport qualit\u00e9-prix pour un produit de ce calibre. Nous sommes fiers de notre service efficace, avec des commandes trait\u00e9es et exp\u00e9di\u00e9es dans les 12 jours, suivies d'une livraison standard. Investissez dans l'attrait durable et la qualit\u00e9 de fabrication sup\u00e9rieure de nos <strong>Derby Cap Toe pour hommes, bleu marine<\/strong> et offrez \u00e0 vos clients un produit qui se d\u00e9marque vraiment. Faites l'exp\u00e9rience d'un m\u00e9lange parfait de tradition, d'innovation et de style \u00e0 chaque pas en choisissant ces chaussures exceptionnelles. <strong>Derby Cap Toe pour hommes, bleu marine<\/strong> chaussures.<\/p>","protected":false},"excerpt":{"rendered":"<ul>\n<li><strong>Design exquis :<\/strong> Derby moderne \u00e0 bout pointu dans une teinte bleu marine sophistiqu\u00e9e.<\/li>\n<li><strong>Mat\u00e9riaux de premi\u00e8re qualit\u00e9 :<\/strong> Ext\u00e9rieur en cuir de veau luxueux associ\u00e9 \u00e0 une doublure en cuir de ch\u00e8vre souple pour un confort ultime.<\/li>\n<li><strong>L\u00e9ger Confort :<\/strong> Dot\u00e9e d'une semelle Microlight durable mais incroyablement l\u00e9g\u00e8re, parfaite pour une utilisation tout au long de la journ\u00e9e.<\/li>\n<li><strong>Taille europ\u00e9enne :<\/strong> Disponible dans les tailles 39, 40, 41, 42, 43, 44, 45 pour garantir un ajustement parfait.<\/li>\n<li><strong>Disponibilit\u00e9 en gros :<\/strong> Quantit\u00e9 minimale de commande de 8 paires avec un prix de gros sp\u00e9cial par paire.<\/li>\n<li><strong>Livraison efficace :<\/strong> Les commandes sont exp\u00e9di\u00e9es dans un d\u00e9lai de 12 jours, plus le temps de transit standard du fret.<\/li>\n<\/ul>","protected":false},"featured_media":3446,"template":"","meta":{"_acf_changed":false,"_uag_custom_page_level_css":"","site-sidebar-layout":"default","site-content-layout":"","ast-site-content-layout":"default","site-content-style":"default","site-sidebar-style":"default","ast-global-header-display":"","ast-banner-title-visibility":"","ast-main-header-display":"","ast-hfb-above-header-display":"","ast-hfb-below-header-display":"","ast-hfb-mobile-header-display":"","site-post-title":"","ast-breadcrumbs-content":"","ast-featured-img":"","footer-sml-layout":"","ast-disable-related-posts":"","theme-transparent-header-meta":"default","adv-header-id-meta":"","stick-header-meta":"","header-above-stick-meta":"","header-main-stick-meta":"","header-below-stick-meta":"","astra-migrate-meta-layouts":"set","ast-page-background-enabled":"default","ast-page-background-meta":{"desktop":{"background-color":"var(--ast-global-color-4)","background-image":"","background-repeat":"repeat","background-position":"center center","background-size":"auto","background-attachment":"scroll","background-type":"","background-media":"","overlay-type":"","overlay-color":"","overlay-opacity":"","overlay-gradient":""},"tablet":{"background-color":"","background-image":"","background-repeat":"repeat","background-position":"center center","background-size":"auto","background-attachment":"scroll","background-type":"","background-media":"","overlay-type":"","overlay-color":"","overlay-opacity":"","overlay-gradient":""},"mobile":{"background-color":"","background-image":"","background-repeat":"repeat","background-position":"center center","background-size":"auto","background-attachment":"scroll","background-type":"","background-media":"","overlay-type":"","overlay-color":"","overlay-opacity":"","overlay-gradient":""}},"ast-content-background-meta":{"desktop":{"background-color":"var(--ast-global-color-5)","background-image":"","background-repeat":"repeat","background-position":"center center","background-size":"auto","background-attachment":"scroll","background-type":"","background-media":"","overlay-type":"","overlay-color":"","overlay-opacity":"","overlay-gradient":""},"tablet":{"background-color":"var(--ast-global-color-5)","background-image":"","background-repeat":"repeat","background-position":"center center","background-size":"auto","background-attachment":"scroll","background-type":"","background-media":"","overlay-type":"","overlay-color":"","overlay-opacity":"","overlay-gradient":""},"mobile":{"background-color":"var(--ast-global-color-5)","background-image":"","background-repeat":"repeat","background-position":"center center","background-size":"auto","background-attachment":"scroll","background-type":"","background-media":"","overlay-type":"","overlay-color":"","overlay-opacity":"","overlay-gradient":""}}},"product_brand":[],"product_cat":[47,430,40],"product_tag":[202,458,212,284,251,437,227,198,466,428,709,210,285,281],"class_list":{"0":"post-5100","1":"product","2":"type-product","3":"status-publish","4":"has-post-thumbnail","6":"product_cat-classic","7":"product_cat-men","8":"product_cat-mens-shoes","9":"product_tag-calf-leather","10":"product_tag-cap-toe-shoes","11":"product_tag-derby-shoes","12":"product_tag-dress-shoes","13":"product_tag-formal-shoes","14":"product_tag-goat-leather","15":"product_tag-leather-shoes","16":"product_tag-mens-fashion","17":"product_tag-microlight-sole","18":"product_tag-navy-blue-shoes","19":"product_tag-quality-footwear","20":"product_tag-smart-casual","21":"product_tag-turkish-shoes","22":"product_tag-wholesale-shoes","23":"desktop-align-center","24":"tablet-align-center","25":"mobile-align-center","27":"first","28":"instock","29":"shipping-taxable","30":"purchasable","31":"product-type-variable","32":"has-default-attributes"},"acf":[],"uagb_featured_image_src":{"full":["https:\/\/turkishtrade.co\/wp-content\/uploads\/2026\/01\/2400EJOMN00069-Blue-Y-873.png",453,250,false],"thumbnail":["https:\/\/turkishtrade.co\/wp-content\/uploads\/2026\/01\/2400EJOMN00069-Blue-Y-873-150x150.png",150,150,true],"medium":["https:\/\/turkishtrade.co\/wp-content\/uploads\/2026\/01\/2400EJOMN00069-Blue-Y-873-300x166.png",300,166,true],"medium_large":["https:\/\/turkishtrade.co\/wp-content\/uploads\/2026\/01\/2400EJOMN00069-Blue-Y-873.png",453,250,false],"large":["https:\/\/turkishtrade.co\/wp-content\/uploads\/2026\/01\/2400EJOMN00069-Blue-Y-873.png",453,250,false],"1536x1536":["https:\/\/turkishtrade.co\/wp-content\/uploads\/2026\/01\/2400EJOMN00069-Blue-Y-873.png",453,250,false],"2048x2048":["https:\/\/turkishtrade.co\/wp-content\/uploads\/2026\/01\/2400EJOMN00069-Blue-Y-873.png",453,250,false],"trp-custom-language-flag":["https:\/\/turkishtrade.co\/wp-content\/uploads\/2026\/01\/2400EJOMN00069-Blue-Y-873-18x10.png",18,10,true],"woocommerce_thumbnail":["https:\/\/turkishtrade.co\/wp-content\/uploads\/2026\/01\/2400EJOMN00069-Blue-Y-873-400x250.png",400,250,true],"woocommerce_single":["https:\/\/turkishtrade.co\/wp-content\/uploads\/2026\/01\/2400EJOMN00069-Blue-Y-873.png",453,250,false],"woocommerce_gallery_thumbnail":["https:\/\/turkishtrade.co\/wp-content\/uploads\/2026\/01\/2400EJOMN00069-Blue-Y-873-100x100.png",100,100,true]},"uagb_author_info":{"display_name":"yaser olabi","author_link":"https:\/\/turkishtrade.co\/fr\/author\/"},"uagb_comment_info":0,"uagb_excerpt":"Exquisite Design: Modern cap toe derby style in a sophisticated navy blue hue. Premium Materials: Luxurious calf leather exterior paired with soft goat leather lining for ultimate comfort. Lightweight Comfort: Features a durable yet incredibly light Microlight sole, perfect for all-day wear. European Sizing: Available in sizes 39, 40, 41, 42, 43, 44, 45 to\u2026","_links":{"self":[{"href":"https:\/\/turkishtrade.co\/fr\/wp-json\/wp\/v2\/product\/5100","targetHints":{"allow":["GET"]}}],"collection":[{"href":"https:\/\/turkishtrade.co\/fr\/wp-json\/wp\/v2\/product"}],"about":[{"href":"https:\/\/turkishtrade.co\/fr\/wp-json\/wp\/v2\/types\/product"}],"wp:featuredmedia":[{"embeddable":true,"href":"https:\/\/turkishtrade.co\/fr\/wp-json\/wp\/v2\/media\/3446"}],"wp:attachment":[{"href":"https:\/\/turkishtrade.co\/fr\/wp-json\/wp\/v2\/media?parent=5100"}],"wp:term":[{"taxonomy":"product_brand","embeddable":true,"href":"https:\/\/turkishtrade.co\/fr\/wp-json\/wp\/v2\/product_brand?post=5100"},{"taxonomy":"product_cat","embeddable":true,"href":"https:\/\/turkishtrade.co\/fr\/wp-json\/wp\/v2\/product_cat?post=5100"},{"taxonomy":"product_tag","embeddable":true,"href":"https:\/\/turkishtrade.co\/fr\/wp-json\/wp\/v2\/product_tag?post=5100"}],"curies":[{"name":"wp","href":"https:\/\/api.w.org\/{rel}","templated":true}]}}