{"id":5089,"date":"2026-01-14T11:12:07","date_gmt":"2026-01-14T11:12:07","guid":{"rendered":"https:\/\/turkishtrade.co\/product\/mens-leather-oxford-shoes\/"},"modified":"2026-04-09T19:44:37","modified_gmt":"2026-04-09T19:44:37","slug":"mens-leather-oxford-shoes","status":"publish","type":"product","link":"https:\/\/turkishtrade.co\/fr\/shop\/mens-leather-oxford-shoes\/","title":{"rendered":"Chaussures Oxford en cuir gaufr\u00e9 Premium bleu pour hommes"},"content":{"rendered":"<p><strong>Chaussures Oxford en cuir pour hommes<\/strong><\/p>\n<p>Entrez dans une sophistication in\u00e9gal\u00e9e avec nos chaussures Oxford en cuir gaufr\u00e9 bleu de premi\u00e8re qualit\u00e9 pour hommes. Con\u00e7ues pour le gentleman moderne, ces chaussures exquises allient l'\u00e9l\u00e9gance classique au style contemporain, ce qui en fait un ajout indispensable \u00e0 toute garde-robe exigeante. Chaque paire est m\u00e9ticuleusement fabriqu\u00e9e pour assurer \u00e0 la fois une esth\u00e9tique \u00e9blouissante et un confort supr\u00eame, offrant une exp\u00e9rience de chaussure vraiment \u00e9lev\u00e9e.<\/p>\n<p>L'aspect ext\u00e9rieur de ces v\u00e9hicules d'exception <b>chaussures oxford en cuir pour hommes<\/b> se caract\u00e9rise par un cuir de veau v\u00e9ritable de haute qualit\u00e9, qui se distingue par son motif unique et luxueux en forme de crocodile. Cette riche teinte bleue ajoute une touche d'individualit\u00e9, vous distinguant avec un flair subtil mais ind\u00e9niable. Le cuir de veau est r\u00e9put\u00e9 pour sa durabilit\u00e9 et sa texture souple, ce qui garantit que ces chaussures ne sont pas seulement magnifiques, mais qu'elles r\u00e9sisteront \u00e0 l'\u00e9preuve du temps, en se moulant \u00e0 votre pied pour un ajustement personnalis\u00e9. En compl\u00e9ment de l'ext\u00e9rieur robuste, l'int\u00e9rieur est doubl\u00e9 de cuir de ch\u00e8vre v\u00e9ritable, connu pour son incroyable douceur et sa respirabilit\u00e9. Ce choix r\u00e9fl\u00e9chi offre un niveau de confort in\u00e9gal\u00e9, permettant \u00e0 vos pieds de se sentir frais et soutenus tout au long de la journ\u00e9e, que vous soyez dans la salle de conf\u00e9rence ou que vous assistiez \u00e0 un \u00e9v\u00e9nement sp\u00e9cial.<\/p>\n<p>Le confort est encore am\u00e9lior\u00e9 par la semelle innovante Microlight. Cette technologie de pointe garantit la l\u00e9g\u00e8ret\u00e9 remarquable des chaussures, r\u00e9duisant la fatigue et permettant des mouvements sans effort. Avec une hauteur de talon subtile de 1 \u00e0 3 cm, ces chaussures sont tr\u00e8s confortables. <b>chaussures oxford en cuir pour hommes<\/b> offrent un soutien ergonomique sans compromettre leur profil \u00e9l\u00e9gant. L'attention m\u00e9ticuleuse port\u00e9e aux d\u00e9tails de leur construction, des coutures parfaitement cousues aux lacets robustes, t\u00e9moigne d'un savoir-faire sup\u00e9rieur qui se manifeste dans tous les aspects de la conception. Ces chaussures ne sont pas seulement un accessoire, elles sont une d\u00e9claration de qualit\u00e9 et de style.<\/p>\n<h3>Polyvalence et possibilit\u00e9s de vente en gros<\/h3>\n<p>Nos chaussures Oxford en cuir bleu gaufr\u00e9 pour hommes sont incroyablement polyvalentes. Elles passent sans effort d'une tenue d'affaires formelle \u00e0 des \u00e9v\u00e9nements semi-formels ou m\u00eame \u00e0 des sorties d\u00e9contract\u00e9es, rehaussant instantan\u00e9ment votre look. Associez-les \u00e0 un costume \u00e9l\u00e9gant pour faire bonne impression, ou \u00e0 un pantalon de tailleur et \u00e0 un manteau de sport pour une \u00e9l\u00e9gance raffin\u00e9e. Ces chaussures <b>chaussures oxford en cuir pour hommes<\/b> sont con\u00e7us pour que vous vous sentiez confiant et distingu\u00e9 dans n'importe quel contexte.<\/p>\n<p>Pour les d\u00e9taillants et les entreprises qui souhaitent offrir \u00e0 leurs clients le meilleur de la chaussure haut de gamme, nous offrons d'excellentes possibilit\u00e9s de vente en gros. Avec une quantit\u00e9 minimale de commande de seulement 8 paires, vous pouvez facilement vous approvisionner en ces mod\u00e8les recherch\u00e9s. Nous privil\u00e9gions la qualit\u00e9 et l'efficacit\u00e9, avec un d\u00e9lai de production d'environ 12 jours, suivi d'une exp\u00e9dition rapide. Associez-vous \u00e0 nous pour offrir \u00e0 votre client\u00e8le une qualit\u00e9 exceptionnelle et un design sophistiqu\u00e9, en lui offrant le luxe et le confort qu'elle m\u00e9rite.<\/p>","protected":false},"excerpt":{"rendered":"<ul>\n<li>Mat\u00e9riau ext\u00e9rieur : Cuir de veau v\u00e9ritable luxueux avec d\u00e9tails gaufr\u00e9s en crocodile<\/li>\n<li>Mat\u00e9riau int\u00e9rieur : Cuir de ch\u00e8vre v\u00e9ritable souple et respirant<\/li>\n<li>Semelle : Technologie Microlight pour un confort optimal<\/li>\n<li>Hauteur du talon : Subtile 1-3 cm pour un soutien ergonomique<\/li>\n<li>Tailles disponibles : Europ\u00e9en 39, 40, 41, 42, 43, 44, 45<\/li>\n<li>Quantit\u00e9 minimale de commande : 8 paires (id\u00e9al pour les grossistes et les d\u00e9taillants)<\/li>\n<li>Production et livraison : Veuillez pr\u00e9voir un d\u00e9lai de 12 jours pour la production et l'exp\u00e9dition.<\/li>\n<\/ul>","protected":false},"featured_media":3440,"template":"","meta":{"_acf_changed":false,"_uag_custom_page_level_css":"","site-sidebar-layout":"default","site-content-layout":"","ast-site-content-layout":"default","site-content-style":"default","site-sidebar-style":"default","ast-global-header-display":"","ast-banner-title-visibility":"","ast-main-header-display":"","ast-hfb-above-header-display":"","ast-hfb-below-header-display":"","ast-hfb-mobile-header-display":"","site-post-title":"","ast-breadcrumbs-content":"","ast-featured-img":"","footer-sml-layout":"","ast-disable-related-posts":"","theme-transparent-header-meta":"default","adv-header-id-meta":"","stick-header-meta":"","header-above-stick-meta":"","header-main-stick-meta":"","header-below-stick-meta":"","astra-migrate-meta-layouts":"set","ast-page-background-enabled":"default","ast-page-background-meta":{"desktop":{"background-color":"var(--ast-global-color-4)","background-image":"","background-repeat":"repeat","background-position":"center center","background-size":"auto","background-attachment":"scroll","background-type":"","background-media":"","overlay-type":"","overlay-color":"","overlay-opacity":"","overlay-gradient":""},"tablet":{"background-color":"","background-image":"","background-repeat":"repeat","background-position":"center center","background-size":"auto","background-attachment":"scroll","background-type":"","background-media":"","overlay-type":"","overlay-color":"","overlay-opacity":"","overlay-gradient":""},"mobile":{"background-color":"","background-image":"","background-repeat":"repeat","background-position":"center center","background-size":"auto","background-attachment":"scroll","background-type":"","background-media":"","overlay-type":"","overlay-color":"","overlay-opacity":"","overlay-gradient":""}},"ast-content-background-meta":{"desktop":{"background-color":"var(--ast-global-color-5)","background-image":"","background-repeat":"repeat","background-position":"center center","background-size":"auto","background-attachment":"scroll","background-type":"","background-media":"","overlay-type":"","overlay-color":"","overlay-opacity":"","overlay-gradient":""},"tablet":{"background-color":"var(--ast-global-color-5)","background-image":"","background-repeat":"repeat","background-position":"center center","background-size":"auto","background-attachment":"scroll","background-type":"","background-media":"","overlay-type":"","overlay-color":"","overlay-opacity":"","overlay-gradient":""},"mobile":{"background-color":"var(--ast-global-color-5)","background-image":"","background-repeat":"repeat","background-position":"center center","background-size":"auto","background-attachment":"scroll","background-type":"","background-media":"","overlay-type":"","overlay-color":"","overlay-opacity":"","overlay-gradient":""}}},"product_brand":[],"product_cat":[47,430,40],"product_tag":[646,405,451,693,694,284,480,251,437,227,416,198,466,204,362,281],"class_list":{"0":"post-5089","1":"product","2":"type-product","3":"status-publish","4":"has-post-thumbnail","6":"product_cat-classic","7":"product_cat-men","8":"product_cat-mens-shoes","9":"product_tag-blue-shoes","10":"product_tag-business-shoes","11":"product_tag-calfskin-leather","12":"product_tag-croc-embossed","13":"product_tag-designer-shoes","14":"product_tag-dress-shoes","15":"product_tag-elegant-shoes","16":"product_tag-formal-shoes","17":"product_tag-goat-leather","18":"product_tag-leather-shoes","19":"product_tag-luxury-shoes","20":"product_tag-mens-fashion","21":"product_tag-microlight-sole","22":"product_tag-oxford-shoes","23":"product_tag-premium-footwear","24":"product_tag-wholesale-shoes","25":"desktop-align-center","26":"tablet-align-center","27":"mobile-align-center","29":"first","30":"instock","31":"shipping-taxable","32":"purchasable","33":"product-type-variable","34":"has-default-attributes"},"acf":[],"uagb_featured_image_src":{"full":["https:\/\/turkishtrade.co\/wp-content\/uploads\/2026\/01\/2400EJOMN00064-BLUE-11585.png",453,250,false],"thumbnail":["https:\/\/turkishtrade.co\/wp-content\/uploads\/2026\/01\/2400EJOMN00064-BLUE-11585-150x150.png",150,150,true],"medium":["https:\/\/turkishtrade.co\/wp-content\/uploads\/2026\/01\/2400EJOMN00064-BLUE-11585-300x166.png",300,166,true],"medium_large":["https:\/\/turkishtrade.co\/wp-content\/uploads\/2026\/01\/2400EJOMN00064-BLUE-11585.png",453,250,false],"large":["https:\/\/turkishtrade.co\/wp-content\/uploads\/2026\/01\/2400EJOMN00064-BLUE-11585.png",453,250,false],"1536x1536":["https:\/\/turkishtrade.co\/wp-content\/uploads\/2026\/01\/2400EJOMN00064-BLUE-11585.png",453,250,false],"2048x2048":["https:\/\/turkishtrade.co\/wp-content\/uploads\/2026\/01\/2400EJOMN00064-BLUE-11585.png",453,250,false],"trp-custom-language-flag":["https:\/\/turkishtrade.co\/wp-content\/uploads\/2026\/01\/2400EJOMN00064-BLUE-11585-18x10.png",18,10,true],"woocommerce_thumbnail":["https:\/\/turkishtrade.co\/wp-content\/uploads\/2026\/01\/2400EJOMN00064-BLUE-11585-400x250.png",400,250,true],"woocommerce_single":["https:\/\/turkishtrade.co\/wp-content\/uploads\/2026\/01\/2400EJOMN00064-BLUE-11585.png",453,250,false],"woocommerce_gallery_thumbnail":["https:\/\/turkishtrade.co\/wp-content\/uploads\/2026\/01\/2400EJOMN00064-BLUE-11585-100x100.png",100,100,true]},"uagb_author_info":{"display_name":"yaser olabi","author_link":"https:\/\/turkishtrade.co\/fr\/author\/"},"uagb_comment_info":0,"uagb_excerpt":"Outer Material: Luxurious Genuine Calfskin Leather with Croc-Embossed Detail Inner Material: Soft and Breathable Genuine Goat Leather Sole: Lightweight Microlight Technology for Ultimate Comfort Heel Height: Subtle 1-3 cm for Ergonomic Support Available Sizes: European 39, 40, 41, 42, 43, 44, 45 Minimum Order Quantity: 8 Pairs (Ideal for Wholesale &amp; Retail Partners) Production &amp;\u2026","_links":{"self":[{"href":"https:\/\/turkishtrade.co\/fr\/wp-json\/wp\/v2\/product\/5089","targetHints":{"allow":["GET"]}}],"collection":[{"href":"https:\/\/turkishtrade.co\/fr\/wp-json\/wp\/v2\/product"}],"about":[{"href":"https:\/\/turkishtrade.co\/fr\/wp-json\/wp\/v2\/types\/product"}],"wp:featuredmedia":[{"embeddable":true,"href":"https:\/\/turkishtrade.co\/fr\/wp-json\/wp\/v2\/media\/3440"}],"wp:attachment":[{"href":"https:\/\/turkishtrade.co\/fr\/wp-json\/wp\/v2\/media?parent=5089"}],"wp:term":[{"taxonomy":"product_brand","embeddable":true,"href":"https:\/\/turkishtrade.co\/fr\/wp-json\/wp\/v2\/product_brand?post=5089"},{"taxonomy":"product_cat","embeddable":true,"href":"https:\/\/turkishtrade.co\/fr\/wp-json\/wp\/v2\/product_cat?post=5089"},{"taxonomy":"product_tag","embeddable":true,"href":"https:\/\/turkishtrade.co\/fr\/wp-json\/wp\/v2\/product_tag?post=5089"}],"curies":[{"name":"wp","href":"https:\/\/api.w.org\/{rel}","templated":true}]}}